{"id":6867,"date":"2018-09-27T09:03:57","date_gmt":"2018-09-27T02:03:57","guid":{"rendered":"https:\/\/easydivers.samui-web-design.com\/?page_id=6867"},"modified":"2019-03-12T21:59:37","modified_gmt":"2019-03-12T14:59:37","slug":"ueber-easy-divers","status":"publish","type":"page","link":"https:\/\/www.easydivers-thailand.com\/de\/ueber-easy-divers\/","title":{"rendered":"\u00dcber Easy Divers"},"content":{"rendered":"<section class=\"l-section wpb_row height_small\"><div class=\"l-section-h i-cf\"><div class=\"g-cols vc_row via_flex valign_top type_default stacking_default\"><div class=\"vc_col-sm-4 wpb_column vc_column_container\"><div class=\"vc_column-inner\"><div class=\"wpb_wrapper\"><div class=\"w-image align_center\"><div class=\"w-image-h\"><img decoding=\"async\" width=\"300\" height=\"386\" src=\"https:\/\/www.easydivers-thailand.com\/wp-content\/uploads\/2018\/07\/5-Star-Instructor-Development-Center-US-English.jpg\" class=\"attachment-full size-full\" alt=\"5 Star Instructor Development Center\" loading=\"lazy\" srcset=\"https:\/\/www.easydivers-thailand.com\/wp-content\/uploads\/2018\/07\/5-Star-Instructor-Development-Center-US-English.jpg 300w, https:\/\/www.easydivers-thailand.com\/wp-content\/uploads\/2018\/07\/5-Star-Instructor-Development-Center-US-English-233x300.jpg 233w\" sizes=\"auto, (max-width: 300px) 100vw, 300px\" \/><\/div><\/div><\/div><\/div><\/div><div class=\"vc_col-sm-8 wpb_column vc_column_container\"><div class=\"vc_column-inner\"><div class=\"wpb_wrapper\"><div class=\"wpb_text_column\"><div class=\"wpb_wrapper\"><p>Willkommen bei Koh Samui Easy Divers!<\/p>\n<p>Wir sind ein PADI- Five Star IDC- Center, was bedeutet, dass Sie<br \/>\nsich f<span lang=\"de\" tabindex=\"0\">\u00fcr eine Vielzahl von PADI Tauchkursen anmelden k<\/span><span lang=\"de\" tabindex=\"0\">\u00f6nnen.<\/span><\/p>\n<p>Zudem bieten wir auch t<span lang=\"de\" tabindex=\"0\">\u00e4gliche Tauchausfl<\/span><span lang=\"de\" tabindex=\"0\">\u00fcge <\/span><span lang=\"de\" tabindex=\"0\">zu allen Tauchpl<\/span><span lang=\"de\" tabindex=\"0\">\u00e4tzen im Samui-Archipel sowie Tauchausfl\u00fcge zu versteckten Riffen im S\u00fcden von Koh Samui an.<\/span><\/p>\n<p>Unser Tauchcenter ist auf Koh Samui gut etabliert, wurde im Jahr 1987 gegruendet und steht unter Leitung eines internationalen Managements.<\/p>\n<\/div><\/div><div class=\"w-separator size_small\"><\/div>[vc_raw_html]JTNDYSUyMGhyZWYlM0QlMjJodHRwcyUzQSUyRiUyRnN2Yy50YXVjaGVyLm5ldCUyRmJhZGdlcyUyRmwucGhwJTNGdCUzRERDJTI2YW1wJTNCaWQlM0Q1OTAlMjIlMjB0YXJnZXQlM0QlMjJ0YXVjaGVybmV0JTIyJTNFJTNDaW1nJTIwc3JjJTNEJTIyaHR0cHMlM0ElMkYlMkZzdmMudGF1Y2hlci5uZXQlMkZiYWRnZXMlMkZpLnBocCUzRnQlM0REQyUyNmFtcCUzQmlkJTNENTkwJTI2YW1wJTNCdyUzRDE3NSUyMiUyMGJvcmRlciUzRCUyMjAlMjIlMjAlMkYlM0UlM0MlMkZhJTNF[\/vc_raw_html]<\/div><\/div><\/div><\/div><\/div><\/section><section class=\"l-section wpb_row height_small\"><div class=\"l-section-h i-cf\"><div class=\"g-cols vc_row via_flex valign_top type_default stacking_default\"><div class=\"vc_col-sm-8 wpb_column vc_column_container\"><div class=\"vc_column-inner\"><div class=\"wpb_wrapper\"><div class=\"wpb_text_column\"><div class=\"wpb_wrapper\"><p>Unsere Tauchschule bietet ein Trainingscenter am Lamai Beach mit vollst\u00e4ndig computerisierten und klimatisierten Unterrichtsr\u00e4umen, einem Pool, in dem <span lang=\"de\" tabindex=\"0\">Tauchanf\u00e4nger i<\/span>hre ersten Atemz\u00fcge in einer entspannten und sicheren Umgebung unter Wasser erleben k\u00f6nnen, sowie verschiedene Schnellboote, die uns einfach und bequem zu all unseren sch\u00f6nen Tauchpl\u00e4tzen im Samui-Archipel bringen.<\/p>\n<\/div><\/div><\/div><\/div><\/div><div class=\"vc_col-sm-4 wpb_column vc_column_container\"><div class=\"vc_column-inner\"><div class=\"wpb_wrapper\"><div class=\"w-image align_center\"><div class=\"w-image-h\"><img decoding=\"async\" width=\"300\" height=\"221\" src=\"https:\/\/www.easydivers-thailand.com\/wp-content\/uploads\/2018\/07\/samui-300x2211.png\" class=\"attachment-full size-full\" alt=\"\" loading=\"lazy\" \/><\/div><\/div><\/div><\/div><\/div><\/div><\/div><\/section>\n","protected":false},"excerpt":{"rendered":"Willkommen bei Koh Samui Easy Divers! Wir sind ein PADI- Five Star IDC- Center, was bedeutet, dass Sie sich f\u00fcr eine Vielzahl von PADI Tauchkursen anmelden k\u00f6nnen. Zudem bieten wir auch t\u00e4gliche Tauchausfl\u00fcge zu allen Tauchpl\u00e4tzen im Samui-Archipel sowie Tauchausfl\u00fcge zu versteckten Riffen im S\u00fcden von Koh Samui an. Unser Tauchcenter ist auf Koh Samui...","protected":false},"author":3,"featured_media":0,"parent":0,"menu_order":0,"comment_status":"closed","ping_status":"closed","template":"","meta":{"_acf_changed":false,"footnotes":""},"class_list":["post-6867","page","type-page","status-publish","hentry"],"acf":[],"yoast_head":"<!-- This site is optimized with the Yoast SEO plugin v27.3 - https:\/\/yoast.com\/product\/yoast-seo-wordpress\/ -->\n<title>\u00dcber Easy Divers | Easy Divers Thailand<\/title>\n<meta name=\"robots\" content=\"index, follow, max-snippet:-1, max-image-preview:large, max-video-preview:-1\" \/>\n<link rel=\"canonical\" href=\"https:\/\/www.easydivers-thailand.com\/de\/ueber-easy-divers\/\" \/>\n<meta property=\"og:locale\" content=\"de_DE\" \/>\n<meta property=\"og:type\" content=\"article\" \/>\n<meta property=\"og:title\" content=\"\u00dcber Easy Divers | Easy Divers Thailand\" \/>\n<meta property=\"og:url\" content=\"https:\/\/www.easydivers-thailand.com\/de\/ueber-easy-divers\/\" \/>\n<meta property=\"og:site_name\" content=\"Easy Divers Thailand\" \/>\n<meta property=\"article:publisher\" content=\"https:\/\/www.facebook.com\/easydiverskohsamuiteam\/\" \/>\n<meta property=\"article:modified_time\" content=\"2019-03-12T14:59:37+00:00\" \/>\n<meta name=\"twitter:card\" content=\"summary_large_image\" \/>\n<meta name=\"twitter:site\" content=\"@EasyKoh\" \/>\n<meta name=\"twitter:label1\" content=\"Gesch\u00e4tzte Lesezeit\" \/>\n\t<meta name=\"twitter:data1\" content=\"1\u00a0Minute\" \/>\n<script type=\"application\/ld+json\" class=\"yoast-schema-graph\">{\"@context\":\"https:\\\/\\\/schema.org\",\"@graph\":[{\"@type\":\"WebPage\",\"@id\":\"https:\\\/\\\/www.easydivers-thailand.com\\\/de\\\/ueber-easy-divers\\\/\",\"url\":\"https:\\\/\\\/www.easydivers-thailand.com\\\/de\\\/ueber-easy-divers\\\/\",\"name\":\"\u00dcber Easy Divers | Easy Divers Thailand\",\"isPartOf\":{\"@id\":\"https:\\\/\\\/www.easydivers-thailand.com\\\/de\\\/#website\"},\"datePublished\":\"2018-09-27T02:03:57+00:00\",\"dateModified\":\"2019-03-12T14:59:37+00:00\",\"breadcrumb\":{\"@id\":\"https:\\\/\\\/www.easydivers-thailand.com\\\/de\\\/ueber-easy-divers\\\/#breadcrumb\"},\"inLanguage\":\"de\",\"potentialAction\":[{\"@type\":\"ReadAction\",\"target\":[\"https:\\\/\\\/www.easydivers-thailand.com\\\/de\\\/ueber-easy-divers\\\/\"]}]},{\"@type\":\"BreadcrumbList\",\"@id\":\"https:\\\/\\\/www.easydivers-thailand.com\\\/de\\\/ueber-easy-divers\\\/#breadcrumb\",\"itemListElement\":[{\"@type\":\"ListItem\",\"position\":1,\"name\":\"Home\",\"item\":\"https:\\\/\\\/www.easydivers-thailand.com\\\/de\\\/\"},{\"@type\":\"ListItem\",\"position\":2,\"name\":\"\u00dcber Easy Divers\"}]},{\"@type\":\"WebSite\",\"@id\":\"https:\\\/\\\/www.easydivers-thailand.com\\\/de\\\/#website\",\"url\":\"https:\\\/\\\/www.easydivers-thailand.com\\\/de\\\/\",\"name\":\"Easy Divers Thailand\",\"description\":\"My WordPress Blog\",\"potentialAction\":[{\"@type\":\"SearchAction\",\"target\":{\"@type\":\"EntryPoint\",\"urlTemplate\":\"https:\\\/\\\/www.easydivers-thailand.com\\\/de\\\/?s={search_term_string}\"},\"query-input\":{\"@type\":\"PropertyValueSpecification\",\"valueRequired\":true,\"valueName\":\"search_term_string\"}}],\"inLanguage\":\"de\"}]}<\/script>\n<!-- \/ Yoast SEO plugin. -->","yoast_head_json":{"title":"\u00dcber Easy Divers | Easy Divers Thailand","robots":{"index":"index","follow":"follow","max-snippet":"max-snippet:-1","max-image-preview":"max-image-preview:large","max-video-preview":"max-video-preview:-1"},"canonical":"https:\/\/www.easydivers-thailand.com\/de\/ueber-easy-divers\/","og_locale":"de_DE","og_type":"article","og_title":"\u00dcber Easy Divers | Easy Divers Thailand","og_url":"https:\/\/www.easydivers-thailand.com\/de\/ueber-easy-divers\/","og_site_name":"Easy Divers Thailand","article_publisher":"https:\/\/www.facebook.com\/easydiverskohsamuiteam\/","article_modified_time":"2019-03-12T14:59:37+00:00","twitter_card":"summary_large_image","twitter_site":"@EasyKoh","twitter_misc":{"Gesch\u00e4tzte Lesezeit":"1\u00a0Minute"},"schema":{"@context":"https:\/\/schema.org","@graph":[{"@type":"WebPage","@id":"https:\/\/www.easydivers-thailand.com\/de\/ueber-easy-divers\/","url":"https:\/\/www.easydivers-thailand.com\/de\/ueber-easy-divers\/","name":"\u00dcber Easy Divers | Easy Divers Thailand","isPartOf":{"@id":"https:\/\/www.easydivers-thailand.com\/de\/#website"},"datePublished":"2018-09-27T02:03:57+00:00","dateModified":"2019-03-12T14:59:37+00:00","breadcrumb":{"@id":"https:\/\/www.easydivers-thailand.com\/de\/ueber-easy-divers\/#breadcrumb"},"inLanguage":"de","potentialAction":[{"@type":"ReadAction","target":["https:\/\/www.easydivers-thailand.com\/de\/ueber-easy-divers\/"]}]},{"@type":"BreadcrumbList","@id":"https:\/\/www.easydivers-thailand.com\/de\/ueber-easy-divers\/#breadcrumb","itemListElement":[{"@type":"ListItem","position":1,"name":"Home","item":"https:\/\/www.easydivers-thailand.com\/de\/"},{"@type":"ListItem","position":2,"name":"\u00dcber Easy Divers"}]},{"@type":"WebSite","@id":"https:\/\/www.easydivers-thailand.com\/de\/#website","url":"https:\/\/www.easydivers-thailand.com\/de\/","name":"Easy Divers Thailand","description":"My WordPress Blog","potentialAction":[{"@type":"SearchAction","target":{"@type":"EntryPoint","urlTemplate":"https:\/\/www.easydivers-thailand.com\/de\/?s={search_term_string}"},"query-input":{"@type":"PropertyValueSpecification","valueRequired":true,"valueName":"search_term_string"}}],"inLanguage":"de"}]}},"_links":{"self":[{"href":"https:\/\/www.easydivers-thailand.com\/de\/wp-json\/wp\/v2\/pages\/6867","targetHints":{"allow":["GET"]}}],"collection":[{"href":"https:\/\/www.easydivers-thailand.com\/de\/wp-json\/wp\/v2\/pages"}],"about":[{"href":"https:\/\/www.easydivers-thailand.com\/de\/wp-json\/wp\/v2\/types\/page"}],"author":[{"embeddable":true,"href":"https:\/\/www.easydivers-thailand.com\/de\/wp-json\/wp\/v2\/users\/3"}],"replies":[{"embeddable":true,"href":"https:\/\/www.easydivers-thailand.com\/de\/wp-json\/wp\/v2\/comments?post=6867"}],"version-history":[{"count":11,"href":"https:\/\/www.easydivers-thailand.com\/de\/wp-json\/wp\/v2\/pages\/6867\/revisions"}],"predecessor-version":[{"id":8150,"href":"https:\/\/www.easydivers-thailand.com\/de\/wp-json\/wp\/v2\/pages\/6867\/revisions\/8150"}],"wp:attachment":[{"href":"https:\/\/www.easydivers-thailand.com\/de\/wp-json\/wp\/v2\/media?parent=6867"}],"curies":[{"name":"wp","href":"https:\/\/api.w.org\/{rel}","templated":true}]}}