{"id":7176,"date":"2018-09-30T06:50:53","date_gmt":"2018-09-29T23:50:53","guid":{"rendered":"https:\/\/easydivers.samui-web-design.com\/geschaftsbedingungen\/"},"modified":"2023-06-19T14:40:06","modified_gmt":"2023-06-19T07:40:06","slug":"geschaeftsbedingungen","status":"publish","type":"page","link":"https:\/\/www.easydivers-thailand.com\/de\/geschaeftsbedingungen\/","title":{"rendered":"Gesch\u00e4ftsbedingungen"},"content":{"rendered":"<section class=\"l-section wpb_row height_medium\"><div class=\"l-section-h i-cf\"><div class=\"g-cols vc_row via_flex valign_top type_default stacking_default\"><div class=\"vc_col-sm-12 wpb_column vc_column_container\"><div class=\"vc_column-inner\"><div class=\"wpb_wrapper\"><h1 class=\"w-text\"><span class=\"w-text-h\"><span class=\"w-text-value\">Allgemeine Gesch\u00e4ftsbedingungen<\/span><\/span><\/h1><div class=\"w-separator size_small\"><\/div><div class=\"wpb_text_column\"><div class=\"wpb_wrapper\"><p><strong>A) Online-Buchungsbest\u00e4tigung<\/strong><\/p>\n<ol>\n<li>Eine Anzahlung von THB 2000 pro Taucher und THB 500 pro Schnorchler ist erforderlich, um eine Buchung zu best\u00e4tigen. Der Restbetrag kann dann zu Beginn des Kurses oder am Tag des Tauchausflugs bezahlt werden.<\/li>\n<li>Die Anzahlung wird mit Stripe (Kreditkarten-Zahlungssystem) bezahlt.<\/li>\n<li>Der Restbetrag wird in bar (Thai Baht) oder per Kreditkarte (plus 3% Aufschlag) bezahlt.<\/li>\n<\/ol>\n<p><strong>B) Zahlungsm\u00f6glichkeiten<\/strong><\/p>\n<p>Sie k\u00f6nnen bei Member Diving mit Bargeld oder Kreditkarte (Online Buchung) bezahlen. An Geldautomaten in Thailand k\u00f6nnen Sie mit Ihrer EC- oder Kreditkarte problemlos bis zu 20.000 Thb pro Abhebung abheben, maximal 50.000 Thb pro Tag.<\/p>\n<p><strong>C) Stornobedingungen<\/strong><\/p>\n<ol>\n<li>Jede Stornierung muss mindestens 24 Stunden im Voraus erfolgen.<\/li>\n<li>Stornierungen bis zu 24 Stunden vor Reisebeginn sind kostenlos.<\/li>\n<li>Erfolgt eine Stornierung nach 17:00 Uhr am Vorabend der gebuchten Tour, wird der volle Betrag f\u00e4llig.<\/li>\n<li>Bei Nichtteilnahme am Tag der Tour wird der volle Betrag f\u00e4llig und in Rechnung gestellt.<\/li>\n<li>Bei Nichtdurchf\u00fchrung des Kurses oder der Bootsfahrt (z.B. aufgrund von Wetterbedingungen oder anderer h\u00f6herer Gewalt) werden die gezahlten Kosten unter dem Vorbehalt zur\u00fcckerstattet, dass die Veranstaltung nicht wiederholt oder erneut durchgef\u00fchrt werden kann.<\/li>\n<\/ol>\n<p><strong>D) Stornierungsbedingungen f\u00fcr Tauchpakete<\/strong><\/p>\n<ol>\n<li>Im Falle einer Stornierung durch den Gast erfolgt keine R\u00fcckerstattung. Eine Online-Buchung kann nicht mit anderen Vorteilen wie Sonderangeboten, eigener Ausr\u00fcstung usw. kumuliert werden: Promotionen, eigene Ausr\u00fcstung usw.<\/li>\n<li>Stornierungen aufgrund von Krankheit, Unfall etc. m\u00fcssen mit der eigenen Versicherung (z.B. Auslandsreisekrankenversicherung) und nicht mit Member Diving gekl\u00e4rt werden.<\/li>\n<li>Ein Tauchpaket muss zu 100% am ersten Tag der Tour bezahlt werden.<\/li>\n<li>Muss Member Diving eine Tour stornieren, wird der Gesamtpreis anteilig angepasst und in voller H\u00f6he zur\u00fcck erstattet.<\/li>\n<\/ol>\n<p><strong>Wichtige Informationen:<\/strong><\/p>\n<p><strong>F\u00fcr die Erstattung der Kosten bei Krankheit, Unfall etc. ist eine Reisekrankenversicherung zust\u00e4ndig und nicht Member Diving!<\/strong><\/p>\n<\/div><\/div><\/div><\/div><\/div><\/div><\/div><\/section>\n","protected":false},"excerpt":{"rendered":"Allgemeine Gesch\u00e4ftsbedingungenA) Online-Buchungsbest\u00e4tigung Eine Anzahlung von THB 2000 pro Taucher und THB 500 pro Schnorchler ist erforderlich, um eine Buchung zu best\u00e4tigen. Der Restbetrag kann dann zu Beginn des Kurses oder am Tag des Tauchausflugs bezahlt werden. Die Anzahlung wird mit Stripe (Kreditkarten-Zahlungssystem) bezahlt. Der Restbetrag wird in bar (Thai Baht) oder per Kreditkarte (plus...","protected":false},"author":3,"featured_media":0,"parent":0,"menu_order":0,"comment_status":"closed","ping_status":"closed","template":"","meta":{"_acf_changed":false,"footnotes":""},"class_list":["post-7176","page","type-page","status-publish","hentry"],"acf":[],"yoast_head":"<!-- This site is optimized with the Yoast SEO plugin v27.5 - https:\/\/yoast.com\/product\/yoast-seo-wordpress\/ -->\n<title>Gesch\u00e4ftsbedingungen | Easy Divers Thailand<\/title>\n<meta name=\"robots\" content=\"index, follow, max-snippet:-1, max-image-preview:large, max-video-preview:-1\" \/>\n<link rel=\"canonical\" href=\"https:\/\/www.easydivers-thailand.com\/de\/geschaeftsbedingungen\/\" \/>\n<meta property=\"og:locale\" content=\"de_DE\" \/>\n<meta property=\"og:type\" content=\"article\" \/>\n<meta property=\"og:title\" content=\"Gesch\u00e4ftsbedingungen | Easy Divers Thailand\" \/>\n<meta property=\"og:url\" content=\"https:\/\/www.easydivers-thailand.com\/de\/geschaeftsbedingungen\/\" \/>\n<meta property=\"og:site_name\" content=\"Easy Divers Thailand\" \/>\n<meta property=\"article:publisher\" content=\"https:\/\/www.facebook.com\/easydiverskohsamuiteam\/\" \/>\n<meta property=\"article:modified_time\" content=\"2023-06-19T07:40:06+00:00\" \/>\n<meta name=\"twitter:card\" content=\"summary_large_image\" \/>\n<meta name=\"twitter:site\" content=\"@EasyKoh\" \/>\n<meta name=\"twitter:label1\" content=\"Gesch\u00e4tzte Lesezeit\" \/>\n\t<meta name=\"twitter:data1\" content=\"2\u00a0Minuten\" \/>\n<script type=\"application\/ld+json\" class=\"yoast-schema-graph\">{\"@context\":\"https:\\\/\\\/schema.org\",\"@graph\":[{\"@type\":\"WebPage\",\"@id\":\"https:\\\/\\\/www.easydivers-thailand.com\\\/de\\\/geschaeftsbedingungen\\\/\",\"url\":\"https:\\\/\\\/www.easydivers-thailand.com\\\/de\\\/geschaeftsbedingungen\\\/\",\"name\":\"Gesch\u00e4ftsbedingungen | Easy Divers Thailand\",\"isPartOf\":{\"@id\":\"https:\\\/\\\/www.easydivers-thailand.com\\\/de\\\/#website\"},\"datePublished\":\"2018-09-29T23:50:53+00:00\",\"dateModified\":\"2023-06-19T07:40:06+00:00\",\"breadcrumb\":{\"@id\":\"https:\\\/\\\/www.easydivers-thailand.com\\\/de\\\/geschaeftsbedingungen\\\/#breadcrumb\"},\"inLanguage\":\"de\",\"potentialAction\":[{\"@type\":\"ReadAction\",\"target\":[\"https:\\\/\\\/www.easydivers-thailand.com\\\/de\\\/geschaeftsbedingungen\\\/\"]}]},{\"@type\":\"BreadcrumbList\",\"@id\":\"https:\\\/\\\/www.easydivers-thailand.com\\\/de\\\/geschaeftsbedingungen\\\/#breadcrumb\",\"itemListElement\":[{\"@type\":\"ListItem\",\"position\":1,\"name\":\"Home\",\"item\":\"https:\\\/\\\/www.easydivers-thailand.com\\\/de\\\/\"},{\"@type\":\"ListItem\",\"position\":2,\"name\":\"Gesch\u00e4ftsbedingungen\"}]},{\"@type\":\"WebSite\",\"@id\":\"https:\\\/\\\/www.easydivers-thailand.com\\\/de\\\/#website\",\"url\":\"https:\\\/\\\/www.easydivers-thailand.com\\\/de\\\/\",\"name\":\"Easy Divers Thailand\",\"description\":\"My WordPress Blog\",\"potentialAction\":[{\"@type\":\"SearchAction\",\"target\":{\"@type\":\"EntryPoint\",\"urlTemplate\":\"https:\\\/\\\/www.easydivers-thailand.com\\\/de\\\/?s={search_term_string}\"},\"query-input\":{\"@type\":\"PropertyValueSpecification\",\"valueRequired\":true,\"valueName\":\"search_term_string\"}}],\"inLanguage\":\"de\"}]}<\/script>\n<!-- \/ Yoast SEO plugin. -->","yoast_head_json":{"title":"Gesch\u00e4ftsbedingungen | Easy Divers Thailand","robots":{"index":"index","follow":"follow","max-snippet":"max-snippet:-1","max-image-preview":"max-image-preview:large","max-video-preview":"max-video-preview:-1"},"canonical":"https:\/\/www.easydivers-thailand.com\/de\/geschaeftsbedingungen\/","og_locale":"de_DE","og_type":"article","og_title":"Gesch\u00e4ftsbedingungen | Easy Divers Thailand","og_url":"https:\/\/www.easydivers-thailand.com\/de\/geschaeftsbedingungen\/","og_site_name":"Easy Divers Thailand","article_publisher":"https:\/\/www.facebook.com\/easydiverskohsamuiteam\/","article_modified_time":"2023-06-19T07:40:06+00:00","twitter_card":"summary_large_image","twitter_site":"@EasyKoh","twitter_misc":{"Gesch\u00e4tzte Lesezeit":"2\u00a0Minuten"},"schema":{"@context":"https:\/\/schema.org","@graph":[{"@type":"WebPage","@id":"https:\/\/www.easydivers-thailand.com\/de\/geschaeftsbedingungen\/","url":"https:\/\/www.easydivers-thailand.com\/de\/geschaeftsbedingungen\/","name":"Gesch\u00e4ftsbedingungen | Easy Divers Thailand","isPartOf":{"@id":"https:\/\/www.easydivers-thailand.com\/de\/#website"},"datePublished":"2018-09-29T23:50:53+00:00","dateModified":"2023-06-19T07:40:06+00:00","breadcrumb":{"@id":"https:\/\/www.easydivers-thailand.com\/de\/geschaeftsbedingungen\/#breadcrumb"},"inLanguage":"de","potentialAction":[{"@type":"ReadAction","target":["https:\/\/www.easydivers-thailand.com\/de\/geschaeftsbedingungen\/"]}]},{"@type":"BreadcrumbList","@id":"https:\/\/www.easydivers-thailand.com\/de\/geschaeftsbedingungen\/#breadcrumb","itemListElement":[{"@type":"ListItem","position":1,"name":"Home","item":"https:\/\/www.easydivers-thailand.com\/de\/"},{"@type":"ListItem","position":2,"name":"Gesch\u00e4ftsbedingungen"}]},{"@type":"WebSite","@id":"https:\/\/www.easydivers-thailand.com\/de\/#website","url":"https:\/\/www.easydivers-thailand.com\/de\/","name":"Easy Divers Thailand","description":"My WordPress Blog","potentialAction":[{"@type":"SearchAction","target":{"@type":"EntryPoint","urlTemplate":"https:\/\/www.easydivers-thailand.com\/de\/?s={search_term_string}"},"query-input":{"@type":"PropertyValueSpecification","valueRequired":true,"valueName":"search_term_string"}}],"inLanguage":"de"}]}},"_links":{"self":[{"href":"https:\/\/www.easydivers-thailand.com\/de\/wp-json\/wp\/v2\/pages\/7176","targetHints":{"allow":["GET"]}}],"collection":[{"href":"https:\/\/www.easydivers-thailand.com\/de\/wp-json\/wp\/v2\/pages"}],"about":[{"href":"https:\/\/www.easydivers-thailand.com\/de\/wp-json\/wp\/v2\/types\/page"}],"author":[{"embeddable":true,"href":"https:\/\/www.easydivers-thailand.com\/de\/wp-json\/wp\/v2\/users\/3"}],"replies":[{"embeddable":true,"href":"https:\/\/www.easydivers-thailand.com\/de\/wp-json\/wp\/v2\/comments?post=7176"}],"version-history":[{"count":4,"href":"https:\/\/www.easydivers-thailand.com\/de\/wp-json\/wp\/v2\/pages\/7176\/revisions"}],"predecessor-version":[{"id":29239,"href":"https:\/\/www.easydivers-thailand.com\/de\/wp-json\/wp\/v2\/pages\/7176\/revisions\/29239"}],"wp:attachment":[{"href":"https:\/\/www.easydivers-thailand.com\/de\/wp-json\/wp\/v2\/media?parent=7176"}],"curies":[{"name":"wp","href":"https:\/\/api.w.org\/{rel}","templated":true}]}}