{"id":7719,"date":"2018-12-08T16:01:29","date_gmt":"2018-12-08T09:01:29","guid":{"rendered":"https:\/\/www.easydivers-thailand.com\/private-charter-boat\/"},"modified":"2022-05-02T06:59:17","modified_gmt":"2022-05-01T23:59:17","slug":"private-charter-boot","status":"publish","type":"page","link":"https:\/\/www.easydivers-thailand.com\/de\/private-charter-boot\/","title":{"rendered":"Private Charter Boot"},"content":{"rendered":"<section class=\"l-section wpb_row height_small\"><div class=\"l-section-h i-cf\"><div class=\"g-cols vc_row via_flex valign_top type_default stacking_default\"><div class=\"vc_col-sm-6 wpb_column vc_column_container\"><div class=\"vc_column-inner\"><div class=\"wpb_wrapper\"><div class=\"wpb_text_column\"><div class=\"wpb_wrapper\"><h2>Massgeschneidertes Tauch- und Schnorchelerlebnis<\/h2>\n<\/div><\/div><div class=\"wpb_text_column\"><div class=\"wpb_wrapper\"><p><em><strong>Geniessen Sie einen unvergesslichenTag beim Tauchen, Schnorcheln, Schwimmen und Baden w\u00e4hrend einer privaten Tour auf einem unserer grossartigen Boote.<\/strong><\/em><\/p>\n<p>Schnellboot- und Yachttouren k\u00f6nnen nach einem flexiblen Zeitplan an den Tauchplatz ihrer Wahl nach Koh Phangan, Koh Tao oder dem Angthong Marine Park organisiert werden.<\/p>\n<\/div><\/div><\/div><\/div><\/div><div class=\"vc_col-sm-6 wpb_column vc_column_container\"><div class=\"vc_column-inner\"><div class=\"wpb_wrapper\"><div class=\"w-image align_center\"><div class=\"w-image-h\"><img decoding=\"async\" width=\"1200\" height=\"630\" src=\"https:\/\/www.easydivers-thailand.com\/wp-content\/uploads\/2018\/12\/Private-Yacht-Social.jpg\" class=\"attachment-full size-full\" alt=\"Diving tours with a Sunseeker motor yacht\" loading=\"lazy\" srcset=\"https:\/\/www.easydivers-thailand.com\/wp-content\/uploads\/2018\/12\/Private-Yacht-Social.jpg 1200w, https:\/\/www.easydivers-thailand.com\/wp-content\/uploads\/2018\/12\/Private-Yacht-Social-300x158.jpg 300w, https:\/\/www.easydivers-thailand.com\/wp-content\/uploads\/2018\/12\/Private-Yacht-Social-1024x538.jpg 1024w, https:\/\/www.easydivers-thailand.com\/wp-content\/uploads\/2018\/12\/Private-Yacht-Social-600x315.jpg 600w\" sizes=\"auto, (max-width: 1200px) 100vw, 1200px\" \/><\/div><\/div><\/div><\/div><\/div><\/div><\/div><\/section><section class=\"l-section wpb_row height_small\"><div class=\"l-section-h i-cf\"><div class=\"g-cols vc_row via_flex valign_top type_default stacking_default\"><div class=\"vc_col-sm-12 wpb_column vc_column_container\"><div class=\"vc_column-inner\"><div class=\"wpb_wrapper\"><div class=\"w-grid type_grid layout_9084 cols_3 overflow_hidden\" id=\"us_grid_1\" style=\"--columns:3;--gap:1.2rem;\" data-filterable=\"true\"><style>@media (max-width:1024px){#us_grid_1{--columns:2!important}}@media (max-width:600px){#us_grid_1{--columns:1!important}}.layout_9084 .w-grid-item-h{background:#ffffff;border-radius:0.3rem;box-shadow:0 0.03rem 0.06rem rgba(0,0,0,0.1),0 0.1rem 0.3rem rgba(0,0,0,0.1);transition-duration:0.3s}.no-touch .layout_9084 .w-grid-item-h:hover{box-shadow:0 0.1rem 0.2rem rgba(0,0,0,0.1),0 0.33rem 1rem rgba(0,0,0,0.15);z-index:4}.layout_9084 .usg_vwrapper_1{transition-duration:0.3s;transform-origin:50% 50%;transform:scale(1) translate(0,0)}.layout_9084 .w-grid-item-h:focus-within .usg_vwrapper_1,.layout_9084 .w-grid-item-h:hover .usg_vwrapper_1{transform:scale(1) translate(0,-2.8rem);opacity:1}.layout_9084 .usg_vwrapper_1{background:inherit!important;padding:1rem 1.2rem 1rem 1.2rem!important}.layout_9084 .usg_post_title_1{font-size:1.2rem!important;font-family:var(--font-family)!important;font-weight:700!important;margin-top:0.5rem!important;margin-bottom:0.5rem!important}.layout_9084 .usg_product_field_3{font-size:1.1rem!important;font-family:var(--font-family)!important;font-weight:600!important}.layout_9084 .usg_btn_1{font-size:16px!important}<\/style><div class=\"w-grid-list\">\t<article class=\"w-grid-item size_1x1 post-7723 product type-product status-publish has-post-thumbnail product_cat-charter-boot product_tag-private-yacht-de product_tag-segeln-und-tauchen first instock virtual purchasable product-type-simple\" data-id=\"7723\">\r\n\t\t<div class=\"w-grid-item-h\">\r\n\t\t\t\t\t\t<div class=\"w-vwrapper usg_vwrapper_1 align_center valign_top\"><div class=\"w-post-elm post_image usg_post_image_1 stretched\"><a href=\"https:\/\/www.easydivers-thailand.com\/de\/produkt\/segeln-und-tauchen\/\" aria-label=\"Segeln und Tauchen\"><img loading=\"lazy\" decoding=\"async\" width=\"300\" height=\"300\" src=\"https:\/\/www.easydivers-thailand.com\/wp-content\/uploads\/2018\/12\/Sailing-and-Scuba-Diving-03-300x300.jpg\" class=\"attachment-shop_catalog size-shop_catalog wp-post-image\" alt=\"Sailing and Diving\" srcset=\"https:\/\/www.easydivers-thailand.com\/wp-content\/uploads\/2018\/12\/Sailing-and-Scuba-Diving-03-300x300.jpg 300w, https:\/\/www.easydivers-thailand.com\/wp-content\/uploads\/2018\/12\/Sailing-and-Scuba-Diving-03-150x150.jpg 150w, https:\/\/www.easydivers-thailand.com\/wp-content\/uploads\/2018\/12\/Sailing-and-Scuba-Diving-03-350x350.jpg 350w, https:\/\/www.easydivers-thailand.com\/wp-content\/uploads\/2018\/12\/Sailing-and-Scuba-Diving-03-600x600.jpg 600w, https:\/\/www.easydivers-thailand.com\/wp-content\/uploads\/2018\/12\/Sailing-and-Scuba-Diving-03-800x800.jpg 800w\" sizes=\"auto, (max-width: 300px) 100vw, 300px\" \/><\/a><\/div><h3 class=\"w-post-elm post_title usg_post_title_1 align_center woocommerce-loop-product__title color_link_inherit\"><a href=\"https:\/\/www.easydivers-thailand.com\/de\/produkt\/segeln-und-tauchen\/\">Segeln und Tauchen<\/a><\/h3><p class=\"w-post-elm product_field price usg_product_field_3 myprice\"><span class=\"woocommerce-Price-amount amount\"><bdi><span class=\"woocommerce-Price-currencySymbol\">&#3647;<\/span>&nbsp;35,000.00<\/bdi><\/span><\/p><a class=\"w-btn us-btn-style_1 usg_btn_1\" href=\"https:\/\/www.easydivers-thailand.com\/de\/produkt\/segeln-und-tauchen\/\"><span class=\"w-btn-label\">Jetzt Anfragen<\/span><\/a><\/div>\t\t<\/div>\r\n\t\t\t<\/article>\r\n\t<article class=\"w-grid-item size_1x1 post-7722 product type-product status-publish has-post-thumbnail product_cat-charter-boot product_tag-private-yacht-de product_tag-segeln-und-tauchen  instock virtual purchasable product-type-simple\" data-id=\"7722\">\r\n\t\t<div class=\"w-grid-item-h\">\r\n\t\t\t\t\t\t<div class=\"w-vwrapper usg_vwrapper_1 align_center valign_top\"><div class=\"w-post-elm post_image usg_post_image_1 stretched\"><a href=\"https:\/\/www.easydivers-thailand.com\/de\/produkt\/tauchtouren-mit-einer-sunseeker-motoryacht\/\" aria-label=\"Tauchtouren mit einer Sunseeker Motoryacht\"><img loading=\"lazy\" decoding=\"async\" width=\"300\" height=\"300\" src=\"https:\/\/www.easydivers-thailand.com\/wp-content\/uploads\/2018\/12\/Private-Yacht-00-300x300.jpg\" class=\"attachment-shop_catalog size-shop_catalog wp-post-image\" alt=\"Tauchtouren mit einer Sunseeker Motoryacht\" srcset=\"https:\/\/www.easydivers-thailand.com\/wp-content\/uploads\/2018\/12\/Private-Yacht-00-300x300.jpg 300w, https:\/\/www.easydivers-thailand.com\/wp-content\/uploads\/2018\/12\/Private-Yacht-00-150x150.jpg 150w, https:\/\/www.easydivers-thailand.com\/wp-content\/uploads\/2018\/12\/Private-Yacht-00-350x350.jpg 350w, https:\/\/www.easydivers-thailand.com\/wp-content\/uploads\/2018\/12\/Private-Yacht-00-600x600.jpg 600w\" sizes=\"auto, (max-width: 300px) 100vw, 300px\" \/><\/a><\/div><h3 class=\"w-post-elm post_title usg_post_title_1 align_center woocommerce-loop-product__title color_link_inherit\"><a href=\"https:\/\/www.easydivers-thailand.com\/de\/produkt\/tauchtouren-mit-einer-sunseeker-motoryacht\/\">Tauchtouren mit einer Sunseeker Motoryacht<\/a><\/h3><p class=\"w-post-elm product_field price usg_product_field_3 myprice\"><span class=\"woocommerce-Price-amount amount\"><bdi><span class=\"woocommerce-Price-currencySymbol\">&#3647;<\/span>&nbsp;50,000.00<\/bdi><\/span><\/p><a class=\"w-btn us-btn-style_1 usg_btn_1\" href=\"https:\/\/www.easydivers-thailand.com\/de\/produkt\/tauchtouren-mit-einer-sunseeker-motoryacht\/\"><span class=\"w-btn-label\">Jetzt Anfragen<\/span><\/a><\/div>\t\t<\/div>\r\n\t\t\t<\/article>\r\n<\/div><div class=\"w-grid-preloader\">\t<div class=\"g-preloader type_1\">\r\n\t\t<div><\/div>\r\n\t<\/div>\r\n\t<\/div>\t<div class=\"w-grid-json hidden\" onclick='return {&quot;action&quot;:&quot;us_ajax_grid&quot;,&quot;infinite_scroll&quot;:0,&quot;max_num_pages&quot;:1,&quot;pagination&quot;:&quot;none&quot;,&quot;template_vars&quot;:{&quot;columns&quot;:&quot;3&quot;,&quot;exclude_items&quot;:&quot;none&quot;,&quot;img_size&quot;:&quot;default&quot;,&quot;ignore_items_size&quot;:0,&quot;items_layout&quot;:&quot;9084&quot;,&quot;items_offset&quot;:&quot;1&quot;,&quot;load_animation&quot;:&quot;none&quot;,&quot;overriding_link&quot;:&quot;{\\&quot;url\\&quot;:\\&quot;\\&quot;}&quot;,&quot;post_id&quot;:0,&quot;query_args&quot;:{&quot;post_type&quot;:[&quot;product&quot;],&quot;tax_query&quot;:[{&quot;taxonomy&quot;:&quot;product_cat&quot;,&quot;field&quot;:&quot;slug&quot;,&quot;terms&quot;:[&quot;charter-boot&quot;]},{&quot;taxonomy&quot;:&quot;product_visibility&quot;,&quot;field&quot;:&quot;slug&quot;,&quot;terms&quot;:[&quot;exclude-from-catalog&quot;],&quot;operator&quot;:&quot;NOT IN&quot;}],&quot;post_status&quot;:[&quot;publish&quot;,&quot;acf-disabled&quot;],&quot;meta_query&quot;:[],&quot;posts_per_page&quot;:&quot;3&quot;},&quot;orderby_query_args&quot;:{&quot;orderby&quot;:{&quot;date&quot;:&quot;DESC&quot;}},&quot;type&quot;:&quot;grid&quot;,&quot;us_grid_post_type&quot;:&quot;product&quot;,&quot;us_grid_ajax_index&quot;:1,&quot;us_grid_filter_query_string&quot;:null,&quot;us_grid_index&quot;:1,&quot;page_args&quot;:[],&quot;lang&quot;:&quot;de&quot;}}'><\/div>\r\n\t<\/div><\/div><\/div><\/div><\/div><\/div><\/section>\n","protected":false},"excerpt":{"rendered":"G\u00f6nnen Sie sich totalen Luxus und lassen Sie sich mit dieser wundersch\u00f6nen Yacht zu einem unvergesslichen Tag beim Tauchen und Schnorcheln am Tauchplatz Ihrer W\u00fcnsche entf\u00fchren. Wir k\u00f6nnen Touren nach Koh Tao, Anthong Marine Park, Sail Rock oder Koh Ma im Norden von Koh Phangan arrangieren, sodass die Tour an Ihre Taucherfahrung und Ihr Ziel...","protected":false},"author":3,"featured_media":0,"parent":0,"menu_order":0,"comment_status":"closed","ping_status":"closed","template":"","meta":{"_acf_changed":false,"footnotes":""},"class_list":["post-7719","page","type-page","status-publish","hentry"],"acf":[],"yoast_head":"<!-- This site is optimized with the Yoast SEO plugin v27.3 - https:\/\/yoast.com\/product\/yoast-seo-wordpress\/ -->\n<title>Private Charter Boot | Easy Divers Thailand<\/title>\n<meta name=\"description\" content=\"Geniessen Sie einen unvergesslichenTag beim Tauchen, Schnorcheln, Schwimmen und Baden w\u00e4hrend einer privaten Tour auf einem unserer grossartigen Boote. Schnellboot- und Yachttouren k\u00f6nnen nach einem flexiblen Zeitplan an den Tauchplatz ihrer Wahl nach Koh Phangan, Koh Tao oder dem Angthong Marine Park organisiert werden.\" \/>\n<meta name=\"robots\" content=\"index, follow, max-snippet:-1, max-image-preview:large, max-video-preview:-1\" \/>\n<link rel=\"canonical\" href=\"https:\/\/www.easydivers-thailand.com\/de\/private-charter-boot\/\" \/>\n<meta property=\"og:locale\" content=\"de_DE\" \/>\n<meta property=\"og:type\" content=\"article\" \/>\n<meta property=\"og:title\" content=\"Massgeschneidertes Tauch- und Schnorchelerlebnis\" \/>\n<meta property=\"og:description\" content=\"Geniessen Sie einen unvergesslichenTag beim Tauchen, Schnorcheln, Schwimmen und Baden w\u00e4hrend einer privaten Tour auf einem unserer grossartigen Boote. Schnellboot- und Yachttouren k\u00f6nnen nach einem flexiblen Zeitplan an den Tauchplatz ihrer Wahl nach Koh Phangan, Koh Tao oder dem Angthong Marine Park organisiert werden.\" \/>\n<meta property=\"og:url\" content=\"https:\/\/www.easydivers-thailand.com\/de\/private-charter-boot\/\" \/>\n<meta property=\"og:site_name\" content=\"Easy Divers Thailand\" \/>\n<meta property=\"article:publisher\" content=\"https:\/\/www.facebook.com\/easydiverskohsamuiteam\/\" \/>\n<meta property=\"article:modified_time\" content=\"2022-05-01T23:59:17+00:00\" \/>\n<meta property=\"og:image\" content=\"https:\/\/www.easydivers-thailand.com\/wp-content\/uploads\/2018\/12\/Private-Yacht-Social-01.jpg\" \/>\n\t<meta property=\"og:image:width\" content=\"1200\" \/>\n\t<meta property=\"og:image:height\" content=\"630\" \/>\n\t<meta property=\"og:image:type\" content=\"image\/jpeg\" \/>\n<meta name=\"twitter:card\" content=\"summary_large_image\" \/>\n<meta name=\"twitter:site\" content=\"@EasyKoh\" \/>\n<meta name=\"twitter:label1\" content=\"Gesch\u00e4tzte Lesezeit\" \/>\n\t<meta name=\"twitter:data1\" content=\"1\u00a0Minute\" \/>\n<script type=\"application\/ld+json\" class=\"yoast-schema-graph\">{\"@context\":\"https:\\\/\\\/schema.org\",\"@graph\":[{\"@type\":\"WebPage\",\"@id\":\"https:\\\/\\\/www.easydivers-thailand.com\\\/de\\\/private-charter-boot\\\/\",\"url\":\"https:\\\/\\\/www.easydivers-thailand.com\\\/de\\\/private-charter-boot\\\/\",\"name\":\"Private Charter Boot | Easy Divers Thailand\",\"isPartOf\":{\"@id\":\"https:\\\/\\\/www.easydivers-thailand.com\\\/de\\\/#website\"},\"datePublished\":\"2018-12-08T09:01:29+00:00\",\"dateModified\":\"2022-05-01T23:59:17+00:00\",\"description\":\"Geniessen Sie einen unvergesslichenTag beim Tauchen, Schnorcheln, Schwimmen und Baden w\u00e4hrend einer privaten Tour auf einem unserer grossartigen Boote. Schnellboot- und Yachttouren k\u00f6nnen nach einem flexiblen Zeitplan an den Tauchplatz ihrer Wahl nach Koh Phangan, Koh Tao oder dem Angthong Marine Park organisiert werden.\",\"breadcrumb\":{\"@id\":\"https:\\\/\\\/www.easydivers-thailand.com\\\/de\\\/private-charter-boot\\\/#breadcrumb\"},\"inLanguage\":\"de\",\"potentialAction\":[{\"@type\":\"ReadAction\",\"target\":[\"https:\\\/\\\/www.easydivers-thailand.com\\\/de\\\/private-charter-boot\\\/\"]}]},{\"@type\":\"BreadcrumbList\",\"@id\":\"https:\\\/\\\/www.easydivers-thailand.com\\\/de\\\/private-charter-boot\\\/#breadcrumb\",\"itemListElement\":[{\"@type\":\"ListItem\",\"position\":1,\"name\":\"Home\",\"item\":\"https:\\\/\\\/www.easydivers-thailand.com\\\/de\\\/\"},{\"@type\":\"ListItem\",\"position\":2,\"name\":\"Private Charter Boot\"}]},{\"@type\":\"WebSite\",\"@id\":\"https:\\\/\\\/www.easydivers-thailand.com\\\/de\\\/#website\",\"url\":\"https:\\\/\\\/www.easydivers-thailand.com\\\/de\\\/\",\"name\":\"Easy Divers Thailand\",\"description\":\"My WordPress Blog\",\"potentialAction\":[{\"@type\":\"SearchAction\",\"target\":{\"@type\":\"EntryPoint\",\"urlTemplate\":\"https:\\\/\\\/www.easydivers-thailand.com\\\/de\\\/?s={search_term_string}\"},\"query-input\":{\"@type\":\"PropertyValueSpecification\",\"valueRequired\":true,\"valueName\":\"search_term_string\"}}],\"inLanguage\":\"de\"}]}<\/script>\n<!-- \/ Yoast SEO plugin. -->","yoast_head_json":{"title":"Private Charter Boot | Easy Divers Thailand","description":"Geniessen Sie einen unvergesslichenTag beim Tauchen, Schnorcheln, Schwimmen und Baden w\u00e4hrend einer privaten Tour auf einem unserer grossartigen Boote. Schnellboot- und Yachttouren k\u00f6nnen nach einem flexiblen Zeitplan an den Tauchplatz ihrer Wahl nach Koh Phangan, Koh Tao oder dem Angthong Marine Park organisiert werden.","robots":{"index":"index","follow":"follow","max-snippet":"max-snippet:-1","max-image-preview":"max-image-preview:large","max-video-preview":"max-video-preview:-1"},"canonical":"https:\/\/www.easydivers-thailand.com\/de\/private-charter-boot\/","og_locale":"de_DE","og_type":"article","og_title":"Massgeschneidertes Tauch- und Schnorchelerlebnis","og_description":"Geniessen Sie einen unvergesslichenTag beim Tauchen, Schnorcheln, Schwimmen und Baden w\u00e4hrend einer privaten Tour auf einem unserer grossartigen Boote. Schnellboot- und Yachttouren k\u00f6nnen nach einem flexiblen Zeitplan an den Tauchplatz ihrer Wahl nach Koh Phangan, Koh Tao oder dem Angthong Marine Park organisiert werden.","og_url":"https:\/\/www.easydivers-thailand.com\/de\/private-charter-boot\/","og_site_name":"Easy Divers Thailand","article_publisher":"https:\/\/www.facebook.com\/easydiverskohsamuiteam\/","article_modified_time":"2022-05-01T23:59:17+00:00","og_image":[{"width":1200,"height":630,"url":"https:\/\/www.easydivers-thailand.com\/wp-content\/uploads\/2018\/12\/Private-Yacht-Social-01.jpg","type":"image\/jpeg"}],"twitter_card":"summary_large_image","twitter_site":"@EasyKoh","twitter_misc":{"Gesch\u00e4tzte Lesezeit":"1\u00a0Minute"},"schema":{"@context":"https:\/\/schema.org","@graph":[{"@type":"WebPage","@id":"https:\/\/www.easydivers-thailand.com\/de\/private-charter-boot\/","url":"https:\/\/www.easydivers-thailand.com\/de\/private-charter-boot\/","name":"Private Charter Boot | Easy Divers Thailand","isPartOf":{"@id":"https:\/\/www.easydivers-thailand.com\/de\/#website"},"datePublished":"2018-12-08T09:01:29+00:00","dateModified":"2022-05-01T23:59:17+00:00","description":"Geniessen Sie einen unvergesslichenTag beim Tauchen, Schnorcheln, Schwimmen und Baden w\u00e4hrend einer privaten Tour auf einem unserer grossartigen Boote. Schnellboot- und Yachttouren k\u00f6nnen nach einem flexiblen Zeitplan an den Tauchplatz ihrer Wahl nach Koh Phangan, Koh Tao oder dem Angthong Marine Park organisiert werden.","breadcrumb":{"@id":"https:\/\/www.easydivers-thailand.com\/de\/private-charter-boot\/#breadcrumb"},"inLanguage":"de","potentialAction":[{"@type":"ReadAction","target":["https:\/\/www.easydivers-thailand.com\/de\/private-charter-boot\/"]}]},{"@type":"BreadcrumbList","@id":"https:\/\/www.easydivers-thailand.com\/de\/private-charter-boot\/#breadcrumb","itemListElement":[{"@type":"ListItem","position":1,"name":"Home","item":"https:\/\/www.easydivers-thailand.com\/de\/"},{"@type":"ListItem","position":2,"name":"Private Charter Boot"}]},{"@type":"WebSite","@id":"https:\/\/www.easydivers-thailand.com\/de\/#website","url":"https:\/\/www.easydivers-thailand.com\/de\/","name":"Easy Divers Thailand","description":"My WordPress Blog","potentialAction":[{"@type":"SearchAction","target":{"@type":"EntryPoint","urlTemplate":"https:\/\/www.easydivers-thailand.com\/de\/?s={search_term_string}"},"query-input":{"@type":"PropertyValueSpecification","valueRequired":true,"valueName":"search_term_string"}}],"inLanguage":"de"}]}},"_links":{"self":[{"href":"https:\/\/www.easydivers-thailand.com\/de\/wp-json\/wp\/v2\/pages\/7719","targetHints":{"allow":["GET"]}}],"collection":[{"href":"https:\/\/www.easydivers-thailand.com\/de\/wp-json\/wp\/v2\/pages"}],"about":[{"href":"https:\/\/www.easydivers-thailand.com\/de\/wp-json\/wp\/v2\/types\/page"}],"author":[{"embeddable":true,"href":"https:\/\/www.easydivers-thailand.com\/de\/wp-json\/wp\/v2\/users\/3"}],"replies":[{"embeddable":true,"href":"https:\/\/www.easydivers-thailand.com\/de\/wp-json\/wp\/v2\/comments?post=7719"}],"version-history":[{"count":7,"href":"https:\/\/www.easydivers-thailand.com\/de\/wp-json\/wp\/v2\/pages\/7719\/revisions"}],"predecessor-version":[{"id":29084,"href":"https:\/\/www.easydivers-thailand.com\/de\/wp-json\/wp\/v2\/pages\/7719\/revisions\/29084"}],"wp:attachment":[{"href":"https:\/\/www.easydivers-thailand.com\/de\/wp-json\/wp\/v2\/media?parent=7719"}],"curies":[{"name":"wp","href":"https:\/\/api.w.org\/{rel}","templated":true}]}}