{"id":6977,"date":"2018-01-21T20:54:04","date_gmt":"2018-01-21T13:54:04","guid":{"rendered":"https:\/\/easydivers.samui-web-design.com\/product\/padi-scuba-diver\/"},"modified":"2022-05-01T16:10:38","modified_gmt":"2022-05-01T09:10:38","slug":"padi-scuba-diver","status":"publish","type":"product","link":"https:\/\/www.easydivers-thailand.com\/de\/produkt\/padi-scuba-diver\/","title":{"rendered":"PADI Scuba Diver"},"content":{"rendered":"<div>\n<p>Der PADI Scuba Diver Kurs ist ein Unterprogramm des PADI Open Water Diver Kurses. Wenn du wenig Zeit hast, aber unbedingt ein Taucher werden m\u00f6chtest, ist das PADI Scuba Diver \u201eBrevet\u201c (PADIs Taucherausweis) vielleicht das Richtige f\u00fcr dich \u2013 insbesondere, wenn du haupts\u00e4chlich nur mit einem Tauchguide tauchen m\u00f6chtest. Dieser Kurs stellt einen Zwischenschritt auf dem Weg zum PADI Open Water Diver Brevet dar, falls dies letztlich dein Ziel ist.<br \/>\nPADI Scuba Divers sind zu Folgendem qualifiziert:<\/p>\n<ul>\n<li>Nur unter direkter Aufsicht eines PADI Tauchprofis bis zu einer Tiefe von maximal 12 Metern zu tauchen.<\/li>\n<li>Flaschenf\u00fcllungen zu erhalten, Tauchausr\u00fcstung zu leihen oder zu kaufen und an Tauchaktivit\u00e4ten teilzunehmen, solange angemessene \u201eSupervision\u201c (\u00dcberwachung der Aktivit\u00e4ten) erfolgt.<\/li>\n<li>Ihre Tauchausbildung sp\u00e4ter fortzusetzen, durch Abschlie\u00dfen des PADI Open Water Diver Kurses sowie einiger bestimmter Spezialkurse.<\/li>\n<\/ul>\n<p>Um am PADI Scuba Diver Kurs (oder PADI Junior Scuba Diver Kurs) teilnehmen zu k\u00f6nnen, musst du  angemessen schwimmen k\u00f6nnen und bei guter Gesundheit sein. Vorherige Taucherfahrung ist nicht n\u00f6tig, jedoch kannst du im Discover Scuba Diving Programm schon mal ins Tauchen \u201ehineinschnuppern\u201c.<\/p>\n<\/div>\n","protected":false},"excerpt":{"rendered":"<p><strong>Begrenzte Zertifizierung f\u00fcr Tauchg\u00e4nge nicht tiefer als 12 m gef\u00fchrt von einem professionellen Tauchguide. Mindestalter 10 Jahre<\/strong><\/p>\n<div>Tag 1 \u2013 Schulungsraum und Pooltraining<\/div>\n<div>Tag 2 \u2013 2 Trainingstauchg\u00e4nge vom Boot aus<\/div>\n<p><span class=\"mypriceclass\">Kurspreis: \u0e3f 11&#8217;500.00 pro Person<\/span><\/p>\n","protected":false},"featured_media":6856,"template":"","meta":{"_acf_changed":false},"product_brand":[],"product_cat":[88,369,97],"product_tag":[67,72],"class_list":{"0":"post-6977","1":"product","2":"type-product","3":"status-publish","4":"has-post-thumbnail","6":"product_cat-anfaengerkurse","7":"product_cat-ausgewaehlte-kurse","8":"product_cat-tauchkurse","9":"product_tag-anfaengerkurse","10":"product_tag-tauchkurse","12":"first","13":"instock","14":"virtual","15":"purchasable","16":"product-type-simple"},"acf":[],"yoast_head":"<!-- This site is optimized with the Yoast SEO plugin v27.4 - https:\/\/yoast.com\/product\/yoast-seo-wordpress\/ -->\n<title>PADI Scuba Diver | Easy Divers Thailand<\/title>\n<meta name=\"robots\" content=\"index, follow, max-snippet:-1, max-image-preview:large, max-video-preview:-1\" \/>\n<link rel=\"canonical\" href=\"https:\/\/www.easydivers-thailand.com\/de\/produkt\/padi-scuba-diver\/\" \/>\n<meta property=\"og:locale\" content=\"de_DE\" \/>\n<meta property=\"og:type\" content=\"article\" \/>\n<meta property=\"og:title\" content=\"PADI Scuba Diver | Easy Divers Thailand\" \/>\n<meta property=\"og:description\" content=\"Begrenzte Zertifizierung f\u00fcr Tauchg\u00e4nge nicht tiefer als 12 m gef\u00fchrt von einem professionellen Tauchguide. Mindestalter 10 Jahre Tag 1 \u2013 Schulungsraum und Pooltraining Tag 2 \u2013 2 Trainingstauchg\u00e4nge vom Boot aus  Kurspreis: \u0e3f 11&#039;500.00 pro Person\" \/>\n<meta property=\"og:url\" content=\"https:\/\/www.easydivers-thailand.com\/de\/produkt\/padi-scuba-diver\/\" \/>\n<meta property=\"og:site_name\" content=\"Easy Divers Thailand\" \/>\n<meta property=\"article:publisher\" content=\"https:\/\/www.facebook.com\/easydiverskohsamuiteam\/\" \/>\n<meta property=\"article:modified_time\" content=\"2022-05-01T09:10:38+00:00\" \/>\n<meta property=\"og:image\" content=\"https:\/\/www.easydivers-thailand.com\/wp-content\/uploads\/2018\/09\/Open-Water-diver-06.jpg\" \/>\n\t<meta property=\"og:image:width\" content=\"1200\" \/>\n\t<meta property=\"og:image:height\" content=\"800\" \/>\n\t<meta property=\"og:image:type\" content=\"image\/jpeg\" \/>\n<meta name=\"twitter:card\" content=\"summary_large_image\" \/>\n<meta name=\"twitter:site\" content=\"@EasyKoh\" \/>\n<meta name=\"twitter:label1\" content=\"Gesch\u00e4tzte Lesezeit\" \/>\n\t<meta name=\"twitter:data1\" content=\"1\u00a0Minute\" \/>\n<script type=\"application\/ld+json\" class=\"yoast-schema-graph\">{\"@context\":\"https:\\\/\\\/schema.org\",\"@graph\":[{\"@type\":\"WebPage\",\"@id\":\"https:\\\/\\\/www.easydivers-thailand.com\\\/de\\\/produkt\\\/padi-scuba-diver\\\/\",\"url\":\"https:\\\/\\\/www.easydivers-thailand.com\\\/de\\\/produkt\\\/padi-scuba-diver\\\/\",\"name\":\"PADI Scuba Diver | Easy Divers Thailand\",\"isPartOf\":{\"@id\":\"https:\\\/\\\/www.easydivers-thailand.com\\\/de\\\/#website\"},\"primaryImageOfPage\":{\"@id\":\"https:\\\/\\\/www.easydivers-thailand.com\\\/de\\\/produkt\\\/padi-scuba-diver\\\/#primaryimage\"},\"image\":{\"@id\":\"https:\\\/\\\/www.easydivers-thailand.com\\\/de\\\/produkt\\\/padi-scuba-diver\\\/#primaryimage\"},\"thumbnailUrl\":\"https:\\\/\\\/www.easydivers-thailand.com\\\/wp-content\\\/uploads\\\/2018\\\/09\\\/Open-Water-diver-06.jpg\",\"datePublished\":\"2018-01-21T13:54:04+00:00\",\"dateModified\":\"2022-05-01T09:10:38+00:00\",\"breadcrumb\":{\"@id\":\"https:\\\/\\\/www.easydivers-thailand.com\\\/de\\\/produkt\\\/padi-scuba-diver\\\/#breadcrumb\"},\"inLanguage\":\"de\",\"potentialAction\":[{\"@type\":\"ReadAction\",\"target\":[\"https:\\\/\\\/www.easydivers-thailand.com\\\/de\\\/produkt\\\/padi-scuba-diver\\\/\"]}]},{\"@type\":\"ImageObject\",\"inLanguage\":\"de\",\"@id\":\"https:\\\/\\\/www.easydivers-thailand.com\\\/de\\\/produkt\\\/padi-scuba-diver\\\/#primaryimage\",\"url\":\"https:\\\/\\\/www.easydivers-thailand.com\\\/wp-content\\\/uploads\\\/2018\\\/09\\\/Open-Water-diver-06.jpg\",\"contentUrl\":\"https:\\\/\\\/www.easydivers-thailand.com\\\/wp-content\\\/uploads\\\/2018\\\/09\\\/Open-Water-diver-06.jpg\",\"width\":1200,\"height\":800,\"caption\":\"Fun Diving\"},{\"@type\":\"BreadcrumbList\",\"@id\":\"https:\\\/\\\/www.easydivers-thailand.com\\\/de\\\/produkt\\\/padi-scuba-diver\\\/#breadcrumb\",\"itemListElement\":[{\"@type\":\"ListItem\",\"position\":1,\"name\":\"Home\",\"item\":\"https:\\\/\\\/www.easydivers-thailand.com\\\/de\\\/\"},{\"@type\":\"ListItem\",\"position\":2,\"name\":\"Shop\",\"item\":\"https:\\\/\\\/www.easydivers-thailand.com\\\/de\\\/shop\\\/\"},{\"@type\":\"ListItem\",\"position\":3,\"name\":\"PADI Scuba Diver\"}]},{\"@type\":\"WebSite\",\"@id\":\"https:\\\/\\\/www.easydivers-thailand.com\\\/de\\\/#website\",\"url\":\"https:\\\/\\\/www.easydivers-thailand.com\\\/de\\\/\",\"name\":\"Easy Divers Thailand\",\"description\":\"My WordPress Blog\",\"potentialAction\":[{\"@type\":\"SearchAction\",\"target\":{\"@type\":\"EntryPoint\",\"urlTemplate\":\"https:\\\/\\\/www.easydivers-thailand.com\\\/de\\\/?s={search_term_string}\"},\"query-input\":{\"@type\":\"PropertyValueSpecification\",\"valueRequired\":true,\"valueName\":\"search_term_string\"}}],\"inLanguage\":\"de\"}]}<\/script>\n<!-- \/ Yoast SEO plugin. -->","yoast_head_json":{"title":"PADI Scuba Diver | Easy Divers Thailand","robots":{"index":"index","follow":"follow","max-snippet":"max-snippet:-1","max-image-preview":"max-image-preview:large","max-video-preview":"max-video-preview:-1"},"canonical":"https:\/\/www.easydivers-thailand.com\/de\/produkt\/padi-scuba-diver\/","og_locale":"de_DE","og_type":"article","og_title":"PADI Scuba Diver | Easy Divers Thailand","og_description":"Begrenzte Zertifizierung f\u00fcr Tauchg\u00e4nge nicht tiefer als 12 m gef\u00fchrt von einem professionellen Tauchguide. Mindestalter 10 Jahre Tag 1 \u2013 Schulungsraum und Pooltraining Tag 2 \u2013 2 Trainingstauchg\u00e4nge vom Boot aus  Kurspreis: \u0e3f 11'500.00 pro Person","og_url":"https:\/\/www.easydivers-thailand.com\/de\/produkt\/padi-scuba-diver\/","og_site_name":"Easy Divers Thailand","article_publisher":"https:\/\/www.facebook.com\/easydiverskohsamuiteam\/","article_modified_time":"2022-05-01T09:10:38+00:00","og_image":[{"width":1200,"height":800,"url":"https:\/\/www.easydivers-thailand.com\/wp-content\/uploads\/2018\/09\/Open-Water-diver-06.jpg","type":"image\/jpeg"}],"twitter_card":"summary_large_image","twitter_site":"@EasyKoh","twitter_misc":{"Gesch\u00e4tzte Lesezeit":"1\u00a0Minute"},"schema":{"@context":"https:\/\/schema.org","@graph":[{"@type":"WebPage","@id":"https:\/\/www.easydivers-thailand.com\/de\/produkt\/padi-scuba-diver\/","url":"https:\/\/www.easydivers-thailand.com\/de\/produkt\/padi-scuba-diver\/","name":"PADI Scuba Diver | Easy Divers Thailand","isPartOf":{"@id":"https:\/\/www.easydivers-thailand.com\/de\/#website"},"primaryImageOfPage":{"@id":"https:\/\/www.easydivers-thailand.com\/de\/produkt\/padi-scuba-diver\/#primaryimage"},"image":{"@id":"https:\/\/www.easydivers-thailand.com\/de\/produkt\/padi-scuba-diver\/#primaryimage"},"thumbnailUrl":"https:\/\/www.easydivers-thailand.com\/wp-content\/uploads\/2018\/09\/Open-Water-diver-06.jpg","datePublished":"2018-01-21T13:54:04+00:00","dateModified":"2022-05-01T09:10:38+00:00","breadcrumb":{"@id":"https:\/\/www.easydivers-thailand.com\/de\/produkt\/padi-scuba-diver\/#breadcrumb"},"inLanguage":"de","potentialAction":[{"@type":"ReadAction","target":["https:\/\/www.easydivers-thailand.com\/de\/produkt\/padi-scuba-diver\/"]}]},{"@type":"ImageObject","inLanguage":"de","@id":"https:\/\/www.easydivers-thailand.com\/de\/produkt\/padi-scuba-diver\/#primaryimage","url":"https:\/\/www.easydivers-thailand.com\/wp-content\/uploads\/2018\/09\/Open-Water-diver-06.jpg","contentUrl":"https:\/\/www.easydivers-thailand.com\/wp-content\/uploads\/2018\/09\/Open-Water-diver-06.jpg","width":1200,"height":800,"caption":"Fun Diving"},{"@type":"BreadcrumbList","@id":"https:\/\/www.easydivers-thailand.com\/de\/produkt\/padi-scuba-diver\/#breadcrumb","itemListElement":[{"@type":"ListItem","position":1,"name":"Home","item":"https:\/\/www.easydivers-thailand.com\/de\/"},{"@type":"ListItem","position":2,"name":"Shop","item":"https:\/\/www.easydivers-thailand.com\/de\/shop\/"},{"@type":"ListItem","position":3,"name":"PADI Scuba Diver"}]},{"@type":"WebSite","@id":"https:\/\/www.easydivers-thailand.com\/de\/#website","url":"https:\/\/www.easydivers-thailand.com\/de\/","name":"Easy Divers Thailand","description":"My WordPress Blog","potentialAction":[{"@type":"SearchAction","target":{"@type":"EntryPoint","urlTemplate":"https:\/\/www.easydivers-thailand.com\/de\/?s={search_term_string}"},"query-input":{"@type":"PropertyValueSpecification","valueRequired":true,"valueName":"search_term_string"}}],"inLanguage":"de"}]}},"_links":{"self":[{"href":"https:\/\/www.easydivers-thailand.com\/de\/wp-json\/wp\/v2\/product\/6977","targetHints":{"allow":["GET"]}}],"collection":[{"href":"https:\/\/www.easydivers-thailand.com\/de\/wp-json\/wp\/v2\/product"}],"about":[{"href":"https:\/\/www.easydivers-thailand.com\/de\/wp-json\/wp\/v2\/types\/product"}],"wp:featuredmedia":[{"embeddable":true,"href":"https:\/\/www.easydivers-thailand.com\/de\/wp-json\/wp\/v2\/media\/6856"}],"wp:attachment":[{"href":"https:\/\/www.easydivers-thailand.com\/de\/wp-json\/wp\/v2\/media?parent=6977"}],"wp:term":[{"taxonomy":"product_brand","embeddable":true,"href":"https:\/\/www.easydivers-thailand.com\/de\/wp-json\/wp\/v2\/product_brand?post=6977"},{"taxonomy":"product_cat","embeddable":true,"href":"https:\/\/www.easydivers-thailand.com\/de\/wp-json\/wp\/v2\/product_cat?post=6977"},{"taxonomy":"product_tag","embeddable":true,"href":"https:\/\/www.easydivers-thailand.com\/de\/wp-json\/wp\/v2\/product_tag?post=6977"}],"curies":[{"name":"wp","href":"https:\/\/api.w.org\/{rel}","templated":true}]}}