{"id":6981,"date":"2017-06-21T20:54:19","date_gmt":"2017-06-21T13:54:19","guid":{"rendered":"https:\/\/easydivers.samui-web-design.com\/product\/open-water-referral\/"},"modified":"2022-05-01T16:04:35","modified_gmt":"2022-05-01T09:04:35","slug":"open-water-ueberweisung","status":"publish","type":"product","link":"https:\/\/www.easydivers-thailand.com\/de\/produkt\/open-water-ueberweisung\/","title":{"rendered":"Open Water \u00dcberweisung"},"content":{"rendered":"<p>Der PADI Open Water Referral-Kurs ist f\u00fcr Tauchsch\u00fcler gedacht, die den theoretischen Teil und das Pooltraining des PADI Open Water-Kurses vor ihrem Urlaub absolviert haben. Nach Erhalt eines \u00dcberweisungsformulars des vorherigen Tauchlehrers k\u00f6nnen die vier qualifizierenden Open Water-Trainingstauchg\u00e4nge in den sch\u00f6nen warmen Gew\u00e4ssern des Golfs von Thailand mit Easy Divers auf Koh Samui durchgef\u00fchrt werden.<\/p>\n<p>Der Referral-Kurs f\u00fchrt nach Abschluss des vollst\u00e4ndigen Open Water-Kurses zu einer  Qualifikation, die erlaubt bis zu 18 Metern Tiefe mit einem Tauchpartner unabh\u00e4ngig von einem Profi zu tauchen und ist auf der ganzen Welt anerkannt.<\/p>\n","protected":false},"excerpt":{"rendered":"<p><strong>Vervollst\u00e4ndigen des PADI Open Water Kurses nach erfolgreichem Abschluss der Theorie Kenntnisse und der Flachwasser Trainingstauchg\u00e4nge dokumentiert durch Vorlage eines \u00dcberweisungsformulars vom vorherigen Tauchlehrer.<\/strong><\/p>\n<p><span class=\"mypriceclass\">Kurspreis: \u0e3f 13&#8217;500.00 pro Person<\/span><\/p>\n","protected":false},"featured_media":6578,"template":"","meta":{"_acf_changed":false},"product_brand":[],"product_cat":[88,97],"product_tag":[67,72],"class_list":{"0":"post-6981","1":"product","2":"type-product","3":"status-publish","4":"has-post-thumbnail","6":"product_cat-anfaengerkurse","7":"product_cat-tauchkurse","8":"product_tag-anfaengerkurse","9":"product_tag-tauchkurse","11":"first","12":"instock","13":"virtual","14":"purchasable","15":"product-type-simple"},"acf":[],"yoast_head":"<!-- This site is optimized with the Yoast SEO plugin v27.3 - https:\/\/yoast.com\/product\/yoast-seo-wordpress\/ -->\n<title>Open Water \u00dcberweisung | Easy Divers Thailand<\/title>\n<meta name=\"robots\" content=\"index, follow, max-snippet:-1, max-image-preview:large, max-video-preview:-1\" \/>\n<link rel=\"canonical\" href=\"https:\/\/www.easydivers-thailand.com\/de\/produkt\/open-water-ueberweisung\/\" \/>\n<meta property=\"og:locale\" content=\"de_DE\" \/>\n<meta property=\"og:type\" content=\"article\" \/>\n<meta property=\"og:title\" content=\"Open Water \u00dcberweisung | Easy Divers Thailand\" \/>\n<meta property=\"og:description\" content=\"Vervollst\u00e4ndigen des PADI Open Water Kurses nach erfolgreichem Abschluss der Theorie Kenntnisse und der Flachwasser Trainingstauchg\u00e4nge dokumentiert durch Vorlage eines \u00dcberweisungsformulars vom vorherigen Tauchlehrer.  Kurspreis: \u0e3f 13&#039;500.00 pro Person\" \/>\n<meta property=\"og:url\" content=\"https:\/\/www.easydivers-thailand.com\/de\/produkt\/open-water-ueberweisung\/\" \/>\n<meta property=\"og:site_name\" content=\"Easy Divers Thailand\" \/>\n<meta property=\"article:publisher\" content=\"https:\/\/www.facebook.com\/easydiverskohsamuiteam\/\" \/>\n<meta property=\"article:modified_time\" content=\"2022-05-01T09:04:35+00:00\" \/>\n<meta property=\"og:image\" content=\"https:\/\/www.easydivers-thailand.com\/wp-content\/uploads\/2018\/07\/Open-Water-Referral.jpg\" \/>\n\t<meta property=\"og:image:width\" content=\"1200\" \/>\n\t<meta property=\"og:image:height\" content=\"514\" \/>\n\t<meta property=\"og:image:type\" content=\"image\/jpeg\" \/>\n<meta name=\"twitter:card\" content=\"summary_large_image\" \/>\n<meta name=\"twitter:site\" content=\"@EasyKoh\" \/>\n<script type=\"application\/ld+json\" class=\"yoast-schema-graph\">{\"@context\":\"https:\\\/\\\/schema.org\",\"@graph\":[{\"@type\":\"WebPage\",\"@id\":\"https:\\\/\\\/www.easydivers-thailand.com\\\/de\\\/produkt\\\/open-water-ueberweisung\\\/\",\"url\":\"https:\\\/\\\/www.easydivers-thailand.com\\\/de\\\/produkt\\\/open-water-ueberweisung\\\/\",\"name\":\"Open Water \u00dcberweisung | Easy Divers Thailand\",\"isPartOf\":{\"@id\":\"https:\\\/\\\/www.easydivers-thailand.com\\\/de\\\/#website\"},\"primaryImageOfPage\":{\"@id\":\"https:\\\/\\\/www.easydivers-thailand.com\\\/de\\\/produkt\\\/open-water-ueberweisung\\\/#primaryimage\"},\"image\":{\"@id\":\"https:\\\/\\\/www.easydivers-thailand.com\\\/de\\\/produkt\\\/open-water-ueberweisung\\\/#primaryimage\"},\"thumbnailUrl\":\"https:\\\/\\\/www.easydivers-thailand.com\\\/wp-content\\\/uploads\\\/2018\\\/07\\\/Open-Water-Referral.jpg\",\"datePublished\":\"2017-06-21T13:54:19+00:00\",\"dateModified\":\"2022-05-01T09:04:35+00:00\",\"breadcrumb\":{\"@id\":\"https:\\\/\\\/www.easydivers-thailand.com\\\/de\\\/produkt\\\/open-water-ueberweisung\\\/#breadcrumb\"},\"inLanguage\":\"de\",\"potentialAction\":[{\"@type\":\"ReadAction\",\"target\":[\"https:\\\/\\\/www.easydivers-thailand.com\\\/de\\\/produkt\\\/open-water-ueberweisung\\\/\"]}]},{\"@type\":\"ImageObject\",\"inLanguage\":\"de\",\"@id\":\"https:\\\/\\\/www.easydivers-thailand.com\\\/de\\\/produkt\\\/open-water-ueberweisung\\\/#primaryimage\",\"url\":\"https:\\\/\\\/www.easydivers-thailand.com\\\/wp-content\\\/uploads\\\/2018\\\/07\\\/Open-Water-Referral.jpg\",\"contentUrl\":\"https:\\\/\\\/www.easydivers-thailand.com\\\/wp-content\\\/uploads\\\/2018\\\/07\\\/Open-Water-Referral.jpg\",\"width\":1200,\"height\":514,\"caption\":\"Open Water Referral\"},{\"@type\":\"BreadcrumbList\",\"@id\":\"https:\\\/\\\/www.easydivers-thailand.com\\\/de\\\/produkt\\\/open-water-ueberweisung\\\/#breadcrumb\",\"itemListElement\":[{\"@type\":\"ListItem\",\"position\":1,\"name\":\"Home\",\"item\":\"https:\\\/\\\/www.easydivers-thailand.com\\\/de\\\/\"},{\"@type\":\"ListItem\",\"position\":2,\"name\":\"Shop\",\"item\":\"https:\\\/\\\/www.easydivers-thailand.com\\\/de\\\/shop\\\/\"},{\"@type\":\"ListItem\",\"position\":3,\"name\":\"Open Water \u00dcberweisung\"}]},{\"@type\":\"WebSite\",\"@id\":\"https:\\\/\\\/www.easydivers-thailand.com\\\/de\\\/#website\",\"url\":\"https:\\\/\\\/www.easydivers-thailand.com\\\/de\\\/\",\"name\":\"Easy Divers Thailand\",\"description\":\"My WordPress Blog\",\"potentialAction\":[{\"@type\":\"SearchAction\",\"target\":{\"@type\":\"EntryPoint\",\"urlTemplate\":\"https:\\\/\\\/www.easydivers-thailand.com\\\/de\\\/?s={search_term_string}\"},\"query-input\":{\"@type\":\"PropertyValueSpecification\",\"valueRequired\":true,\"valueName\":\"search_term_string\"}}],\"inLanguage\":\"de\"}]}<\/script>\n<!-- \/ Yoast SEO plugin. -->","yoast_head_json":{"title":"Open Water \u00dcberweisung | Easy Divers Thailand","robots":{"index":"index","follow":"follow","max-snippet":"max-snippet:-1","max-image-preview":"max-image-preview:large","max-video-preview":"max-video-preview:-1"},"canonical":"https:\/\/www.easydivers-thailand.com\/de\/produkt\/open-water-ueberweisung\/","og_locale":"de_DE","og_type":"article","og_title":"Open Water \u00dcberweisung | Easy Divers Thailand","og_description":"Vervollst\u00e4ndigen des PADI Open Water Kurses nach erfolgreichem Abschluss der Theorie Kenntnisse und der Flachwasser Trainingstauchg\u00e4nge dokumentiert durch Vorlage eines \u00dcberweisungsformulars vom vorherigen Tauchlehrer.  Kurspreis: \u0e3f 13'500.00 pro Person","og_url":"https:\/\/www.easydivers-thailand.com\/de\/produkt\/open-water-ueberweisung\/","og_site_name":"Easy Divers Thailand","article_publisher":"https:\/\/www.facebook.com\/easydiverskohsamuiteam\/","article_modified_time":"2022-05-01T09:04:35+00:00","og_image":[{"width":1200,"height":514,"url":"https:\/\/www.easydivers-thailand.com\/wp-content\/uploads\/2018\/07\/Open-Water-Referral.jpg","type":"image\/jpeg"}],"twitter_card":"summary_large_image","twitter_site":"@EasyKoh","schema":{"@context":"https:\/\/schema.org","@graph":[{"@type":"WebPage","@id":"https:\/\/www.easydivers-thailand.com\/de\/produkt\/open-water-ueberweisung\/","url":"https:\/\/www.easydivers-thailand.com\/de\/produkt\/open-water-ueberweisung\/","name":"Open Water \u00dcberweisung | Easy Divers Thailand","isPartOf":{"@id":"https:\/\/www.easydivers-thailand.com\/de\/#website"},"primaryImageOfPage":{"@id":"https:\/\/www.easydivers-thailand.com\/de\/produkt\/open-water-ueberweisung\/#primaryimage"},"image":{"@id":"https:\/\/www.easydivers-thailand.com\/de\/produkt\/open-water-ueberweisung\/#primaryimage"},"thumbnailUrl":"https:\/\/www.easydivers-thailand.com\/wp-content\/uploads\/2018\/07\/Open-Water-Referral.jpg","datePublished":"2017-06-21T13:54:19+00:00","dateModified":"2022-05-01T09:04:35+00:00","breadcrumb":{"@id":"https:\/\/www.easydivers-thailand.com\/de\/produkt\/open-water-ueberweisung\/#breadcrumb"},"inLanguage":"de","potentialAction":[{"@type":"ReadAction","target":["https:\/\/www.easydivers-thailand.com\/de\/produkt\/open-water-ueberweisung\/"]}]},{"@type":"ImageObject","inLanguage":"de","@id":"https:\/\/www.easydivers-thailand.com\/de\/produkt\/open-water-ueberweisung\/#primaryimage","url":"https:\/\/www.easydivers-thailand.com\/wp-content\/uploads\/2018\/07\/Open-Water-Referral.jpg","contentUrl":"https:\/\/www.easydivers-thailand.com\/wp-content\/uploads\/2018\/07\/Open-Water-Referral.jpg","width":1200,"height":514,"caption":"Open Water Referral"},{"@type":"BreadcrumbList","@id":"https:\/\/www.easydivers-thailand.com\/de\/produkt\/open-water-ueberweisung\/#breadcrumb","itemListElement":[{"@type":"ListItem","position":1,"name":"Home","item":"https:\/\/www.easydivers-thailand.com\/de\/"},{"@type":"ListItem","position":2,"name":"Shop","item":"https:\/\/www.easydivers-thailand.com\/de\/shop\/"},{"@type":"ListItem","position":3,"name":"Open Water \u00dcberweisung"}]},{"@type":"WebSite","@id":"https:\/\/www.easydivers-thailand.com\/de\/#website","url":"https:\/\/www.easydivers-thailand.com\/de\/","name":"Easy Divers Thailand","description":"My WordPress Blog","potentialAction":[{"@type":"SearchAction","target":{"@type":"EntryPoint","urlTemplate":"https:\/\/www.easydivers-thailand.com\/de\/?s={search_term_string}"},"query-input":{"@type":"PropertyValueSpecification","valueRequired":true,"valueName":"search_term_string"}}],"inLanguage":"de"}]}},"_links":{"self":[{"href":"https:\/\/www.easydivers-thailand.com\/de\/wp-json\/wp\/v2\/product\/6981","targetHints":{"allow":["GET"]}}],"collection":[{"href":"https:\/\/www.easydivers-thailand.com\/de\/wp-json\/wp\/v2\/product"}],"about":[{"href":"https:\/\/www.easydivers-thailand.com\/de\/wp-json\/wp\/v2\/types\/product"}],"wp:featuredmedia":[{"embeddable":true,"href":"https:\/\/www.easydivers-thailand.com\/de\/wp-json\/wp\/v2\/media\/6578"}],"wp:attachment":[{"href":"https:\/\/www.easydivers-thailand.com\/de\/wp-json\/wp\/v2\/media?parent=6981"}],"wp:term":[{"taxonomy":"product_brand","embeddable":true,"href":"https:\/\/www.easydivers-thailand.com\/de\/wp-json\/wp\/v2\/product_brand?post=6981"},{"taxonomy":"product_cat","embeddable":true,"href":"https:\/\/www.easydivers-thailand.com\/de\/wp-json\/wp\/v2\/product_cat?post=6981"},{"taxonomy":"product_tag","embeddable":true,"href":"https:\/\/www.easydivers-thailand.com\/de\/wp-json\/wp\/v2\/product_tag?post=6981"}],"curies":[{"name":"wp","href":"https:\/\/api.w.org\/{rel}","templated":true}]}}