{"id":6982,"date":"2018-01-21T20:54:25","date_gmt":"2018-01-21T13:54:25","guid":{"rendered":"https:\/\/easydivers.samui-web-design.com\/product\/efr-emergency-first-response\/"},"modified":"2022-05-01T16:13:37","modified_gmt":"2022-05-01T09:13:37","slug":"efr-erste-hilfe-kurs","status":"publish","type":"product","link":"https:\/\/www.easydivers-thailand.com\/de\/produkt\/efr-erste-hilfe-kurs\/","title":{"rendered":"EFR (Erste Hilfe Kurs)"},"content":{"rendered":"<p>Das Emergency First Response-Training konzentriert sich darauf, das Vertrauen in Laienhelfer aufzubauen und ihre Bereitschaft zu erh\u00f6hen, im Falle eines medizinischen Notfalls Hilfe zu leisten. Die Kursteilnehmer lernen auf einfache Weise, Schritte f\u00fcr die Notfallversorgung zu befolgen und die Anwendung der F\u00e4higkeiten in einer stressfreien Lernumgebung zu \u00fcben. Alle Kurse werden durch Handb\u00fccher zum Selbststudium, Videos und Kurzreferenzkarten unterst\u00fctzt, um das Lernen zu verbessern und einen sofortigen Lernbeginn zu erm\u00f6glichen.<\/p>\n<p>EFR-Kurse erf\u00fcllen die CPR- und Erste-Hilfe Voraussetzungen f\u00fcr den PADI Rescue Diver-Kurs und alle professionellen PADI Kurse.<\/p>\n<p>Die EFR-Kurse basieren auf international anerkannten medizinischen Richtlinien f\u00fcr die Notfallversorgung.<\/p>\n","protected":false},"excerpt":{"rendered":"<p><strong>Erste Hilfe und Herz-Lungen-Wiederbelebung (HLW) nicht nur f\u00fcr Taucher. Voraussetzung fuer den PADI Rescue Diver Kurs.<\/strong><\/p>\n<p><span class=\"mypriceclass\">Kurspreis: \u0e3f 5&#8217;500.00 pro Person<\/span><\/p>\n","protected":false},"featured_media":6570,"template":"","meta":{"_acf_changed":false},"product_brand":[],"product_cat":[82,97],"product_tag":[66,72],"class_list":{"0":"post-6982","1":"product","2":"type-product","3":"status-publish","4":"has-post-thumbnail","6":"product_cat-fortgeschrittene-und-profi-kurse","7":"product_cat-tauchkurse","8":"product_tag-fortgeschrittenenkurse","9":"product_tag-tauchkurse","11":"first","12":"instock","13":"virtual","14":"purchasable","15":"product-type-simple"},"acf":[],"yoast_head":"<!-- This site is optimized with the Yoast SEO plugin v27.4 - https:\/\/yoast.com\/product\/yoast-seo-wordpress\/ -->\n<title>EFR (Erste Hilfe Kurs) | Easy Divers Thailand<\/title>\n<meta name=\"robots\" content=\"index, follow, max-snippet:-1, max-image-preview:large, max-video-preview:-1\" \/>\n<link rel=\"canonical\" href=\"https:\/\/www.easydivers-thailand.com\/de\/produkt\/efr-erste-hilfe-kurs\/\" \/>\n<meta property=\"og:locale\" content=\"de_DE\" \/>\n<meta property=\"og:type\" content=\"article\" \/>\n<meta property=\"og:title\" content=\"EFR (Erste Hilfe Kurs) | Easy Divers Thailand\" \/>\n<meta property=\"og:description\" content=\"Erste Hilfe und Herz-Lungen-Wiederbelebung (HLW) nicht nur f\u00fcr Taucher. Voraussetzung fuer den PADI Rescue Diver Kurs.  Kurspreis: \u0e3f 5&#039;500.00 pro Person\" \/>\n<meta property=\"og:url\" content=\"https:\/\/www.easydivers-thailand.com\/de\/produkt\/efr-erste-hilfe-kurs\/\" \/>\n<meta property=\"og:site_name\" content=\"Easy Divers Thailand\" \/>\n<meta property=\"article:publisher\" content=\"https:\/\/www.facebook.com\/easydiverskohsamuiteam\/\" \/>\n<meta property=\"article:modified_time\" content=\"2022-05-01T09:13:37+00:00\" \/>\n<meta property=\"og:image\" content=\"https:\/\/www.easydivers-thailand.com\/wp-content\/uploads\/2018\/07\/Emergency-First-Response.jpg\" \/>\n\t<meta property=\"og:image:width\" content=\"1200\" \/>\n\t<meta property=\"og:image:height\" content=\"514\" \/>\n\t<meta property=\"og:image:type\" content=\"image\/jpeg\" \/>\n<meta name=\"twitter:card\" content=\"summary_large_image\" \/>\n<meta name=\"twitter:site\" content=\"@EasyKoh\" \/>\n<meta name=\"twitter:label1\" content=\"Gesch\u00e4tzte Lesezeit\" \/>\n\t<meta name=\"twitter:data1\" content=\"1\u00a0Minute\" \/>\n<script type=\"application\/ld+json\" class=\"yoast-schema-graph\">{\"@context\":\"https:\\\/\\\/schema.org\",\"@graph\":[{\"@type\":\"WebPage\",\"@id\":\"https:\\\/\\\/www.easydivers-thailand.com\\\/de\\\/produkt\\\/efr-erste-hilfe-kurs\\\/\",\"url\":\"https:\\\/\\\/www.easydivers-thailand.com\\\/de\\\/produkt\\\/efr-erste-hilfe-kurs\\\/\",\"name\":\"EFR (Erste Hilfe Kurs) | Easy Divers Thailand\",\"isPartOf\":{\"@id\":\"https:\\\/\\\/www.easydivers-thailand.com\\\/de\\\/#website\"},\"primaryImageOfPage\":{\"@id\":\"https:\\\/\\\/www.easydivers-thailand.com\\\/de\\\/produkt\\\/efr-erste-hilfe-kurs\\\/#primaryimage\"},\"image\":{\"@id\":\"https:\\\/\\\/www.easydivers-thailand.com\\\/de\\\/produkt\\\/efr-erste-hilfe-kurs\\\/#primaryimage\"},\"thumbnailUrl\":\"https:\\\/\\\/www.easydivers-thailand.com\\\/wp-content\\\/uploads\\\/2018\\\/07\\\/Emergency-First-Response.jpg\",\"datePublished\":\"2018-01-21T13:54:25+00:00\",\"dateModified\":\"2022-05-01T09:13:37+00:00\",\"breadcrumb\":{\"@id\":\"https:\\\/\\\/www.easydivers-thailand.com\\\/de\\\/produkt\\\/efr-erste-hilfe-kurs\\\/#breadcrumb\"},\"inLanguage\":\"de\",\"potentialAction\":[{\"@type\":\"ReadAction\",\"target\":[\"https:\\\/\\\/www.easydivers-thailand.com\\\/de\\\/produkt\\\/efr-erste-hilfe-kurs\\\/\"]}]},{\"@type\":\"ImageObject\",\"inLanguage\":\"de\",\"@id\":\"https:\\\/\\\/www.easydivers-thailand.com\\\/de\\\/produkt\\\/efr-erste-hilfe-kurs\\\/#primaryimage\",\"url\":\"https:\\\/\\\/www.easydivers-thailand.com\\\/wp-content\\\/uploads\\\/2018\\\/07\\\/Emergency-First-Response.jpg\",\"contentUrl\":\"https:\\\/\\\/www.easydivers-thailand.com\\\/wp-content\\\/uploads\\\/2018\\\/07\\\/Emergency-First-Response.jpg\",\"width\":1200,\"height\":514,\"caption\":\"Emergency First Response\"},{\"@type\":\"BreadcrumbList\",\"@id\":\"https:\\\/\\\/www.easydivers-thailand.com\\\/de\\\/produkt\\\/efr-erste-hilfe-kurs\\\/#breadcrumb\",\"itemListElement\":[{\"@type\":\"ListItem\",\"position\":1,\"name\":\"Home\",\"item\":\"https:\\\/\\\/www.easydivers-thailand.com\\\/de\\\/\"},{\"@type\":\"ListItem\",\"position\":2,\"name\":\"Shop\",\"item\":\"https:\\\/\\\/www.easydivers-thailand.com\\\/de\\\/shop\\\/\"},{\"@type\":\"ListItem\",\"position\":3,\"name\":\"EFR (Erste Hilfe Kurs)\"}]},{\"@type\":\"WebSite\",\"@id\":\"https:\\\/\\\/www.easydivers-thailand.com\\\/de\\\/#website\",\"url\":\"https:\\\/\\\/www.easydivers-thailand.com\\\/de\\\/\",\"name\":\"Easy Divers Thailand\",\"description\":\"My WordPress Blog\",\"potentialAction\":[{\"@type\":\"SearchAction\",\"target\":{\"@type\":\"EntryPoint\",\"urlTemplate\":\"https:\\\/\\\/www.easydivers-thailand.com\\\/de\\\/?s={search_term_string}\"},\"query-input\":{\"@type\":\"PropertyValueSpecification\",\"valueRequired\":true,\"valueName\":\"search_term_string\"}}],\"inLanguage\":\"de\"}]}<\/script>\n<!-- \/ Yoast SEO plugin. -->","yoast_head_json":{"title":"EFR (Erste Hilfe Kurs) | Easy Divers Thailand","robots":{"index":"index","follow":"follow","max-snippet":"max-snippet:-1","max-image-preview":"max-image-preview:large","max-video-preview":"max-video-preview:-1"},"canonical":"https:\/\/www.easydivers-thailand.com\/de\/produkt\/efr-erste-hilfe-kurs\/","og_locale":"de_DE","og_type":"article","og_title":"EFR (Erste Hilfe Kurs) | Easy Divers Thailand","og_description":"Erste Hilfe und Herz-Lungen-Wiederbelebung (HLW) nicht nur f\u00fcr Taucher. Voraussetzung fuer den PADI Rescue Diver Kurs.  Kurspreis: \u0e3f 5'500.00 pro Person","og_url":"https:\/\/www.easydivers-thailand.com\/de\/produkt\/efr-erste-hilfe-kurs\/","og_site_name":"Easy Divers Thailand","article_publisher":"https:\/\/www.facebook.com\/easydiverskohsamuiteam\/","article_modified_time":"2022-05-01T09:13:37+00:00","og_image":[{"width":1200,"height":514,"url":"https:\/\/www.easydivers-thailand.com\/wp-content\/uploads\/2018\/07\/Emergency-First-Response.jpg","type":"image\/jpeg"}],"twitter_card":"summary_large_image","twitter_site":"@EasyKoh","twitter_misc":{"Gesch\u00e4tzte Lesezeit":"1\u00a0Minute"},"schema":{"@context":"https:\/\/schema.org","@graph":[{"@type":"WebPage","@id":"https:\/\/www.easydivers-thailand.com\/de\/produkt\/efr-erste-hilfe-kurs\/","url":"https:\/\/www.easydivers-thailand.com\/de\/produkt\/efr-erste-hilfe-kurs\/","name":"EFR (Erste Hilfe Kurs) | Easy Divers Thailand","isPartOf":{"@id":"https:\/\/www.easydivers-thailand.com\/de\/#website"},"primaryImageOfPage":{"@id":"https:\/\/www.easydivers-thailand.com\/de\/produkt\/efr-erste-hilfe-kurs\/#primaryimage"},"image":{"@id":"https:\/\/www.easydivers-thailand.com\/de\/produkt\/efr-erste-hilfe-kurs\/#primaryimage"},"thumbnailUrl":"https:\/\/www.easydivers-thailand.com\/wp-content\/uploads\/2018\/07\/Emergency-First-Response.jpg","datePublished":"2018-01-21T13:54:25+00:00","dateModified":"2022-05-01T09:13:37+00:00","breadcrumb":{"@id":"https:\/\/www.easydivers-thailand.com\/de\/produkt\/efr-erste-hilfe-kurs\/#breadcrumb"},"inLanguage":"de","potentialAction":[{"@type":"ReadAction","target":["https:\/\/www.easydivers-thailand.com\/de\/produkt\/efr-erste-hilfe-kurs\/"]}]},{"@type":"ImageObject","inLanguage":"de","@id":"https:\/\/www.easydivers-thailand.com\/de\/produkt\/efr-erste-hilfe-kurs\/#primaryimage","url":"https:\/\/www.easydivers-thailand.com\/wp-content\/uploads\/2018\/07\/Emergency-First-Response.jpg","contentUrl":"https:\/\/www.easydivers-thailand.com\/wp-content\/uploads\/2018\/07\/Emergency-First-Response.jpg","width":1200,"height":514,"caption":"Emergency First Response"},{"@type":"BreadcrumbList","@id":"https:\/\/www.easydivers-thailand.com\/de\/produkt\/efr-erste-hilfe-kurs\/#breadcrumb","itemListElement":[{"@type":"ListItem","position":1,"name":"Home","item":"https:\/\/www.easydivers-thailand.com\/de\/"},{"@type":"ListItem","position":2,"name":"Shop","item":"https:\/\/www.easydivers-thailand.com\/de\/shop\/"},{"@type":"ListItem","position":3,"name":"EFR (Erste Hilfe Kurs)"}]},{"@type":"WebSite","@id":"https:\/\/www.easydivers-thailand.com\/de\/#website","url":"https:\/\/www.easydivers-thailand.com\/de\/","name":"Easy Divers Thailand","description":"My WordPress Blog","potentialAction":[{"@type":"SearchAction","target":{"@type":"EntryPoint","urlTemplate":"https:\/\/www.easydivers-thailand.com\/de\/?s={search_term_string}"},"query-input":{"@type":"PropertyValueSpecification","valueRequired":true,"valueName":"search_term_string"}}],"inLanguage":"de"}]}},"_links":{"self":[{"href":"https:\/\/www.easydivers-thailand.com\/de\/wp-json\/wp\/v2\/product\/6982","targetHints":{"allow":["GET"]}}],"collection":[{"href":"https:\/\/www.easydivers-thailand.com\/de\/wp-json\/wp\/v2\/product"}],"about":[{"href":"https:\/\/www.easydivers-thailand.com\/de\/wp-json\/wp\/v2\/types\/product"}],"wp:featuredmedia":[{"embeddable":true,"href":"https:\/\/www.easydivers-thailand.com\/de\/wp-json\/wp\/v2\/media\/6570"}],"wp:attachment":[{"href":"https:\/\/www.easydivers-thailand.com\/de\/wp-json\/wp\/v2\/media?parent=6982"}],"wp:term":[{"taxonomy":"product_brand","embeddable":true,"href":"https:\/\/www.easydivers-thailand.com\/de\/wp-json\/wp\/v2\/product_brand?post=6982"},{"taxonomy":"product_cat","embeddable":true,"href":"https:\/\/www.easydivers-thailand.com\/de\/wp-json\/wp\/v2\/product_cat?post=6982"},{"taxonomy":"product_tag","embeddable":true,"href":"https:\/\/www.easydivers-thailand.com\/de\/wp-json\/wp\/v2\/product_tag?post=6982"}],"curies":[{"name":"wp","href":"https:\/\/api.w.org\/{rel}","templated":true}]}}