{"id":6986,"date":"2018-01-21T20:54:29","date_gmt":"2018-01-21T13:54:29","guid":{"rendered":"https:\/\/easydivers.samui-web-design.com\/product\/rescue-diver-vom-strand-aus\/"},"modified":"2022-05-01T16:15:22","modified_gmt":"2022-05-01T09:15:22","slug":"rescue-diver-vom-strand-aus","status":"publish","type":"product","link":"https:\/\/www.easydivers-thailand.com\/de\/produkt\/rescue-diver-vom-strand-aus\/","title":{"rendered":"Rescue Diver"},"content":{"rendered":"<p>Die meisten Taucher bezeichnen den PADI Rescue Diver-Kurs als den anspruchsvollsten, aber lohnendsten Kurs, den sie je absolviert haben. Warum ist das so? Weil Sie lernen, Probleme im Wasser zu vermeiden und zu bew\u00e4ltigen und mehr Vertrauen in Ihre F\u00e4higkeiten als Taucher zu bekommen. Sie wissen, dass sie anderen helfen k\u00f6nnen, wenn dies erforderlich ist. W\u00e4hrend des Kurses lernst du ein besserer Tauchpartner zu werden; ausserdem \u00fcbst du Probleml\u00f6sungsfertigkeiten, bis sie dir zur Gewohnheit geworden sind. Au\u00dferdem macht der Kurs enorm Spa\u00df \u2013 der Hintergrund ist zwar ernst, aber auch beim konzentrierten Lernen gibt es immer wieder Gelegenheiten zum Lachen.<\/p>\n<p>Du musst zudem in den letzten 24 Monaten eine Notfallschulung f\u00fcr Erst- und Sekund\u00e4rmedizin (HLW und Erste Hilfe) nachweisen k\u00f6nnen. Du kannst dieses Training mit Easy DIvers absolvieren, bevor du den Rescue Diver-Kurs beginnst.<br \/>\n.<\/p>\n","protected":false},"excerpt":{"rendered":"<p><strong>3-t\u00e4giger Kurs mit 10 Taucherrettungs\u00fcbungen und 2 Rettungsszenarien. Mindestalter 12 Jahre.<\/strong><\/p>\n<p>Tag 1: Klassenzimmer<br \/>\nTag 2: Rettungs\u00fcbungen am Strand von Koh Samui<br \/>\nTag 3: Rettungsszenarien am Strand von Koh Samui<\/p>\n<p><span class=\"mypriceclass\">Kurspreis: \u0e3f 14&#8217;500.00 pro Person<\/span><\/p>\n","protected":false},"featured_media":6588,"template":"","meta":{"_acf_changed":false},"product_brand":[],"product_cat":[369,82,97],"product_tag":[66,72],"class_list":{"0":"post-6986","1":"product","2":"type-product","3":"status-publish","4":"has-post-thumbnail","6":"product_cat-ausgewaehlte-kurse","7":"product_cat-fortgeschrittene-und-profi-kurse","8":"product_cat-tauchkurse","9":"product_tag-fortgeschrittenenkurse","10":"product_tag-tauchkurse","12":"first","13":"instock","14":"virtual","15":"purchasable","16":"product-type-simple"},"acf":[],"yoast_head":"<!-- This site is optimized with the Yoast SEO plugin v27.5 - https:\/\/yoast.com\/product\/yoast-seo-wordpress\/ -->\n<title>Rescue Diver | Easy Divers Thailand<\/title>\n<meta name=\"robots\" content=\"index, follow, max-snippet:-1, max-image-preview:large, max-video-preview:-1\" \/>\n<link rel=\"canonical\" href=\"https:\/\/www.easydivers-thailand.com\/de\/produkt\/rescue-diver-vom-strand-aus\/\" \/>\n<meta property=\"og:locale\" content=\"de_DE\" \/>\n<meta property=\"og:type\" content=\"article\" \/>\n<meta property=\"og:title\" content=\"Rescue Diver | Easy Divers Thailand\" \/>\n<meta property=\"og:description\" content=\"3-t\u00e4giger Kurs mit 10 Taucherrettungs\u00fcbungen und 2 Rettungsszenarien. Mindestalter 12 Jahre.  Tag 1: Klassenzimmer Tag 2: Rettungs\u00fcbungen am Strand von Koh Samui Tag 3: Rettungsszenarien am Strand von Koh Samui  Kurspreis: \u0e3f 14&#039;500.00 pro Person\" \/>\n<meta property=\"og:url\" content=\"https:\/\/www.easydivers-thailand.com\/de\/produkt\/rescue-diver-vom-strand-aus\/\" \/>\n<meta property=\"og:site_name\" content=\"Easy Divers Thailand\" \/>\n<meta property=\"article:publisher\" content=\"https:\/\/www.facebook.com\/easydiverskohsamuiteam\/\" \/>\n<meta property=\"article:modified_time\" content=\"2022-05-01T09:15:22+00:00\" \/>\n<meta property=\"og:image\" content=\"https:\/\/www.easydivers-thailand.com\/wp-content\/uploads\/2018\/07\/Rescue-Diver.jpg\" \/>\n\t<meta property=\"og:image:width\" content=\"1200\" \/>\n\t<meta property=\"og:image:height\" content=\"514\" \/>\n\t<meta property=\"og:image:type\" content=\"image\/jpeg\" \/>\n<meta name=\"twitter:card\" content=\"summary_large_image\" \/>\n<meta name=\"twitter:site\" content=\"@EasyKoh\" \/>\n<meta name=\"twitter:label1\" content=\"Gesch\u00e4tzte Lesezeit\" \/>\n\t<meta name=\"twitter:data1\" content=\"1\u00a0Minute\" \/>\n<script type=\"application\/ld+json\" class=\"yoast-schema-graph\">{\"@context\":\"https:\\\/\\\/schema.org\",\"@graph\":[{\"@type\":\"WebPage\",\"@id\":\"https:\\\/\\\/www.easydivers-thailand.com\\\/de\\\/produkt\\\/rescue-diver-vom-strand-aus\\\/\",\"url\":\"https:\\\/\\\/www.easydivers-thailand.com\\\/de\\\/produkt\\\/rescue-diver-vom-strand-aus\\\/\",\"name\":\"Rescue Diver | Easy Divers Thailand\",\"isPartOf\":{\"@id\":\"https:\\\/\\\/www.easydivers-thailand.com\\\/de\\\/#website\"},\"primaryImageOfPage\":{\"@id\":\"https:\\\/\\\/www.easydivers-thailand.com\\\/de\\\/produkt\\\/rescue-diver-vom-strand-aus\\\/#primaryimage\"},\"image\":{\"@id\":\"https:\\\/\\\/www.easydivers-thailand.com\\\/de\\\/produkt\\\/rescue-diver-vom-strand-aus\\\/#primaryimage\"},\"thumbnailUrl\":\"https:\\\/\\\/www.easydivers-thailand.com\\\/wp-content\\\/uploads\\\/2018\\\/07\\\/Rescue-Diver.jpg\",\"datePublished\":\"2018-01-21T13:54:29+00:00\",\"dateModified\":\"2022-05-01T09:15:22+00:00\",\"breadcrumb\":{\"@id\":\"https:\\\/\\\/www.easydivers-thailand.com\\\/de\\\/produkt\\\/rescue-diver-vom-strand-aus\\\/#breadcrumb\"},\"inLanguage\":\"de\",\"potentialAction\":[{\"@type\":\"ReadAction\",\"target\":[\"https:\\\/\\\/www.easydivers-thailand.com\\\/de\\\/produkt\\\/rescue-diver-vom-strand-aus\\\/\"]}]},{\"@type\":\"ImageObject\",\"inLanguage\":\"de\",\"@id\":\"https:\\\/\\\/www.easydivers-thailand.com\\\/de\\\/produkt\\\/rescue-diver-vom-strand-aus\\\/#primaryimage\",\"url\":\"https:\\\/\\\/www.easydivers-thailand.com\\\/wp-content\\\/uploads\\\/2018\\\/07\\\/Rescue-Diver.jpg\",\"contentUrl\":\"https:\\\/\\\/www.easydivers-thailand.com\\\/wp-content\\\/uploads\\\/2018\\\/07\\\/Rescue-Diver.jpg\",\"width\":1200,\"height\":514,\"caption\":\"Rescue Diver\"},{\"@type\":\"BreadcrumbList\",\"@id\":\"https:\\\/\\\/www.easydivers-thailand.com\\\/de\\\/produkt\\\/rescue-diver-vom-strand-aus\\\/#breadcrumb\",\"itemListElement\":[{\"@type\":\"ListItem\",\"position\":1,\"name\":\"Home\",\"item\":\"https:\\\/\\\/www.easydivers-thailand.com\\\/de\\\/\"},{\"@type\":\"ListItem\",\"position\":2,\"name\":\"Shop\",\"item\":\"https:\\\/\\\/www.easydivers-thailand.com\\\/de\\\/shop\\\/\"},{\"@type\":\"ListItem\",\"position\":3,\"name\":\"Rescue Diver\"}]},{\"@type\":\"WebSite\",\"@id\":\"https:\\\/\\\/www.easydivers-thailand.com\\\/de\\\/#website\",\"url\":\"https:\\\/\\\/www.easydivers-thailand.com\\\/de\\\/\",\"name\":\"Easy Divers Thailand\",\"description\":\"My WordPress Blog\",\"potentialAction\":[{\"@type\":\"SearchAction\",\"target\":{\"@type\":\"EntryPoint\",\"urlTemplate\":\"https:\\\/\\\/www.easydivers-thailand.com\\\/de\\\/?s={search_term_string}\"},\"query-input\":{\"@type\":\"PropertyValueSpecification\",\"valueRequired\":true,\"valueName\":\"search_term_string\"}}],\"inLanguage\":\"de\"}]}<\/script>\n<!-- \/ Yoast SEO plugin. -->","yoast_head_json":{"title":"Rescue Diver | Easy Divers Thailand","robots":{"index":"index","follow":"follow","max-snippet":"max-snippet:-1","max-image-preview":"max-image-preview:large","max-video-preview":"max-video-preview:-1"},"canonical":"https:\/\/www.easydivers-thailand.com\/de\/produkt\/rescue-diver-vom-strand-aus\/","og_locale":"de_DE","og_type":"article","og_title":"Rescue Diver | Easy Divers Thailand","og_description":"3-t\u00e4giger Kurs mit 10 Taucherrettungs\u00fcbungen und 2 Rettungsszenarien. Mindestalter 12 Jahre.  Tag 1: Klassenzimmer Tag 2: Rettungs\u00fcbungen am Strand von Koh Samui Tag 3: Rettungsszenarien am Strand von Koh Samui  Kurspreis: \u0e3f 14'500.00 pro Person","og_url":"https:\/\/www.easydivers-thailand.com\/de\/produkt\/rescue-diver-vom-strand-aus\/","og_site_name":"Easy Divers Thailand","article_publisher":"https:\/\/www.facebook.com\/easydiverskohsamuiteam\/","article_modified_time":"2022-05-01T09:15:22+00:00","og_image":[{"width":1200,"height":514,"url":"https:\/\/www.easydivers-thailand.com\/wp-content\/uploads\/2018\/07\/Rescue-Diver.jpg","type":"image\/jpeg"}],"twitter_card":"summary_large_image","twitter_site":"@EasyKoh","twitter_misc":{"Gesch\u00e4tzte Lesezeit":"1\u00a0Minute"},"schema":{"@context":"https:\/\/schema.org","@graph":[{"@type":"WebPage","@id":"https:\/\/www.easydivers-thailand.com\/de\/produkt\/rescue-diver-vom-strand-aus\/","url":"https:\/\/www.easydivers-thailand.com\/de\/produkt\/rescue-diver-vom-strand-aus\/","name":"Rescue Diver | Easy Divers Thailand","isPartOf":{"@id":"https:\/\/www.easydivers-thailand.com\/de\/#website"},"primaryImageOfPage":{"@id":"https:\/\/www.easydivers-thailand.com\/de\/produkt\/rescue-diver-vom-strand-aus\/#primaryimage"},"image":{"@id":"https:\/\/www.easydivers-thailand.com\/de\/produkt\/rescue-diver-vom-strand-aus\/#primaryimage"},"thumbnailUrl":"https:\/\/www.easydivers-thailand.com\/wp-content\/uploads\/2018\/07\/Rescue-Diver.jpg","datePublished":"2018-01-21T13:54:29+00:00","dateModified":"2022-05-01T09:15:22+00:00","breadcrumb":{"@id":"https:\/\/www.easydivers-thailand.com\/de\/produkt\/rescue-diver-vom-strand-aus\/#breadcrumb"},"inLanguage":"de","potentialAction":[{"@type":"ReadAction","target":["https:\/\/www.easydivers-thailand.com\/de\/produkt\/rescue-diver-vom-strand-aus\/"]}]},{"@type":"ImageObject","inLanguage":"de","@id":"https:\/\/www.easydivers-thailand.com\/de\/produkt\/rescue-diver-vom-strand-aus\/#primaryimage","url":"https:\/\/www.easydivers-thailand.com\/wp-content\/uploads\/2018\/07\/Rescue-Diver.jpg","contentUrl":"https:\/\/www.easydivers-thailand.com\/wp-content\/uploads\/2018\/07\/Rescue-Diver.jpg","width":1200,"height":514,"caption":"Rescue Diver"},{"@type":"BreadcrumbList","@id":"https:\/\/www.easydivers-thailand.com\/de\/produkt\/rescue-diver-vom-strand-aus\/#breadcrumb","itemListElement":[{"@type":"ListItem","position":1,"name":"Home","item":"https:\/\/www.easydivers-thailand.com\/de\/"},{"@type":"ListItem","position":2,"name":"Shop","item":"https:\/\/www.easydivers-thailand.com\/de\/shop\/"},{"@type":"ListItem","position":3,"name":"Rescue Diver"}]},{"@type":"WebSite","@id":"https:\/\/www.easydivers-thailand.com\/de\/#website","url":"https:\/\/www.easydivers-thailand.com\/de\/","name":"Easy Divers Thailand","description":"My WordPress Blog","potentialAction":[{"@type":"SearchAction","target":{"@type":"EntryPoint","urlTemplate":"https:\/\/www.easydivers-thailand.com\/de\/?s={search_term_string}"},"query-input":{"@type":"PropertyValueSpecification","valueRequired":true,"valueName":"search_term_string"}}],"inLanguage":"de"}]}},"_links":{"self":[{"href":"https:\/\/www.easydivers-thailand.com\/de\/wp-json\/wp\/v2\/product\/6986","targetHints":{"allow":["GET"]}}],"collection":[{"href":"https:\/\/www.easydivers-thailand.com\/de\/wp-json\/wp\/v2\/product"}],"about":[{"href":"https:\/\/www.easydivers-thailand.com\/de\/wp-json\/wp\/v2\/types\/product"}],"wp:featuredmedia":[{"embeddable":true,"href":"https:\/\/www.easydivers-thailand.com\/de\/wp-json\/wp\/v2\/media\/6588"}],"wp:attachment":[{"href":"https:\/\/www.easydivers-thailand.com\/de\/wp-json\/wp\/v2\/media?parent=6986"}],"wp:term":[{"taxonomy":"product_brand","embeddable":true,"href":"https:\/\/www.easydivers-thailand.com\/de\/wp-json\/wp\/v2\/product_brand?post=6986"},{"taxonomy":"product_cat","embeddable":true,"href":"https:\/\/www.easydivers-thailand.com\/de\/wp-json\/wp\/v2\/product_cat?post=6986"},{"taxonomy":"product_tag","embeddable":true,"href":"https:\/\/www.easydivers-thailand.com\/de\/wp-json\/wp\/v2\/product_tag?post=6986"}],"curies":[{"name":"wp","href":"https:\/\/api.w.org\/{rel}","templated":true}]}}