{"id":6987,"date":"2018-01-21T20:54:35","date_gmt":"2018-01-21T13:54:35","guid":{"rendered":"https:\/\/easydivers.samui-web-design.com\/product\/adventure-diver\/"},"modified":"2022-05-01T16:16:34","modified_gmt":"2022-05-01T09:16:34","slug":"adventure-diver","status":"publish","type":"product","link":"https:\/\/www.easydivers-thailand.com\/de\/produkt\/adventure-diver\/","title":{"rendered":"Adventure Diver"},"content":{"rendered":"<p>Wolltest du schon immer einmal digitale Unterwasserfotografie ausprobieren, Fische identifizieren oder Deine Tarierung verbessern? Dir steht eine lange Liste von Tauchabenteuern zur Verf\u00fcgung , an denen du w\u00e4hrend dieses Programms teilnehmen kannst. Nach drei \u201eAbenteuertauchg\u00e4ngen\u201c = Adventure Dives  erh\u00e4ltst du dein Brevet als PADI Adventure Diver. Dies ist eine gro\u00dfartige Gelegenheit, mit deinem Tauchlehrer zusammen deineTauchfertigkeiten zu verbessern und mehr Selbstvertrauen zu gewinnen. Finde deine Vorlieben heraus und genie\u00dfe deine Tauchg\u00e4nge mehr denn je.<\/p>\n<p>Es gibt Anrechnungsm\u00f6glichkeiten! Jeder Abenteuertauchgang kann dir als erster Tauchgang des entsprechenden PADI Spezialkurses kreditiert werden. Falls du bereits einen PADI Spezialkurs absolviert hast, frage bei Easy Divers nach ob er Dir als Abenteuertauchgang angerechnet wird.<\/p>\n<p>PADI (Junior) Open Water Diver, die den n\u00e4chsten Schritt machen m\u00f6chten, sollten sich f\u00fcr einen Adventure Diver-Kurs anmelden. Junge Taucher unter 12 Jahren d\u00fcrfen nur an bestimmten Adventures Dives teilnehmen &#8211; wende Dich an Easy Divers in Koh Samui.<\/p>\n","protected":false},"excerpt":{"rendered":"<p><strong>Der Adventure Diver Kurs ist ein Unterprogramm des PADI Advanced Open Water Diver Kurses und deckt 3 von 5 Adventure Dives Deiner Wahl ab. Mindestalter 10 Jahre.<\/strong><\/p>\n<p>Dauer: Ein Tag mit 3 Tauchg\u00e4ngen<\/p>\n<p><span class=\"mypriceclass\">Kurspreis: \u0e3f 10&#8217;500.00 pro Person<\/span><\/p>\n","protected":false},"featured_media":6558,"template":"","meta":{"_acf_changed":false},"product_brand":[],"product_cat":[82,97],"product_tag":[66,72],"class_list":{"0":"post-6987","1":"product","2":"type-product","3":"status-publish","4":"has-post-thumbnail","6":"product_cat-fortgeschrittene-und-profi-kurse","7":"product_cat-tauchkurse","8":"product_tag-fortgeschrittenenkurse","9":"product_tag-tauchkurse","11":"first","12":"instock","13":"virtual","14":"purchasable","15":"product-type-simple"},"acf":[],"yoast_head":"<!-- This site is optimized with the Yoast SEO plugin v27.4 - https:\/\/yoast.com\/product\/yoast-seo-wordpress\/ -->\n<title>Adventure Diver | Easy Divers Thailand<\/title>\n<meta name=\"robots\" content=\"index, follow, max-snippet:-1, max-image-preview:large, max-video-preview:-1\" \/>\n<link rel=\"canonical\" href=\"https:\/\/www.easydivers-thailand.com\/de\/produkt\/adventure-diver\/\" \/>\n<meta property=\"og:locale\" content=\"de_DE\" \/>\n<meta property=\"og:type\" content=\"article\" \/>\n<meta property=\"og:title\" content=\"Adventure Diver | Easy Divers Thailand\" \/>\n<meta property=\"og:description\" content=\"Der Adventure Diver Kurs ist ein Unterprogramm des PADI Advanced Open Water Diver Kurses und deckt 3 von 5 Adventure Dives Deiner Wahl ab. Mindestalter 10 Jahre.  Dauer: Ein Tag mit 3 Tauchg\u00e4ngen  Kurspreis: \u0e3f 10&#039;500.00 pro Person\" \/>\n<meta property=\"og:url\" content=\"https:\/\/www.easydivers-thailand.com\/de\/produkt\/adventure-diver\/\" \/>\n<meta property=\"og:site_name\" content=\"Easy Divers Thailand\" \/>\n<meta property=\"article:publisher\" content=\"https:\/\/www.facebook.com\/easydiverskohsamuiteam\/\" \/>\n<meta property=\"article:modified_time\" content=\"2022-05-01T09:16:34+00:00\" \/>\n<meta property=\"og:image\" content=\"https:\/\/www.easydivers-thailand.com\/wp-content\/uploads\/2018\/07\/Adventure-Diver.jpg\" \/>\n\t<meta property=\"og:image:width\" content=\"1200\" \/>\n\t<meta property=\"og:image:height\" content=\"514\" \/>\n\t<meta property=\"og:image:type\" content=\"image\/jpeg\" \/>\n<meta name=\"twitter:card\" content=\"summary_large_image\" \/>\n<meta name=\"twitter:site\" content=\"@EasyKoh\" \/>\n<meta name=\"twitter:label1\" content=\"Gesch\u00e4tzte Lesezeit\" \/>\n\t<meta name=\"twitter:data1\" content=\"1\u00a0Minute\" \/>\n<script type=\"application\/ld+json\" class=\"yoast-schema-graph\">{\"@context\":\"https:\\\/\\\/schema.org\",\"@graph\":[{\"@type\":\"WebPage\",\"@id\":\"https:\\\/\\\/www.easydivers-thailand.com\\\/de\\\/produkt\\\/adventure-diver\\\/\",\"url\":\"https:\\\/\\\/www.easydivers-thailand.com\\\/de\\\/produkt\\\/adventure-diver\\\/\",\"name\":\"Adventure Diver | Easy Divers Thailand\",\"isPartOf\":{\"@id\":\"https:\\\/\\\/www.easydivers-thailand.com\\\/de\\\/#website\"},\"primaryImageOfPage\":{\"@id\":\"https:\\\/\\\/www.easydivers-thailand.com\\\/de\\\/produkt\\\/adventure-diver\\\/#primaryimage\"},\"image\":{\"@id\":\"https:\\\/\\\/www.easydivers-thailand.com\\\/de\\\/produkt\\\/adventure-diver\\\/#primaryimage\"},\"thumbnailUrl\":\"https:\\\/\\\/www.easydivers-thailand.com\\\/wp-content\\\/uploads\\\/2018\\\/07\\\/Adventure-Diver.jpg\",\"datePublished\":\"2018-01-21T13:54:35+00:00\",\"dateModified\":\"2022-05-01T09:16:34+00:00\",\"breadcrumb\":{\"@id\":\"https:\\\/\\\/www.easydivers-thailand.com\\\/de\\\/produkt\\\/adventure-diver\\\/#breadcrumb\"},\"inLanguage\":\"de\",\"potentialAction\":[{\"@type\":\"ReadAction\",\"target\":[\"https:\\\/\\\/www.easydivers-thailand.com\\\/de\\\/produkt\\\/adventure-diver\\\/\"]}]},{\"@type\":\"ImageObject\",\"inLanguage\":\"de\",\"@id\":\"https:\\\/\\\/www.easydivers-thailand.com\\\/de\\\/produkt\\\/adventure-diver\\\/#primaryimage\",\"url\":\"https:\\\/\\\/www.easydivers-thailand.com\\\/wp-content\\\/uploads\\\/2018\\\/07\\\/Adventure-Diver.jpg\",\"contentUrl\":\"https:\\\/\\\/www.easydivers-thailand.com\\\/wp-content\\\/uploads\\\/2018\\\/07\\\/Adventure-Diver.jpg\",\"width\":1200,\"height\":514,\"caption\":\"Adventure Diver\"},{\"@type\":\"BreadcrumbList\",\"@id\":\"https:\\\/\\\/www.easydivers-thailand.com\\\/de\\\/produkt\\\/adventure-diver\\\/#breadcrumb\",\"itemListElement\":[{\"@type\":\"ListItem\",\"position\":1,\"name\":\"Home\",\"item\":\"https:\\\/\\\/www.easydivers-thailand.com\\\/de\\\/\"},{\"@type\":\"ListItem\",\"position\":2,\"name\":\"Shop\",\"item\":\"https:\\\/\\\/www.easydivers-thailand.com\\\/de\\\/shop\\\/\"},{\"@type\":\"ListItem\",\"position\":3,\"name\":\"Adventure Diver\"}]},{\"@type\":\"WebSite\",\"@id\":\"https:\\\/\\\/www.easydivers-thailand.com\\\/de\\\/#website\",\"url\":\"https:\\\/\\\/www.easydivers-thailand.com\\\/de\\\/\",\"name\":\"Easy Divers Thailand\",\"description\":\"My WordPress Blog\",\"potentialAction\":[{\"@type\":\"SearchAction\",\"target\":{\"@type\":\"EntryPoint\",\"urlTemplate\":\"https:\\\/\\\/www.easydivers-thailand.com\\\/de\\\/?s={search_term_string}\"},\"query-input\":{\"@type\":\"PropertyValueSpecification\",\"valueRequired\":true,\"valueName\":\"search_term_string\"}}],\"inLanguage\":\"de\"}]}<\/script>\n<!-- \/ Yoast SEO plugin. -->","yoast_head_json":{"title":"Adventure Diver | Easy Divers Thailand","robots":{"index":"index","follow":"follow","max-snippet":"max-snippet:-1","max-image-preview":"max-image-preview:large","max-video-preview":"max-video-preview:-1"},"canonical":"https:\/\/www.easydivers-thailand.com\/de\/produkt\/adventure-diver\/","og_locale":"de_DE","og_type":"article","og_title":"Adventure Diver | Easy Divers Thailand","og_description":"Der Adventure Diver Kurs ist ein Unterprogramm des PADI Advanced Open Water Diver Kurses und deckt 3 von 5 Adventure Dives Deiner Wahl ab. Mindestalter 10 Jahre.  Dauer: Ein Tag mit 3 Tauchg\u00e4ngen  Kurspreis: \u0e3f 10'500.00 pro Person","og_url":"https:\/\/www.easydivers-thailand.com\/de\/produkt\/adventure-diver\/","og_site_name":"Easy Divers Thailand","article_publisher":"https:\/\/www.facebook.com\/easydiverskohsamuiteam\/","article_modified_time":"2022-05-01T09:16:34+00:00","og_image":[{"width":1200,"height":514,"url":"https:\/\/www.easydivers-thailand.com\/wp-content\/uploads\/2018\/07\/Adventure-Diver.jpg","type":"image\/jpeg"}],"twitter_card":"summary_large_image","twitter_site":"@EasyKoh","twitter_misc":{"Gesch\u00e4tzte Lesezeit":"1\u00a0Minute"},"schema":{"@context":"https:\/\/schema.org","@graph":[{"@type":"WebPage","@id":"https:\/\/www.easydivers-thailand.com\/de\/produkt\/adventure-diver\/","url":"https:\/\/www.easydivers-thailand.com\/de\/produkt\/adventure-diver\/","name":"Adventure Diver | Easy Divers Thailand","isPartOf":{"@id":"https:\/\/www.easydivers-thailand.com\/de\/#website"},"primaryImageOfPage":{"@id":"https:\/\/www.easydivers-thailand.com\/de\/produkt\/adventure-diver\/#primaryimage"},"image":{"@id":"https:\/\/www.easydivers-thailand.com\/de\/produkt\/adventure-diver\/#primaryimage"},"thumbnailUrl":"https:\/\/www.easydivers-thailand.com\/wp-content\/uploads\/2018\/07\/Adventure-Diver.jpg","datePublished":"2018-01-21T13:54:35+00:00","dateModified":"2022-05-01T09:16:34+00:00","breadcrumb":{"@id":"https:\/\/www.easydivers-thailand.com\/de\/produkt\/adventure-diver\/#breadcrumb"},"inLanguage":"de","potentialAction":[{"@type":"ReadAction","target":["https:\/\/www.easydivers-thailand.com\/de\/produkt\/adventure-diver\/"]}]},{"@type":"ImageObject","inLanguage":"de","@id":"https:\/\/www.easydivers-thailand.com\/de\/produkt\/adventure-diver\/#primaryimage","url":"https:\/\/www.easydivers-thailand.com\/wp-content\/uploads\/2018\/07\/Adventure-Diver.jpg","contentUrl":"https:\/\/www.easydivers-thailand.com\/wp-content\/uploads\/2018\/07\/Adventure-Diver.jpg","width":1200,"height":514,"caption":"Adventure Diver"},{"@type":"BreadcrumbList","@id":"https:\/\/www.easydivers-thailand.com\/de\/produkt\/adventure-diver\/#breadcrumb","itemListElement":[{"@type":"ListItem","position":1,"name":"Home","item":"https:\/\/www.easydivers-thailand.com\/de\/"},{"@type":"ListItem","position":2,"name":"Shop","item":"https:\/\/www.easydivers-thailand.com\/de\/shop\/"},{"@type":"ListItem","position":3,"name":"Adventure Diver"}]},{"@type":"WebSite","@id":"https:\/\/www.easydivers-thailand.com\/de\/#website","url":"https:\/\/www.easydivers-thailand.com\/de\/","name":"Easy Divers Thailand","description":"My WordPress Blog","potentialAction":[{"@type":"SearchAction","target":{"@type":"EntryPoint","urlTemplate":"https:\/\/www.easydivers-thailand.com\/de\/?s={search_term_string}"},"query-input":{"@type":"PropertyValueSpecification","valueRequired":true,"valueName":"search_term_string"}}],"inLanguage":"de"}]}},"_links":{"self":[{"href":"https:\/\/www.easydivers-thailand.com\/de\/wp-json\/wp\/v2\/product\/6987","targetHints":{"allow":["GET"]}}],"collection":[{"href":"https:\/\/www.easydivers-thailand.com\/de\/wp-json\/wp\/v2\/product"}],"about":[{"href":"https:\/\/www.easydivers-thailand.com\/de\/wp-json\/wp\/v2\/types\/product"}],"wp:featuredmedia":[{"embeddable":true,"href":"https:\/\/www.easydivers-thailand.com\/de\/wp-json\/wp\/v2\/media\/6558"}],"wp:attachment":[{"href":"https:\/\/www.easydivers-thailand.com\/de\/wp-json\/wp\/v2\/media?parent=6987"}],"wp:term":[{"taxonomy":"product_brand","embeddable":true,"href":"https:\/\/www.easydivers-thailand.com\/de\/wp-json\/wp\/v2\/product_brand?post=6987"},{"taxonomy":"product_cat","embeddable":true,"href":"https:\/\/www.easydivers-thailand.com\/de\/wp-json\/wp\/v2\/product_cat?post=6987"},{"taxonomy":"product_tag","embeddable":true,"href":"https:\/\/www.easydivers-thailand.com\/de\/wp-json\/wp\/v2\/product_tag?post=6987"}],"curies":[{"name":"wp","href":"https:\/\/api.w.org\/{rel}","templated":true}]}}