{"id":6991,"date":"2017-06-21T20:54:38","date_gmt":"2017-06-21T13:54:38","guid":{"rendered":"https:\/\/easydivers.samui-web-design.com\/product\/advanced-open-water-diver\/"},"modified":"2023-06-19T08:02:50","modified_gmt":"2023-06-19T01:02:50","slug":"advanced-open-water-diver","status":"publish","type":"product","link":"https:\/\/www.easydivers-thailand.com\/de\/produkt\/advanced-open-water-diver\/","title":{"rendered":"Advanced Open Water Diver"},"content":{"rendered":"<p>Genau darum geht es beim PADI Advanced Open Water Diver-Kurs: Du musst nicht &#8222;fortgeschritten&#8220; sein, um daran teilzunehmen. Er wurde entwickelt, um deine Tauchfertigkeiten zu verbessern. Du kannst sofort nach Erhalt Ihrer PADI Open Water Diver-Zertifizierung beginnen. Der Kurs hilft dabei, Selbstvertrauen aufzubauen und deine Tauchfertigkeiten durch verschiedene Abenteuertauchg\u00e4nge zu erweitern. Du probierst verschiedene Spezialtauchg\u00e4nge aus, w\u00e4hrend Du unter der Aufsicht deines PADI Tauchlehrers Erfahrungen sammelst. Hier in Koh Samui kannst du mit Easy Divers an aufregenden Tauchg\u00e4ngen wie Wracktauchen, Suchen und Bergen und Digitale Unterwasserphotograpie teilnehmen, um nur einige zu nennen.<\/p>\n<p>Nach Abschluss des Kurses darfst du bis maximal 30 Meter Tauchtiefe tauchen.<\/p>\n<p>Es gibt Anrechnungsm\u00f6glichkeiten! Jeder Abenteuertauchgang kann dem ersten Tauchgang des entsprechenden PADI Specialty Diver-Kurses kreditiert werden. Wenn du bereits einen Spezialtaucherkurs absolviert hast, erkundige dich bei Easy Divers, ob dieser f\u00fcr einen Abenteuertauchgang angerechnet werden kann.<\/p>\n<p>Wenn du bereits ein PADI Adventure Diver bist, musst du nur zwei weitere Adventure Dives absolvieren, um die Advanced Open Water Diver-Zertifizierung zu erhalten.<\/p>\n","protected":false},"excerpt":{"rendered":"<p><strong>5 Abenteuertauchg\u00e4nge mit einem Tieftauchgang bis max. 30 m, einem Navigationstauchgang und drei Abenteuertauchg\u00e4nge deiner Wahl. Mindestalter 12 Jahre.<\/strong><\/p>\n","protected":false},"featured_media":6841,"template":"","meta":{"_acf_changed":false},"product_brand":[],"product_cat":[369,82,97],"product_tag":[66,72],"class_list":{"0":"post-6991","1":"product","2":"type-product","3":"status-publish","4":"has-post-thumbnail","6":"product_cat-ausgewaehlte-kurse","7":"product_cat-fortgeschrittene-und-profi-kurse","8":"product_cat-tauchkurse","9":"product_tag-fortgeschrittenenkurse","10":"product_tag-tauchkurse","12":"first","13":"instock","14":"sale","15":"virtual","16":"purchasable","17":"product-type-simple"},"acf":[],"yoast_head":"<!-- This site is optimized with the Yoast SEO plugin v27.5 - https:\/\/yoast.com\/product\/yoast-seo-wordpress\/ -->\n<title>Advanced Open Water Diver | Easy Divers Thailand<\/title>\n<meta name=\"robots\" content=\"index, follow, max-snippet:-1, max-image-preview:large, max-video-preview:-1\" \/>\n<link rel=\"canonical\" href=\"https:\/\/www.easydivers-thailand.com\/de\/produkt\/advanced-open-water-diver\/\" \/>\n<meta property=\"og:locale\" content=\"de_DE\" \/>\n<meta property=\"og:type\" content=\"article\" \/>\n<meta property=\"og:title\" content=\"Advanced Open Water Diver | Easy Divers Thailand\" \/>\n<meta property=\"og:description\" content=\"5 Abenteuertauchg\u00e4nge mit einem Tieftauchgang bis max. 30 m, einem Navigationstauchgang und drei Abenteuertauchg\u00e4nge deiner Wahl. Mindestalter 12 Jahre.\" \/>\n<meta property=\"og:url\" content=\"https:\/\/www.easydivers-thailand.com\/de\/produkt\/advanced-open-water-diver\/\" \/>\n<meta property=\"og:site_name\" content=\"Easy Divers Thailand\" \/>\n<meta property=\"article:publisher\" content=\"https:\/\/www.facebook.com\/easydiverskohsamuiteam\/\" \/>\n<meta property=\"article:modified_time\" content=\"2023-06-19T01:02:50+00:00\" \/>\n<meta property=\"og:image\" content=\"https:\/\/www.easydivers-thailand.com\/wp-content\/uploads\/2018\/09\/Fun-Diving-01.jpg\" \/>\n\t<meta property=\"og:image:width\" content=\"1200\" \/>\n\t<meta property=\"og:image:height\" content=\"800\" \/>\n\t<meta property=\"og:image:type\" content=\"image\/jpeg\" \/>\n<meta name=\"twitter:card\" content=\"summary_large_image\" \/>\n<meta name=\"twitter:site\" content=\"@EasyKoh\" \/>\n<meta name=\"twitter:label1\" content=\"Gesch\u00e4tzte Lesezeit\" \/>\n\t<meta name=\"twitter:data1\" content=\"1\u00a0Minute\" \/>\n<script type=\"application\/ld+json\" class=\"yoast-schema-graph\">{\"@context\":\"https:\\\/\\\/schema.org\",\"@graph\":[{\"@type\":\"WebPage\",\"@id\":\"https:\\\/\\\/www.easydivers-thailand.com\\\/de\\\/produkt\\\/advanced-open-water-diver\\\/\",\"url\":\"https:\\\/\\\/www.easydivers-thailand.com\\\/de\\\/produkt\\\/advanced-open-water-diver\\\/\",\"name\":\"Advanced Open Water Diver | Easy Divers Thailand\",\"isPartOf\":{\"@id\":\"https:\\\/\\\/www.easydivers-thailand.com\\\/de\\\/#website\"},\"primaryImageOfPage\":{\"@id\":\"https:\\\/\\\/www.easydivers-thailand.com\\\/de\\\/produkt\\\/advanced-open-water-diver\\\/#primaryimage\"},\"image\":{\"@id\":\"https:\\\/\\\/www.easydivers-thailand.com\\\/de\\\/produkt\\\/advanced-open-water-diver\\\/#primaryimage\"},\"thumbnailUrl\":\"https:\\\/\\\/www.easydivers-thailand.com\\\/wp-content\\\/uploads\\\/2018\\\/09\\\/Fun-Diving-01.jpg\",\"datePublished\":\"2017-06-21T13:54:38+00:00\",\"dateModified\":\"2023-06-19T01:02:50+00:00\",\"breadcrumb\":{\"@id\":\"https:\\\/\\\/www.easydivers-thailand.com\\\/de\\\/produkt\\\/advanced-open-water-diver\\\/#breadcrumb\"},\"inLanguage\":\"de\",\"potentialAction\":[{\"@type\":\"ReadAction\",\"target\":[\"https:\\\/\\\/www.easydivers-thailand.com\\\/de\\\/produkt\\\/advanced-open-water-diver\\\/\"]}]},{\"@type\":\"ImageObject\",\"inLanguage\":\"de\",\"@id\":\"https:\\\/\\\/www.easydivers-thailand.com\\\/de\\\/produkt\\\/advanced-open-water-diver\\\/#primaryimage\",\"url\":\"https:\\\/\\\/www.easydivers-thailand.com\\\/wp-content\\\/uploads\\\/2018\\\/09\\\/Fun-Diving-01.jpg\",\"contentUrl\":\"https:\\\/\\\/www.easydivers-thailand.com\\\/wp-content\\\/uploads\\\/2018\\\/09\\\/Fun-Diving-01.jpg\",\"width\":1200,\"height\":800,\"caption\":\"Fun Diving\"},{\"@type\":\"BreadcrumbList\",\"@id\":\"https:\\\/\\\/www.easydivers-thailand.com\\\/de\\\/produkt\\\/advanced-open-water-diver\\\/#breadcrumb\",\"itemListElement\":[{\"@type\":\"ListItem\",\"position\":1,\"name\":\"Home\",\"item\":\"https:\\\/\\\/www.easydivers-thailand.com\\\/de\\\/\"},{\"@type\":\"ListItem\",\"position\":2,\"name\":\"Shop\",\"item\":\"https:\\\/\\\/www.easydivers-thailand.com\\\/de\\\/shop\\\/\"},{\"@type\":\"ListItem\",\"position\":3,\"name\":\"Advanced Open Water Diver\"}]},{\"@type\":\"WebSite\",\"@id\":\"https:\\\/\\\/www.easydivers-thailand.com\\\/de\\\/#website\",\"url\":\"https:\\\/\\\/www.easydivers-thailand.com\\\/de\\\/\",\"name\":\"Easy Divers Thailand\",\"description\":\"My WordPress Blog\",\"potentialAction\":[{\"@type\":\"SearchAction\",\"target\":{\"@type\":\"EntryPoint\",\"urlTemplate\":\"https:\\\/\\\/www.easydivers-thailand.com\\\/de\\\/?s={search_term_string}\"},\"query-input\":{\"@type\":\"PropertyValueSpecification\",\"valueRequired\":true,\"valueName\":\"search_term_string\"}}],\"inLanguage\":\"de\"}]}<\/script>\n<!-- \/ Yoast SEO plugin. -->","yoast_head_json":{"title":"Advanced Open Water Diver | Easy Divers Thailand","robots":{"index":"index","follow":"follow","max-snippet":"max-snippet:-1","max-image-preview":"max-image-preview:large","max-video-preview":"max-video-preview:-1"},"canonical":"https:\/\/www.easydivers-thailand.com\/de\/produkt\/advanced-open-water-diver\/","og_locale":"de_DE","og_type":"article","og_title":"Advanced Open Water Diver | Easy Divers Thailand","og_description":"5 Abenteuertauchg\u00e4nge mit einem Tieftauchgang bis max. 30 m, einem Navigationstauchgang und drei Abenteuertauchg\u00e4nge deiner Wahl. Mindestalter 12 Jahre.","og_url":"https:\/\/www.easydivers-thailand.com\/de\/produkt\/advanced-open-water-diver\/","og_site_name":"Easy Divers Thailand","article_publisher":"https:\/\/www.facebook.com\/easydiverskohsamuiteam\/","article_modified_time":"2023-06-19T01:02:50+00:00","og_image":[{"width":1200,"height":800,"url":"https:\/\/www.easydivers-thailand.com\/wp-content\/uploads\/2018\/09\/Fun-Diving-01.jpg","type":"image\/jpeg"}],"twitter_card":"summary_large_image","twitter_site":"@EasyKoh","twitter_misc":{"Gesch\u00e4tzte Lesezeit":"1\u00a0Minute"},"schema":{"@context":"https:\/\/schema.org","@graph":[{"@type":"WebPage","@id":"https:\/\/www.easydivers-thailand.com\/de\/produkt\/advanced-open-water-diver\/","url":"https:\/\/www.easydivers-thailand.com\/de\/produkt\/advanced-open-water-diver\/","name":"Advanced Open Water Diver | Easy Divers Thailand","isPartOf":{"@id":"https:\/\/www.easydivers-thailand.com\/de\/#website"},"primaryImageOfPage":{"@id":"https:\/\/www.easydivers-thailand.com\/de\/produkt\/advanced-open-water-diver\/#primaryimage"},"image":{"@id":"https:\/\/www.easydivers-thailand.com\/de\/produkt\/advanced-open-water-diver\/#primaryimage"},"thumbnailUrl":"https:\/\/www.easydivers-thailand.com\/wp-content\/uploads\/2018\/09\/Fun-Diving-01.jpg","datePublished":"2017-06-21T13:54:38+00:00","dateModified":"2023-06-19T01:02:50+00:00","breadcrumb":{"@id":"https:\/\/www.easydivers-thailand.com\/de\/produkt\/advanced-open-water-diver\/#breadcrumb"},"inLanguage":"de","potentialAction":[{"@type":"ReadAction","target":["https:\/\/www.easydivers-thailand.com\/de\/produkt\/advanced-open-water-diver\/"]}]},{"@type":"ImageObject","inLanguage":"de","@id":"https:\/\/www.easydivers-thailand.com\/de\/produkt\/advanced-open-water-diver\/#primaryimage","url":"https:\/\/www.easydivers-thailand.com\/wp-content\/uploads\/2018\/09\/Fun-Diving-01.jpg","contentUrl":"https:\/\/www.easydivers-thailand.com\/wp-content\/uploads\/2018\/09\/Fun-Diving-01.jpg","width":1200,"height":800,"caption":"Fun Diving"},{"@type":"BreadcrumbList","@id":"https:\/\/www.easydivers-thailand.com\/de\/produkt\/advanced-open-water-diver\/#breadcrumb","itemListElement":[{"@type":"ListItem","position":1,"name":"Home","item":"https:\/\/www.easydivers-thailand.com\/de\/"},{"@type":"ListItem","position":2,"name":"Shop","item":"https:\/\/www.easydivers-thailand.com\/de\/shop\/"},{"@type":"ListItem","position":3,"name":"Advanced Open Water Diver"}]},{"@type":"WebSite","@id":"https:\/\/www.easydivers-thailand.com\/de\/#website","url":"https:\/\/www.easydivers-thailand.com\/de\/","name":"Easy Divers Thailand","description":"My WordPress Blog","potentialAction":[{"@type":"SearchAction","target":{"@type":"EntryPoint","urlTemplate":"https:\/\/www.easydivers-thailand.com\/de\/?s={search_term_string}"},"query-input":{"@type":"PropertyValueSpecification","valueRequired":true,"valueName":"search_term_string"}}],"inLanguage":"de"}]}},"_links":{"self":[{"href":"https:\/\/www.easydivers-thailand.com\/de\/wp-json\/wp\/v2\/product\/6991","targetHints":{"allow":["GET"]}}],"collection":[{"href":"https:\/\/www.easydivers-thailand.com\/de\/wp-json\/wp\/v2\/product"}],"about":[{"href":"https:\/\/www.easydivers-thailand.com\/de\/wp-json\/wp\/v2\/types\/product"}],"wp:featuredmedia":[{"embeddable":true,"href":"https:\/\/www.easydivers-thailand.com\/de\/wp-json\/wp\/v2\/media\/6841"}],"wp:attachment":[{"href":"https:\/\/www.easydivers-thailand.com\/de\/wp-json\/wp\/v2\/media?parent=6991"}],"wp:term":[{"taxonomy":"product_brand","embeddable":true,"href":"https:\/\/www.easydivers-thailand.com\/de\/wp-json\/wp\/v2\/product_brand?post=6991"},{"taxonomy":"product_cat","embeddable":true,"href":"https:\/\/www.easydivers-thailand.com\/de\/wp-json\/wp\/v2\/product_cat?post=6991"},{"taxonomy":"product_tag","embeddable":true,"href":"https:\/\/www.easydivers-thailand.com\/de\/wp-json\/wp\/v2\/product_tag?post=6991"}],"curies":[{"name":"wp","href":"https:\/\/api.w.org\/{rel}","templated":true}]}}