{"id":6992,"date":"2017-06-21T20:54:58","date_gmt":"2017-06-21T13:54:58","guid":{"rendered":"https:\/\/easydivers.samui-web-design.com\/product\/padi-divemaster\/"},"modified":"2022-05-01T16:07:46","modified_gmt":"2022-05-01T09:07:46","slug":"padi-divemaster","status":"publish","type":"product","link":"https:\/\/www.easydivers-thailand.com\/de\/produkt\/padi-divemaster\/","title":{"rendered":"PADI Divemaster"},"content":{"rendered":"<p>Du liebst das Tauchen? M\u00f6chtest du es mit anderen auf einem ganz neuen Level teilen? Nimm an einem PADI Divemaster Kurs teil und lasse das, was du liebst, zu deiner Karriere werden. Taucher schauen zu Divemasters auf, weil sie Vorbilder sind, die als Mentor andere motivieren. Als Divemaster kommt man nicht nur oft zum Tauchen, sondern kann auch die Freude erleben, dass andere genauso viel Spa\u00df beim Tauchen haben wie man selbst.<\/p>\n<p>Der PADI Divemaster Kurs ist die erste Stufe deiner Ausbildung zum Profi. In enger Zusammenarbeit mit unseren erfahrenen Tauchlehrern bei Easy Divers wirst du an der Feinabstimmung deiner Tauchfertigkeiten arbeiten, unsere wundersch\u00f6nen Tauchpl\u00e4tze kennenlernen und du wirst deine Rettungsfertigkeiten so optimieren, dass du gelegentlich auftretende Probleme beim Tauchen antizipieren und leicht l\u00f6sen kannst. Du wirst dir Kenntnisse in Tauchtheorie sowie F\u00e4higkeiten in den Bereichen Management und Supervision aneignen, was dich zu einem Vorbild f\u00fcr andere Taucher machen wird.<\/p>\n<p>Als ein PADI Divemaster wirst du Taucher anleiten und sie f\u00fchren, indem du die Supervision beim Tauchen \u00fcber sie aus\u00fcbst und bei ihrer Tauchausbildung assistierst. Ob du in einem exotischen Tauchgebiet arbeiten m\u00f6chtest oder lieber n\u00e4her zu Hause in einem \u00f6rtlichen Tauchcenter, das Abenteuer deines Lebens wartet auf dich. PADI Divemasters sind allseits respektierte Tauchprofis, die der weltweit gr\u00f6ssten und angesehensten Organisation im Tauchen angeh\u00f6ren \u2013 PADI.<\/p>\n<p>Um sich f\u00fcr den PADI Divermaster-Kurs anmelden zu k\u00f6nnen, musst du ein zertifizierter PADI Rescue Diver sein und die folgenden Voraussetzungen erf\u00fcllen:<\/p>\n<ul>\n<li>Mindestens 40 geloggte Tauchg\u00e4nge, um mit dem Kurs zu beginnen, 60 Tauchg\u00e4nge, um das PADI Divemaster Brevet zu erhalten.<\/li>\n<li>Ein \u00c4rztliches Attest, das von einem Arzt unterschrieben ist und nicht \u00e4lter als 12 Monate ist.<\/li>\n<li>Ein Nachweis \u00fcber die Teilnahme an den Kursen <a href=\"https:\/\/www.easydivers-thailand.com\/de\/produkt\/efr-erste-hilfe-kurs\/\">Emergency First Response<\/a> Primary und Secondary Care (EFR Erstversorgung und Zweitversorgung) innerhalb der letzten 24 Monate.<\/li>\n<\/ul>\n<p>Qualifizierende Zertifizierungen von anderen Tauchausbildungsorganisationen k\u00f6nnen akzeptiert werden &#8211; fragen bei Easy Divers nach.<\/p>\n","protected":false},"excerpt":{"rendered":"<p><strong>Der erste professionelle Level, Ausbildung zum Tauch-Guide und Assistent fuer PADI Tauchlehrer. Mindestalter 18 Jahre. Verschiedene Optionen und Anforderungen auf Anfrage verf\u00fcgbar.<\/strong><\/p>\n<p><span class=\"mypriceclass\">Kurspreis ab *: \u0e3f 45&#8217;000.00 pro Person<\/span><\/p>\n<p>* Zus\u00e4tzliches Kursmaterial ist m\u00f6glicherweise nicht enthalten<\/p>\n","protected":false},"featured_media":6568,"template":"","meta":{"_acf_changed":false},"product_brand":[],"product_cat":[82,97],"product_tag":[66,72],"class_list":{"0":"post-6992","1":"product","2":"type-product","3":"status-publish","4":"has-post-thumbnail","6":"product_cat-fortgeschrittene-und-profi-kurse","7":"product_cat-tauchkurse","8":"product_tag-fortgeschrittenenkurse","9":"product_tag-tauchkurse","11":"first","12":"instock","13":"virtual","14":"purchasable","15":"product-type-simple"},"acf":[],"yoast_head":"<!-- This site is optimized with the Yoast SEO plugin v27.4 - https:\/\/yoast.com\/product\/yoast-seo-wordpress\/ -->\n<title>PADI Divemaster | Easy Divers Thailand<\/title>\n<meta name=\"robots\" content=\"index, follow, max-snippet:-1, max-image-preview:large, max-video-preview:-1\" \/>\n<link rel=\"canonical\" href=\"https:\/\/www.easydivers-thailand.com\/de\/produkt\/padi-divemaster\/\" \/>\n<meta property=\"og:locale\" content=\"de_DE\" \/>\n<meta property=\"og:type\" content=\"article\" \/>\n<meta property=\"og:title\" content=\"PADI Divemaster | Easy Divers Thailand\" \/>\n<meta property=\"og:description\" content=\"Der erste professionelle Level, Ausbildung zum Tauch-Guide und Assistent fuer PADI Tauchlehrer. Mindestalter 18 Jahre. Verschiedene Optionen und Anforderungen auf Anfrage verf\u00fcgbar.  Kurspreis ab *: \u0e3f 45&#039;000.00 pro Person  * Zus\u00e4tzliches Kursmaterial ist m\u00f6glicherweise nicht enthalten\" \/>\n<meta property=\"og:url\" content=\"https:\/\/www.easydivers-thailand.com\/de\/produkt\/padi-divemaster\/\" \/>\n<meta property=\"og:site_name\" content=\"Easy Divers Thailand\" \/>\n<meta property=\"article:publisher\" content=\"https:\/\/www.facebook.com\/easydiverskohsamuiteam\/\" \/>\n<meta property=\"article:modified_time\" content=\"2022-05-01T09:07:46+00:00\" \/>\n<meta property=\"og:image\" content=\"https:\/\/www.easydivers-thailand.com\/wp-content\/uploads\/2018\/07\/Divemaster.jpg\" \/>\n\t<meta property=\"og:image:width\" content=\"1200\" \/>\n\t<meta property=\"og:image:height\" content=\"514\" \/>\n\t<meta property=\"og:image:type\" content=\"image\/jpeg\" \/>\n<meta name=\"twitter:card\" content=\"summary_large_image\" \/>\n<meta name=\"twitter:site\" content=\"@EasyKoh\" \/>\n<meta name=\"twitter:label1\" content=\"Gesch\u00e4tzte Lesezeit\" \/>\n\t<meta name=\"twitter:data1\" content=\"2\u00a0Minuten\" \/>\n<script type=\"application\/ld+json\" class=\"yoast-schema-graph\">{\"@context\":\"https:\\\/\\\/schema.org\",\"@graph\":[{\"@type\":\"WebPage\",\"@id\":\"https:\\\/\\\/www.easydivers-thailand.com\\\/de\\\/produkt\\\/padi-divemaster\\\/\",\"url\":\"https:\\\/\\\/www.easydivers-thailand.com\\\/de\\\/produkt\\\/padi-divemaster\\\/\",\"name\":\"PADI Divemaster | Easy Divers Thailand\",\"isPartOf\":{\"@id\":\"https:\\\/\\\/www.easydivers-thailand.com\\\/de\\\/#website\"},\"primaryImageOfPage\":{\"@id\":\"https:\\\/\\\/www.easydivers-thailand.com\\\/de\\\/produkt\\\/padi-divemaster\\\/#primaryimage\"},\"image\":{\"@id\":\"https:\\\/\\\/www.easydivers-thailand.com\\\/de\\\/produkt\\\/padi-divemaster\\\/#primaryimage\"},\"thumbnailUrl\":\"https:\\\/\\\/www.easydivers-thailand.com\\\/wp-content\\\/uploads\\\/2018\\\/07\\\/Divemaster.jpg\",\"datePublished\":\"2017-06-21T13:54:58+00:00\",\"dateModified\":\"2022-05-01T09:07:46+00:00\",\"breadcrumb\":{\"@id\":\"https:\\\/\\\/www.easydivers-thailand.com\\\/de\\\/produkt\\\/padi-divemaster\\\/#breadcrumb\"},\"inLanguage\":\"de\",\"potentialAction\":[{\"@type\":\"ReadAction\",\"target\":[\"https:\\\/\\\/www.easydivers-thailand.com\\\/de\\\/produkt\\\/padi-divemaster\\\/\"]}]},{\"@type\":\"ImageObject\",\"inLanguage\":\"de\",\"@id\":\"https:\\\/\\\/www.easydivers-thailand.com\\\/de\\\/produkt\\\/padi-divemaster\\\/#primaryimage\",\"url\":\"https:\\\/\\\/www.easydivers-thailand.com\\\/wp-content\\\/uploads\\\/2018\\\/07\\\/Divemaster.jpg\",\"contentUrl\":\"https:\\\/\\\/www.easydivers-thailand.com\\\/wp-content\\\/uploads\\\/2018\\\/07\\\/Divemaster.jpg\",\"width\":1200,\"height\":514,\"caption\":\"Divemaster\"},{\"@type\":\"BreadcrumbList\",\"@id\":\"https:\\\/\\\/www.easydivers-thailand.com\\\/de\\\/produkt\\\/padi-divemaster\\\/#breadcrumb\",\"itemListElement\":[{\"@type\":\"ListItem\",\"position\":1,\"name\":\"Home\",\"item\":\"https:\\\/\\\/www.easydivers-thailand.com\\\/de\\\/\"},{\"@type\":\"ListItem\",\"position\":2,\"name\":\"Shop\",\"item\":\"https:\\\/\\\/www.easydivers-thailand.com\\\/de\\\/shop\\\/\"},{\"@type\":\"ListItem\",\"position\":3,\"name\":\"PADI Divemaster\"}]},{\"@type\":\"WebSite\",\"@id\":\"https:\\\/\\\/www.easydivers-thailand.com\\\/de\\\/#website\",\"url\":\"https:\\\/\\\/www.easydivers-thailand.com\\\/de\\\/\",\"name\":\"Easy Divers Thailand\",\"description\":\"My WordPress Blog\",\"potentialAction\":[{\"@type\":\"SearchAction\",\"target\":{\"@type\":\"EntryPoint\",\"urlTemplate\":\"https:\\\/\\\/www.easydivers-thailand.com\\\/de\\\/?s={search_term_string}\"},\"query-input\":{\"@type\":\"PropertyValueSpecification\",\"valueRequired\":true,\"valueName\":\"search_term_string\"}}],\"inLanguage\":\"de\"}]}<\/script>\n<!-- \/ Yoast SEO plugin. -->","yoast_head_json":{"title":"PADI Divemaster | Easy Divers Thailand","robots":{"index":"index","follow":"follow","max-snippet":"max-snippet:-1","max-image-preview":"max-image-preview:large","max-video-preview":"max-video-preview:-1"},"canonical":"https:\/\/www.easydivers-thailand.com\/de\/produkt\/padi-divemaster\/","og_locale":"de_DE","og_type":"article","og_title":"PADI Divemaster | Easy Divers Thailand","og_description":"Der erste professionelle Level, Ausbildung zum Tauch-Guide und Assistent fuer PADI Tauchlehrer. Mindestalter 18 Jahre. Verschiedene Optionen und Anforderungen auf Anfrage verf\u00fcgbar.  Kurspreis ab *: \u0e3f 45'000.00 pro Person  * Zus\u00e4tzliches Kursmaterial ist m\u00f6glicherweise nicht enthalten","og_url":"https:\/\/www.easydivers-thailand.com\/de\/produkt\/padi-divemaster\/","og_site_name":"Easy Divers Thailand","article_publisher":"https:\/\/www.facebook.com\/easydiverskohsamuiteam\/","article_modified_time":"2022-05-01T09:07:46+00:00","og_image":[{"width":1200,"height":514,"url":"https:\/\/www.easydivers-thailand.com\/wp-content\/uploads\/2018\/07\/Divemaster.jpg","type":"image\/jpeg"}],"twitter_card":"summary_large_image","twitter_site":"@EasyKoh","twitter_misc":{"Gesch\u00e4tzte Lesezeit":"2\u00a0Minuten"},"schema":{"@context":"https:\/\/schema.org","@graph":[{"@type":"WebPage","@id":"https:\/\/www.easydivers-thailand.com\/de\/produkt\/padi-divemaster\/","url":"https:\/\/www.easydivers-thailand.com\/de\/produkt\/padi-divemaster\/","name":"PADI Divemaster | Easy Divers Thailand","isPartOf":{"@id":"https:\/\/www.easydivers-thailand.com\/de\/#website"},"primaryImageOfPage":{"@id":"https:\/\/www.easydivers-thailand.com\/de\/produkt\/padi-divemaster\/#primaryimage"},"image":{"@id":"https:\/\/www.easydivers-thailand.com\/de\/produkt\/padi-divemaster\/#primaryimage"},"thumbnailUrl":"https:\/\/www.easydivers-thailand.com\/wp-content\/uploads\/2018\/07\/Divemaster.jpg","datePublished":"2017-06-21T13:54:58+00:00","dateModified":"2022-05-01T09:07:46+00:00","breadcrumb":{"@id":"https:\/\/www.easydivers-thailand.com\/de\/produkt\/padi-divemaster\/#breadcrumb"},"inLanguage":"de","potentialAction":[{"@type":"ReadAction","target":["https:\/\/www.easydivers-thailand.com\/de\/produkt\/padi-divemaster\/"]}]},{"@type":"ImageObject","inLanguage":"de","@id":"https:\/\/www.easydivers-thailand.com\/de\/produkt\/padi-divemaster\/#primaryimage","url":"https:\/\/www.easydivers-thailand.com\/wp-content\/uploads\/2018\/07\/Divemaster.jpg","contentUrl":"https:\/\/www.easydivers-thailand.com\/wp-content\/uploads\/2018\/07\/Divemaster.jpg","width":1200,"height":514,"caption":"Divemaster"},{"@type":"BreadcrumbList","@id":"https:\/\/www.easydivers-thailand.com\/de\/produkt\/padi-divemaster\/#breadcrumb","itemListElement":[{"@type":"ListItem","position":1,"name":"Home","item":"https:\/\/www.easydivers-thailand.com\/de\/"},{"@type":"ListItem","position":2,"name":"Shop","item":"https:\/\/www.easydivers-thailand.com\/de\/shop\/"},{"@type":"ListItem","position":3,"name":"PADI Divemaster"}]},{"@type":"WebSite","@id":"https:\/\/www.easydivers-thailand.com\/de\/#website","url":"https:\/\/www.easydivers-thailand.com\/de\/","name":"Easy Divers Thailand","description":"My WordPress Blog","potentialAction":[{"@type":"SearchAction","target":{"@type":"EntryPoint","urlTemplate":"https:\/\/www.easydivers-thailand.com\/de\/?s={search_term_string}"},"query-input":{"@type":"PropertyValueSpecification","valueRequired":true,"valueName":"search_term_string"}}],"inLanguage":"de"}]}},"_links":{"self":[{"href":"https:\/\/www.easydivers-thailand.com\/de\/wp-json\/wp\/v2\/product\/6992","targetHints":{"allow":["GET"]}}],"collection":[{"href":"https:\/\/www.easydivers-thailand.com\/de\/wp-json\/wp\/v2\/product"}],"about":[{"href":"https:\/\/www.easydivers-thailand.com\/de\/wp-json\/wp\/v2\/types\/product"}],"wp:featuredmedia":[{"embeddable":true,"href":"https:\/\/www.easydivers-thailand.com\/de\/wp-json\/wp\/v2\/media\/6568"}],"wp:attachment":[{"href":"https:\/\/www.easydivers-thailand.com\/de\/wp-json\/wp\/v2\/media?parent=6992"}],"wp:term":[{"taxonomy":"product_brand","embeddable":true,"href":"https:\/\/www.easydivers-thailand.com\/de\/wp-json\/wp\/v2\/product_brand?post=6992"},{"taxonomy":"product_cat","embeddable":true,"href":"https:\/\/www.easydivers-thailand.com\/de\/wp-json\/wp\/v2\/product_cat?post=6992"},{"taxonomy":"product_tag","embeddable":true,"href":"https:\/\/www.easydivers-thailand.com\/de\/wp-json\/wp\/v2\/product_tag?post=6992"}],"curies":[{"name":"wp","href":"https:\/\/api.w.org\/{rel}","templated":true}]}}