{"id":7000,"date":"2018-09-10T19:27:42","date_gmt":"2018-09-10T12:27:42","guid":{"rendered":"https:\/\/easydivers.samui-web-design.com\/product\/koh-tao-overnight-for-certified-divers-3-days-2-night\/"},"modified":"2022-05-02T17:04:33","modified_gmt":"2022-05-02T10:04:33","slug":"koh-tao-uebernachttour-fuer-zertifizierte-taucher-3-tage-2-naechte","status":"publish","type":"product","link":"https:\/\/www.easydivers-thailand.com\/de\/produkt\/koh-tao-uebernachttour-fuer-zertifizierte-taucher-3-tage-2-naechte\/","title":{"rendered":"Koh Tao \u00dcbernachttour f\u00fcr zertifizierte Taucher, 3 Tage, 2 N\u00e4chte"},"content":{"rendered":"<p>Die Preise beinhalten Hoteltransfer, komfortable Hochgeschwindigkeitsf\u00e4hre, komplette Tauchausr\u00fcstung, Zimmer mit Ventilator, Tauchguide, Unfallversicherung. Sch&ouml;nes Zimmer mit A\/C &#038; Fr\u00fchst\u00fcck.<\/p>\n","protected":false},"excerpt":{"rendered":"<p><strong>3 Tage, 2 N\u00e4chte, 8 Tauchg\u00e4nge, sch&ouml;nes Zimmer mit A\/C &#038; Fr\u00fchst\u00fcck.<\/strong><\/p>\n<p><span class=\"mypriceclass\">Tourpreis:<br \/>\n\u0e3f 19&#8217;500 f&uuml;r 1 Taucher<br \/>\n\u0e3f 38&#8217;000 f&uuml;r 2 Taucher<br \/>\n\u0e3f 56&#8217;000 f&uuml;r 3 Taucher<br \/>\n\u0e3f 72&#8217;000 f&uuml;r 4 Taucher<br \/>\n<\/span><\/p>\n","protected":false},"featured_media":6817,"template":"","meta":{"_acf_changed":false},"product_brand":[],"product_cat":[102],"product_tag":[103],"class_list":{"0":"post-7000","1":"product","2":"type-product","3":"status-publish","4":"has-post-thumbnail","6":"product_cat-koh-tao-uebernachtung","7":"product_tag-koh-tao-uebernachtung","9":"first","10":"instock","11":"virtual","12":"purchasable","13":"product-type-simple"},"acf":[],"yoast_head":"<!-- This site is optimized with the Yoast SEO plugin v27.4 - https:\/\/yoast.com\/product\/yoast-seo-wordpress\/ -->\n<title>Koh Tao \u00dcbernachttour f\u00fcr zertifizierte Taucher, 3 Tage, 2 N\u00e4chte | Easy Divers Thailand<\/title>\n<meta name=\"robots\" content=\"index, follow, max-snippet:-1, max-image-preview:large, max-video-preview:-1\" \/>\n<link rel=\"canonical\" href=\"https:\/\/www.easydivers-thailand.com\/de\/produkt\/koh-tao-uebernachttour-fuer-zertifizierte-taucher-3-tage-2-naechte\/\" \/>\n<meta property=\"og:locale\" content=\"de_DE\" \/>\n<meta property=\"og:type\" content=\"article\" \/>\n<meta property=\"og:title\" content=\"Koh Tao \u00dcbernachttour f\u00fcr zertifizierte Taucher, 3 Tage, 2 N\u00e4chte | Easy Divers Thailand\" \/>\n<meta property=\"og:description\" content=\"3 Tage, 2 N\u00e4chte, 8 Tauchg\u00e4nge, sch&ouml;nes Zimmer mit A\/C &amp; Fr\u00fchst\u00fcck.  Tourpreis: \u0e3f 19&#039;500 f&uuml;r 1 Taucher \u0e3f 38&#039;000 f&uuml;r 2 Taucher \u0e3f 56&#039;000 f&uuml;r 3 Taucher \u0e3f 72&#039;000 f&uuml;r 4 Taucher\" \/>\n<meta property=\"og:url\" content=\"https:\/\/www.easydivers-thailand.com\/de\/produkt\/koh-tao-uebernachttour-fuer-zertifizierte-taucher-3-tage-2-naechte\/\" \/>\n<meta property=\"og:site_name\" content=\"Easy Divers Thailand\" \/>\n<meta property=\"article:publisher\" content=\"https:\/\/www.facebook.com\/easydiverskohsamuiteam\/\" \/>\n<meta property=\"article:modified_time\" content=\"2022-05-02T10:04:33+00:00\" \/>\n<meta property=\"og:image\" content=\"https:\/\/www.easydivers-thailand.com\/wp-content\/uploads\/2018\/09\/Fun-Diving-04.jpg\" \/>\n\t<meta property=\"og:image:width\" content=\"1200\" \/>\n\t<meta property=\"og:image:height\" content=\"800\" \/>\n\t<meta property=\"og:image:type\" content=\"image\/jpeg\" \/>\n<meta name=\"twitter:card\" content=\"summary_large_image\" \/>\n<meta name=\"twitter:site\" content=\"@EasyKoh\" \/>\n<script type=\"application\/ld+json\" class=\"yoast-schema-graph\">{\"@context\":\"https:\\\/\\\/schema.org\",\"@graph\":[{\"@type\":\"WebPage\",\"@id\":\"https:\\\/\\\/www.easydivers-thailand.com\\\/de\\\/produkt\\\/koh-tao-uebernachttour-fuer-zertifizierte-taucher-3-tage-2-naechte\\\/\",\"url\":\"https:\\\/\\\/www.easydivers-thailand.com\\\/de\\\/produkt\\\/koh-tao-uebernachttour-fuer-zertifizierte-taucher-3-tage-2-naechte\\\/\",\"name\":\"Koh Tao \u00dcbernachttour f\u00fcr zertifizierte Taucher, 3 Tage, 2 N\u00e4chte | Easy Divers Thailand\",\"isPartOf\":{\"@id\":\"https:\\\/\\\/www.easydivers-thailand.com\\\/de\\\/#website\"},\"primaryImageOfPage\":{\"@id\":\"https:\\\/\\\/www.easydivers-thailand.com\\\/de\\\/produkt\\\/koh-tao-uebernachttour-fuer-zertifizierte-taucher-3-tage-2-naechte\\\/#primaryimage\"},\"image\":{\"@id\":\"https:\\\/\\\/www.easydivers-thailand.com\\\/de\\\/produkt\\\/koh-tao-uebernachttour-fuer-zertifizierte-taucher-3-tage-2-naechte\\\/#primaryimage\"},\"thumbnailUrl\":\"https:\\\/\\\/www.easydivers-thailand.com\\\/wp-content\\\/uploads\\\/2018\\\/09\\\/Fun-Diving-04.jpg\",\"datePublished\":\"2018-09-10T12:27:42+00:00\",\"dateModified\":\"2022-05-02T10:04:33+00:00\",\"breadcrumb\":{\"@id\":\"https:\\\/\\\/www.easydivers-thailand.com\\\/de\\\/produkt\\\/koh-tao-uebernachttour-fuer-zertifizierte-taucher-3-tage-2-naechte\\\/#breadcrumb\"},\"inLanguage\":\"de\",\"potentialAction\":[{\"@type\":\"ReadAction\",\"target\":[\"https:\\\/\\\/www.easydivers-thailand.com\\\/de\\\/produkt\\\/koh-tao-uebernachttour-fuer-zertifizierte-taucher-3-tage-2-naechte\\\/\"]}]},{\"@type\":\"ImageObject\",\"inLanguage\":\"de\",\"@id\":\"https:\\\/\\\/www.easydivers-thailand.com\\\/de\\\/produkt\\\/koh-tao-uebernachttour-fuer-zertifizierte-taucher-3-tage-2-naechte\\\/#primaryimage\",\"url\":\"https:\\\/\\\/www.easydivers-thailand.com\\\/wp-content\\\/uploads\\\/2018\\\/09\\\/Fun-Diving-04.jpg\",\"contentUrl\":\"https:\\\/\\\/www.easydivers-thailand.com\\\/wp-content\\\/uploads\\\/2018\\\/09\\\/Fun-Diving-04.jpg\",\"width\":1200,\"height\":800,\"caption\":\"Fun Diving\"},{\"@type\":\"BreadcrumbList\",\"@id\":\"https:\\\/\\\/www.easydivers-thailand.com\\\/de\\\/produkt\\\/koh-tao-uebernachttour-fuer-zertifizierte-taucher-3-tage-2-naechte\\\/#breadcrumb\",\"itemListElement\":[{\"@type\":\"ListItem\",\"position\":1,\"name\":\"Home\",\"item\":\"https:\\\/\\\/www.easydivers-thailand.com\\\/de\\\/\"},{\"@type\":\"ListItem\",\"position\":2,\"name\":\"Shop\",\"item\":\"https:\\\/\\\/www.easydivers-thailand.com\\\/de\\\/shop\\\/\"},{\"@type\":\"ListItem\",\"position\":3,\"name\":\"Koh Tao \u00dcbernachttour f\u00fcr zertifizierte Taucher, 3 Tage, 2 N\u00e4chte\"}]},{\"@type\":\"WebSite\",\"@id\":\"https:\\\/\\\/www.easydivers-thailand.com\\\/de\\\/#website\",\"url\":\"https:\\\/\\\/www.easydivers-thailand.com\\\/de\\\/\",\"name\":\"Easy Divers Thailand\",\"description\":\"My WordPress Blog\",\"potentialAction\":[{\"@type\":\"SearchAction\",\"target\":{\"@type\":\"EntryPoint\",\"urlTemplate\":\"https:\\\/\\\/www.easydivers-thailand.com\\\/de\\\/?s={search_term_string}\"},\"query-input\":{\"@type\":\"PropertyValueSpecification\",\"valueRequired\":true,\"valueName\":\"search_term_string\"}}],\"inLanguage\":\"de\"}]}<\/script>\n<!-- \/ Yoast SEO plugin. -->","yoast_head_json":{"title":"Koh Tao \u00dcbernachttour f\u00fcr zertifizierte Taucher, 3 Tage, 2 N\u00e4chte | Easy Divers Thailand","robots":{"index":"index","follow":"follow","max-snippet":"max-snippet:-1","max-image-preview":"max-image-preview:large","max-video-preview":"max-video-preview:-1"},"canonical":"https:\/\/www.easydivers-thailand.com\/de\/produkt\/koh-tao-uebernachttour-fuer-zertifizierte-taucher-3-tage-2-naechte\/","og_locale":"de_DE","og_type":"article","og_title":"Koh Tao \u00dcbernachttour f\u00fcr zertifizierte Taucher, 3 Tage, 2 N\u00e4chte | Easy Divers Thailand","og_description":"3 Tage, 2 N\u00e4chte, 8 Tauchg\u00e4nge, sch&ouml;nes Zimmer mit A\/C & Fr\u00fchst\u00fcck.  Tourpreis: \u0e3f 19'500 f&uuml;r 1 Taucher \u0e3f 38'000 f&uuml;r 2 Taucher \u0e3f 56'000 f&uuml;r 3 Taucher \u0e3f 72'000 f&uuml;r 4 Taucher","og_url":"https:\/\/www.easydivers-thailand.com\/de\/produkt\/koh-tao-uebernachttour-fuer-zertifizierte-taucher-3-tage-2-naechte\/","og_site_name":"Easy Divers Thailand","article_publisher":"https:\/\/www.facebook.com\/easydiverskohsamuiteam\/","article_modified_time":"2022-05-02T10:04:33+00:00","og_image":[{"width":1200,"height":800,"url":"https:\/\/www.easydivers-thailand.com\/wp-content\/uploads\/2018\/09\/Fun-Diving-04.jpg","type":"image\/jpeg"}],"twitter_card":"summary_large_image","twitter_site":"@EasyKoh","schema":{"@context":"https:\/\/schema.org","@graph":[{"@type":"WebPage","@id":"https:\/\/www.easydivers-thailand.com\/de\/produkt\/koh-tao-uebernachttour-fuer-zertifizierte-taucher-3-tage-2-naechte\/","url":"https:\/\/www.easydivers-thailand.com\/de\/produkt\/koh-tao-uebernachttour-fuer-zertifizierte-taucher-3-tage-2-naechte\/","name":"Koh Tao \u00dcbernachttour f\u00fcr zertifizierte Taucher, 3 Tage, 2 N\u00e4chte | Easy Divers Thailand","isPartOf":{"@id":"https:\/\/www.easydivers-thailand.com\/de\/#website"},"primaryImageOfPage":{"@id":"https:\/\/www.easydivers-thailand.com\/de\/produkt\/koh-tao-uebernachttour-fuer-zertifizierte-taucher-3-tage-2-naechte\/#primaryimage"},"image":{"@id":"https:\/\/www.easydivers-thailand.com\/de\/produkt\/koh-tao-uebernachttour-fuer-zertifizierte-taucher-3-tage-2-naechte\/#primaryimage"},"thumbnailUrl":"https:\/\/www.easydivers-thailand.com\/wp-content\/uploads\/2018\/09\/Fun-Diving-04.jpg","datePublished":"2018-09-10T12:27:42+00:00","dateModified":"2022-05-02T10:04:33+00:00","breadcrumb":{"@id":"https:\/\/www.easydivers-thailand.com\/de\/produkt\/koh-tao-uebernachttour-fuer-zertifizierte-taucher-3-tage-2-naechte\/#breadcrumb"},"inLanguage":"de","potentialAction":[{"@type":"ReadAction","target":["https:\/\/www.easydivers-thailand.com\/de\/produkt\/koh-tao-uebernachttour-fuer-zertifizierte-taucher-3-tage-2-naechte\/"]}]},{"@type":"ImageObject","inLanguage":"de","@id":"https:\/\/www.easydivers-thailand.com\/de\/produkt\/koh-tao-uebernachttour-fuer-zertifizierte-taucher-3-tage-2-naechte\/#primaryimage","url":"https:\/\/www.easydivers-thailand.com\/wp-content\/uploads\/2018\/09\/Fun-Diving-04.jpg","contentUrl":"https:\/\/www.easydivers-thailand.com\/wp-content\/uploads\/2018\/09\/Fun-Diving-04.jpg","width":1200,"height":800,"caption":"Fun Diving"},{"@type":"BreadcrumbList","@id":"https:\/\/www.easydivers-thailand.com\/de\/produkt\/koh-tao-uebernachttour-fuer-zertifizierte-taucher-3-tage-2-naechte\/#breadcrumb","itemListElement":[{"@type":"ListItem","position":1,"name":"Home","item":"https:\/\/www.easydivers-thailand.com\/de\/"},{"@type":"ListItem","position":2,"name":"Shop","item":"https:\/\/www.easydivers-thailand.com\/de\/shop\/"},{"@type":"ListItem","position":3,"name":"Koh Tao \u00dcbernachttour f\u00fcr zertifizierte Taucher, 3 Tage, 2 N\u00e4chte"}]},{"@type":"WebSite","@id":"https:\/\/www.easydivers-thailand.com\/de\/#website","url":"https:\/\/www.easydivers-thailand.com\/de\/","name":"Easy Divers Thailand","description":"My WordPress Blog","potentialAction":[{"@type":"SearchAction","target":{"@type":"EntryPoint","urlTemplate":"https:\/\/www.easydivers-thailand.com\/de\/?s={search_term_string}"},"query-input":{"@type":"PropertyValueSpecification","valueRequired":true,"valueName":"search_term_string"}}],"inLanguage":"de"}]}},"_links":{"self":[{"href":"https:\/\/www.easydivers-thailand.com\/de\/wp-json\/wp\/v2\/product\/7000","targetHints":{"allow":["GET"]}}],"collection":[{"href":"https:\/\/www.easydivers-thailand.com\/de\/wp-json\/wp\/v2\/product"}],"about":[{"href":"https:\/\/www.easydivers-thailand.com\/de\/wp-json\/wp\/v2\/types\/product"}],"wp:featuredmedia":[{"embeddable":true,"href":"https:\/\/www.easydivers-thailand.com\/de\/wp-json\/wp\/v2\/media\/6817"}],"wp:attachment":[{"href":"https:\/\/www.easydivers-thailand.com\/de\/wp-json\/wp\/v2\/media?parent=7000"}],"wp:term":[{"taxonomy":"product_brand","embeddable":true,"href":"https:\/\/www.easydivers-thailand.com\/de\/wp-json\/wp\/v2\/product_brand?post=7000"},{"taxonomy":"product_cat","embeddable":true,"href":"https:\/\/www.easydivers-thailand.com\/de\/wp-json\/wp\/v2\/product_cat?post=7000"},{"taxonomy":"product_tag","embeddable":true,"href":"https:\/\/www.easydivers-thailand.com\/de\/wp-json\/wp\/v2\/product_tag?post=7000"}],"curies":[{"name":"wp","href":"https:\/\/api.w.org\/{rel}","templated":true}]}}