{"id":7015,"date":"2018-09-07T21:23:01","date_gmt":"2018-09-07T14:23:01","guid":{"rendered":"https:\/\/easydivers.samui-web-design.com\/product\/enriched-air-diver\/"},"modified":"2022-05-01T17:36:16","modified_gmt":"2022-05-01T10:36:16","slug":"enriched-air-diver","status":"publish","type":"product","link":"https:\/\/www.easydivers-thailand.com\/de\/produkt\/enriched-air-diver\/","title":{"rendered":"Enriched Air Diver \/ Nitrox"},"content":{"rendered":"<p>Der PADI Enriched Air Diver Kurs ist PADIs beliebtester Spezialkurs. Warum? Weil du beim Tauchen mit Enriched Air Nitrox (EANx) l\u00e4ngere Nullzeiten erreichst, insbesondere bei Wiederholungstauchg\u00e4ngen. L\u00e4nger unter Wasser bleiben und sich nach einer Pause schneller wieder unter Wasser begeben zu k\u00f6nnen, klingt f\u00fcr viele Taucher so gut, dass sie nicht z\u00f6gern, sich zu diesem Kurs anzumelden.<\/p>\n","protected":false},"excerpt":{"rendered":"<p><strong>Therorie, Sicherheitsaspekte und die korrekte Anwendung von mit Sauerstoff angereicherter Luft (Nitrox). Mindestalter 15 Jahre.<\/strong><\/p>\n<p>Die Theorie online abzuschliessen erspart die Zeit im Schulungsraum. Zur Anmeldung zum eLearning muss dieser Link befolgt werden:<\/p>\n<p><a title=\"eLearning mit Easy Divers\" href=\"https:\/\/apps.padi.com\/scuba-diving\/elearning\/?irra=18688\" target=\"_blank\" rel=\"noopener\"><img loading=\"lazy\" decoding=\"async\" class=\"alignnone wp-image-6501\" src=\"https:\/\/www.easydivers-thailand.com\/wp-content\/uploads\/2018\/09\/Padi_Elearning1.jpg\" alt=\"PADi eLearning\" width=\"252\" height=\"120\" srcset=\"https:\/\/www.easydivers-thailand.com\/wp-content\/uploads\/2018\/09\/Padi_Elearning1.jpg 504w, https:\/\/www.easydivers-thailand.com\/wp-content\/uploads\/2018\/09\/Padi_Elearning1-300x143.jpg 300w\" sizes=\"auto, (max-width: 252px) 100vw, 252px\" \/><\/a><\/p>\n<p>Tag 1 \u2013 Schulungsraum<br \/>\nTag 2 \u2013 2 Bootstauchg\u00e4nge<\/p>\n<p><span class=\"mypriceclass\">Kurspreis: \u0e3f 13&#8217;000.00 pro Person<\/span><\/p>\n","protected":false},"featured_media":6731,"template":"","meta":{"_acf_changed":false},"product_brand":[],"product_cat":[95],"product_tag":[75],"class_list":{"0":"post-7015","1":"product","2":"type-product","3":"status-publish","4":"has-post-thumbnail","6":"product_cat-spezialkurse","7":"product_tag-spezialkurse","9":"first","10":"instock","11":"virtual","12":"purchasable","13":"product-type-simple"},"acf":[],"yoast_head":"<!-- This site is optimized with the Yoast SEO plugin v27.3 - https:\/\/yoast.com\/product\/yoast-seo-wordpress\/ -->\n<title>Enriched Air Diver \/ Nitrox | Easy Divers Thailand<\/title>\n<meta name=\"robots\" content=\"index, follow, max-snippet:-1, max-image-preview:large, max-video-preview:-1\" \/>\n<link rel=\"canonical\" href=\"https:\/\/www.easydivers-thailand.com\/de\/produkt\/enriched-air-diver\/\" \/>\n<meta property=\"og:locale\" content=\"de_DE\" \/>\n<meta property=\"og:type\" content=\"article\" \/>\n<meta property=\"og:title\" content=\"Enriched Air Diver \/ Nitrox | Easy Divers Thailand\" \/>\n<meta property=\"og:description\" content=\"Therorie, Sicherheitsaspekte und die korrekte Anwendung von mit Sauerstoff angereicherter Luft (Nitrox). Mindestalter 15 Jahre.  Die Theorie online abzuschliessen erspart die Zeit im Schulungsraum. Zur Anmeldung zum eLearning muss dieser Link befolgt werden:    Tag 1 \u2013 Schulungsraum Tag 2 \u2013 2 Bootstauchg\u00e4nge  Kurspreis: \u0e3f 13&#039;000.00 pro Person\" \/>\n<meta property=\"og:url\" content=\"https:\/\/www.easydivers-thailand.com\/de\/produkt\/enriched-air-diver\/\" \/>\n<meta property=\"og:site_name\" content=\"Easy Divers Thailand\" \/>\n<meta property=\"article:publisher\" content=\"https:\/\/www.facebook.com\/easydiverskohsamuiteam\/\" \/>\n<meta property=\"article:modified_time\" content=\"2022-05-01T10:36:16+00:00\" \/>\n<meta property=\"og:image\" content=\"https:\/\/www.easydivers-thailand.com\/wp-content\/uploads\/2018\/09\/enriched-air_01.jpg\" \/>\n\t<meta property=\"og:image:width\" content=\"2048\" \/>\n\t<meta property=\"og:image:height\" content=\"1152\" \/>\n\t<meta property=\"og:image:type\" content=\"image\/jpeg\" \/>\n<meta name=\"twitter:card\" content=\"summary_large_image\" \/>\n<meta name=\"twitter:site\" content=\"@EasyKoh\" \/>\n<script type=\"application\/ld+json\" class=\"yoast-schema-graph\">{\"@context\":\"https:\\\/\\\/schema.org\",\"@graph\":[{\"@type\":\"WebPage\",\"@id\":\"https:\\\/\\\/www.easydivers-thailand.com\\\/de\\\/produkt\\\/enriched-air-diver\\\/\",\"url\":\"https:\\\/\\\/www.easydivers-thailand.com\\\/de\\\/produkt\\\/enriched-air-diver\\\/\",\"name\":\"Enriched Air Diver \\\/ Nitrox | Easy Divers Thailand\",\"isPartOf\":{\"@id\":\"https:\\\/\\\/www.easydivers-thailand.com\\\/de\\\/#website\"},\"primaryImageOfPage\":{\"@id\":\"https:\\\/\\\/www.easydivers-thailand.com\\\/de\\\/produkt\\\/enriched-air-diver\\\/#primaryimage\"},\"image\":{\"@id\":\"https:\\\/\\\/www.easydivers-thailand.com\\\/de\\\/produkt\\\/enriched-air-diver\\\/#primaryimage\"},\"thumbnailUrl\":\"https:\\\/\\\/www.easydivers-thailand.com\\\/wp-content\\\/uploads\\\/2018\\\/09\\\/enriched-air_01.jpg\",\"datePublished\":\"2018-09-07T14:23:01+00:00\",\"dateModified\":\"2022-05-01T10:36:16+00:00\",\"breadcrumb\":{\"@id\":\"https:\\\/\\\/www.easydivers-thailand.com\\\/de\\\/produkt\\\/enriched-air-diver\\\/#breadcrumb\"},\"inLanguage\":\"de\",\"potentialAction\":[{\"@type\":\"ReadAction\",\"target\":[\"https:\\\/\\\/www.easydivers-thailand.com\\\/de\\\/produkt\\\/enriched-air-diver\\\/\"]}]},{\"@type\":\"ImageObject\",\"inLanguage\":\"de\",\"@id\":\"https:\\\/\\\/www.easydivers-thailand.com\\\/de\\\/produkt\\\/enriched-air-diver\\\/#primaryimage\",\"url\":\"https:\\\/\\\/www.easydivers-thailand.com\\\/wp-content\\\/uploads\\\/2018\\\/09\\\/enriched-air_01.jpg\",\"contentUrl\":\"https:\\\/\\\/www.easydivers-thailand.com\\\/wp-content\\\/uploads\\\/2018\\\/09\\\/enriched-air_01.jpg\",\"width\":2048,\"height\":1152,\"caption\":\"Enriched Air Diver\"},{\"@type\":\"BreadcrumbList\",\"@id\":\"https:\\\/\\\/www.easydivers-thailand.com\\\/de\\\/produkt\\\/enriched-air-diver\\\/#breadcrumb\",\"itemListElement\":[{\"@type\":\"ListItem\",\"position\":1,\"name\":\"Home\",\"item\":\"https:\\\/\\\/www.easydivers-thailand.com\\\/de\\\/\"},{\"@type\":\"ListItem\",\"position\":2,\"name\":\"Shop\",\"item\":\"https:\\\/\\\/www.easydivers-thailand.com\\\/de\\\/shop\\\/\"},{\"@type\":\"ListItem\",\"position\":3,\"name\":\"Enriched Air Diver \\\/ Nitrox\"}]},{\"@type\":\"WebSite\",\"@id\":\"https:\\\/\\\/www.easydivers-thailand.com\\\/de\\\/#website\",\"url\":\"https:\\\/\\\/www.easydivers-thailand.com\\\/de\\\/\",\"name\":\"Easy Divers Thailand\",\"description\":\"My WordPress Blog\",\"potentialAction\":[{\"@type\":\"SearchAction\",\"target\":{\"@type\":\"EntryPoint\",\"urlTemplate\":\"https:\\\/\\\/www.easydivers-thailand.com\\\/de\\\/?s={search_term_string}\"},\"query-input\":{\"@type\":\"PropertyValueSpecification\",\"valueRequired\":true,\"valueName\":\"search_term_string\"}}],\"inLanguage\":\"de\"}]}<\/script>\n<!-- \/ Yoast SEO plugin. -->","yoast_head_json":{"title":"Enriched Air Diver \/ Nitrox | Easy Divers Thailand","robots":{"index":"index","follow":"follow","max-snippet":"max-snippet:-1","max-image-preview":"max-image-preview:large","max-video-preview":"max-video-preview:-1"},"canonical":"https:\/\/www.easydivers-thailand.com\/de\/produkt\/enriched-air-diver\/","og_locale":"de_DE","og_type":"article","og_title":"Enriched Air Diver \/ Nitrox | Easy Divers Thailand","og_description":"Therorie, Sicherheitsaspekte und die korrekte Anwendung von mit Sauerstoff angereicherter Luft (Nitrox). Mindestalter 15 Jahre.  Die Theorie online abzuschliessen erspart die Zeit im Schulungsraum. Zur Anmeldung zum eLearning muss dieser Link befolgt werden:    Tag 1 \u2013 Schulungsraum Tag 2 \u2013 2 Bootstauchg\u00e4nge  Kurspreis: \u0e3f 13'000.00 pro Person","og_url":"https:\/\/www.easydivers-thailand.com\/de\/produkt\/enriched-air-diver\/","og_site_name":"Easy Divers Thailand","article_publisher":"https:\/\/www.facebook.com\/easydiverskohsamuiteam\/","article_modified_time":"2022-05-01T10:36:16+00:00","og_image":[{"width":2048,"height":1152,"url":"https:\/\/www.easydivers-thailand.com\/wp-content\/uploads\/2018\/09\/enriched-air_01.jpg","type":"image\/jpeg"}],"twitter_card":"summary_large_image","twitter_site":"@EasyKoh","schema":{"@context":"https:\/\/schema.org","@graph":[{"@type":"WebPage","@id":"https:\/\/www.easydivers-thailand.com\/de\/produkt\/enriched-air-diver\/","url":"https:\/\/www.easydivers-thailand.com\/de\/produkt\/enriched-air-diver\/","name":"Enriched Air Diver \/ Nitrox | Easy Divers Thailand","isPartOf":{"@id":"https:\/\/www.easydivers-thailand.com\/de\/#website"},"primaryImageOfPage":{"@id":"https:\/\/www.easydivers-thailand.com\/de\/produkt\/enriched-air-diver\/#primaryimage"},"image":{"@id":"https:\/\/www.easydivers-thailand.com\/de\/produkt\/enriched-air-diver\/#primaryimage"},"thumbnailUrl":"https:\/\/www.easydivers-thailand.com\/wp-content\/uploads\/2018\/09\/enriched-air_01.jpg","datePublished":"2018-09-07T14:23:01+00:00","dateModified":"2022-05-01T10:36:16+00:00","breadcrumb":{"@id":"https:\/\/www.easydivers-thailand.com\/de\/produkt\/enriched-air-diver\/#breadcrumb"},"inLanguage":"de","potentialAction":[{"@type":"ReadAction","target":["https:\/\/www.easydivers-thailand.com\/de\/produkt\/enriched-air-diver\/"]}]},{"@type":"ImageObject","inLanguage":"de","@id":"https:\/\/www.easydivers-thailand.com\/de\/produkt\/enriched-air-diver\/#primaryimage","url":"https:\/\/www.easydivers-thailand.com\/wp-content\/uploads\/2018\/09\/enriched-air_01.jpg","contentUrl":"https:\/\/www.easydivers-thailand.com\/wp-content\/uploads\/2018\/09\/enriched-air_01.jpg","width":2048,"height":1152,"caption":"Enriched Air Diver"},{"@type":"BreadcrumbList","@id":"https:\/\/www.easydivers-thailand.com\/de\/produkt\/enriched-air-diver\/#breadcrumb","itemListElement":[{"@type":"ListItem","position":1,"name":"Home","item":"https:\/\/www.easydivers-thailand.com\/de\/"},{"@type":"ListItem","position":2,"name":"Shop","item":"https:\/\/www.easydivers-thailand.com\/de\/shop\/"},{"@type":"ListItem","position":3,"name":"Enriched Air Diver \/ Nitrox"}]},{"@type":"WebSite","@id":"https:\/\/www.easydivers-thailand.com\/de\/#website","url":"https:\/\/www.easydivers-thailand.com\/de\/","name":"Easy Divers Thailand","description":"My WordPress Blog","potentialAction":[{"@type":"SearchAction","target":{"@type":"EntryPoint","urlTemplate":"https:\/\/www.easydivers-thailand.com\/de\/?s={search_term_string}"},"query-input":{"@type":"PropertyValueSpecification","valueRequired":true,"valueName":"search_term_string"}}],"inLanguage":"de"}]}},"_links":{"self":[{"href":"https:\/\/www.easydivers-thailand.com\/de\/wp-json\/wp\/v2\/product\/7015","targetHints":{"allow":["GET"]}}],"collection":[{"href":"https:\/\/www.easydivers-thailand.com\/de\/wp-json\/wp\/v2\/product"}],"about":[{"href":"https:\/\/www.easydivers-thailand.com\/de\/wp-json\/wp\/v2\/types\/product"}],"wp:featuredmedia":[{"embeddable":true,"href":"https:\/\/www.easydivers-thailand.com\/de\/wp-json\/wp\/v2\/media\/6731"}],"wp:attachment":[{"href":"https:\/\/www.easydivers-thailand.com\/de\/wp-json\/wp\/v2\/media?parent=7015"}],"wp:term":[{"taxonomy":"product_brand","embeddable":true,"href":"https:\/\/www.easydivers-thailand.com\/de\/wp-json\/wp\/v2\/product_brand?post=7015"},{"taxonomy":"product_cat","embeddable":true,"href":"https:\/\/www.easydivers-thailand.com\/de\/wp-json\/wp\/v2\/product_cat?post=7015"},{"taxonomy":"product_tag","embeddable":true,"href":"https:\/\/www.easydivers-thailand.com\/de\/wp-json\/wp\/v2\/product_tag?post=7015"}],"curies":[{"name":"wp","href":"https:\/\/api.w.org\/{rel}","templated":true}]}}