{"id":7016,"date":"2018-09-07T21:26:25","date_gmt":"2018-09-07T14:26:25","guid":{"rendered":"https:\/\/easydivers.samui-web-design.com\/product\/underwater-naturalist\/"},"modified":"2022-05-01T17:36:46","modified_gmt":"2022-05-01T10:36:46","slug":"unterwasser-naturalist","status":"publish","type":"product","link":"https:\/\/www.easydivers-thailand.com\/de\/produkt\/unterwasser-naturalist\/","title":{"rendered":"Unterwasser Naturalist"},"content":{"rendered":"<p>Nimm an dem PADI Spezialkurs Unterwasser Naturalist teil, und du wirst selbst an den bekanntesten Tauchpl\u00e4tzen neue Dinge entdecken. Warum ist das so? Wenn du dich mit Lebensgemeinschaften (Symbiosen), Unterwasser-\u00d6kologie, Unterwasser-Pflanzen und aquatischen Lebensr\u00e4umen auskennst, bemerkst du Verhaltensweisen und Lebewesen, die du zuvor vielleicht \u00fcbersehen hast. Erfahre mehr \u00fcber das \u00d6kosystem in deiner Region, und schau nach diesem Kurs bei deinem n\u00e4chsten Tauchabenteuer genauer hin.<\/p>\n","protected":false},"excerpt":{"rendered":"<p><strong>Identifizierung von Fischen und Korallen und interessante Informationen \u00fcber das \u00d6kosystem Korallenriff. Mindestalter 10 Jahre.<\/strong><\/p>\n<p>1 Tag mit 2 Bootstauchg\u00e4ngen<\/p>\n<p><span class=\"mypriceclass\">Kurspreis: \u0e3f 13&#8217;000.00 pro Person<\/span><\/p>\n","protected":false},"featured_media":6823,"template":"","meta":{"_acf_changed":false},"product_brand":[],"product_cat":[95],"product_tag":[75],"class_list":{"0":"post-7016","1":"product","2":"type-product","3":"status-publish","4":"has-post-thumbnail","6":"product_cat-spezialkurse","7":"product_tag-spezialkurse","9":"first","10":"instock","11":"virtual","12":"purchasable","13":"product-type-simple"},"acf":[],"yoast_head":"<!-- This site is optimized with the Yoast SEO plugin v27.3 - https:\/\/yoast.com\/product\/yoast-seo-wordpress\/ -->\n<title>Unterwasser Naturalist | Easy Divers Thailand<\/title>\n<meta name=\"robots\" content=\"index, follow, max-snippet:-1, max-image-preview:large, max-video-preview:-1\" \/>\n<link rel=\"canonical\" href=\"https:\/\/www.easydivers-thailand.com\/de\/produkt\/unterwasser-naturalist\/\" \/>\n<meta property=\"og:locale\" content=\"de_DE\" \/>\n<meta property=\"og:type\" content=\"article\" \/>\n<meta property=\"og:title\" content=\"Unterwasser Naturalist | Easy Divers Thailand\" \/>\n<meta property=\"og:description\" content=\"Identifizierung von Fischen und Korallen und interessante Informationen \u00fcber das \u00d6kosystem Korallenriff. Mindestalter 10 Jahre.  1 Tag mit 2 Bootstauchg\u00e4ngen  Kurspreis: \u0e3f 13&#039;000.00 pro Person\" \/>\n<meta property=\"og:url\" content=\"https:\/\/www.easydivers-thailand.com\/de\/produkt\/unterwasser-naturalist\/\" \/>\n<meta property=\"og:site_name\" content=\"Easy Divers Thailand\" \/>\n<meta property=\"article:publisher\" content=\"https:\/\/www.facebook.com\/easydiverskohsamuiteam\/\" \/>\n<meta property=\"article:modified_time\" content=\"2022-05-01T10:36:46+00:00\" \/>\n<meta property=\"og:image\" content=\"https:\/\/www.easydivers-thailand.com\/wp-content\/uploads\/2018\/09\/Fun-Diving-06.jpg\" \/>\n\t<meta property=\"og:image:width\" content=\"1200\" \/>\n\t<meta property=\"og:image:height\" content=\"801\" \/>\n\t<meta property=\"og:image:type\" content=\"image\/jpeg\" \/>\n<meta name=\"twitter:card\" content=\"summary_large_image\" \/>\n<meta name=\"twitter:site\" content=\"@EasyKoh\" \/>\n<script type=\"application\/ld+json\" class=\"yoast-schema-graph\">{\"@context\":\"https:\\\/\\\/schema.org\",\"@graph\":[{\"@type\":\"WebPage\",\"@id\":\"https:\\\/\\\/www.easydivers-thailand.com\\\/de\\\/produkt\\\/unterwasser-naturalist\\\/\",\"url\":\"https:\\\/\\\/www.easydivers-thailand.com\\\/de\\\/produkt\\\/unterwasser-naturalist\\\/\",\"name\":\"Unterwasser Naturalist | Easy Divers Thailand\",\"isPartOf\":{\"@id\":\"https:\\\/\\\/www.easydivers-thailand.com\\\/de\\\/#website\"},\"primaryImageOfPage\":{\"@id\":\"https:\\\/\\\/www.easydivers-thailand.com\\\/de\\\/produkt\\\/unterwasser-naturalist\\\/#primaryimage\"},\"image\":{\"@id\":\"https:\\\/\\\/www.easydivers-thailand.com\\\/de\\\/produkt\\\/unterwasser-naturalist\\\/#primaryimage\"},\"thumbnailUrl\":\"https:\\\/\\\/www.easydivers-thailand.com\\\/wp-content\\\/uploads\\\/2018\\\/09\\\/Fun-Diving-06.jpg\",\"datePublished\":\"2018-09-07T14:26:25+00:00\",\"dateModified\":\"2022-05-01T10:36:46+00:00\",\"breadcrumb\":{\"@id\":\"https:\\\/\\\/www.easydivers-thailand.com\\\/de\\\/produkt\\\/unterwasser-naturalist\\\/#breadcrumb\"},\"inLanguage\":\"de\",\"potentialAction\":[{\"@type\":\"ReadAction\",\"target\":[\"https:\\\/\\\/www.easydivers-thailand.com\\\/de\\\/produkt\\\/unterwasser-naturalist\\\/\"]}]},{\"@type\":\"ImageObject\",\"inLanguage\":\"de\",\"@id\":\"https:\\\/\\\/www.easydivers-thailand.com\\\/de\\\/produkt\\\/unterwasser-naturalist\\\/#primaryimage\",\"url\":\"https:\\\/\\\/www.easydivers-thailand.com\\\/wp-content\\\/uploads\\\/2018\\\/09\\\/Fun-Diving-06.jpg\",\"contentUrl\":\"https:\\\/\\\/www.easydivers-thailand.com\\\/wp-content\\\/uploads\\\/2018\\\/09\\\/Fun-Diving-06.jpg\",\"width\":1200,\"height\":801,\"caption\":\"Underwater Naturalist\"},{\"@type\":\"BreadcrumbList\",\"@id\":\"https:\\\/\\\/www.easydivers-thailand.com\\\/de\\\/produkt\\\/unterwasser-naturalist\\\/#breadcrumb\",\"itemListElement\":[{\"@type\":\"ListItem\",\"position\":1,\"name\":\"Home\",\"item\":\"https:\\\/\\\/www.easydivers-thailand.com\\\/de\\\/\"},{\"@type\":\"ListItem\",\"position\":2,\"name\":\"Shop\",\"item\":\"https:\\\/\\\/www.easydivers-thailand.com\\\/de\\\/shop\\\/\"},{\"@type\":\"ListItem\",\"position\":3,\"name\":\"Unterwasser Naturalist\"}]},{\"@type\":\"WebSite\",\"@id\":\"https:\\\/\\\/www.easydivers-thailand.com\\\/de\\\/#website\",\"url\":\"https:\\\/\\\/www.easydivers-thailand.com\\\/de\\\/\",\"name\":\"Easy Divers Thailand\",\"description\":\"My WordPress Blog\",\"potentialAction\":[{\"@type\":\"SearchAction\",\"target\":{\"@type\":\"EntryPoint\",\"urlTemplate\":\"https:\\\/\\\/www.easydivers-thailand.com\\\/de\\\/?s={search_term_string}\"},\"query-input\":{\"@type\":\"PropertyValueSpecification\",\"valueRequired\":true,\"valueName\":\"search_term_string\"}}],\"inLanguage\":\"de\"}]}<\/script>\n<!-- \/ Yoast SEO plugin. -->","yoast_head_json":{"title":"Unterwasser Naturalist | Easy Divers Thailand","robots":{"index":"index","follow":"follow","max-snippet":"max-snippet:-1","max-image-preview":"max-image-preview:large","max-video-preview":"max-video-preview:-1"},"canonical":"https:\/\/www.easydivers-thailand.com\/de\/produkt\/unterwasser-naturalist\/","og_locale":"de_DE","og_type":"article","og_title":"Unterwasser Naturalist | Easy Divers Thailand","og_description":"Identifizierung von Fischen und Korallen und interessante Informationen \u00fcber das \u00d6kosystem Korallenriff. Mindestalter 10 Jahre.  1 Tag mit 2 Bootstauchg\u00e4ngen  Kurspreis: \u0e3f 13'000.00 pro Person","og_url":"https:\/\/www.easydivers-thailand.com\/de\/produkt\/unterwasser-naturalist\/","og_site_name":"Easy Divers Thailand","article_publisher":"https:\/\/www.facebook.com\/easydiverskohsamuiteam\/","article_modified_time":"2022-05-01T10:36:46+00:00","og_image":[{"width":1200,"height":801,"url":"https:\/\/www.easydivers-thailand.com\/wp-content\/uploads\/2018\/09\/Fun-Diving-06.jpg","type":"image\/jpeg"}],"twitter_card":"summary_large_image","twitter_site":"@EasyKoh","schema":{"@context":"https:\/\/schema.org","@graph":[{"@type":"WebPage","@id":"https:\/\/www.easydivers-thailand.com\/de\/produkt\/unterwasser-naturalist\/","url":"https:\/\/www.easydivers-thailand.com\/de\/produkt\/unterwasser-naturalist\/","name":"Unterwasser Naturalist | Easy Divers Thailand","isPartOf":{"@id":"https:\/\/www.easydivers-thailand.com\/de\/#website"},"primaryImageOfPage":{"@id":"https:\/\/www.easydivers-thailand.com\/de\/produkt\/unterwasser-naturalist\/#primaryimage"},"image":{"@id":"https:\/\/www.easydivers-thailand.com\/de\/produkt\/unterwasser-naturalist\/#primaryimage"},"thumbnailUrl":"https:\/\/www.easydivers-thailand.com\/wp-content\/uploads\/2018\/09\/Fun-Diving-06.jpg","datePublished":"2018-09-07T14:26:25+00:00","dateModified":"2022-05-01T10:36:46+00:00","breadcrumb":{"@id":"https:\/\/www.easydivers-thailand.com\/de\/produkt\/unterwasser-naturalist\/#breadcrumb"},"inLanguage":"de","potentialAction":[{"@type":"ReadAction","target":["https:\/\/www.easydivers-thailand.com\/de\/produkt\/unterwasser-naturalist\/"]}]},{"@type":"ImageObject","inLanguage":"de","@id":"https:\/\/www.easydivers-thailand.com\/de\/produkt\/unterwasser-naturalist\/#primaryimage","url":"https:\/\/www.easydivers-thailand.com\/wp-content\/uploads\/2018\/09\/Fun-Diving-06.jpg","contentUrl":"https:\/\/www.easydivers-thailand.com\/wp-content\/uploads\/2018\/09\/Fun-Diving-06.jpg","width":1200,"height":801,"caption":"Underwater Naturalist"},{"@type":"BreadcrumbList","@id":"https:\/\/www.easydivers-thailand.com\/de\/produkt\/unterwasser-naturalist\/#breadcrumb","itemListElement":[{"@type":"ListItem","position":1,"name":"Home","item":"https:\/\/www.easydivers-thailand.com\/de\/"},{"@type":"ListItem","position":2,"name":"Shop","item":"https:\/\/www.easydivers-thailand.com\/de\/shop\/"},{"@type":"ListItem","position":3,"name":"Unterwasser Naturalist"}]},{"@type":"WebSite","@id":"https:\/\/www.easydivers-thailand.com\/de\/#website","url":"https:\/\/www.easydivers-thailand.com\/de\/","name":"Easy Divers Thailand","description":"My WordPress Blog","potentialAction":[{"@type":"SearchAction","target":{"@type":"EntryPoint","urlTemplate":"https:\/\/www.easydivers-thailand.com\/de\/?s={search_term_string}"},"query-input":{"@type":"PropertyValueSpecification","valueRequired":true,"valueName":"search_term_string"}}],"inLanguage":"de"}]}},"_links":{"self":[{"href":"https:\/\/www.easydivers-thailand.com\/de\/wp-json\/wp\/v2\/product\/7016","targetHints":{"allow":["GET"]}}],"collection":[{"href":"https:\/\/www.easydivers-thailand.com\/de\/wp-json\/wp\/v2\/product"}],"about":[{"href":"https:\/\/www.easydivers-thailand.com\/de\/wp-json\/wp\/v2\/types\/product"}],"wp:featuredmedia":[{"embeddable":true,"href":"https:\/\/www.easydivers-thailand.com\/de\/wp-json\/wp\/v2\/media\/6823"}],"wp:attachment":[{"href":"https:\/\/www.easydivers-thailand.com\/de\/wp-json\/wp\/v2\/media?parent=7016"}],"wp:term":[{"taxonomy":"product_brand","embeddable":true,"href":"https:\/\/www.easydivers-thailand.com\/de\/wp-json\/wp\/v2\/product_brand?post=7016"},{"taxonomy":"product_cat","embeddable":true,"href":"https:\/\/www.easydivers-thailand.com\/de\/wp-json\/wp\/v2\/product_cat?post=7016"},{"taxonomy":"product_tag","embeddable":true,"href":"https:\/\/www.easydivers-thailand.com\/de\/wp-json\/wp\/v2\/product_tag?post=7016"}],"curies":[{"name":"wp","href":"https:\/\/api.w.org\/{rel}","templated":true}]}}