{"id":7458,"date":"2018-11-11T08:34:51","date_gmt":"2018-11-12T00:47:34","guid":{"rendered":"https:\/\/www.easydivers-thailand.com\/?post_type=product&#038;p=7458"},"modified":"2022-05-02T06:26:05","modified_gmt":"2022-05-01T23:26:05","slug":"koh-tan-koh-madsum-island-tour","status":"publish","type":"product","link":"https:\/\/www.easydivers-thailand.com\/de\/produkt\/koh-tan-koh-madsum-island-tour\/","title":{"rendered":"Koh Tan \/ Koh Madsum Island Tour"},"content":{"rendered":"<p>Suchen Sie nach einer entspannten Tour in privater Umgebung zu wundersch\u00f6nen wei\u00dfen Sandstr\u00e4nden abseits der Massen, nur eine kurze Bootsfahrt von Koh Samui entfernt? Dann ist diese Tour das perfekte Angebot f\u00fcr Sie, Ihre Freunde und Familie.<\/p>\n<p>Zertifizierte Taucher genie\u00dfen einen relaxten Tauchgang an einem flachen Korallenriff mit reichlich Unterwasserlebewesen, w\u00e4hrend Schnuppertaucher in einer sicheren und gesch\u00fctzten Umgebung ihre ersten Atemz\u00fcge unter Wasser erleben k\u00f6nnen. Schnorchler werden auch ein tolles Erlebnis haben, so dass die Tour eine perfekte Kombination darstellt.<\/p>\n<p>Der Tourplan ist flexibel. Es stehen \u00bd Tage und ganzt\u00e4gige Optionen zur Verf\u00fcgung. Die Tour beinhaltet Hoteltransfer, privates Boot, Mittagessen in einem Restaurant am Strand, alkoholfreie Getr\u00e4nke, Schnorchel- und Tauchausr\u00fcstung, Tauchguide, Tauchlehrer und Schnorchelguide.<\/p>\n<p>Bitte beachten Sie, dass die Sicht und die Seebedingungen vom Wetter abh\u00e4ngig sind.<\/p>\n","protected":false},"excerpt":{"rendered":"<p><span class=\"mypriceclass\">Preis ab: \u0e3f 6&#8217;999.00 f\u00fcr 2 Personen<\/span><\/p>\n","protected":false},"featured_media":13232,"template":"","meta":{"_acf_changed":false},"product_brand":[],"product_cat":[133],"product_tag":[],"class_list":{"0":"post-7458","1":"product","2":"type-product","3":"status-publish","4":"has-post-thumbnail","6":"product_cat-spezialtouren-de","8":"first","9":"instock","10":"virtual","11":"purchasable","12":"product-type-simple"},"acf":[],"yoast_head":"<!-- This site is optimized with the Yoast SEO plugin v27.4 - https:\/\/yoast.com\/product\/yoast-seo-wordpress\/ -->\n<title>Koh Tan \/ Koh Madsum Island Tour | Easy Divers Thailand<\/title>\n<meta name=\"robots\" content=\"index, follow, max-snippet:-1, max-image-preview:large, max-video-preview:-1\" \/>\n<link rel=\"canonical\" href=\"https:\/\/www.easydivers-thailand.com\/de\/produkt\/koh-tan-koh-madsum-island-tour\/\" \/>\n<meta property=\"og:locale\" content=\"de_DE\" \/>\n<meta property=\"og:type\" content=\"article\" \/>\n<meta property=\"og:title\" content=\"Koh Tan \/ Koh Madsum Island Tour | Easy Divers Thailand\" \/>\n<meta property=\"og:description\" content=\"Preis ab: \u0e3f 6&#039;999.00 f\u00fcr 2 Personen\" \/>\n<meta property=\"og:url\" content=\"https:\/\/www.easydivers-thailand.com\/de\/produkt\/koh-tan-koh-madsum-island-tour\/\" \/>\n<meta property=\"og:site_name\" content=\"Easy Divers Thailand\" \/>\n<meta property=\"article:publisher\" content=\"https:\/\/www.facebook.com\/easydiverskohsamuiteam\/\" \/>\n<meta property=\"article:modified_time\" content=\"2022-05-01T23:26:05+00:00\" \/>\n<meta property=\"og:image\" content=\"https:\/\/www.easydivers-thailand.com\/wp-content\/uploads\/2018\/11\/Koh-Madsum.jpg\" \/>\n\t<meta property=\"og:image:width\" content=\"1200\" \/>\n\t<meta property=\"og:image:height\" content=\"800\" \/>\n\t<meta property=\"og:image:type\" content=\"image\/jpeg\" \/>\n<meta name=\"twitter:card\" content=\"summary_large_image\" \/>\n<meta name=\"twitter:site\" content=\"@EasyKoh\" \/>\n<meta name=\"twitter:label1\" content=\"Gesch\u00e4tzte Lesezeit\" \/>\n\t<meta name=\"twitter:data1\" content=\"1\u00a0Minute\" \/>\n<script type=\"application\/ld+json\" class=\"yoast-schema-graph\">{\"@context\":\"https:\\\/\\\/schema.org\",\"@graph\":[{\"@type\":\"WebPage\",\"@id\":\"https:\\\/\\\/www.easydivers-thailand.com\\\/de\\\/produkt\\\/koh-tan-koh-madsum-island-tour\\\/\",\"url\":\"https:\\\/\\\/www.easydivers-thailand.com\\\/de\\\/produkt\\\/koh-tan-koh-madsum-island-tour\\\/\",\"name\":\"Koh Tan \\\/ Koh Madsum Island Tour | Easy Divers Thailand\",\"isPartOf\":{\"@id\":\"https:\\\/\\\/www.easydivers-thailand.com\\\/de\\\/#website\"},\"primaryImageOfPage\":{\"@id\":\"https:\\\/\\\/www.easydivers-thailand.com\\\/de\\\/produkt\\\/koh-tan-koh-madsum-island-tour\\\/#primaryimage\"},\"image\":{\"@id\":\"https:\\\/\\\/www.easydivers-thailand.com\\\/de\\\/produkt\\\/koh-tan-koh-madsum-island-tour\\\/#primaryimage\"},\"thumbnailUrl\":\"https:\\\/\\\/www.easydivers-thailand.com\\\/wp-content\\\/uploads\\\/2018\\\/11\\\/Koh-Madsum.jpg\",\"datePublished\":\"2018-11-12T00:47:34+00:00\",\"dateModified\":\"2022-05-01T23:26:05+00:00\",\"breadcrumb\":{\"@id\":\"https:\\\/\\\/www.easydivers-thailand.com\\\/de\\\/produkt\\\/koh-tan-koh-madsum-island-tour\\\/#breadcrumb\"},\"inLanguage\":\"de\",\"potentialAction\":[{\"@type\":\"ReadAction\",\"target\":[\"https:\\\/\\\/www.easydivers-thailand.com\\\/de\\\/produkt\\\/koh-tan-koh-madsum-island-tour\\\/\"]}]},{\"@type\":\"ImageObject\",\"inLanguage\":\"de\",\"@id\":\"https:\\\/\\\/www.easydivers-thailand.com\\\/de\\\/produkt\\\/koh-tan-koh-madsum-island-tour\\\/#primaryimage\",\"url\":\"https:\\\/\\\/www.easydivers-thailand.com\\\/wp-content\\\/uploads\\\/2018\\\/11\\\/Koh-Madsum.jpg\",\"contentUrl\":\"https:\\\/\\\/www.easydivers-thailand.com\\\/wp-content\\\/uploads\\\/2018\\\/11\\\/Koh-Madsum.jpg\",\"width\":1200,\"height\":800,\"caption\":\"Koh Madsum\"},{\"@type\":\"BreadcrumbList\",\"@id\":\"https:\\\/\\\/www.easydivers-thailand.com\\\/de\\\/produkt\\\/koh-tan-koh-madsum-island-tour\\\/#breadcrumb\",\"itemListElement\":[{\"@type\":\"ListItem\",\"position\":1,\"name\":\"Home\",\"item\":\"https:\\\/\\\/www.easydivers-thailand.com\\\/de\\\/\"},{\"@type\":\"ListItem\",\"position\":2,\"name\":\"Shop\",\"item\":\"https:\\\/\\\/www.easydivers-thailand.com\\\/de\\\/shop\\\/\"},{\"@type\":\"ListItem\",\"position\":3,\"name\":\"Koh Tan \\\/ Koh Madsum Island Tour\"}]},{\"@type\":\"WebSite\",\"@id\":\"https:\\\/\\\/www.easydivers-thailand.com\\\/de\\\/#website\",\"url\":\"https:\\\/\\\/www.easydivers-thailand.com\\\/de\\\/\",\"name\":\"Easy Divers Thailand\",\"description\":\"My WordPress Blog\",\"potentialAction\":[{\"@type\":\"SearchAction\",\"target\":{\"@type\":\"EntryPoint\",\"urlTemplate\":\"https:\\\/\\\/www.easydivers-thailand.com\\\/de\\\/?s={search_term_string}\"},\"query-input\":{\"@type\":\"PropertyValueSpecification\",\"valueRequired\":true,\"valueName\":\"search_term_string\"}}],\"inLanguage\":\"de\"}]}<\/script>\n<!-- \/ Yoast SEO plugin. -->","yoast_head_json":{"title":"Koh Tan \/ Koh Madsum Island Tour | Easy Divers Thailand","robots":{"index":"index","follow":"follow","max-snippet":"max-snippet:-1","max-image-preview":"max-image-preview:large","max-video-preview":"max-video-preview:-1"},"canonical":"https:\/\/www.easydivers-thailand.com\/de\/produkt\/koh-tan-koh-madsum-island-tour\/","og_locale":"de_DE","og_type":"article","og_title":"Koh Tan \/ Koh Madsum Island Tour | Easy Divers Thailand","og_description":"Preis ab: \u0e3f 6'999.00 f\u00fcr 2 Personen","og_url":"https:\/\/www.easydivers-thailand.com\/de\/produkt\/koh-tan-koh-madsum-island-tour\/","og_site_name":"Easy Divers Thailand","article_publisher":"https:\/\/www.facebook.com\/easydiverskohsamuiteam\/","article_modified_time":"2022-05-01T23:26:05+00:00","og_image":[{"width":1200,"height":800,"url":"https:\/\/www.easydivers-thailand.com\/wp-content\/uploads\/2018\/11\/Koh-Madsum.jpg","type":"image\/jpeg"}],"twitter_card":"summary_large_image","twitter_site":"@EasyKoh","twitter_misc":{"Gesch\u00e4tzte Lesezeit":"1\u00a0Minute"},"schema":{"@context":"https:\/\/schema.org","@graph":[{"@type":"WebPage","@id":"https:\/\/www.easydivers-thailand.com\/de\/produkt\/koh-tan-koh-madsum-island-tour\/","url":"https:\/\/www.easydivers-thailand.com\/de\/produkt\/koh-tan-koh-madsum-island-tour\/","name":"Koh Tan \/ Koh Madsum Island Tour | Easy Divers Thailand","isPartOf":{"@id":"https:\/\/www.easydivers-thailand.com\/de\/#website"},"primaryImageOfPage":{"@id":"https:\/\/www.easydivers-thailand.com\/de\/produkt\/koh-tan-koh-madsum-island-tour\/#primaryimage"},"image":{"@id":"https:\/\/www.easydivers-thailand.com\/de\/produkt\/koh-tan-koh-madsum-island-tour\/#primaryimage"},"thumbnailUrl":"https:\/\/www.easydivers-thailand.com\/wp-content\/uploads\/2018\/11\/Koh-Madsum.jpg","datePublished":"2018-11-12T00:47:34+00:00","dateModified":"2022-05-01T23:26:05+00:00","breadcrumb":{"@id":"https:\/\/www.easydivers-thailand.com\/de\/produkt\/koh-tan-koh-madsum-island-tour\/#breadcrumb"},"inLanguage":"de","potentialAction":[{"@type":"ReadAction","target":["https:\/\/www.easydivers-thailand.com\/de\/produkt\/koh-tan-koh-madsum-island-tour\/"]}]},{"@type":"ImageObject","inLanguage":"de","@id":"https:\/\/www.easydivers-thailand.com\/de\/produkt\/koh-tan-koh-madsum-island-tour\/#primaryimage","url":"https:\/\/www.easydivers-thailand.com\/wp-content\/uploads\/2018\/11\/Koh-Madsum.jpg","contentUrl":"https:\/\/www.easydivers-thailand.com\/wp-content\/uploads\/2018\/11\/Koh-Madsum.jpg","width":1200,"height":800,"caption":"Koh Madsum"},{"@type":"BreadcrumbList","@id":"https:\/\/www.easydivers-thailand.com\/de\/produkt\/koh-tan-koh-madsum-island-tour\/#breadcrumb","itemListElement":[{"@type":"ListItem","position":1,"name":"Home","item":"https:\/\/www.easydivers-thailand.com\/de\/"},{"@type":"ListItem","position":2,"name":"Shop","item":"https:\/\/www.easydivers-thailand.com\/de\/shop\/"},{"@type":"ListItem","position":3,"name":"Koh Tan \/ Koh Madsum Island Tour"}]},{"@type":"WebSite","@id":"https:\/\/www.easydivers-thailand.com\/de\/#website","url":"https:\/\/www.easydivers-thailand.com\/de\/","name":"Easy Divers Thailand","description":"My WordPress Blog","potentialAction":[{"@type":"SearchAction","target":{"@type":"EntryPoint","urlTemplate":"https:\/\/www.easydivers-thailand.com\/de\/?s={search_term_string}"},"query-input":{"@type":"PropertyValueSpecification","valueRequired":true,"valueName":"search_term_string"}}],"inLanguage":"de"}]}},"_links":{"self":[{"href":"https:\/\/www.easydivers-thailand.com\/de\/wp-json\/wp\/v2\/product\/7458","targetHints":{"allow":["GET"]}}],"collection":[{"href":"https:\/\/www.easydivers-thailand.com\/de\/wp-json\/wp\/v2\/product"}],"about":[{"href":"https:\/\/www.easydivers-thailand.com\/de\/wp-json\/wp\/v2\/types\/product"}],"wp:featuredmedia":[{"embeddable":true,"href":"https:\/\/www.easydivers-thailand.com\/de\/wp-json\/wp\/v2\/media\/13232"}],"wp:attachment":[{"href":"https:\/\/www.easydivers-thailand.com\/de\/wp-json\/wp\/v2\/media?parent=7458"}],"wp:term":[{"taxonomy":"product_brand","embeddable":true,"href":"https:\/\/www.easydivers-thailand.com\/de\/wp-json\/wp\/v2\/product_brand?post=7458"},{"taxonomy":"product_cat","embeddable":true,"href":"https:\/\/www.easydivers-thailand.com\/de\/wp-json\/wp\/v2\/product_cat?post=7458"},{"taxonomy":"product_tag","embeddable":true,"href":"https:\/\/www.easydivers-thailand.com\/de\/wp-json\/wp\/v2\/product_tag?post=7458"}],"curies":[{"name":"wp","href":"https:\/\/api.w.org\/{rel}","templated":true}]}}