{"id":7722,"date":"2018-12-06T07:05:54","date_gmt":"2018-12-06T00:05:54","guid":{"rendered":"https:\/\/www.easydivers-thailand.com\/product\/tauchtouren-mit-einer-sunseeker-motoryacht\/"},"modified":"2022-05-02T07:03:03","modified_gmt":"2022-05-02T00:03:03","slug":"tauchtouren-mit-einer-sunseeker-motoryacht","status":"publish","type":"product","link":"https:\/\/www.easydivers-thailand.com\/de\/produkt\/tauchtouren-mit-einer-sunseeker-motoryacht\/","title":{"rendered":"Tauchtouren mit einer Sunseeker Motoryacht"},"content":{"rendered":"<p>G\u00f6nnen Sie sich totalen Luxus und lassen Sie sich mit dieser wundersch\u00f6nen Yacht zu einem unvergesslichen Tag beim Tauchen und Schnorcheln am Tauchplatz Ihrer W\u00fcnsche entf\u00fchren.<\/p>\n<p>Wir k\u00f6nnen Touren nach Koh Tao, Anthong Marine Park, Sail Rock oder Koh Ma im Norden von Koh Phangan arrangieren, sodass die Tour an Ihre Taucherfahrung und Ihr Ziel angepasst werden kann.<\/p>\n<p>Der Tourplan ist flexibel. Es stehen \u00bd Tage und ganzt\u00e4gige Optionen zur Verf\u00fcgung. Die Tour beinhaltet Hoteltransfer, eine private Motoryacht des weltbekannten  britischen Herstellers Sunseeker, alkoholfreie Getr\u00e4nke, Schnorchel- und Tauchausr\u00fcstung, Tauchlehrer und einen Schnorchelf\u00fchrer.<\/p>\n<p>Das Mittagessen kann nach Ihren W\u00fcnschen arrangiert werden &#8211; entweder Picknick, thail\u00e4ndisches Essen oder Meeresfr\u00fcchte-BBQ auf dem Boot.<\/p>\n","protected":false},"excerpt":{"rendered":"<p><span class=\"mypriceclass\">Preis ab: \u0e3f 50&#8217;000.00<\/span><\/p>\n","protected":false},"featured_media":7654,"template":"","meta":{"_acf_changed":false},"product_brand":[],"product_cat":[148],"product_tag":[150,149],"class_list":{"0":"post-7722","1":"product","2":"type-product","3":"status-publish","4":"has-post-thumbnail","6":"product_cat-charter-boot","7":"product_tag-private-yacht-de","8":"product_tag-segeln-und-tauchen","10":"first","11":"instock","12":"virtual","13":"purchasable","14":"product-type-simple"},"acf":[],"yoast_head":"<!-- This site is optimized with the Yoast SEO plugin v27.4 - https:\/\/yoast.com\/product\/yoast-seo-wordpress\/ -->\n<title>Tauchtouren mit einer Sunseeker Motoryacht | Easy Divers Thailand<\/title>\n<meta name=\"description\" content=\"G\u00f6nnen Sie sich totalen Luxus und lassen Sie sich mit dieser wundersch\u00f6nen Yacht zu einem unvergesslichen Tag beim Tauchen und Schnorcheln am Tauchplatz Ihrer W\u00fcnsche entf\u00fchren.\" \/>\n<meta name=\"robots\" content=\"index, follow, max-snippet:-1, max-image-preview:large, max-video-preview:-1\" \/>\n<link rel=\"canonical\" href=\"https:\/\/www.easydivers-thailand.com\/de\/produkt\/tauchtouren-mit-einer-sunseeker-motoryacht\/\" \/>\n<meta property=\"og:locale\" content=\"de_DE\" \/>\n<meta property=\"og:type\" content=\"article\" \/>\n<meta property=\"og:title\" content=\"Tauchtouren mit einer Sunseeker Motoryacht\" \/>\n<meta property=\"og:description\" content=\"G\u00f6nnen Sie sich totalen Luxus und lassen Sie sich mit dieser wundersch\u00f6nen Yacht zu einem unvergesslichen Tag beim Tauchen und Schnorcheln am Tauchplatz Ihrer W\u00fcnsche entf\u00fchren.\" \/>\n<meta property=\"og:url\" content=\"https:\/\/www.easydivers-thailand.com\/de\/produkt\/tauchtouren-mit-einer-sunseeker-motoryacht\/\" \/>\n<meta property=\"og:site_name\" content=\"Easy Divers Thailand\" \/>\n<meta property=\"article:publisher\" content=\"https:\/\/www.facebook.com\/easydiverskohsamuiteam\/\" \/>\n<meta property=\"article:modified_time\" content=\"2022-05-02T00:03:03+00:00\" \/>\n<meta property=\"og:image\" content=\"https:\/\/www.easydivers-thailand.com\/wp-content\/uploads\/2018\/12\/Private-Yacht-Social-01.jpg\" \/>\n\t<meta property=\"og:image:width\" content=\"1200\" \/>\n\t<meta property=\"og:image:height\" content=\"630\" \/>\n\t<meta property=\"og:image:type\" content=\"image\/jpeg\" \/>\n<meta name=\"twitter:card\" content=\"summary_large_image\" \/>\n<meta name=\"twitter:site\" content=\"@EasyKoh\" \/>\n<meta name=\"twitter:label1\" content=\"Gesch\u00e4tzte Lesezeit\" \/>\n\t<meta name=\"twitter:data1\" content=\"1\u00a0Minute\" \/>\n<script type=\"application\/ld+json\" class=\"yoast-schema-graph\">{\"@context\":\"https:\\\/\\\/schema.org\",\"@graph\":[{\"@type\":\"WebPage\",\"@id\":\"https:\\\/\\\/www.easydivers-thailand.com\\\/de\\\/produkt\\\/tauchtouren-mit-einer-sunseeker-motoryacht\\\/\",\"url\":\"https:\\\/\\\/www.easydivers-thailand.com\\\/de\\\/produkt\\\/tauchtouren-mit-einer-sunseeker-motoryacht\\\/\",\"name\":\"Tauchtouren mit einer Sunseeker Motoryacht | Easy Divers Thailand\",\"isPartOf\":{\"@id\":\"https:\\\/\\\/www.easydivers-thailand.com\\\/de\\\/#website\"},\"primaryImageOfPage\":{\"@id\":\"https:\\\/\\\/www.easydivers-thailand.com\\\/de\\\/produkt\\\/tauchtouren-mit-einer-sunseeker-motoryacht\\\/#primaryimage\"},\"image\":{\"@id\":\"https:\\\/\\\/www.easydivers-thailand.com\\\/de\\\/produkt\\\/tauchtouren-mit-einer-sunseeker-motoryacht\\\/#primaryimage\"},\"thumbnailUrl\":\"https:\\\/\\\/www.easydivers-thailand.com\\\/wp-content\\\/uploads\\\/2018\\\/12\\\/Private-Yacht-00.jpg\",\"datePublished\":\"2018-12-06T00:05:54+00:00\",\"dateModified\":\"2022-05-02T00:03:03+00:00\",\"description\":\"G\u00f6nnen Sie sich totalen Luxus und lassen Sie sich mit dieser wundersch\u00f6nen Yacht zu einem unvergesslichen Tag beim Tauchen und Schnorcheln am Tauchplatz Ihrer W\u00fcnsche entf\u00fchren.\",\"breadcrumb\":{\"@id\":\"https:\\\/\\\/www.easydivers-thailand.com\\\/de\\\/produkt\\\/tauchtouren-mit-einer-sunseeker-motoryacht\\\/#breadcrumb\"},\"inLanguage\":\"de\",\"potentialAction\":[{\"@type\":\"ReadAction\",\"target\":[\"https:\\\/\\\/www.easydivers-thailand.com\\\/de\\\/produkt\\\/tauchtouren-mit-einer-sunseeker-motoryacht\\\/\"]}]},{\"@type\":\"ImageObject\",\"inLanguage\":\"de\",\"@id\":\"https:\\\/\\\/www.easydivers-thailand.com\\\/de\\\/produkt\\\/tauchtouren-mit-einer-sunseeker-motoryacht\\\/#primaryimage\",\"url\":\"https:\\\/\\\/www.easydivers-thailand.com\\\/wp-content\\\/uploads\\\/2018\\\/12\\\/Private-Yacht-00.jpg\",\"contentUrl\":\"https:\\\/\\\/www.easydivers-thailand.com\\\/wp-content\\\/uploads\\\/2018\\\/12\\\/Private-Yacht-00.jpg\",\"width\":1200,\"height\":800,\"caption\":\"Tauchtouren mit einer Sunseeker Motoryacht\"},{\"@type\":\"BreadcrumbList\",\"@id\":\"https:\\\/\\\/www.easydivers-thailand.com\\\/de\\\/produkt\\\/tauchtouren-mit-einer-sunseeker-motoryacht\\\/#breadcrumb\",\"itemListElement\":[{\"@type\":\"ListItem\",\"position\":1,\"name\":\"Home\",\"item\":\"https:\\\/\\\/www.easydivers-thailand.com\\\/de\\\/\"},{\"@type\":\"ListItem\",\"position\":2,\"name\":\"Shop\",\"item\":\"https:\\\/\\\/www.easydivers-thailand.com\\\/de\\\/shop\\\/\"},{\"@type\":\"ListItem\",\"position\":3,\"name\":\"Tauchtouren mit einer Sunseeker Motoryacht\"}]},{\"@type\":\"WebSite\",\"@id\":\"https:\\\/\\\/www.easydivers-thailand.com\\\/de\\\/#website\",\"url\":\"https:\\\/\\\/www.easydivers-thailand.com\\\/de\\\/\",\"name\":\"Easy Divers Thailand\",\"description\":\"My WordPress Blog\",\"potentialAction\":[{\"@type\":\"SearchAction\",\"target\":{\"@type\":\"EntryPoint\",\"urlTemplate\":\"https:\\\/\\\/www.easydivers-thailand.com\\\/de\\\/?s={search_term_string}\"},\"query-input\":{\"@type\":\"PropertyValueSpecification\",\"valueRequired\":true,\"valueName\":\"search_term_string\"}}],\"inLanguage\":\"de\"}]}<\/script>\n<!-- \/ Yoast SEO plugin. -->","yoast_head_json":{"title":"Tauchtouren mit einer Sunseeker Motoryacht | Easy Divers Thailand","description":"G\u00f6nnen Sie sich totalen Luxus und lassen Sie sich mit dieser wundersch\u00f6nen Yacht zu einem unvergesslichen Tag beim Tauchen und Schnorcheln am Tauchplatz Ihrer W\u00fcnsche entf\u00fchren.","robots":{"index":"index","follow":"follow","max-snippet":"max-snippet:-1","max-image-preview":"max-image-preview:large","max-video-preview":"max-video-preview:-1"},"canonical":"https:\/\/www.easydivers-thailand.com\/de\/produkt\/tauchtouren-mit-einer-sunseeker-motoryacht\/","og_locale":"de_DE","og_type":"article","og_title":"Tauchtouren mit einer Sunseeker Motoryacht","og_description":"G\u00f6nnen Sie sich totalen Luxus und lassen Sie sich mit dieser wundersch\u00f6nen Yacht zu einem unvergesslichen Tag beim Tauchen und Schnorcheln am Tauchplatz Ihrer W\u00fcnsche entf\u00fchren.","og_url":"https:\/\/www.easydivers-thailand.com\/de\/produkt\/tauchtouren-mit-einer-sunseeker-motoryacht\/","og_site_name":"Easy Divers Thailand","article_publisher":"https:\/\/www.facebook.com\/easydiverskohsamuiteam\/","article_modified_time":"2022-05-02T00:03:03+00:00","og_image":[{"width":1200,"height":630,"url":"https:\/\/www.easydivers-thailand.com\/wp-content\/uploads\/2018\/12\/Private-Yacht-Social-01.jpg","type":"image\/jpeg"}],"twitter_card":"summary_large_image","twitter_site":"@EasyKoh","twitter_misc":{"Gesch\u00e4tzte Lesezeit":"1\u00a0Minute"},"schema":{"@context":"https:\/\/schema.org","@graph":[{"@type":"WebPage","@id":"https:\/\/www.easydivers-thailand.com\/de\/produkt\/tauchtouren-mit-einer-sunseeker-motoryacht\/","url":"https:\/\/www.easydivers-thailand.com\/de\/produkt\/tauchtouren-mit-einer-sunseeker-motoryacht\/","name":"Tauchtouren mit einer Sunseeker Motoryacht | Easy Divers Thailand","isPartOf":{"@id":"https:\/\/www.easydivers-thailand.com\/de\/#website"},"primaryImageOfPage":{"@id":"https:\/\/www.easydivers-thailand.com\/de\/produkt\/tauchtouren-mit-einer-sunseeker-motoryacht\/#primaryimage"},"image":{"@id":"https:\/\/www.easydivers-thailand.com\/de\/produkt\/tauchtouren-mit-einer-sunseeker-motoryacht\/#primaryimage"},"thumbnailUrl":"https:\/\/www.easydivers-thailand.com\/wp-content\/uploads\/2018\/12\/Private-Yacht-00.jpg","datePublished":"2018-12-06T00:05:54+00:00","dateModified":"2022-05-02T00:03:03+00:00","description":"G\u00f6nnen Sie sich totalen Luxus und lassen Sie sich mit dieser wundersch\u00f6nen Yacht zu einem unvergesslichen Tag beim Tauchen und Schnorcheln am Tauchplatz Ihrer W\u00fcnsche entf\u00fchren.","breadcrumb":{"@id":"https:\/\/www.easydivers-thailand.com\/de\/produkt\/tauchtouren-mit-einer-sunseeker-motoryacht\/#breadcrumb"},"inLanguage":"de","potentialAction":[{"@type":"ReadAction","target":["https:\/\/www.easydivers-thailand.com\/de\/produkt\/tauchtouren-mit-einer-sunseeker-motoryacht\/"]}]},{"@type":"ImageObject","inLanguage":"de","@id":"https:\/\/www.easydivers-thailand.com\/de\/produkt\/tauchtouren-mit-einer-sunseeker-motoryacht\/#primaryimage","url":"https:\/\/www.easydivers-thailand.com\/wp-content\/uploads\/2018\/12\/Private-Yacht-00.jpg","contentUrl":"https:\/\/www.easydivers-thailand.com\/wp-content\/uploads\/2018\/12\/Private-Yacht-00.jpg","width":1200,"height":800,"caption":"Tauchtouren mit einer Sunseeker Motoryacht"},{"@type":"BreadcrumbList","@id":"https:\/\/www.easydivers-thailand.com\/de\/produkt\/tauchtouren-mit-einer-sunseeker-motoryacht\/#breadcrumb","itemListElement":[{"@type":"ListItem","position":1,"name":"Home","item":"https:\/\/www.easydivers-thailand.com\/de\/"},{"@type":"ListItem","position":2,"name":"Shop","item":"https:\/\/www.easydivers-thailand.com\/de\/shop\/"},{"@type":"ListItem","position":3,"name":"Tauchtouren mit einer Sunseeker Motoryacht"}]},{"@type":"WebSite","@id":"https:\/\/www.easydivers-thailand.com\/de\/#website","url":"https:\/\/www.easydivers-thailand.com\/de\/","name":"Easy Divers Thailand","description":"My WordPress Blog","potentialAction":[{"@type":"SearchAction","target":{"@type":"EntryPoint","urlTemplate":"https:\/\/www.easydivers-thailand.com\/de\/?s={search_term_string}"},"query-input":{"@type":"PropertyValueSpecification","valueRequired":true,"valueName":"search_term_string"}}],"inLanguage":"de"}]}},"_links":{"self":[{"href":"https:\/\/www.easydivers-thailand.com\/de\/wp-json\/wp\/v2\/product\/7722","targetHints":{"allow":["GET"]}}],"collection":[{"href":"https:\/\/www.easydivers-thailand.com\/de\/wp-json\/wp\/v2\/product"}],"about":[{"href":"https:\/\/www.easydivers-thailand.com\/de\/wp-json\/wp\/v2\/types\/product"}],"wp:featuredmedia":[{"embeddable":true,"href":"https:\/\/www.easydivers-thailand.com\/de\/wp-json\/wp\/v2\/media\/7654"}],"wp:attachment":[{"href":"https:\/\/www.easydivers-thailand.com\/de\/wp-json\/wp\/v2\/media?parent=7722"}],"wp:term":[{"taxonomy":"product_brand","embeddable":true,"href":"https:\/\/www.easydivers-thailand.com\/de\/wp-json\/wp\/v2\/product_brand?post=7722"},{"taxonomy":"product_cat","embeddable":true,"href":"https:\/\/www.easydivers-thailand.com\/de\/wp-json\/wp\/v2\/product_cat?post=7722"},{"taxonomy":"product_tag","embeddable":true,"href":"https:\/\/www.easydivers-thailand.com\/de\/wp-json\/wp\/v2\/product_tag?post=7722"}],"curies":[{"name":"wp","href":"https:\/\/api.w.org\/{rel}","templated":true}]}}