{"id":7723,"date":"2018-12-06T07:07:10","date_gmt":"2018-12-06T00:07:10","guid":{"rendered":"https:\/\/www.easydivers-thailand.com\/product\/segeln-und-tauchen\/"},"modified":"2022-05-02T07:03:39","modified_gmt":"2022-05-02T00:03:39","slug":"segeln-und-tauchen","status":"publish","type":"product","link":"https:\/\/www.easydivers-thailand.com\/de\/produkt\/segeln-und-tauchen\/","title":{"rendered":"Segeln und Tauchen"},"content":{"rendered":"<p>Ist es nicht wunderbar, das Rauschen der Wellen zu h\u00f6ren, w\u00e4hrend Sie die Aussicht auf die atemberaubenden Str\u00e4nde unserer sch\u00f6nen Nachbarinsel Koh Phangan genie\u00dfen? Kein Motorger\u00e4usch, nur Sonne, Meer und Wind.<br \/>\nWir segeln nach Koh Ma im Norden von Koh Phangan, wo zertifizierte Taucher die M\u00f6glichkeit haben, an einem sch\u00f6nen Korallenriff einen entspannenden Tauchgang zu machen. Schnuppertaucher k\u00f6nnen ihr erstes Taucherlebnis genie\u00dfen, w\u00e4hrend Schnorchler das Riff von der Oberfl\u00e4che aus erkunden k\u00f6nnen. Es besteht auch die M\u00f6glichkeit an einen der sch\u00f6nsten Str\u00e4nde von Koh Phangan zu schwimmen.<\/p>\n<p>Die Tour beinhaltet Hoteltransfer, einen mittelgro\u00dfen Segelkatamaran, Erfrischungsgetr\u00e4nke, Schnorchel- und Tauchausr\u00fcstung, Tauchlehrer und Schnorchelguide.<\/p>\n<p>Das Mittagessen kann nach Ihren W\u00fcnschen arrangiert werden- entweder Picknick, thail\u00e4ndisches Essen oder Meeresfr\u00fcchte-BBQ auf dem Boot.<\/p>\n","protected":false},"excerpt":{"rendered":"<p><span class=\"mypriceclass\">Preis ab: \u0e3f 35&#8217;000.00<\/span><\/p>\n","protected":false},"featured_media":7820,"template":"","meta":{"_acf_changed":false},"product_brand":[],"product_cat":[148],"product_tag":[150,149],"class_list":{"0":"post-7723","1":"product","2":"type-product","3":"status-publish","4":"has-post-thumbnail","6":"product_cat-charter-boot","7":"product_tag-private-yacht-de","8":"product_tag-segeln-und-tauchen","10":"first","11":"instock","12":"virtual","13":"purchasable","14":"product-type-simple"},"acf":[],"yoast_head":"<!-- This site is optimized with the Yoast SEO plugin v27.3 - https:\/\/yoast.com\/product\/yoast-seo-wordpress\/ -->\n<title>Segeln und Tauchen | Easy Divers Thailand<\/title>\n<meta name=\"description\" content=\"Ist es nicht wunderbar, das Rauschen der Wellen zu h\u00f6ren, w\u00e4hrend Sie die Aussicht auf die atemberaubenden Str\u00e4nde unserer sch\u00f6nen Nachbarinsel Koh Phangan genie\u00dfen? Kein Motorger\u00e4usch, nur Sonne, Meer und Wind\" \/>\n<meta name=\"robots\" content=\"index, follow, max-snippet:-1, max-image-preview:large, max-video-preview:-1\" \/>\n<link rel=\"canonical\" href=\"https:\/\/www.easydivers-thailand.com\/de\/produkt\/segeln-und-tauchen\/\" \/>\n<meta property=\"og:locale\" content=\"de_DE\" \/>\n<meta property=\"og:type\" content=\"article\" \/>\n<meta property=\"og:title\" content=\"Segeln und Tauchen\" \/>\n<meta property=\"og:description\" content=\"Ist es nicht wunderbar, das Rauschen der Wellen zu h\u00f6ren, w\u00e4hrend Sie die Aussicht auf die atemberaubenden Str\u00e4nde unserer sch\u00f6nen Nachbarinsel Koh Phangan genie\u00dfen? Kein Motorger\u00e4usch, nur Sonne, Meer und Wind\" \/>\n<meta property=\"og:url\" content=\"https:\/\/www.easydivers-thailand.com\/de\/produkt\/segeln-und-tauchen\/\" \/>\n<meta property=\"og:site_name\" content=\"Easy Divers Thailand\" \/>\n<meta property=\"article:publisher\" content=\"https:\/\/www.facebook.com\/easydiverskohsamuiteam\/\" \/>\n<meta property=\"article:modified_time\" content=\"2022-05-02T00:03:39+00:00\" \/>\n<meta property=\"og:image\" content=\"https:\/\/www.easydivers-thailand.com\/wp-content\/uploads\/2018\/12\/Sailing-and-Diving-Social.jpg\" \/>\n\t<meta property=\"og:image:width\" content=\"1200\" \/>\n\t<meta property=\"og:image:height\" content=\"630\" \/>\n\t<meta property=\"og:image:type\" content=\"image\/jpeg\" \/>\n<meta name=\"twitter:card\" content=\"summary_large_image\" \/>\n<meta name=\"twitter:site\" content=\"@EasyKoh\" \/>\n<meta name=\"twitter:label1\" content=\"Gesch\u00e4tzte Lesezeit\" \/>\n\t<meta name=\"twitter:data1\" content=\"1\u00a0Minute\" \/>\n<script type=\"application\/ld+json\" class=\"yoast-schema-graph\">{\"@context\":\"https:\\\/\\\/schema.org\",\"@graph\":[{\"@type\":\"WebPage\",\"@id\":\"https:\\\/\\\/www.easydivers-thailand.com\\\/de\\\/produkt\\\/segeln-und-tauchen\\\/\",\"url\":\"https:\\\/\\\/www.easydivers-thailand.com\\\/de\\\/produkt\\\/segeln-und-tauchen\\\/\",\"name\":\"Segeln und Tauchen | Easy Divers Thailand\",\"isPartOf\":{\"@id\":\"https:\\\/\\\/www.easydivers-thailand.com\\\/de\\\/#website\"},\"primaryImageOfPage\":{\"@id\":\"https:\\\/\\\/www.easydivers-thailand.com\\\/de\\\/produkt\\\/segeln-und-tauchen\\\/#primaryimage\"},\"image\":{\"@id\":\"https:\\\/\\\/www.easydivers-thailand.com\\\/de\\\/produkt\\\/segeln-und-tauchen\\\/#primaryimage\"},\"thumbnailUrl\":\"https:\\\/\\\/www.easydivers-thailand.com\\\/wp-content\\\/uploads\\\/2018\\\/12\\\/Sailing-and-Scuba-Diving-03.jpg\",\"datePublished\":\"2018-12-06T00:07:10+00:00\",\"dateModified\":\"2022-05-02T00:03:39+00:00\",\"description\":\"Ist es nicht wunderbar, das Rauschen der Wellen zu h\u00f6ren, w\u00e4hrend Sie die Aussicht auf die atemberaubenden Str\u00e4nde unserer sch\u00f6nen Nachbarinsel Koh Phangan genie\u00dfen? Kein Motorger\u00e4usch, nur Sonne, Meer und Wind\",\"breadcrumb\":{\"@id\":\"https:\\\/\\\/www.easydivers-thailand.com\\\/de\\\/produkt\\\/segeln-und-tauchen\\\/#breadcrumb\"},\"inLanguage\":\"de\",\"potentialAction\":[{\"@type\":\"ReadAction\",\"target\":[\"https:\\\/\\\/www.easydivers-thailand.com\\\/de\\\/produkt\\\/segeln-und-tauchen\\\/\"]}]},{\"@type\":\"ImageObject\",\"inLanguage\":\"de\",\"@id\":\"https:\\\/\\\/www.easydivers-thailand.com\\\/de\\\/produkt\\\/segeln-und-tauchen\\\/#primaryimage\",\"url\":\"https:\\\/\\\/www.easydivers-thailand.com\\\/wp-content\\\/uploads\\\/2018\\\/12\\\/Sailing-and-Scuba-Diving-03.jpg\",\"contentUrl\":\"https:\\\/\\\/www.easydivers-thailand.com\\\/wp-content\\\/uploads\\\/2018\\\/12\\\/Sailing-and-Scuba-Diving-03.jpg\",\"width\":1200,\"height\":800,\"caption\":\"Sailing and Diving\"},{\"@type\":\"BreadcrumbList\",\"@id\":\"https:\\\/\\\/www.easydivers-thailand.com\\\/de\\\/produkt\\\/segeln-und-tauchen\\\/#breadcrumb\",\"itemListElement\":[{\"@type\":\"ListItem\",\"position\":1,\"name\":\"Home\",\"item\":\"https:\\\/\\\/www.easydivers-thailand.com\\\/de\\\/\"},{\"@type\":\"ListItem\",\"position\":2,\"name\":\"Shop\",\"item\":\"https:\\\/\\\/www.easydivers-thailand.com\\\/de\\\/shop\\\/\"},{\"@type\":\"ListItem\",\"position\":3,\"name\":\"Segeln und Tauchen\"}]},{\"@type\":\"WebSite\",\"@id\":\"https:\\\/\\\/www.easydivers-thailand.com\\\/de\\\/#website\",\"url\":\"https:\\\/\\\/www.easydivers-thailand.com\\\/de\\\/\",\"name\":\"Easy Divers Thailand\",\"description\":\"My WordPress Blog\",\"potentialAction\":[{\"@type\":\"SearchAction\",\"target\":{\"@type\":\"EntryPoint\",\"urlTemplate\":\"https:\\\/\\\/www.easydivers-thailand.com\\\/de\\\/?s={search_term_string}\"},\"query-input\":{\"@type\":\"PropertyValueSpecification\",\"valueRequired\":true,\"valueName\":\"search_term_string\"}}],\"inLanguage\":\"de\"}]}<\/script>\n<!-- \/ Yoast SEO plugin. -->","yoast_head_json":{"title":"Segeln und Tauchen | Easy Divers Thailand","description":"Ist es nicht wunderbar, das Rauschen der Wellen zu h\u00f6ren, w\u00e4hrend Sie die Aussicht auf die atemberaubenden Str\u00e4nde unserer sch\u00f6nen Nachbarinsel Koh Phangan genie\u00dfen? Kein Motorger\u00e4usch, nur Sonne, Meer und Wind","robots":{"index":"index","follow":"follow","max-snippet":"max-snippet:-1","max-image-preview":"max-image-preview:large","max-video-preview":"max-video-preview:-1"},"canonical":"https:\/\/www.easydivers-thailand.com\/de\/produkt\/segeln-und-tauchen\/","og_locale":"de_DE","og_type":"article","og_title":"Segeln und Tauchen","og_description":"Ist es nicht wunderbar, das Rauschen der Wellen zu h\u00f6ren, w\u00e4hrend Sie die Aussicht auf die atemberaubenden Str\u00e4nde unserer sch\u00f6nen Nachbarinsel Koh Phangan genie\u00dfen? Kein Motorger\u00e4usch, nur Sonne, Meer und Wind","og_url":"https:\/\/www.easydivers-thailand.com\/de\/produkt\/segeln-und-tauchen\/","og_site_name":"Easy Divers Thailand","article_publisher":"https:\/\/www.facebook.com\/easydiverskohsamuiteam\/","article_modified_time":"2022-05-02T00:03:39+00:00","og_image":[{"width":1200,"height":630,"url":"https:\/\/www.easydivers-thailand.com\/wp-content\/uploads\/2018\/12\/Sailing-and-Diving-Social.jpg","type":"image\/jpeg"}],"twitter_card":"summary_large_image","twitter_site":"@EasyKoh","twitter_misc":{"Gesch\u00e4tzte Lesezeit":"1\u00a0Minute"},"schema":{"@context":"https:\/\/schema.org","@graph":[{"@type":"WebPage","@id":"https:\/\/www.easydivers-thailand.com\/de\/produkt\/segeln-und-tauchen\/","url":"https:\/\/www.easydivers-thailand.com\/de\/produkt\/segeln-und-tauchen\/","name":"Segeln und Tauchen | Easy Divers Thailand","isPartOf":{"@id":"https:\/\/www.easydivers-thailand.com\/de\/#website"},"primaryImageOfPage":{"@id":"https:\/\/www.easydivers-thailand.com\/de\/produkt\/segeln-und-tauchen\/#primaryimage"},"image":{"@id":"https:\/\/www.easydivers-thailand.com\/de\/produkt\/segeln-und-tauchen\/#primaryimage"},"thumbnailUrl":"https:\/\/www.easydivers-thailand.com\/wp-content\/uploads\/2018\/12\/Sailing-and-Scuba-Diving-03.jpg","datePublished":"2018-12-06T00:07:10+00:00","dateModified":"2022-05-02T00:03:39+00:00","description":"Ist es nicht wunderbar, das Rauschen der Wellen zu h\u00f6ren, w\u00e4hrend Sie die Aussicht auf die atemberaubenden Str\u00e4nde unserer sch\u00f6nen Nachbarinsel Koh Phangan genie\u00dfen? Kein Motorger\u00e4usch, nur Sonne, Meer und Wind","breadcrumb":{"@id":"https:\/\/www.easydivers-thailand.com\/de\/produkt\/segeln-und-tauchen\/#breadcrumb"},"inLanguage":"de","potentialAction":[{"@type":"ReadAction","target":["https:\/\/www.easydivers-thailand.com\/de\/produkt\/segeln-und-tauchen\/"]}]},{"@type":"ImageObject","inLanguage":"de","@id":"https:\/\/www.easydivers-thailand.com\/de\/produkt\/segeln-und-tauchen\/#primaryimage","url":"https:\/\/www.easydivers-thailand.com\/wp-content\/uploads\/2018\/12\/Sailing-and-Scuba-Diving-03.jpg","contentUrl":"https:\/\/www.easydivers-thailand.com\/wp-content\/uploads\/2018\/12\/Sailing-and-Scuba-Diving-03.jpg","width":1200,"height":800,"caption":"Sailing and Diving"},{"@type":"BreadcrumbList","@id":"https:\/\/www.easydivers-thailand.com\/de\/produkt\/segeln-und-tauchen\/#breadcrumb","itemListElement":[{"@type":"ListItem","position":1,"name":"Home","item":"https:\/\/www.easydivers-thailand.com\/de\/"},{"@type":"ListItem","position":2,"name":"Shop","item":"https:\/\/www.easydivers-thailand.com\/de\/shop\/"},{"@type":"ListItem","position":3,"name":"Segeln und Tauchen"}]},{"@type":"WebSite","@id":"https:\/\/www.easydivers-thailand.com\/de\/#website","url":"https:\/\/www.easydivers-thailand.com\/de\/","name":"Easy Divers Thailand","description":"My WordPress Blog","potentialAction":[{"@type":"SearchAction","target":{"@type":"EntryPoint","urlTemplate":"https:\/\/www.easydivers-thailand.com\/de\/?s={search_term_string}"},"query-input":{"@type":"PropertyValueSpecification","valueRequired":true,"valueName":"search_term_string"}}],"inLanguage":"de"}]}},"_links":{"self":[{"href":"https:\/\/www.easydivers-thailand.com\/de\/wp-json\/wp\/v2\/product\/7723","targetHints":{"allow":["GET"]}}],"collection":[{"href":"https:\/\/www.easydivers-thailand.com\/de\/wp-json\/wp\/v2\/product"}],"about":[{"href":"https:\/\/www.easydivers-thailand.com\/de\/wp-json\/wp\/v2\/types\/product"}],"wp:featuredmedia":[{"embeddable":true,"href":"https:\/\/www.easydivers-thailand.com\/de\/wp-json\/wp\/v2\/media\/7820"}],"wp:attachment":[{"href":"https:\/\/www.easydivers-thailand.com\/de\/wp-json\/wp\/v2\/media?parent=7723"}],"wp:term":[{"taxonomy":"product_brand","embeddable":true,"href":"https:\/\/www.easydivers-thailand.com\/de\/wp-json\/wp\/v2\/product_brand?post=7723"},{"taxonomy":"product_cat","embeddable":true,"href":"https:\/\/www.easydivers-thailand.com\/de\/wp-json\/wp\/v2\/product_cat?post=7723"},{"taxonomy":"product_tag","embeddable":true,"href":"https:\/\/www.easydivers-thailand.com\/de\/wp-json\/wp\/v2\/product_tag?post=7723"}],"curies":[{"name":"wp","href":"https:\/\/api.w.org\/{rel}","templated":true}]}}