{"id":6871,"date":"2018-09-27T09:08:11","date_gmt":"2018-09-27T02:08:11","guid":{"rendered":"https:\/\/easydivers.samui-web-design.com\/?page_id=6871"},"modified":"2019-03-10T22:52:56","modified_gmt":"2019-03-10T15:52:56","slug":"a-propos-de-nous-easy-divers","status":"publish","type":"page","link":"https:\/\/www.easydivers-thailand.com\/fr\/a-propos-de-nous-easy-divers\/","title":{"rendered":"A propos de nous"},"content":{"rendered":"<section class=\"l-section wpb_row height_small\"><div class=\"l-section-h i-cf\"><div class=\"g-cols vc_row via_flex valign_top type_default stacking_default\"><div class=\"vc_col-sm-4 wpb_column vc_column_container\"><div class=\"vc_column-inner\"><div class=\"wpb_wrapper\"><div class=\"w-image align_center\"><div class=\"w-image-h\"><img decoding=\"async\" width=\"300\" height=\"386\" src=\"https:\/\/www.easydivers-thailand.com\/wp-content\/uploads\/2018\/07\/5-Star-Instructor-Development-Center-US-English.jpg\" class=\"attachment-full size-full\" alt=\"5 Star Instructor Development Center\" loading=\"lazy\" srcset=\"https:\/\/www.easydivers-thailand.com\/wp-content\/uploads\/2018\/07\/5-Star-Instructor-Development-Center-US-English.jpg 300w, https:\/\/www.easydivers-thailand.com\/wp-content\/uploads\/2018\/07\/5-Star-Instructor-Development-Center-US-English-233x300.jpg 233w\" sizes=\"auto, (max-width: 300px) 100vw, 300px\" \/><\/div><\/div><\/div><\/div><\/div><div class=\"vc_col-sm-8 wpb_column vc_column_container\"><div class=\"vc_column-inner\"><div class=\"wpb_wrapper\"><div class=\"wpb_text_column\"><div class=\"wpb_wrapper\"><p>Bienvenue chez Easy Divers Koh Samui!<\/p>\n<p>Nous sommes un centre IDC PADI-Cinq Etoiles , cela signifie que vous pouvez effectuer presque toutes les formations PADI \u2013 Depuis un bapt\u00eame jusqu\u2019\u00e0 devenir un instructeur!<\/p>\n<p>Nous proposons \u00e9galement des excursions de plong\u00e9e quotidiennes sur tous les sites de l&rsquo;archipel de Samui, ainsi que des plong\u00e9es loisir locales dans les r\u00e9cifs cach\u00e9s du sud de Koh Samui.<\/p>\n<p>Notre \u00e9cole de plongee est une institution a Koh Samui \u2013 fondee in 1987, dirig\u00e9e et encadr\u00e9e par une equipe internationale.<\/p>\n<\/div><\/div><div class=\"w-separator size_small\"><\/div>[vc_raw_html]JTNDYSUyMGhyZWYlM0QlMjJodHRwcyUzQSUyRiUyRnN2Yy50YXVjaGVyLm5ldCUyRmJhZGdlcyUyRmwucGhwJTNGdCUzRERDJTI2YW1wJTNCaWQlM0Q1OTAlMjIlMjB0YXJnZXQlM0QlMjJ0YXVjaGVybmV0JTIyJTNFJTNDaW1nJTIwc3JjJTNEJTIyaHR0cHMlM0ElMkYlMkZzdmMudGF1Y2hlci5uZXQlMkZiYWRnZXMlMkZpLnBocCUzRnQlM0REQyUyNmFtcCUzQmlkJTNENTkwJTI2YW1wJTNCdyUzRDE3NSUyMiUyMGJvcmRlciUzRCUyMjAlMjIlMjAlMkYlM0UlM0MlMkZhJTNF[\/vc_raw_html]<\/div><\/div><\/div><\/div><\/div><\/section><section class=\"l-section wpb_row height_small\"><div class=\"l-section-h i-cf\"><div class=\"g-cols vc_row via_flex valign_top type_default stacking_default\"><div class=\"vc_col-sm-8 wpb_column vc_column_container\"><div class=\"vc_column-inner\"><div class=\"wpb_wrapper\"><div class=\"wpb_text_column\"><div class=\"wpb_wrapper\"><p>Notre centre de plong\u00e9e propose un centre de formation sur la plage de Lamai avec des salles de classe enti\u00e8rement informatis\u00e9es et climatis\u00e9es, ainsi qu&rsquo;une piscine pour les plongeurs d\u00e9butants pouvant ainsi prendre leurs premi\u00e8res respirations sous l&rsquo;eau dans un environnement d\u00e9tendu et s\u00fbr. Divers bateaux \u00e0 moteur nous m\u00e8nent facilement vers nos beaux sites de plong\u00e9e dans l&rsquo;archipel de Samui.<\/p>\n<\/div><\/div><\/div><\/div><\/div><div class=\"vc_col-sm-4 wpb_column vc_column_container\"><div class=\"vc_column-inner\"><div class=\"wpb_wrapper\"><div class=\"w-image align_center\"><div class=\"w-image-h\"><img decoding=\"async\" width=\"300\" height=\"221\" src=\"https:\/\/www.easydivers-thailand.com\/wp-content\/uploads\/2018\/07\/samui-300x2211.png\" class=\"attachment-full size-full\" alt=\"\" loading=\"lazy\" \/><\/div><\/div><\/div><\/div><\/div><\/div><\/div><\/section>\n","protected":false},"excerpt":{"rendered":"Bienvenue chez Easy Divers Koh Samui! Nous sommes un centre IDC PADI-Cinq Etoiles , cela signifie que vous pouvez effectuer presque toutes les formations PADI \u2013 Depuis un bapt\u00eame jusqu\u2019\u00e0 devenir un instructeur! Nous proposons \u00e9galement des excursions de plong\u00e9e quotidiennes sur tous les sites de l&rsquo;archipel de Samui, ainsi que des plong\u00e9es loisir locales...","protected":false},"author":3,"featured_media":0,"parent":0,"menu_order":0,"comment_status":"closed","ping_status":"closed","template":"","meta":{"_acf_changed":false,"footnotes":""},"class_list":["post-6871","page","type-page","status-publish","hentry"],"acf":[],"yoast_head":"<!-- This site is optimized with the Yoast SEO plugin v27.3 - https:\/\/yoast.com\/product\/yoast-seo-wordpress\/ -->\n<title>A propos de nous | Easy Divers Thailand<\/title>\n<meta name=\"robots\" content=\"index, follow, max-snippet:-1, max-image-preview:large, max-video-preview:-1\" \/>\n<link rel=\"canonical\" href=\"https:\/\/www.easydivers-thailand.com\/fr\/a-propos-de-nous-easy-divers\/\" \/>\n<meta property=\"og:locale\" content=\"fr_FR\" \/>\n<meta property=\"og:type\" content=\"article\" \/>\n<meta property=\"og:title\" content=\"A propos de nous | Easy Divers Thailand\" \/>\n<meta property=\"og:url\" content=\"https:\/\/www.easydivers-thailand.com\/fr\/a-propos-de-nous-easy-divers\/\" \/>\n<meta property=\"og:site_name\" content=\"Easy Divers Thailand\" \/>\n<meta property=\"article:publisher\" content=\"https:\/\/www.facebook.com\/easydiverskohsamuiteam\/\" \/>\n<meta property=\"article:modified_time\" content=\"2019-03-10T15:52:56+00:00\" \/>\n<meta name=\"twitter:card\" content=\"summary_large_image\" \/>\n<meta name=\"twitter:site\" content=\"@EasyKoh\" \/>\n<meta name=\"twitter:label1\" content=\"Dur\u00e9e de lecture estim\u00e9e\" \/>\n\t<meta name=\"twitter:data1\" content=\"1 minute\" \/>\n<script type=\"application\/ld+json\" class=\"yoast-schema-graph\">{\"@context\":\"https:\\\/\\\/schema.org\",\"@graph\":[{\"@type\":\"WebPage\",\"@id\":\"https:\\\/\\\/www.easydivers-thailand.com\\\/fr\\\/a-propos-de-nous-easy-divers\\\/\",\"url\":\"https:\\\/\\\/www.easydivers-thailand.com\\\/fr\\\/a-propos-de-nous-easy-divers\\\/\",\"name\":\"A propos de nous | Easy Divers Thailand\",\"isPartOf\":{\"@id\":\"https:\\\/\\\/www.easydivers-thailand.com\\\/fr\\\/#website\"},\"datePublished\":\"2018-09-27T02:08:11+00:00\",\"dateModified\":\"2019-03-10T15:52:56+00:00\",\"breadcrumb\":{\"@id\":\"https:\\\/\\\/www.easydivers-thailand.com\\\/fr\\\/a-propos-de-nous-easy-divers\\\/#breadcrumb\"},\"inLanguage\":\"fr-FR\",\"potentialAction\":[{\"@type\":\"ReadAction\",\"target\":[\"https:\\\/\\\/www.easydivers-thailand.com\\\/fr\\\/a-propos-de-nous-easy-divers\\\/\"]}]},{\"@type\":\"BreadcrumbList\",\"@id\":\"https:\\\/\\\/www.easydivers-thailand.com\\\/fr\\\/a-propos-de-nous-easy-divers\\\/#breadcrumb\",\"itemListElement\":[{\"@type\":\"ListItem\",\"position\":1,\"name\":\"Home\",\"item\":\"https:\\\/\\\/www.easydivers-thailand.com\\\/fr\\\/\"},{\"@type\":\"ListItem\",\"position\":2,\"name\":\"A propos de nous\"}]},{\"@type\":\"WebSite\",\"@id\":\"https:\\\/\\\/www.easydivers-thailand.com\\\/fr\\\/#website\",\"url\":\"https:\\\/\\\/www.easydivers-thailand.com\\\/fr\\\/\",\"name\":\"Easy Divers Thailand\",\"description\":\"My WordPress Blog\",\"potentialAction\":[{\"@type\":\"SearchAction\",\"target\":{\"@type\":\"EntryPoint\",\"urlTemplate\":\"https:\\\/\\\/www.easydivers-thailand.com\\\/fr\\\/?s={search_term_string}\"},\"query-input\":{\"@type\":\"PropertyValueSpecification\",\"valueRequired\":true,\"valueName\":\"search_term_string\"}}],\"inLanguage\":\"fr-FR\"}]}<\/script>\n<!-- \/ Yoast SEO plugin. -->","yoast_head_json":{"title":"A propos de nous | Easy Divers Thailand","robots":{"index":"index","follow":"follow","max-snippet":"max-snippet:-1","max-image-preview":"max-image-preview:large","max-video-preview":"max-video-preview:-1"},"canonical":"https:\/\/www.easydivers-thailand.com\/fr\/a-propos-de-nous-easy-divers\/","og_locale":"fr_FR","og_type":"article","og_title":"A propos de nous | Easy Divers Thailand","og_url":"https:\/\/www.easydivers-thailand.com\/fr\/a-propos-de-nous-easy-divers\/","og_site_name":"Easy Divers Thailand","article_publisher":"https:\/\/www.facebook.com\/easydiverskohsamuiteam\/","article_modified_time":"2019-03-10T15:52:56+00:00","twitter_card":"summary_large_image","twitter_site":"@EasyKoh","twitter_misc":{"Dur\u00e9e de lecture estim\u00e9e":"1 minute"},"schema":{"@context":"https:\/\/schema.org","@graph":[{"@type":"WebPage","@id":"https:\/\/www.easydivers-thailand.com\/fr\/a-propos-de-nous-easy-divers\/","url":"https:\/\/www.easydivers-thailand.com\/fr\/a-propos-de-nous-easy-divers\/","name":"A propos de nous | Easy Divers Thailand","isPartOf":{"@id":"https:\/\/www.easydivers-thailand.com\/fr\/#website"},"datePublished":"2018-09-27T02:08:11+00:00","dateModified":"2019-03-10T15:52:56+00:00","breadcrumb":{"@id":"https:\/\/www.easydivers-thailand.com\/fr\/a-propos-de-nous-easy-divers\/#breadcrumb"},"inLanguage":"fr-FR","potentialAction":[{"@type":"ReadAction","target":["https:\/\/www.easydivers-thailand.com\/fr\/a-propos-de-nous-easy-divers\/"]}]},{"@type":"BreadcrumbList","@id":"https:\/\/www.easydivers-thailand.com\/fr\/a-propos-de-nous-easy-divers\/#breadcrumb","itemListElement":[{"@type":"ListItem","position":1,"name":"Home","item":"https:\/\/www.easydivers-thailand.com\/fr\/"},{"@type":"ListItem","position":2,"name":"A propos de nous"}]},{"@type":"WebSite","@id":"https:\/\/www.easydivers-thailand.com\/fr\/#website","url":"https:\/\/www.easydivers-thailand.com\/fr\/","name":"Easy Divers Thailand","description":"My WordPress Blog","potentialAction":[{"@type":"SearchAction","target":{"@type":"EntryPoint","urlTemplate":"https:\/\/www.easydivers-thailand.com\/fr\/?s={search_term_string}"},"query-input":{"@type":"PropertyValueSpecification","valueRequired":true,"valueName":"search_term_string"}}],"inLanguage":"fr-FR"}]}},"_links":{"self":[{"href":"https:\/\/www.easydivers-thailand.com\/fr\/wp-json\/wp\/v2\/pages\/6871","targetHints":{"allow":["GET"]}}],"collection":[{"href":"https:\/\/www.easydivers-thailand.com\/fr\/wp-json\/wp\/v2\/pages"}],"about":[{"href":"https:\/\/www.easydivers-thailand.com\/fr\/wp-json\/wp\/v2\/types\/page"}],"author":[{"embeddable":true,"href":"https:\/\/www.easydivers-thailand.com\/fr\/wp-json\/wp\/v2\/users\/3"}],"replies":[{"embeddable":true,"href":"https:\/\/www.easydivers-thailand.com\/fr\/wp-json\/wp\/v2\/comments?post=6871"}],"version-history":[{"count":7,"href":"https:\/\/www.easydivers-thailand.com\/fr\/wp-json\/wp\/v2\/pages\/6871\/revisions"}],"predecessor-version":[{"id":8114,"href":"https:\/\/www.easydivers-thailand.com\/fr\/wp-json\/wp\/v2\/pages\/6871\/revisions\/8114"}],"wp:attachment":[{"href":"https:\/\/www.easydivers-thailand.com\/fr\/wp-json\/wp\/v2\/media?parent=6871"}],"curies":[{"name":"wp","href":"https:\/\/api.w.org\/{rel}","templated":true}]}}