{"id":6929,"date":"2018-09-27T13:22:19","date_gmt":"2018-09-27T06:22:19","guid":{"rendered":"https:\/\/easydivers.samui-web-design.com\/?page_id=6929"},"modified":"2022-05-19T15:22:05","modified_gmt":"2022-05-19T08:22:05","slug":"nuit-a-koh-tao","status":"publish","type":"page","link":"https:\/\/www.easydivers-thailand.com\/fr\/nuit-a-koh-tao\/","title":{"rendered":"Nuit \u00e0 Koh Tao"},"content":{"rendered":"<section class=\"l-section wpb_row height_medium\"><div class=\"l-section-h i-cf\"><div class=\"g-cols vc_row via_flex valign_top type_default stacking_default\"><div class=\"vc_col-sm-12 wpb_column vc_column_container\"><div class=\"vc_column-inner\"><div class=\"wpb_wrapper\"><h1 class=\"w-post-elm post_title us_custom_064d9100 entry-title color_link_inherit\">Nuit \u00e0 Koh Tao<\/h1><div class=\"wpb_text_column\"><div class=\"wpb_wrapper\"><p><strong><br \/>\nD\u00e9couvrez les incroyables sites de plong\u00e9e situ\u00e9s autour de l&rsquo;\u00eele mondialement connue de Koh Tao depuis un confortable bateau de plong\u00e9e.<\/strong><\/p>\n<\/div><\/div><\/div><\/div><\/div><\/div><\/div><\/section><section class=\"l-section wpb_row height_medium\"><div class=\"l-section-h i-cf\"><div class=\"g-cols vc_row via_flex valign_top type_default stacking_default\"><div class=\"vc_col-sm-6 wpb_column vc_column_container\"><div class=\"vc_column-inner\"><div class=\"wpb_wrapper\"><div class=\"wpb_text_column\"><div class=\"wpb_wrapper\"><p>Easy Divers propose <strong>2 combinaisons de circuits de plong\u00e9e<\/strong> et 2 parcours diff\u00e9rents, <strong><a title=\"Nuit \u00e0 Koh Tao pour les \u00e9l\u00e8ves Open Water Diver\" href=\"https:\/\/www.easydivers-thailand.com\/fr\/produit\/nuit-a-koh-tao-pour-les-eleves-open-water-diver\/\">Open Water Diver<\/a><\/strong> et <strong><a title=\"Nuit \u00e0 Koh Tao pour les \u00e9l\u00e8ves Advanced Open Water Diver\" href=\"https:\/\/www.easydivers-thailand.com\/fr\/produit\/nuit-a-koh-tao-pour-les-eleves-advanced-open-water-diver\/\">Advanced Open Water Diver<\/a><\/strong> sur Koh Tao avec une nuit\u00e9e.<\/p>\n<p><em>Sur demande, nous organisons une plong\u00e9e de nuit pour les plongeurs certifi\u00e9s<\/em>.<\/p>\n<p>Les prix comprennent le transfert \u00e0 l&rsquo;h\u00f4tel, un ferry \u00e0 grande vitesse confortable, un ensemble complet d&rsquo;\u00e9quipements de plong\u00e9e, Chambre avec A\/C, un guide de plong\u00e9e, une assurance accidents.<\/p>\n<p>Les manuels PADI et les frais de certification sont inclus dans le prix du cours.<\/p>\n<\/div><\/div><\/div><\/div><\/div><div class=\"vc_col-sm-6 wpb_column vc_column_container\"><div class=\"vc_column-inner\"><div class=\"wpb_wrapper\">[rev_slider_vc alias=\u00a0\u00bbovernighttour\u00a0\u00bb]<\/div><\/div><\/div><\/div><\/div><\/section><section class=\"l-section wpb_row height_small\"><div class=\"l-section-h i-cf\"><div class=\"g-cols vc_row via_flex valign_top type_default stacking_default\"><div class=\"vc_col-sm-12 wpb_column vc_column_container\"><div class=\"vc_column-inner\"><div class=\"wpb_wrapper\"><div class=\"w-grid type_carousel layout_9084 overflow_hidden items_4\" id=\"us_grid_1\" style=\"--items:4;--gap:30px;\"><style>.layout_9084 .w-grid-item-h{background:#ffffff;border-radius:0.3rem;box-shadow:0 0.03rem 0.06rem rgba(0,0,0,0.1),0 0.1rem 0.3rem rgba(0,0,0,0.1);transition-duration:0.3s}.no-touch .layout_9084 .w-grid-item-h:hover{box-shadow:0 0.1rem 0.2rem rgba(0,0,0,0.1),0 0.33rem 1rem rgba(0,0,0,0.15);z-index:4}.layout_9084 .usg_vwrapper_1{transition-duration:0.3s;transform-origin:50% 50%;transform:scale(1) translate(0,0)}.layout_9084 .w-grid-item-h:focus-within .usg_vwrapper_1,.layout_9084 .w-grid-item-h:hover .usg_vwrapper_1{transform:scale(1) translate(0,-2.8rem);opacity:1}.layout_9084 .usg_vwrapper_1{background:inherit!important;padding:1rem 1.2rem 1rem 1.2rem!important}.layout_9084 .usg_post_title_1{font-size:1.2rem!important;font-family:var(--font-family)!important;font-weight:700!important;margin-top:0.5rem!important;margin-bottom:0.5rem!important}.layout_9084 .usg_product_field_3{font-size:1.1rem!important;font-family:var(--font-family)!important;font-weight:600!important}.layout_9084 .usg_btn_1{font-size:16px!important}<\/style><div class=\"w-grid-list owl-carousel valign_stretch dotstyle_circle navstyle_circle navpos_outside owl-responsive-2000\" style=\"--transition-duration:350ms;\">\t<article class=\"w-grid-item post-7737 product type-product status-publish has-post-thumbnail product_cat-charter-boat-fr product_tag-private-yacht-fr product_tag-voile-et-plongee first instock virtual purchasable product-type-simple\" data-id=\"7737\">\r\n\t\t<div class=\"w-grid-item-h\">\r\n\t\t\t\t\t\t<div class=\"w-vwrapper usg_vwrapper_1 align_center valign_top\"><div class=\"w-post-elm post_image usg_post_image_1 stretched\"><a href=\"https:\/\/www.easydivers-thailand.com\/fr\/produit\/voile-et-plongee-sous-marine\/\" aria-label=\"Voile et plong\u00e9e sous-marine\"><img loading=\"lazy\" decoding=\"async\" width=\"300\" height=\"300\" src=\"https:\/\/www.easydivers-thailand.com\/wp-content\/uploads\/2018\/12\/Sailing-and-Scuba-Diving-03-300x300.jpg\" class=\"attachment-shop_catalog size-shop_catalog wp-post-image\" alt=\"Sailing and Diving\" srcset=\"https:\/\/www.easydivers-thailand.com\/wp-content\/uploads\/2018\/12\/Sailing-and-Scuba-Diving-03-300x300.jpg 300w, https:\/\/www.easydivers-thailand.com\/wp-content\/uploads\/2018\/12\/Sailing-and-Scuba-Diving-03-150x150.jpg 150w, https:\/\/www.easydivers-thailand.com\/wp-content\/uploads\/2018\/12\/Sailing-and-Scuba-Diving-03-350x350.jpg 350w, https:\/\/www.easydivers-thailand.com\/wp-content\/uploads\/2018\/12\/Sailing-and-Scuba-Diving-03-600x600.jpg 600w, https:\/\/www.easydivers-thailand.com\/wp-content\/uploads\/2018\/12\/Sailing-and-Scuba-Diving-03-800x800.jpg 800w\" sizes=\"auto, (max-width: 300px) 100vw, 300px\" \/><\/a><\/div><h3 class=\"w-post-elm post_title usg_post_title_1 align_center woocommerce-loop-product__title color_link_inherit\"><a href=\"https:\/\/www.easydivers-thailand.com\/fr\/produit\/voile-et-plongee-sous-marine\/\">Voile et plong\u00e9e sous-marine<\/a><\/h3><p class=\"w-post-elm product_field price usg_product_field_3 myprice\"><span class=\"woocommerce-Price-amount amount\"><bdi><span class=\"woocommerce-Price-currencySymbol\">&#3647;<\/span>&nbsp;35,000.00<\/bdi><\/span><\/p><a class=\"w-btn us-btn-style_1 usg_btn_1\" href=\"https:\/\/www.easydivers-thailand.com\/fr\/produit\/voile-et-plongee-sous-marine\/\"><span class=\"w-btn-label\">Enqu\u00eate Maintenant<\/span><\/a><\/div>\t\t<\/div>\r\n\t\t\t<\/article>\r\n\t<article class=\"w-grid-item post-7510 product type-product status-publish has-post-thumbnail product_cat-tours-speciaux  instock virtual purchasable product-type-simple\" data-id=\"7510\">\r\n\t\t<div class=\"w-grid-item-h\">\r\n\t\t\t\t\t\t<div class=\"w-vwrapper usg_vwrapper_1 align_center valign_top\"><div class=\"w-post-elm post_image usg_post_image_1 stretched\"><a href=\"https:\/\/www.easydivers-thailand.com\/fr\/produit\/excursion-sur-les-iles-koh-tan-koh-madsum\/\" aria-label=\"Excursion sur les iles Koh Tan \/ Koh Madsum\"><img loading=\"lazy\" decoding=\"async\" width=\"300\" height=\"300\" src=\"https:\/\/www.easydivers-thailand.com\/wp-content\/uploads\/2018\/11\/Koh-Madsum-300x300.jpg\" class=\"attachment-shop_catalog size-shop_catalog wp-post-image\" alt=\"Koh Madsum\" srcset=\"https:\/\/www.easydivers-thailand.com\/wp-content\/uploads\/2018\/11\/Koh-Madsum-300x300.jpg 300w, https:\/\/www.easydivers-thailand.com\/wp-content\/uploads\/2018\/11\/Koh-Madsum-150x150.jpg 150w, https:\/\/www.easydivers-thailand.com\/wp-content\/uploads\/2018\/11\/Koh-Madsum-350x350.jpg 350w, https:\/\/www.easydivers-thailand.com\/wp-content\/uploads\/2018\/11\/Koh-Madsum-600x600.jpg 600w, https:\/\/www.easydivers-thailand.com\/wp-content\/uploads\/2018\/11\/Koh-Madsum-800x800.jpg 800w\" sizes=\"auto, (max-width: 300px) 100vw, 300px\" \/><\/a><\/div><h3 class=\"w-post-elm post_title usg_post_title_1 align_center woocommerce-loop-product__title color_link_inherit\"><a href=\"https:\/\/www.easydivers-thailand.com\/fr\/produit\/excursion-sur-les-iles-koh-tan-koh-madsum\/\">Excursion sur les iles Koh Tan \/ Koh Madsum<\/a><\/h3><p class=\"w-post-elm product_field price usg_product_field_3 myprice\"><span class=\"woocommerce-Price-amount amount\"><bdi><span class=\"woocommerce-Price-currencySymbol\">&#3647;<\/span>&nbsp;6,999.00<\/bdi><\/span><\/p><a class=\"w-btn us-btn-style_1 usg_btn_1\" href=\"https:\/\/www.easydivers-thailand.com\/fr\/produit\/excursion-sur-les-iles-koh-tan-koh-madsum\/\"><span class=\"w-btn-label\">Enqu\u00eate Maintenant<\/span><\/a><\/div>\t\t<\/div>\r\n\t\t\t<\/article>\r\n\t<article class=\"w-grid-item post-7736 product type-product status-publish has-post-thumbnail product_cat-charter-boat-fr product_tag-private-yacht-fr product_tag-voile-et-plongee  instock virtual purchasable product-type-simple\" data-id=\"7736\">\r\n\t\t<div class=\"w-grid-item-h\">\r\n\t\t\t\t\t\t<div class=\"w-vwrapper usg_vwrapper_1 align_center valign_top\"><div class=\"w-post-elm post_image usg_post_image_1 stretched\"><a href=\"https:\/\/www.easydivers-thailand.com\/fr\/produit\/voyages-de-plongee-avec-un-yacht-a-moteur-sunseeker\/\" aria-label=\"Voyages de plong\u00e9e avec un yacht \u00e0 moteur Sunseeker\"><img loading=\"lazy\" decoding=\"async\" width=\"300\" height=\"300\" src=\"https:\/\/www.easydivers-thailand.com\/wp-content\/uploads\/2018\/12\/Private-Yacht-00-300x300.jpg\" class=\"attachment-shop_catalog size-shop_catalog wp-post-image\" alt=\"Voyages de plong\u00e9e avec un yacht \u00e0 moteur Sunseeker\" srcset=\"https:\/\/www.easydivers-thailand.com\/wp-content\/uploads\/2018\/12\/Private-Yacht-00-300x300.jpg 300w, https:\/\/www.easydivers-thailand.com\/wp-content\/uploads\/2018\/12\/Private-Yacht-00-150x150.jpg 150w, https:\/\/www.easydivers-thailand.com\/wp-content\/uploads\/2018\/12\/Private-Yacht-00-350x350.jpg 350w, https:\/\/www.easydivers-thailand.com\/wp-content\/uploads\/2018\/12\/Private-Yacht-00-600x600.jpg 600w\" sizes=\"auto, (max-width: 300px) 100vw, 300px\" \/><\/a><\/div><h3 class=\"w-post-elm post_title usg_post_title_1 align_center woocommerce-loop-product__title color_link_inherit\"><a href=\"https:\/\/www.easydivers-thailand.com\/fr\/produit\/voyages-de-plongee-avec-un-yacht-a-moteur-sunseeker\/\">Voyages de plong\u00e9e avec un yacht \u00e0 moteur Sunseeker<\/a><\/h3><p class=\"w-post-elm product_field price usg_product_field_3 myprice\"><span class=\"woocommerce-Price-amount amount\"><bdi><span class=\"woocommerce-Price-currencySymbol\">&#3647;<\/span>&nbsp;50,000.00<\/bdi><\/span><\/p><a class=\"w-btn us-btn-style_1 usg_btn_1\" href=\"https:\/\/www.easydivers-thailand.com\/fr\/produit\/voyages-de-plongee-avec-un-yacht-a-moteur-sunseeker\/\"><span class=\"w-btn-label\">Enqu\u00eate Maintenant<\/span><\/a><\/div>\t\t<\/div>\r\n\t\t\t<\/article>\r\n\t<article class=\"w-grid-item post-7103 product type-product status-publish has-post-thumbnail product_cat-cours-de-plongee product_cat-cours-debutants product_cat-cours-selectionnes product_tag-cours-de-plongee product_tag-cours-debutants last instock sale virtual purchasable product-type-simple\" data-id=\"7103\">\r\n\t\t<div class=\"w-grid-item-h\">\r\n\t\t\t\t\t\t<div class=\"w-vwrapper usg_vwrapper_1 align_center valign_top\"><div class=\"w-post-elm post_image usg_post_image_1 stretched\"><a href=\"https:\/\/www.easydivers-thailand.com\/fr\/produit\/discover-scuba-diving\/\" aria-label=\"Discover Scuba Diving\"><img loading=\"lazy\" decoding=\"async\" width=\"300\" height=\"300\" src=\"https:\/\/www.easydivers-thailand.com\/wp-content\/uploads\/2018\/09\/Open-Water-diver-04-300x300.jpg\" class=\"attachment-shop_catalog size-shop_catalog wp-post-image\" alt=\"Open Water diver\" srcset=\"https:\/\/www.easydivers-thailand.com\/wp-content\/uploads\/2018\/09\/Open-Water-diver-04-300x300.jpg 300w, https:\/\/www.easydivers-thailand.com\/wp-content\/uploads\/2018\/09\/Open-Water-diver-04-150x150.jpg 150w, https:\/\/www.easydivers-thailand.com\/wp-content\/uploads\/2018\/09\/Open-Water-diver-04-350x350.jpg 350w, https:\/\/www.easydivers-thailand.com\/wp-content\/uploads\/2018\/09\/Open-Water-diver-04-600x600.jpg 600w\" sizes=\"auto, (max-width: 300px) 100vw, 300px\" \/><\/a><\/div><h3 class=\"w-post-elm post_title usg_post_title_1 align_center woocommerce-loop-product__title color_link_inherit\"><a href=\"https:\/\/www.easydivers-thailand.com\/fr\/produit\/discover-scuba-diving\/\">Discover Scuba Diving<\/a><\/h3><p class=\"w-post-elm product_field price usg_product_field_3 myprice\"><del aria-hidden=\"true\"><span class=\"woocommerce-Price-amount amount\"><bdi><span class=\"woocommerce-Price-currencySymbol\">&#3647;<\/span>&nbsp;7,080.00<\/bdi><\/span><\/del> <span class=\"screen-reader-text\">Le prix initial \u00e9tait\u00a0: &#3647;&nbsp;7,080.00.<\/span><ins aria-hidden=\"true\"><span class=\"woocommerce-Price-amount amount\"><bdi><span class=\"woocommerce-Price-currencySymbol\">&#3647;<\/span>&nbsp;5,900.00<\/bdi><\/span><\/ins><span class=\"screen-reader-text\">Le prix actuel est\u00a0: &#3647;&nbsp;5,900.00.<\/span><\/p><a class=\"w-btn us-btn-style_1 usg_btn_1\" href=\"https:\/\/www.easydivers-thailand.com\/fr\/produit\/discover-scuba-diving\/\"><span class=\"w-btn-label\">Enqu\u00eate Maintenant<\/span><\/a><\/div>\t\t<\/div>\r\n\t\t\t<\/article>\r\n<\/div>\t<div class=\"g-preloader type_1\">\r\n\t\t<div><\/div>\r\n\t<\/div>\r\n\t\t<div class=\"w-grid-json hidden\" onclick='return {&quot;action&quot;:&quot;us_ajax_grid&quot;,&quot;infinite_scroll&quot;:0,&quot;max_num_pages&quot;:8,&quot;pagination&quot;:&quot;none&quot;,&quot;template_vars&quot;:{&quot;columns&quot;:&quot;&quot;,&quot;exclude_items&quot;:&quot;none&quot;,&quot;img_size&quot;:&quot;default&quot;,&quot;ignore_items_size&quot;:0,&quot;items_layout&quot;:&quot;9084&quot;,&quot;items_offset&quot;:&quot;0px&quot;,&quot;load_animation&quot;:&quot;none&quot;,&quot;overriding_link&quot;:&quot;{\\&quot;url\\&quot;:\\&quot;\\&quot;}&quot;,&quot;post_id&quot;:0,&quot;query_args&quot;:{&quot;post_type&quot;:[&quot;product&quot;],&quot;post_status&quot;:[&quot;publish&quot;,&quot;acf-disabled&quot;],&quot;meta_query&quot;:[],&quot;tax_query&quot;:[{&quot;taxonomy&quot;:&quot;product_visibility&quot;,&quot;field&quot;:&quot;slug&quot;,&quot;terms&quot;:[&quot;exclude-from-catalog&quot;],&quot;operator&quot;:&quot;NOT IN&quot;}],&quot;posts_per_page&quot;:&quot;4&quot;},&quot;orderby_query_args&quot;:{&quot;orderby&quot;:{&quot;menu_order&quot;:&quot;ASC&quot;},&quot;order&quot;:&quot;ASC&quot;},&quot;type&quot;:&quot;carousel&quot;,&quot;us_grid_post_type&quot;:&quot;product&quot;,&quot;us_grid_ajax_index&quot;:1,&quot;us_grid_filter_query_string&quot;:null,&quot;us_grid_index&quot;:1,&quot;page_args&quot;:[],&quot;lang&quot;:&quot;fr&quot;},&quot;carousel_settings&quot;:{&quot;aria_labels&quot;:{&quot;prev&quot;:&quot;Pr\\u00e9c\\u00e9dent&quot;,&quot;next&quot;:&quot;Suivant&quot;},&quot;autoplayContinual&quot;:false,&quot;autoplayHoverPause&quot;:false,&quot;autoplayTimeout&quot;:3000,&quot;autoWidth&quot;:false,&quot;smartSpeed&quot;:350,&quot;margin&quot;:0,&quot;mouseDrag&quot;:true,&quot;rtl&quot;:false,&quot;slideBy&quot;:&quot;1&quot;,&quot;touchDrag&quot;:true,&quot;slideTransition&quot;:&quot;&quot;,&quot;responsive&quot;:{&quot;0&quot;:{&quot;autoHeight&quot;:false,&quot;autoplay&quot;:true,&quot;autoWidth&quot;:false,&quot;center&quot;:false,&quot;dots&quot;:false,&quot;items&quot;:1,&quot;loop&quot;:true,&quot;nav&quot;:false,&quot;stagePadding&quot;:0,&quot;slideBy&quot;:&quot;1&quot;},&quot;601&quot;:{&quot;autoHeight&quot;:false,&quot;autoplay&quot;:true,&quot;autoWidth&quot;:false,&quot;center&quot;:false,&quot;dots&quot;:false,&quot;items&quot;:2,&quot;loop&quot;:true,&quot;nav&quot;:false,&quot;stagePadding&quot;:0,&quot;slideBy&quot;:&quot;1&quot;},&quot;1025&quot;:{&quot;autoHeight&quot;:false,&quot;autoplay&quot;:true,&quot;autoWidth&quot;:false,&quot;center&quot;:false,&quot;dots&quot;:false,&quot;items&quot;:3,&quot;loop&quot;:true,&quot;nav&quot;:false,&quot;stagePadding&quot;:0,&quot;slideBy&quot;:&quot;1&quot;},&quot;1281&quot;:{&quot;items&quot;:4,&quot;autoplay&quot;:false,&quot;center&quot;:false,&quot;dots&quot;:false,&quot;nav&quot;:false,&quot;autoHeight&quot;:false,&quot;autoWidth&quot;:false,&quot;loop&quot;:false,&quot;stagePadding&quot;:0}}}}'><\/div>\r\n\t<\/div><\/div><\/div><\/div><\/div><\/div><\/section>\n","protected":false},"excerpt":{"rendered":"Voyez par vous-m\u00eame ce qu'est la plong\u00e9e sous-marine! Essayez une exp\u00e9rience Discover Scuba Diving en 1 jour. Vous \u00eates-vous toujours demand\u00e9 quel effet cela fait de respirer sous l'eau? Si vous voulez essayer la plong\u00e9e sous-marine, mais que vous n\u2019\u00eates pas tout \u00e0 fait pr\u00eat \u00e0 franchir le pas pour suivre un cours de certification,...","protected":false},"author":3,"featured_media":0,"parent":0,"menu_order":0,"comment_status":"closed","ping_status":"closed","template":"","meta":{"_acf_changed":false,"footnotes":""},"class_list":["post-6929","page","type-page","status-publish","hentry"],"acf":[],"yoast_head":"<!-- This site is optimized with the Yoast SEO plugin v27.3 - https:\/\/yoast.com\/product\/yoast-seo-wordpress\/ -->\n<title>Nuit \u00e0 Koh Tao | Easy Divers Thailand<\/title>\n<meta name=\"robots\" content=\"index, follow, max-snippet:-1, max-image-preview:large, max-video-preview:-1\" \/>\n<link rel=\"canonical\" href=\"https:\/\/www.easydivers-thailand.com\/fr\/nuit-a-koh-tao\/\" \/>\n<meta property=\"og:locale\" content=\"fr_FR\" \/>\n<meta property=\"og:type\" content=\"article\" \/>\n<meta property=\"og:title\" content=\"Nuit \u00e0 Koh Tao | Easy Divers Thailand\" \/>\n<meta property=\"og:url\" content=\"https:\/\/www.easydivers-thailand.com\/fr\/nuit-a-koh-tao\/\" \/>\n<meta property=\"og:site_name\" content=\"Easy Divers Thailand\" \/>\n<meta property=\"article:publisher\" content=\"https:\/\/www.facebook.com\/easydiverskohsamuiteam\/\" \/>\n<meta property=\"article:modified_time\" content=\"2022-05-19T08:22:05+00:00\" \/>\n<meta name=\"twitter:card\" content=\"summary_large_image\" \/>\n<meta name=\"twitter:site\" content=\"@EasyKoh\" \/>\n<meta name=\"twitter:label1\" content=\"Dur\u00e9e de lecture estim\u00e9e\" \/>\n\t<meta name=\"twitter:data1\" content=\"1 minute\" \/>\n<script type=\"application\/ld+json\" class=\"yoast-schema-graph\">{\"@context\":\"https:\\\/\\\/schema.org\",\"@graph\":[{\"@type\":\"WebPage\",\"@id\":\"https:\\\/\\\/www.easydivers-thailand.com\\\/fr\\\/nuit-a-koh-tao\\\/\",\"url\":\"https:\\\/\\\/www.easydivers-thailand.com\\\/fr\\\/nuit-a-koh-tao\\\/\",\"name\":\"Nuit \u00e0 Koh Tao | Easy Divers Thailand\",\"isPartOf\":{\"@id\":\"https:\\\/\\\/www.easydivers-thailand.com\\\/fr\\\/#website\"},\"datePublished\":\"2018-09-27T06:22:19+00:00\",\"dateModified\":\"2022-05-19T08:22:05+00:00\",\"breadcrumb\":{\"@id\":\"https:\\\/\\\/www.easydivers-thailand.com\\\/fr\\\/nuit-a-koh-tao\\\/#breadcrumb\"},\"inLanguage\":\"fr-FR\",\"potentialAction\":[{\"@type\":\"ReadAction\",\"target\":[\"https:\\\/\\\/www.easydivers-thailand.com\\\/fr\\\/nuit-a-koh-tao\\\/\"]}]},{\"@type\":\"BreadcrumbList\",\"@id\":\"https:\\\/\\\/www.easydivers-thailand.com\\\/fr\\\/nuit-a-koh-tao\\\/#breadcrumb\",\"itemListElement\":[{\"@type\":\"ListItem\",\"position\":1,\"name\":\"Home\",\"item\":\"https:\\\/\\\/www.easydivers-thailand.com\\\/fr\\\/\"},{\"@type\":\"ListItem\",\"position\":2,\"name\":\"Nuit \u00e0 Koh Tao\"}]},{\"@type\":\"WebSite\",\"@id\":\"https:\\\/\\\/www.easydivers-thailand.com\\\/fr\\\/#website\",\"url\":\"https:\\\/\\\/www.easydivers-thailand.com\\\/fr\\\/\",\"name\":\"Easy Divers Thailand\",\"description\":\"My WordPress Blog\",\"potentialAction\":[{\"@type\":\"SearchAction\",\"target\":{\"@type\":\"EntryPoint\",\"urlTemplate\":\"https:\\\/\\\/www.easydivers-thailand.com\\\/fr\\\/?s={search_term_string}\"},\"query-input\":{\"@type\":\"PropertyValueSpecification\",\"valueRequired\":true,\"valueName\":\"search_term_string\"}}],\"inLanguage\":\"fr-FR\"}]}<\/script>\n<!-- \/ Yoast SEO plugin. -->","yoast_head_json":{"title":"Nuit \u00e0 Koh Tao | Easy Divers Thailand","robots":{"index":"index","follow":"follow","max-snippet":"max-snippet:-1","max-image-preview":"max-image-preview:large","max-video-preview":"max-video-preview:-1"},"canonical":"https:\/\/www.easydivers-thailand.com\/fr\/nuit-a-koh-tao\/","og_locale":"fr_FR","og_type":"article","og_title":"Nuit \u00e0 Koh Tao | Easy Divers Thailand","og_url":"https:\/\/www.easydivers-thailand.com\/fr\/nuit-a-koh-tao\/","og_site_name":"Easy Divers Thailand","article_publisher":"https:\/\/www.facebook.com\/easydiverskohsamuiteam\/","article_modified_time":"2022-05-19T08:22:05+00:00","twitter_card":"summary_large_image","twitter_site":"@EasyKoh","twitter_misc":{"Dur\u00e9e de lecture estim\u00e9e":"1 minute"},"schema":{"@context":"https:\/\/schema.org","@graph":[{"@type":"WebPage","@id":"https:\/\/www.easydivers-thailand.com\/fr\/nuit-a-koh-tao\/","url":"https:\/\/www.easydivers-thailand.com\/fr\/nuit-a-koh-tao\/","name":"Nuit \u00e0 Koh Tao | Easy Divers Thailand","isPartOf":{"@id":"https:\/\/www.easydivers-thailand.com\/fr\/#website"},"datePublished":"2018-09-27T06:22:19+00:00","dateModified":"2022-05-19T08:22:05+00:00","breadcrumb":{"@id":"https:\/\/www.easydivers-thailand.com\/fr\/nuit-a-koh-tao\/#breadcrumb"},"inLanguage":"fr-FR","potentialAction":[{"@type":"ReadAction","target":["https:\/\/www.easydivers-thailand.com\/fr\/nuit-a-koh-tao\/"]}]},{"@type":"BreadcrumbList","@id":"https:\/\/www.easydivers-thailand.com\/fr\/nuit-a-koh-tao\/#breadcrumb","itemListElement":[{"@type":"ListItem","position":1,"name":"Home","item":"https:\/\/www.easydivers-thailand.com\/fr\/"},{"@type":"ListItem","position":2,"name":"Nuit \u00e0 Koh Tao"}]},{"@type":"WebSite","@id":"https:\/\/www.easydivers-thailand.com\/fr\/#website","url":"https:\/\/www.easydivers-thailand.com\/fr\/","name":"Easy Divers Thailand","description":"My WordPress Blog","potentialAction":[{"@type":"SearchAction","target":{"@type":"EntryPoint","urlTemplate":"https:\/\/www.easydivers-thailand.com\/fr\/?s={search_term_string}"},"query-input":{"@type":"PropertyValueSpecification","valueRequired":true,"valueName":"search_term_string"}}],"inLanguage":"fr-FR"}]}},"_links":{"self":[{"href":"https:\/\/www.easydivers-thailand.com\/fr\/wp-json\/wp\/v2\/pages\/6929","targetHints":{"allow":["GET"]}}],"collection":[{"href":"https:\/\/www.easydivers-thailand.com\/fr\/wp-json\/wp\/v2\/pages"}],"about":[{"href":"https:\/\/www.easydivers-thailand.com\/fr\/wp-json\/wp\/v2\/types\/page"}],"author":[{"embeddable":true,"href":"https:\/\/www.easydivers-thailand.com\/fr\/wp-json\/wp\/v2\/users\/3"}],"replies":[{"embeddable":true,"href":"https:\/\/www.easydivers-thailand.com\/fr\/wp-json\/wp\/v2\/comments?post=6929"}],"version-history":[{"count":15,"href":"https:\/\/www.easydivers-thailand.com\/fr\/wp-json\/wp\/v2\/pages\/6929\/revisions"}],"predecessor-version":[{"id":29095,"href":"https:\/\/www.easydivers-thailand.com\/fr\/wp-json\/wp\/v2\/pages\/6929\/revisions\/29095"}],"wp:attachment":[{"href":"https:\/\/www.easydivers-thailand.com\/fr\/wp-json\/wp\/v2\/media?parent=6929"}],"curies":[{"name":"wp","href":"https:\/\/api.w.org\/{rel}","templated":true}]}}