{"id":7181,"date":"2018-09-30T06:55:04","date_gmt":"2018-09-29T23:55:04","guid":{"rendered":"https:\/\/easydivers.samui-web-design.com\/termes-et-conditions\/"},"modified":"2023-06-22T08:57:59","modified_gmt":"2023-06-22T01:57:59","slug":"termes-et-conditions","status":"publish","type":"page","link":"https:\/\/www.easydivers-thailand.com\/fr\/termes-et-conditions\/","title":{"rendered":"Termes et Conditions"},"content":{"rendered":"<section class=\"l-section wpb_row height_medium\"><div class=\"l-section-h i-cf\"><div class=\"g-cols vc_row via_flex valign_top type_default stacking_default\"><div class=\"vc_col-sm-12 wpb_column vc_column_container\"><div class=\"vc_column-inner\"><div class=\"wpb_wrapper\"><h1 class=\"w-post-elm post_title us_custom_064d9100 entry-title color_link_inherit\">Termes et Conditions<\/h1><div class=\"wpb_text_column\"><div class=\"wpb_wrapper\"><p><strong>A) Confirmation de la r\u00e9servation en ligne<\/strong><\/p>\n<ol>\n<li>Un acompte de 2000 THB par plongeur ou 500 THB par plongeur avec tuba est demand\u00e9 pour confirmer la r\u00e9servation. Le solde peut ensuite \u00eatre pay\u00e9 au d\u00e9but du cours ou le jour de l&rsquo;excursion de plong\u00e9e.<\/li>\n<li>Le d\u00e9p\u00f4t sera pay\u00e9 avec Stripe (syst\u00e8me de paiement par carte de cr\u00e9dit).<\/li>\n<li>Le solde sera pay\u00e9 en esp\u00e8ces (bahts tha\u00eflandais) ou par carte de cr\u00e9dit (plus 3% de surcharge).<\/li>\n<\/ol>\n<p><strong>B) Options de paiement<\/strong><\/p>\n<p>Vous pouvez payer \u00e0 Member Diving en esp\u00e8ces ou par carte de cr\u00e9dit (r\u00e9servation en ligne). Il est facile de retirer jusqu&rsquo;\u00e0 20 000 Thb par retrait aux distributeurs automatiques de billets en Tha\u00eflande en utilisant une carte EC ou une carte de cr\u00e9dit, jusqu&rsquo;\u00e0 un maximum de 50 000 Thb par jour.<\/p>\n<p><strong>C) Conditions d&rsquo;annulation<\/strong><\/p>\n<ol>\n<li>Toute annulation doit \u00eatre effectu\u00e9e au moins 24 heures \u00e0 l&rsquo;avance.<\/li>\n<li>Les annulations effectu\u00e9es jusqu&rsquo;\u00e0 24 heures avant le d\u00e9but du voyage sont gratuites.<\/li>\n<li>Si une annulation est faite apr\u00e8s 17 heures la veille de la visite r\u00e9serv\u00e9e, le montant total sera d\u00fb.<\/li>\n<li>En cas de non-participation le jour de l&rsquo;excursion, le paiement sera effectu\u00e9 et factur\u00e9 dans son int\u00e9gralit\u00e9.<\/li>\n<li>Si le cours ou l&rsquo;excursion n&rsquo;a pas lieu (par exemple en raison des conditions m\u00e9t\u00e9orologiques ou d&rsquo;un autre cas de force majeure), les frais pay\u00e9s seront rembours\u00e9s \u00e0 condition que l&rsquo;\u00e9v\u00e9nement ne puisse pas \u00eatre r\u00e9p\u00e9t\u00e9 ou organis\u00e9 \u00e0 nouveau.<\/li>\n<\/ol>\n<p><strong>D) Politique d&rsquo;annulation pour les forfaits de plong\u00e9e<\/strong><\/p>\n<ol>\n<li>Aucun remboursement n&rsquo;est pr\u00e9vu en cas d&rsquo;annulation par le client. Une r\u00e9servation en ligne ne peut \u00eatre cumul\u00e9e avec d&rsquo;autres avantages, tels que les promotions, le mat\u00e9riel personnel, etc : Promotions, \u00e9quipement personnel, etc.<\/li>\n<li>Les annulations pour cause de maladie, d&rsquo;accident, etc. doivent \u00eatre clarifi\u00e9es avec votre propre assurance (par exemple, une assurance maladie pour les voyages \u00e0 l&rsquo;\u00e9tranger) et non avec Member Diving.<\/li>\n<li>Un forfait de plong\u00e9e doit \u00eatre pay\u00e9 \u00e0 100 % le premier jour de l&rsquo;excursion.<\/li>\n<li>Si Member Diving doit annuler une excursion, le prix total sera ajust\u00e9 proportionnellement et rembours\u00e9 int\u00e9gralement.<\/li>\n<\/ol>\n<p><strong>Informations importantes:<\/strong><\/p>\n<p><strong>Pour le remboursement des frais en cas de maladie, d&rsquo;accident, etc., c&rsquo;est l&rsquo;assurance maladie de voyage qui est responsable et non Member Diving!<\/strong><\/p>\n<\/div><\/div><\/div><\/div><\/div><\/div><\/div><\/section>\n","protected":false},"excerpt":{"rendered":"Termes et ConditionsA) Confirmation de la r\u00e9servation en ligne Un acompte de 2000 THB par plongeur ou 500 THB par plongeur avec tuba est demand\u00e9 pour confirmer la r\u00e9servation. Le solde peut ensuite \u00eatre pay\u00e9 au d\u00e9but du cours ou le jour de l&rsquo;excursion de plong\u00e9e. Le d\u00e9p\u00f4t sera pay\u00e9 avec Stripe (syst\u00e8me de paiement...","protected":false},"author":3,"featured_media":0,"parent":0,"menu_order":0,"comment_status":"closed","ping_status":"closed","template":"","meta":{"_acf_changed":false,"footnotes":""},"class_list":["post-7181","page","type-page","status-publish","hentry"],"acf":[],"yoast_head":"<!-- This site is optimized with the Yoast SEO plugin v27.4 - https:\/\/yoast.com\/product\/yoast-seo-wordpress\/ -->\n<title>Termes et Conditions | Easy Divers Thailand<\/title>\n<meta name=\"robots\" content=\"index, follow, max-snippet:-1, max-image-preview:large, max-video-preview:-1\" \/>\n<link rel=\"canonical\" href=\"https:\/\/www.easydivers-thailand.com\/fr\/termes-et-conditions\/\" \/>\n<meta property=\"og:locale\" content=\"fr_FR\" \/>\n<meta property=\"og:type\" content=\"article\" \/>\n<meta property=\"og:title\" content=\"Termes et Conditions | Easy Divers Thailand\" \/>\n<meta property=\"og:url\" content=\"https:\/\/www.easydivers-thailand.com\/fr\/termes-et-conditions\/\" \/>\n<meta property=\"og:site_name\" content=\"Easy Divers Thailand\" \/>\n<meta property=\"article:publisher\" content=\"https:\/\/www.facebook.com\/easydiverskohsamuiteam\/\" \/>\n<meta property=\"article:modified_time\" content=\"2023-06-22T01:57:59+00:00\" \/>\n<meta name=\"twitter:card\" content=\"summary_large_image\" \/>\n<meta name=\"twitter:site\" content=\"@EasyKoh\" \/>\n<meta name=\"twitter:label1\" content=\"Dur\u00e9e de lecture estim\u00e9e\" \/>\n\t<meta name=\"twitter:data1\" content=\"2 minutes\" \/>\n<script type=\"application\/ld+json\" class=\"yoast-schema-graph\">{\"@context\":\"https:\\\/\\\/schema.org\",\"@graph\":[{\"@type\":\"WebPage\",\"@id\":\"https:\\\/\\\/www.easydivers-thailand.com\\\/fr\\\/termes-et-conditions\\\/\",\"url\":\"https:\\\/\\\/www.easydivers-thailand.com\\\/fr\\\/termes-et-conditions\\\/\",\"name\":\"Termes et Conditions | Easy Divers Thailand\",\"isPartOf\":{\"@id\":\"https:\\\/\\\/www.easydivers-thailand.com\\\/fr\\\/#website\"},\"datePublished\":\"2018-09-29T23:55:04+00:00\",\"dateModified\":\"2023-06-22T01:57:59+00:00\",\"breadcrumb\":{\"@id\":\"https:\\\/\\\/www.easydivers-thailand.com\\\/fr\\\/termes-et-conditions\\\/#breadcrumb\"},\"inLanguage\":\"fr-FR\",\"potentialAction\":[{\"@type\":\"ReadAction\",\"target\":[\"https:\\\/\\\/www.easydivers-thailand.com\\\/fr\\\/termes-et-conditions\\\/\"]}]},{\"@type\":\"BreadcrumbList\",\"@id\":\"https:\\\/\\\/www.easydivers-thailand.com\\\/fr\\\/termes-et-conditions\\\/#breadcrumb\",\"itemListElement\":[{\"@type\":\"ListItem\",\"position\":1,\"name\":\"Home\",\"item\":\"https:\\\/\\\/www.easydivers-thailand.com\\\/fr\\\/\"},{\"@type\":\"ListItem\",\"position\":2,\"name\":\"Termes et Conditions\"}]},{\"@type\":\"WebSite\",\"@id\":\"https:\\\/\\\/www.easydivers-thailand.com\\\/fr\\\/#website\",\"url\":\"https:\\\/\\\/www.easydivers-thailand.com\\\/fr\\\/\",\"name\":\"Easy Divers Thailand\",\"description\":\"My WordPress Blog\",\"potentialAction\":[{\"@type\":\"SearchAction\",\"target\":{\"@type\":\"EntryPoint\",\"urlTemplate\":\"https:\\\/\\\/www.easydivers-thailand.com\\\/fr\\\/?s={search_term_string}\"},\"query-input\":{\"@type\":\"PropertyValueSpecification\",\"valueRequired\":true,\"valueName\":\"search_term_string\"}}],\"inLanguage\":\"fr-FR\"}]}<\/script>\n<!-- \/ Yoast SEO plugin. -->","yoast_head_json":{"title":"Termes et Conditions | Easy Divers Thailand","robots":{"index":"index","follow":"follow","max-snippet":"max-snippet:-1","max-image-preview":"max-image-preview:large","max-video-preview":"max-video-preview:-1"},"canonical":"https:\/\/www.easydivers-thailand.com\/fr\/termes-et-conditions\/","og_locale":"fr_FR","og_type":"article","og_title":"Termes et Conditions | Easy Divers Thailand","og_url":"https:\/\/www.easydivers-thailand.com\/fr\/termes-et-conditions\/","og_site_name":"Easy Divers Thailand","article_publisher":"https:\/\/www.facebook.com\/easydiverskohsamuiteam\/","article_modified_time":"2023-06-22T01:57:59+00:00","twitter_card":"summary_large_image","twitter_site":"@EasyKoh","twitter_misc":{"Dur\u00e9e de lecture estim\u00e9e":"2 minutes"},"schema":{"@context":"https:\/\/schema.org","@graph":[{"@type":"WebPage","@id":"https:\/\/www.easydivers-thailand.com\/fr\/termes-et-conditions\/","url":"https:\/\/www.easydivers-thailand.com\/fr\/termes-et-conditions\/","name":"Termes et Conditions | Easy Divers Thailand","isPartOf":{"@id":"https:\/\/www.easydivers-thailand.com\/fr\/#website"},"datePublished":"2018-09-29T23:55:04+00:00","dateModified":"2023-06-22T01:57:59+00:00","breadcrumb":{"@id":"https:\/\/www.easydivers-thailand.com\/fr\/termes-et-conditions\/#breadcrumb"},"inLanguage":"fr-FR","potentialAction":[{"@type":"ReadAction","target":["https:\/\/www.easydivers-thailand.com\/fr\/termes-et-conditions\/"]}]},{"@type":"BreadcrumbList","@id":"https:\/\/www.easydivers-thailand.com\/fr\/termes-et-conditions\/#breadcrumb","itemListElement":[{"@type":"ListItem","position":1,"name":"Home","item":"https:\/\/www.easydivers-thailand.com\/fr\/"},{"@type":"ListItem","position":2,"name":"Termes et Conditions"}]},{"@type":"WebSite","@id":"https:\/\/www.easydivers-thailand.com\/fr\/#website","url":"https:\/\/www.easydivers-thailand.com\/fr\/","name":"Easy Divers Thailand","description":"My WordPress Blog","potentialAction":[{"@type":"SearchAction","target":{"@type":"EntryPoint","urlTemplate":"https:\/\/www.easydivers-thailand.com\/fr\/?s={search_term_string}"},"query-input":{"@type":"PropertyValueSpecification","valueRequired":true,"valueName":"search_term_string"}}],"inLanguage":"fr-FR"}]}},"_links":{"self":[{"href":"https:\/\/www.easydivers-thailand.com\/fr\/wp-json\/wp\/v2\/pages\/7181","targetHints":{"allow":["GET"]}}],"collection":[{"href":"https:\/\/www.easydivers-thailand.com\/fr\/wp-json\/wp\/v2\/pages"}],"about":[{"href":"https:\/\/www.easydivers-thailand.com\/fr\/wp-json\/wp\/v2\/types\/page"}],"author":[{"embeddable":true,"href":"https:\/\/www.easydivers-thailand.com\/fr\/wp-json\/wp\/v2\/users\/3"}],"replies":[{"embeddable":true,"href":"https:\/\/www.easydivers-thailand.com\/fr\/wp-json\/wp\/v2\/comments?post=7181"}],"version-history":[{"count":5,"href":"https:\/\/www.easydivers-thailand.com\/fr\/wp-json\/wp\/v2\/pages\/7181\/revisions"}],"predecessor-version":[{"id":29241,"href":"https:\/\/www.easydivers-thailand.com\/fr\/wp-json\/wp\/v2\/pages\/7181\/revisions\/29241"}],"wp:attachment":[{"href":"https:\/\/www.easydivers-thailand.com\/fr\/wp-json\/wp\/v2\/media?parent=7181"}],"curies":[{"name":"wp","href":"https:\/\/api.w.org\/{rel}","templated":true}]}}