{"id":7004,"date":"2018-09-10T19:42:43","date_gmt":"2018-09-10T12:42:43","guid":{"rendered":"https:\/\/easydivers.samui-web-design.com\/product\/koh-tao-overnight-for-open-water-diver-students\/"},"modified":"2022-05-20T18:54:12","modified_gmt":"2022-05-20T11:54:12","slug":"nuit-a-koh-tao-pour-les-eleves-open-water-diver","status":"publish","type":"product","link":"https:\/\/www.easydivers-thailand.com\/fr\/produit\/nuit-a-koh-tao-pour-les-eleves-open-water-diver\/","title":{"rendered":"Nuit \u00e0 Koh Tao pour les \u00e9l\u00e8ves Open Water Diver"},"content":{"rendered":"<p>Le prix comprend le transfert depuis l&rsquo;h\u00f4tel, le transfert en ferry rapide vers Koh Tao, l\u2019\u00e9quipement de plong\u00e9e, une chambre avec ventilateur, l\u2019instructeur de plong\u00e9e, le manuel PADI et les frais de certification, l\u2019assurance accidents. Belle chambre avec A\/C &#038; petit d\u00e9jeuner. (Option : chambre avec ventilateur &#8211; R\u00e9duction de THB 500).<\/p>\n","protected":false},"excerpt":{"rendered":"<p>Commencez votre cours PADI Open Water Diver sur Koh Samui en compl\u00e9tant la th\u00e9orie et les plong\u00e9es en piscine dans notre confortable salle de classe et notre piscine priv\u00e9e. Les plong\u00e9es en eau libre seront conduites dans les baies prot\u00e9g\u00e9es de l&rsquo;\u00eele de Koh Tao \u00e0 partir d&rsquo;un bateau sp\u00e9cialement \u00e9quip\u00e9 pour la plong\u00e9e. Belle chambre avec A\/C (ou ventilateur) &#038; petit d\u00e9jeuner.<\/p>\n<p><span class=\"mypriceclass\">Option 1: 3 jours (chambre climatis\u00e9e (A\/C)) | Prix du cours: \u0e3f 18&rsquo;900.00 par personne<\/span><br \/>\n<span class=\"mypriceclass\">Option 2: 3 jours (chambre avec ventilateur) | Prix du cours: \u0e3f 18&rsquo;400.00 par personne<\/span><\/p>\n","protected":false},"featured_media":6828,"template":"","meta":{"_acf_changed":false},"product_brand":[],"product_cat":[101],"product_tag":[104],"class_list":{"0":"post-7004","1":"product","2":"type-product","3":"status-publish","4":"has-post-thumbnail","6":"product_cat-koh-tao-nuit","7":"product_tag-koh-tao-nuit","9":"first","10":"instock","11":"virtual","12":"purchasable","13":"product-type-simple"},"acf":[],"yoast_head":"<!-- This site is optimized with the Yoast SEO plugin v27.3 - https:\/\/yoast.com\/product\/yoast-seo-wordpress\/ -->\n<title>Nuit \u00e0 Koh Tao pour les \u00e9l\u00e8ves Open Water Diver<\/title>\n<meta name=\"description\" content=\"Commencez votre cours PADI Open Water Diver sur Koh Samui en compl\u00e9tant la th\u00e9orie et les plong\u00e9es en piscine dans notre confortable salle de classe et notre piscine priv\u00e9e. Les plong\u00e9es en eau libre seront conduites dans les baies prot\u00e9g\u00e9es de l&#039;\u00eele de Koh Tao \u00e0 partir d&#039;un bateau sp\u00e9cialement \u00e9quip\u00e9 pour la plong\u00e9e.\" \/>\n<meta name=\"robots\" content=\"index, follow, max-snippet:-1, max-image-preview:large, max-video-preview:-1\" \/>\n<link rel=\"canonical\" href=\"https:\/\/www.easydivers-thailand.com\/fr\/produit\/nuit-a-koh-tao-pour-les-eleves-open-water-diver\/\" \/>\n<meta property=\"og:locale\" content=\"fr_FR\" \/>\n<meta property=\"og:type\" content=\"article\" \/>\n<meta property=\"og:title\" content=\"Nuit \u00e0 Koh Tao pour les \u00e9l\u00e8ves Open Water Diver\" \/>\n<meta property=\"og:description\" content=\"Commencez votre cours PADI Open Water Diver sur Koh Samui en compl\u00e9tant la th\u00e9orie et les plong\u00e9es en piscine dans notre confortable salle de classe et notre piscine priv\u00e9e. Les plong\u00e9es en eau libre seront conduites dans les baies prot\u00e9g\u00e9es de l&#039;\u00eele de Koh Tao \u00e0 partir d&#039;un bateau sp\u00e9cialement \u00e9quip\u00e9 pour la plong\u00e9e.\" \/>\n<meta property=\"og:url\" content=\"https:\/\/www.easydivers-thailand.com\/fr\/produit\/nuit-a-koh-tao-pour-les-eleves-open-water-diver\/\" \/>\n<meta property=\"og:site_name\" content=\"Easy Divers Thailand\" \/>\n<meta property=\"article:publisher\" content=\"https:\/\/www.facebook.com\/easydiverskohsamuiteam\/\" \/>\n<meta property=\"article:modified_time\" content=\"2022-05-20T11:54:12+00:00\" \/>\n<meta property=\"og:image\" content=\"https:\/\/www.easydivers-thailand.com\/wp-content\/uploads\/2018\/09\/Fun-Diving-08.jpg\" \/>\n\t<meta property=\"og:image:width\" content=\"1200\" \/>\n\t<meta property=\"og:image:height\" content=\"800\" \/>\n\t<meta property=\"og:image:type\" content=\"image\/jpeg\" \/>\n<meta name=\"twitter:card\" content=\"summary_large_image\" \/>\n<meta name=\"twitter:site\" content=\"@EasyKoh\" \/>\n<script type=\"application\/ld+json\" class=\"yoast-schema-graph\">{\"@context\":\"https:\\\/\\\/schema.org\",\"@graph\":[{\"@type\":\"WebPage\",\"@id\":\"https:\\\/\\\/www.easydivers-thailand.com\\\/fr\\\/produit\\\/nuit-a-koh-tao-pour-les-eleves-open-water-diver\\\/\",\"url\":\"https:\\\/\\\/www.easydivers-thailand.com\\\/fr\\\/produit\\\/nuit-a-koh-tao-pour-les-eleves-open-water-diver\\\/\",\"name\":\"Nuit \u00e0 Koh Tao pour les \u00e9l\u00e8ves Open Water Diver\",\"isPartOf\":{\"@id\":\"https:\\\/\\\/www.easydivers-thailand.com\\\/fr\\\/#website\"},\"primaryImageOfPage\":{\"@id\":\"https:\\\/\\\/www.easydivers-thailand.com\\\/fr\\\/produit\\\/nuit-a-koh-tao-pour-les-eleves-open-water-diver\\\/#primaryimage\"},\"image\":{\"@id\":\"https:\\\/\\\/www.easydivers-thailand.com\\\/fr\\\/produit\\\/nuit-a-koh-tao-pour-les-eleves-open-water-diver\\\/#primaryimage\"},\"thumbnailUrl\":\"https:\\\/\\\/www.easydivers-thailand.com\\\/wp-content\\\/uploads\\\/2018\\\/09\\\/Fun-Diving-08.jpg\",\"datePublished\":\"2018-09-10T12:42:43+00:00\",\"dateModified\":\"2022-05-20T11:54:12+00:00\",\"description\":\"Commencez votre cours PADI Open Water Diver sur Koh Samui en compl\u00e9tant la th\u00e9orie et les plong\u00e9es en piscine dans notre confortable salle de classe et notre piscine priv\u00e9e. Les plong\u00e9es en eau libre seront conduites dans les baies prot\u00e9g\u00e9es de l'\u00eele de Koh Tao \u00e0 partir d'un bateau sp\u00e9cialement \u00e9quip\u00e9 pour la plong\u00e9e.\",\"breadcrumb\":{\"@id\":\"https:\\\/\\\/www.easydivers-thailand.com\\\/fr\\\/produit\\\/nuit-a-koh-tao-pour-les-eleves-open-water-diver\\\/#breadcrumb\"},\"inLanguage\":\"fr-FR\",\"potentialAction\":[{\"@type\":\"ReadAction\",\"target\":[\"https:\\\/\\\/www.easydivers-thailand.com\\\/fr\\\/produit\\\/nuit-a-koh-tao-pour-les-eleves-open-water-diver\\\/\"]}]},{\"@type\":\"ImageObject\",\"inLanguage\":\"fr-FR\",\"@id\":\"https:\\\/\\\/www.easydivers-thailand.com\\\/fr\\\/produit\\\/nuit-a-koh-tao-pour-les-eleves-open-water-diver\\\/#primaryimage\",\"url\":\"https:\\\/\\\/www.easydivers-thailand.com\\\/wp-content\\\/uploads\\\/2018\\\/09\\\/Fun-Diving-08.jpg\",\"contentUrl\":\"https:\\\/\\\/www.easydivers-thailand.com\\\/wp-content\\\/uploads\\\/2018\\\/09\\\/Fun-Diving-08.jpg\",\"width\":1200,\"height\":800,\"caption\":\"Fun Diving\"},{\"@type\":\"BreadcrumbList\",\"@id\":\"https:\\\/\\\/www.easydivers-thailand.com\\\/fr\\\/produit\\\/nuit-a-koh-tao-pour-les-eleves-open-water-diver\\\/#breadcrumb\",\"itemListElement\":[{\"@type\":\"ListItem\",\"position\":1,\"name\":\"Home\",\"item\":\"https:\\\/\\\/www.easydivers-thailand.com\\\/fr\\\/\"},{\"@type\":\"ListItem\",\"position\":2,\"name\":\"Boutique\",\"item\":\"https:\\\/\\\/www.easydivers-thailand.com\\\/fr\\\/boutique\\\/\"},{\"@type\":\"ListItem\",\"position\":3,\"name\":\"Nuit \u00e0 Koh Tao pour les \u00e9l\u00e8ves Open Water Diver\"}]},{\"@type\":\"WebSite\",\"@id\":\"https:\\\/\\\/www.easydivers-thailand.com\\\/fr\\\/#website\",\"url\":\"https:\\\/\\\/www.easydivers-thailand.com\\\/fr\\\/\",\"name\":\"Easy Divers Thailand\",\"description\":\"My WordPress Blog\",\"potentialAction\":[{\"@type\":\"SearchAction\",\"target\":{\"@type\":\"EntryPoint\",\"urlTemplate\":\"https:\\\/\\\/www.easydivers-thailand.com\\\/fr\\\/?s={search_term_string}\"},\"query-input\":{\"@type\":\"PropertyValueSpecification\",\"valueRequired\":true,\"valueName\":\"search_term_string\"}}],\"inLanguage\":\"fr-FR\"}]}<\/script>\n<!-- \/ Yoast SEO plugin. -->","yoast_head_json":{"title":"Nuit \u00e0 Koh Tao pour les \u00e9l\u00e8ves Open Water Diver","description":"Commencez votre cours PADI Open Water Diver sur Koh Samui en compl\u00e9tant la th\u00e9orie et les plong\u00e9es en piscine dans notre confortable salle de classe et notre piscine priv\u00e9e. Les plong\u00e9es en eau libre seront conduites dans les baies prot\u00e9g\u00e9es de l'\u00eele de Koh Tao \u00e0 partir d'un bateau sp\u00e9cialement \u00e9quip\u00e9 pour la plong\u00e9e.","robots":{"index":"index","follow":"follow","max-snippet":"max-snippet:-1","max-image-preview":"max-image-preview:large","max-video-preview":"max-video-preview:-1"},"canonical":"https:\/\/www.easydivers-thailand.com\/fr\/produit\/nuit-a-koh-tao-pour-les-eleves-open-water-diver\/","og_locale":"fr_FR","og_type":"article","og_title":"Nuit \u00e0 Koh Tao pour les \u00e9l\u00e8ves Open Water Diver","og_description":"Commencez votre cours PADI Open Water Diver sur Koh Samui en compl\u00e9tant la th\u00e9orie et les plong\u00e9es en piscine dans notre confortable salle de classe et notre piscine priv\u00e9e. Les plong\u00e9es en eau libre seront conduites dans les baies prot\u00e9g\u00e9es de l'\u00eele de Koh Tao \u00e0 partir d'un bateau sp\u00e9cialement \u00e9quip\u00e9 pour la plong\u00e9e.","og_url":"https:\/\/www.easydivers-thailand.com\/fr\/produit\/nuit-a-koh-tao-pour-les-eleves-open-water-diver\/","og_site_name":"Easy Divers Thailand","article_publisher":"https:\/\/www.facebook.com\/easydiverskohsamuiteam\/","article_modified_time":"2022-05-20T11:54:12+00:00","og_image":[{"width":1200,"height":800,"url":"https:\/\/www.easydivers-thailand.com\/wp-content\/uploads\/2018\/09\/Fun-Diving-08.jpg","type":"image\/jpeg"}],"twitter_card":"summary_large_image","twitter_site":"@EasyKoh","schema":{"@context":"https:\/\/schema.org","@graph":[{"@type":"WebPage","@id":"https:\/\/www.easydivers-thailand.com\/fr\/produit\/nuit-a-koh-tao-pour-les-eleves-open-water-diver\/","url":"https:\/\/www.easydivers-thailand.com\/fr\/produit\/nuit-a-koh-tao-pour-les-eleves-open-water-diver\/","name":"Nuit \u00e0 Koh Tao pour les \u00e9l\u00e8ves Open Water Diver","isPartOf":{"@id":"https:\/\/www.easydivers-thailand.com\/fr\/#website"},"primaryImageOfPage":{"@id":"https:\/\/www.easydivers-thailand.com\/fr\/produit\/nuit-a-koh-tao-pour-les-eleves-open-water-diver\/#primaryimage"},"image":{"@id":"https:\/\/www.easydivers-thailand.com\/fr\/produit\/nuit-a-koh-tao-pour-les-eleves-open-water-diver\/#primaryimage"},"thumbnailUrl":"https:\/\/www.easydivers-thailand.com\/wp-content\/uploads\/2018\/09\/Fun-Diving-08.jpg","datePublished":"2018-09-10T12:42:43+00:00","dateModified":"2022-05-20T11:54:12+00:00","description":"Commencez votre cours PADI Open Water Diver sur Koh Samui en compl\u00e9tant la th\u00e9orie et les plong\u00e9es en piscine dans notre confortable salle de classe et notre piscine priv\u00e9e. Les plong\u00e9es en eau libre seront conduites dans les baies prot\u00e9g\u00e9es de l'\u00eele de Koh Tao \u00e0 partir d'un bateau sp\u00e9cialement \u00e9quip\u00e9 pour la plong\u00e9e.","breadcrumb":{"@id":"https:\/\/www.easydivers-thailand.com\/fr\/produit\/nuit-a-koh-tao-pour-les-eleves-open-water-diver\/#breadcrumb"},"inLanguage":"fr-FR","potentialAction":[{"@type":"ReadAction","target":["https:\/\/www.easydivers-thailand.com\/fr\/produit\/nuit-a-koh-tao-pour-les-eleves-open-water-diver\/"]}]},{"@type":"ImageObject","inLanguage":"fr-FR","@id":"https:\/\/www.easydivers-thailand.com\/fr\/produit\/nuit-a-koh-tao-pour-les-eleves-open-water-diver\/#primaryimage","url":"https:\/\/www.easydivers-thailand.com\/wp-content\/uploads\/2018\/09\/Fun-Diving-08.jpg","contentUrl":"https:\/\/www.easydivers-thailand.com\/wp-content\/uploads\/2018\/09\/Fun-Diving-08.jpg","width":1200,"height":800,"caption":"Fun Diving"},{"@type":"BreadcrumbList","@id":"https:\/\/www.easydivers-thailand.com\/fr\/produit\/nuit-a-koh-tao-pour-les-eleves-open-water-diver\/#breadcrumb","itemListElement":[{"@type":"ListItem","position":1,"name":"Home","item":"https:\/\/www.easydivers-thailand.com\/fr\/"},{"@type":"ListItem","position":2,"name":"Boutique","item":"https:\/\/www.easydivers-thailand.com\/fr\/boutique\/"},{"@type":"ListItem","position":3,"name":"Nuit \u00e0 Koh Tao pour les \u00e9l\u00e8ves Open Water Diver"}]},{"@type":"WebSite","@id":"https:\/\/www.easydivers-thailand.com\/fr\/#website","url":"https:\/\/www.easydivers-thailand.com\/fr\/","name":"Easy Divers Thailand","description":"My WordPress Blog","potentialAction":[{"@type":"SearchAction","target":{"@type":"EntryPoint","urlTemplate":"https:\/\/www.easydivers-thailand.com\/fr\/?s={search_term_string}"},"query-input":{"@type":"PropertyValueSpecification","valueRequired":true,"valueName":"search_term_string"}}],"inLanguage":"fr-FR"}]}},"_links":{"self":[{"href":"https:\/\/www.easydivers-thailand.com\/fr\/wp-json\/wp\/v2\/product\/7004","targetHints":{"allow":["GET"]}}],"collection":[{"href":"https:\/\/www.easydivers-thailand.com\/fr\/wp-json\/wp\/v2\/product"}],"about":[{"href":"https:\/\/www.easydivers-thailand.com\/fr\/wp-json\/wp\/v2\/types\/product"}],"wp:featuredmedia":[{"embeddable":true,"href":"https:\/\/www.easydivers-thailand.com\/fr\/wp-json\/wp\/v2\/media\/6828"}],"wp:attachment":[{"href":"https:\/\/www.easydivers-thailand.com\/fr\/wp-json\/wp\/v2\/media?parent=7004"}],"wp:term":[{"taxonomy":"product_brand","embeddable":true,"href":"https:\/\/www.easydivers-thailand.com\/fr\/wp-json\/wp\/v2\/product_brand?post=7004"},{"taxonomy":"product_cat","embeddable":true,"href":"https:\/\/www.easydivers-thailand.com\/fr\/wp-json\/wp\/v2\/product_cat?post=7004"},{"taxonomy":"product_tag","embeddable":true,"href":"https:\/\/www.easydivers-thailand.com\/fr\/wp-json\/wp\/v2\/product_tag?post=7004"}],"curies":[{"name":"wp","href":"https:\/\/api.w.org\/{rel}","templated":true}]}}