{"id":7065,"date":"2018-09-07T20:24:10","date_gmt":"2018-09-07T13:24:10","guid":{"rendered":"https:\/\/easydivers.samui-web-design.com\/product\/koh-tao-dive-tour\/"},"modified":"2023-06-19T08:14:27","modified_gmt":"2023-06-19T01:14:27","slug":"koh-tao-l-excursion-de-plongee","status":"publish","type":"product","link":"https:\/\/www.easydivers-thailand.com\/fr\/produit\/koh-tao-l-excursion-de-plongee\/","title":{"rendered":"Koh Tao l&rsquo;excursion de Plong\u00e9e"},"content":{"rendered":"<p><strong>L&rsquo;\u00eele de Koh Tao est mondialement connue pour sa grande vari\u00e9t\u00e9 de sites de plong\u00e9e et ses conditions de plong\u00e9e faciles en termes de courants et de visibilit\u00e9.<\/strong><\/p>\n<p>Imaginez-vous en train de plonger dans un aquarium, entour\u00e9 de coraux color\u00e9s, de poissons et d&rsquo;autres cr\u00e9atures aquatiques \u00e9tonnantes.<\/p>\n","protected":false},"excerpt":{"rendered":"<p><strong>Excursion de plong\u00e9e quotidienne \u00e0 Koh Tao en hors-bord &#8211; plong\u00e9e corallienne dans des baies prot\u00e9g\u00e9es autour de l&rsquo;\u00eele de Koh Tao<\/strong><br \/>\n<strong>Profondeur maximale de 20 m &#8211; 2 plong\u00e9es<\/strong><\/p>\n","protected":false},"featured_media":6630,"template":"","meta":{"_acf_changed":false},"product_brand":[],"product_cat":[87,86],"product_tag":[81],"class_list":{"0":"post-7065","1":"product","2":"type-product","3":"status-publish","4":"has-post-thumbnail","6":"product_cat-excursions-de-plongee","7":"product_cat-excursions-de-plongee-et-plongee-en-apnee","8":"product_tag-excursions-de-plongee","10":"first","11":"instock","12":"sale","13":"virtual","14":"purchasable","15":"product-type-simple"},"acf":[],"yoast_head":"<!-- This site is optimized with the Yoast SEO plugin v27.4 - https:\/\/yoast.com\/product\/yoast-seo-wordpress\/ -->\n<title>Koh Tao l&#039;excursion de Plong\u00e9e | Easy Divers Thailand<\/title>\n<meta name=\"robots\" content=\"index, follow, max-snippet:-1, max-image-preview:large, max-video-preview:-1\" \/>\n<link rel=\"canonical\" href=\"https:\/\/www.easydivers-thailand.com\/fr\/produit\/koh-tao-l-excursion-de-plongee\/\" \/>\n<meta property=\"og:locale\" content=\"fr_FR\" \/>\n<meta property=\"og:type\" content=\"article\" \/>\n<meta property=\"og:title\" content=\"Koh Tao l&#039;excursion de Plong\u00e9e | Easy Divers Thailand\" \/>\n<meta property=\"og:description\" content=\"Excursion de plong\u00e9e quotidienne \u00e0 Koh Tao en hors-bord - plong\u00e9e corallienne dans des baies prot\u00e9g\u00e9es autour de l&#039;\u00eele de Koh Tao Profondeur maximale de 20 m - 2 plong\u00e9es\" \/>\n<meta property=\"og:url\" content=\"https:\/\/www.easydivers-thailand.com\/fr\/produit\/koh-tao-l-excursion-de-plongee\/\" \/>\n<meta property=\"og:site_name\" content=\"Easy Divers Thailand\" \/>\n<meta property=\"article:publisher\" content=\"https:\/\/www.facebook.com\/easydiverskohsamuiteam\/\" \/>\n<meta property=\"article:modified_time\" content=\"2023-06-19T01:14:27+00:00\" \/>\n<meta property=\"og:image\" content=\"https:\/\/www.easydivers-thailand.com\/wp-content\/uploads\/2018\/09\/Koh-Samui_Easy-divers_8015.jpg\" \/>\n\t<meta property=\"og:image:width\" content=\"1200\" \/>\n\t<meta property=\"og:image:height\" content=\"800\" \/>\n\t<meta property=\"og:image:type\" content=\"image\/jpeg\" \/>\n<meta name=\"twitter:card\" content=\"summary_large_image\" \/>\n<meta name=\"twitter:site\" content=\"@EasyKoh\" \/>\n<meta name=\"twitter:label1\" content=\"Dur\u00e9e de lecture estim\u00e9e\" \/>\n\t<meta name=\"twitter:data1\" content=\"1 minute\" \/>\n<script type=\"application\/ld+json\" class=\"yoast-schema-graph\">{\"@context\":\"https:\\\/\\\/schema.org\",\"@graph\":[{\"@type\":\"WebPage\",\"@id\":\"https:\\\/\\\/www.easydivers-thailand.com\\\/fr\\\/produit\\\/koh-tao-l-excursion-de-plongee\\\/\",\"url\":\"https:\\\/\\\/www.easydivers-thailand.com\\\/fr\\\/produit\\\/koh-tao-l-excursion-de-plongee\\\/\",\"name\":\"Koh Tao l'excursion de Plong\u00e9e | Easy Divers Thailand\",\"isPartOf\":{\"@id\":\"https:\\\/\\\/www.easydivers-thailand.com\\\/fr\\\/#website\"},\"primaryImageOfPage\":{\"@id\":\"https:\\\/\\\/www.easydivers-thailand.com\\\/fr\\\/produit\\\/koh-tao-l-excursion-de-plongee\\\/#primaryimage\"},\"image\":{\"@id\":\"https:\\\/\\\/www.easydivers-thailand.com\\\/fr\\\/produit\\\/koh-tao-l-excursion-de-plongee\\\/#primaryimage\"},\"thumbnailUrl\":\"https:\\\/\\\/www.easydivers-thailand.com\\\/wp-content\\\/uploads\\\/2018\\\/09\\\/Koh-Samui_Easy-divers_8015.jpg\",\"datePublished\":\"2018-09-07T13:24:10+00:00\",\"dateModified\":\"2023-06-19T01:14:27+00:00\",\"breadcrumb\":{\"@id\":\"https:\\\/\\\/www.easydivers-thailand.com\\\/fr\\\/produit\\\/koh-tao-l-excursion-de-plongee\\\/#breadcrumb\"},\"inLanguage\":\"fr-FR\",\"potentialAction\":[{\"@type\":\"ReadAction\",\"target\":[\"https:\\\/\\\/www.easydivers-thailand.com\\\/fr\\\/produit\\\/koh-tao-l-excursion-de-plongee\\\/\"]}]},{\"@type\":\"ImageObject\",\"inLanguage\":\"fr-FR\",\"@id\":\"https:\\\/\\\/www.easydivers-thailand.com\\\/fr\\\/produit\\\/koh-tao-l-excursion-de-plongee\\\/#primaryimage\",\"url\":\"https:\\\/\\\/www.easydivers-thailand.com\\\/wp-content\\\/uploads\\\/2018\\\/09\\\/Koh-Samui_Easy-divers_8015.jpg\",\"contentUrl\":\"https:\\\/\\\/www.easydivers-thailand.com\\\/wp-content\\\/uploads\\\/2018\\\/09\\\/Koh-Samui_Easy-divers_8015.jpg\",\"width\":1200,\"height\":800,\"caption\":\"Koh Tao Dive Tour\"},{\"@type\":\"BreadcrumbList\",\"@id\":\"https:\\\/\\\/www.easydivers-thailand.com\\\/fr\\\/produit\\\/koh-tao-l-excursion-de-plongee\\\/#breadcrumb\",\"itemListElement\":[{\"@type\":\"ListItem\",\"position\":1,\"name\":\"Home\",\"item\":\"https:\\\/\\\/www.easydivers-thailand.com\\\/fr\\\/\"},{\"@type\":\"ListItem\",\"position\":2,\"name\":\"Boutique\",\"item\":\"https:\\\/\\\/www.easydivers-thailand.com\\\/fr\\\/boutique\\\/\"},{\"@type\":\"ListItem\",\"position\":3,\"name\":\"Koh Tao l&#8217;excursion de Plong\u00e9e\"}]},{\"@type\":\"WebSite\",\"@id\":\"https:\\\/\\\/www.easydivers-thailand.com\\\/fr\\\/#website\",\"url\":\"https:\\\/\\\/www.easydivers-thailand.com\\\/fr\\\/\",\"name\":\"Easy Divers Thailand\",\"description\":\"My WordPress Blog\",\"potentialAction\":[{\"@type\":\"SearchAction\",\"target\":{\"@type\":\"EntryPoint\",\"urlTemplate\":\"https:\\\/\\\/www.easydivers-thailand.com\\\/fr\\\/?s={search_term_string}\"},\"query-input\":{\"@type\":\"PropertyValueSpecification\",\"valueRequired\":true,\"valueName\":\"search_term_string\"}}],\"inLanguage\":\"fr-FR\"}]}<\/script>\n<!-- \/ Yoast SEO plugin. -->","yoast_head_json":{"title":"Koh Tao l'excursion de Plong\u00e9e | Easy Divers Thailand","robots":{"index":"index","follow":"follow","max-snippet":"max-snippet:-1","max-image-preview":"max-image-preview:large","max-video-preview":"max-video-preview:-1"},"canonical":"https:\/\/www.easydivers-thailand.com\/fr\/produit\/koh-tao-l-excursion-de-plongee\/","og_locale":"fr_FR","og_type":"article","og_title":"Koh Tao l'excursion de Plong\u00e9e | Easy Divers Thailand","og_description":"Excursion de plong\u00e9e quotidienne \u00e0 Koh Tao en hors-bord - plong\u00e9e corallienne dans des baies prot\u00e9g\u00e9es autour de l'\u00eele de Koh Tao Profondeur maximale de 20 m - 2 plong\u00e9es","og_url":"https:\/\/www.easydivers-thailand.com\/fr\/produit\/koh-tao-l-excursion-de-plongee\/","og_site_name":"Easy Divers Thailand","article_publisher":"https:\/\/www.facebook.com\/easydiverskohsamuiteam\/","article_modified_time":"2023-06-19T01:14:27+00:00","og_image":[{"width":1200,"height":800,"url":"https:\/\/www.easydivers-thailand.com\/wp-content\/uploads\/2018\/09\/Koh-Samui_Easy-divers_8015.jpg","type":"image\/jpeg"}],"twitter_card":"summary_large_image","twitter_site":"@EasyKoh","twitter_misc":{"Dur\u00e9e de lecture estim\u00e9e":"1 minute"},"schema":{"@context":"https:\/\/schema.org","@graph":[{"@type":"WebPage","@id":"https:\/\/www.easydivers-thailand.com\/fr\/produit\/koh-tao-l-excursion-de-plongee\/","url":"https:\/\/www.easydivers-thailand.com\/fr\/produit\/koh-tao-l-excursion-de-plongee\/","name":"Koh Tao l'excursion de Plong\u00e9e | Easy Divers Thailand","isPartOf":{"@id":"https:\/\/www.easydivers-thailand.com\/fr\/#website"},"primaryImageOfPage":{"@id":"https:\/\/www.easydivers-thailand.com\/fr\/produit\/koh-tao-l-excursion-de-plongee\/#primaryimage"},"image":{"@id":"https:\/\/www.easydivers-thailand.com\/fr\/produit\/koh-tao-l-excursion-de-plongee\/#primaryimage"},"thumbnailUrl":"https:\/\/www.easydivers-thailand.com\/wp-content\/uploads\/2018\/09\/Koh-Samui_Easy-divers_8015.jpg","datePublished":"2018-09-07T13:24:10+00:00","dateModified":"2023-06-19T01:14:27+00:00","breadcrumb":{"@id":"https:\/\/www.easydivers-thailand.com\/fr\/produit\/koh-tao-l-excursion-de-plongee\/#breadcrumb"},"inLanguage":"fr-FR","potentialAction":[{"@type":"ReadAction","target":["https:\/\/www.easydivers-thailand.com\/fr\/produit\/koh-tao-l-excursion-de-plongee\/"]}]},{"@type":"ImageObject","inLanguage":"fr-FR","@id":"https:\/\/www.easydivers-thailand.com\/fr\/produit\/koh-tao-l-excursion-de-plongee\/#primaryimage","url":"https:\/\/www.easydivers-thailand.com\/wp-content\/uploads\/2018\/09\/Koh-Samui_Easy-divers_8015.jpg","contentUrl":"https:\/\/www.easydivers-thailand.com\/wp-content\/uploads\/2018\/09\/Koh-Samui_Easy-divers_8015.jpg","width":1200,"height":800,"caption":"Koh Tao Dive Tour"},{"@type":"BreadcrumbList","@id":"https:\/\/www.easydivers-thailand.com\/fr\/produit\/koh-tao-l-excursion-de-plongee\/#breadcrumb","itemListElement":[{"@type":"ListItem","position":1,"name":"Home","item":"https:\/\/www.easydivers-thailand.com\/fr\/"},{"@type":"ListItem","position":2,"name":"Boutique","item":"https:\/\/www.easydivers-thailand.com\/fr\/boutique\/"},{"@type":"ListItem","position":3,"name":"Koh Tao l&#8217;excursion de Plong\u00e9e"}]},{"@type":"WebSite","@id":"https:\/\/www.easydivers-thailand.com\/fr\/#website","url":"https:\/\/www.easydivers-thailand.com\/fr\/","name":"Easy Divers Thailand","description":"My WordPress Blog","potentialAction":[{"@type":"SearchAction","target":{"@type":"EntryPoint","urlTemplate":"https:\/\/www.easydivers-thailand.com\/fr\/?s={search_term_string}"},"query-input":{"@type":"PropertyValueSpecification","valueRequired":true,"valueName":"search_term_string"}}],"inLanguage":"fr-FR"}]}},"_links":{"self":[{"href":"https:\/\/www.easydivers-thailand.com\/fr\/wp-json\/wp\/v2\/product\/7065","targetHints":{"allow":["GET"]}}],"collection":[{"href":"https:\/\/www.easydivers-thailand.com\/fr\/wp-json\/wp\/v2\/product"}],"about":[{"href":"https:\/\/www.easydivers-thailand.com\/fr\/wp-json\/wp\/v2\/types\/product"}],"wp:featuredmedia":[{"embeddable":true,"href":"https:\/\/www.easydivers-thailand.com\/fr\/wp-json\/wp\/v2\/media\/6630"}],"wp:attachment":[{"href":"https:\/\/www.easydivers-thailand.com\/fr\/wp-json\/wp\/v2\/media?parent=7065"}],"wp:term":[{"taxonomy":"product_brand","embeddable":true,"href":"https:\/\/www.easydivers-thailand.com\/fr\/wp-json\/wp\/v2\/product_brand?post=7065"},{"taxonomy":"product_cat","embeddable":true,"href":"https:\/\/www.easydivers-thailand.com\/fr\/wp-json\/wp\/v2\/product_cat?post=7065"},{"taxonomy":"product_tag","embeddable":true,"href":"https:\/\/www.easydivers-thailand.com\/fr\/wp-json\/wp\/v2\/product_tag?post=7065"}],"curies":[{"name":"wp","href":"https:\/\/api.w.org\/{rel}","templated":true}]}}