{"id":7066,"date":"2018-09-07T20:24:26","date_gmt":"2018-09-07T13:24:26","guid":{"rendered":"https:\/\/easydivers.samui-web-design.com\/product\/sail-rock-dive-tour\/"},"modified":"2023-06-19T08:15:56","modified_gmt":"2023-06-19T01:15:56","slug":"sail-rock-l-excursion-de-plongee","status":"publish","type":"product","link":"https:\/\/www.easydivers-thailand.com\/fr\/produit\/sail-rock-l-excursion-de-plongee\/","title":{"rendered":"Sail Rock l&rsquo;excursion de Plong\u00e9e"},"content":{"rendered":"<p><strong>Sail Rock est l\u2019un des plus beaux sites de plong\u00e9e du golfe de Tha\u00eflande &#8211; et ce n\u2019est pas un mythe! <\/strong><\/p>\n<p>Situ\u00e9e au milieu de l&rsquo;oc\u00e9an au nord de l&rsquo;\u00eele de Koh Phangan, cette grande formation rocheuse de granit brise la surface de l&rsquo;oc\u00e9an \u00e0 40 m de profondeur. Elle attire beaucoup de vie marine et est r\u00e9put\u00e9e pour ses grands bancs de poissons entourant la roche.<\/p>\n<p>L\u2019attraction la plus spectaculaire de Sail Rock est la \u00abchemin\u00e9e verticale\u00bb qui permet de p\u00e9n\u00e9trer \u00e0 une profondeur de 18 m et de monter \u00e0 l\u2019int\u00e9rieur du rocher.<\/p>\n","protected":false},"excerpt":{"rendered":"<p><strong>Excursion de plong\u00e9e quotidienne \u00e0 Sail Rock en hors-bord &#8211; plong\u00e9e sur murs et grands bancs de poissons, observations fr\u00e9quentes de requins-baleines. <\/strong><br \/>\n<strong>Profondeur maximale 25 m -2 plong\u00e9es<\/strong><\/p>\n","protected":false},"featured_media":6673,"template":"","meta":{"_acf_changed":false},"product_brand":[],"product_cat":[87,86],"product_tag":[81],"class_list":{"0":"post-7066","1":"product","2":"type-product","3":"status-publish","4":"has-post-thumbnail","6":"product_cat-excursions-de-plongee","7":"product_cat-excursions-de-plongee-et-plongee-en-apnee","8":"product_tag-excursions-de-plongee","10":"first","11":"instock","12":"sale","13":"virtual","14":"purchasable","15":"product-type-simple"},"acf":[],"yoast_head":"<!-- This site is optimized with the Yoast SEO plugin v27.4 - https:\/\/yoast.com\/product\/yoast-seo-wordpress\/ -->\n<title>Sail Rock l&#039;excursion de Plong\u00e9e | Easy Divers Thailand<\/title>\n<meta name=\"robots\" content=\"index, follow, max-snippet:-1, max-image-preview:large, max-video-preview:-1\" \/>\n<link rel=\"canonical\" href=\"https:\/\/www.easydivers-thailand.com\/fr\/produit\/sail-rock-l-excursion-de-plongee\/\" \/>\n<meta property=\"og:locale\" content=\"fr_FR\" \/>\n<meta property=\"og:type\" content=\"article\" \/>\n<meta property=\"og:title\" content=\"Sail Rock l&#039;excursion de Plong\u00e9e | Easy Divers Thailand\" \/>\n<meta property=\"og:description\" content=\"Excursion de plong\u00e9e quotidienne \u00e0 Sail Rock en hors-bord - plong\u00e9e sur murs et grands bancs de poissons, observations fr\u00e9quentes de requins-baleines.  Profondeur maximale 25 m -2 plong\u00e9es\" \/>\n<meta property=\"og:url\" content=\"https:\/\/www.easydivers-thailand.com\/fr\/produit\/sail-rock-l-excursion-de-plongee\/\" \/>\n<meta property=\"og:site_name\" content=\"Easy Divers Thailand\" \/>\n<meta property=\"article:publisher\" content=\"https:\/\/www.facebook.com\/easydiverskohsamuiteam\/\" \/>\n<meta property=\"article:modified_time\" content=\"2023-06-19T01:15:56+00:00\" \/>\n<meta property=\"og:image\" content=\"https:\/\/www.easydivers-thailand.com\/wp-content\/uploads\/2018\/09\/Koh-Samui_easy-divers_big-easy_6508.jpg\" \/>\n\t<meta property=\"og:image:width\" content=\"1200\" \/>\n\t<meta property=\"og:image:height\" content=\"800\" \/>\n\t<meta property=\"og:image:type\" content=\"image\/jpeg\" \/>\n<meta name=\"twitter:card\" content=\"summary_large_image\" \/>\n<meta name=\"twitter:site\" content=\"@EasyKoh\" \/>\n<meta name=\"twitter:label1\" content=\"Dur\u00e9e de lecture estim\u00e9e\" \/>\n\t<meta name=\"twitter:data1\" content=\"1 minute\" \/>\n<script type=\"application\/ld+json\" class=\"yoast-schema-graph\">{\"@context\":\"https:\\\/\\\/schema.org\",\"@graph\":[{\"@type\":\"WebPage\",\"@id\":\"https:\\\/\\\/www.easydivers-thailand.com\\\/fr\\\/produit\\\/sail-rock-l-excursion-de-plongee\\\/\",\"url\":\"https:\\\/\\\/www.easydivers-thailand.com\\\/fr\\\/produit\\\/sail-rock-l-excursion-de-plongee\\\/\",\"name\":\"Sail Rock l'excursion de Plong\u00e9e | Easy Divers Thailand\",\"isPartOf\":{\"@id\":\"https:\\\/\\\/www.easydivers-thailand.com\\\/fr\\\/#website\"},\"primaryImageOfPage\":{\"@id\":\"https:\\\/\\\/www.easydivers-thailand.com\\\/fr\\\/produit\\\/sail-rock-l-excursion-de-plongee\\\/#primaryimage\"},\"image\":{\"@id\":\"https:\\\/\\\/www.easydivers-thailand.com\\\/fr\\\/produit\\\/sail-rock-l-excursion-de-plongee\\\/#primaryimage\"},\"thumbnailUrl\":\"https:\\\/\\\/www.easydivers-thailand.com\\\/wp-content\\\/uploads\\\/2018\\\/09\\\/Koh-Samui_easy-divers_big-easy_6508.jpg\",\"datePublished\":\"2018-09-07T13:24:26+00:00\",\"dateModified\":\"2023-06-19T01:15:56+00:00\",\"breadcrumb\":{\"@id\":\"https:\\\/\\\/www.easydivers-thailand.com\\\/fr\\\/produit\\\/sail-rock-l-excursion-de-plongee\\\/#breadcrumb\"},\"inLanguage\":\"fr-FR\",\"potentialAction\":[{\"@type\":\"ReadAction\",\"target\":[\"https:\\\/\\\/www.easydivers-thailand.com\\\/fr\\\/produit\\\/sail-rock-l-excursion-de-plongee\\\/\"]}]},{\"@type\":\"ImageObject\",\"inLanguage\":\"fr-FR\",\"@id\":\"https:\\\/\\\/www.easydivers-thailand.com\\\/fr\\\/produit\\\/sail-rock-l-excursion-de-plongee\\\/#primaryimage\",\"url\":\"https:\\\/\\\/www.easydivers-thailand.com\\\/wp-content\\\/uploads\\\/2018\\\/09\\\/Koh-Samui_easy-divers_big-easy_6508.jpg\",\"contentUrl\":\"https:\\\/\\\/www.easydivers-thailand.com\\\/wp-content\\\/uploads\\\/2018\\\/09\\\/Koh-Samui_easy-divers_big-easy_6508.jpg\",\"width\":1200,\"height\":800,\"caption\":\"Sail Rock Dive Tour\"},{\"@type\":\"BreadcrumbList\",\"@id\":\"https:\\\/\\\/www.easydivers-thailand.com\\\/fr\\\/produit\\\/sail-rock-l-excursion-de-plongee\\\/#breadcrumb\",\"itemListElement\":[{\"@type\":\"ListItem\",\"position\":1,\"name\":\"Home\",\"item\":\"https:\\\/\\\/www.easydivers-thailand.com\\\/fr\\\/\"},{\"@type\":\"ListItem\",\"position\":2,\"name\":\"Boutique\",\"item\":\"https:\\\/\\\/www.easydivers-thailand.com\\\/fr\\\/boutique\\\/\"},{\"@type\":\"ListItem\",\"position\":3,\"name\":\"Sail Rock l&#8217;excursion de Plong\u00e9e\"}]},{\"@type\":\"WebSite\",\"@id\":\"https:\\\/\\\/www.easydivers-thailand.com\\\/fr\\\/#website\",\"url\":\"https:\\\/\\\/www.easydivers-thailand.com\\\/fr\\\/\",\"name\":\"Easy Divers Thailand\",\"description\":\"My WordPress Blog\",\"potentialAction\":[{\"@type\":\"SearchAction\",\"target\":{\"@type\":\"EntryPoint\",\"urlTemplate\":\"https:\\\/\\\/www.easydivers-thailand.com\\\/fr\\\/?s={search_term_string}\"},\"query-input\":{\"@type\":\"PropertyValueSpecification\",\"valueRequired\":true,\"valueName\":\"search_term_string\"}}],\"inLanguage\":\"fr-FR\"}]}<\/script>\n<!-- \/ Yoast SEO plugin. -->","yoast_head_json":{"title":"Sail Rock l'excursion de Plong\u00e9e | Easy Divers Thailand","robots":{"index":"index","follow":"follow","max-snippet":"max-snippet:-1","max-image-preview":"max-image-preview:large","max-video-preview":"max-video-preview:-1"},"canonical":"https:\/\/www.easydivers-thailand.com\/fr\/produit\/sail-rock-l-excursion-de-plongee\/","og_locale":"fr_FR","og_type":"article","og_title":"Sail Rock l'excursion de Plong\u00e9e | Easy Divers Thailand","og_description":"Excursion de plong\u00e9e quotidienne \u00e0 Sail Rock en hors-bord - plong\u00e9e sur murs et grands bancs de poissons, observations fr\u00e9quentes de requins-baleines.  Profondeur maximale 25 m -2 plong\u00e9es","og_url":"https:\/\/www.easydivers-thailand.com\/fr\/produit\/sail-rock-l-excursion-de-plongee\/","og_site_name":"Easy Divers Thailand","article_publisher":"https:\/\/www.facebook.com\/easydiverskohsamuiteam\/","article_modified_time":"2023-06-19T01:15:56+00:00","og_image":[{"width":1200,"height":800,"url":"https:\/\/www.easydivers-thailand.com\/wp-content\/uploads\/2018\/09\/Koh-Samui_easy-divers_big-easy_6508.jpg","type":"image\/jpeg"}],"twitter_card":"summary_large_image","twitter_site":"@EasyKoh","twitter_misc":{"Dur\u00e9e de lecture estim\u00e9e":"1 minute"},"schema":{"@context":"https:\/\/schema.org","@graph":[{"@type":"WebPage","@id":"https:\/\/www.easydivers-thailand.com\/fr\/produit\/sail-rock-l-excursion-de-plongee\/","url":"https:\/\/www.easydivers-thailand.com\/fr\/produit\/sail-rock-l-excursion-de-plongee\/","name":"Sail Rock l'excursion de Plong\u00e9e | Easy Divers Thailand","isPartOf":{"@id":"https:\/\/www.easydivers-thailand.com\/fr\/#website"},"primaryImageOfPage":{"@id":"https:\/\/www.easydivers-thailand.com\/fr\/produit\/sail-rock-l-excursion-de-plongee\/#primaryimage"},"image":{"@id":"https:\/\/www.easydivers-thailand.com\/fr\/produit\/sail-rock-l-excursion-de-plongee\/#primaryimage"},"thumbnailUrl":"https:\/\/www.easydivers-thailand.com\/wp-content\/uploads\/2018\/09\/Koh-Samui_easy-divers_big-easy_6508.jpg","datePublished":"2018-09-07T13:24:26+00:00","dateModified":"2023-06-19T01:15:56+00:00","breadcrumb":{"@id":"https:\/\/www.easydivers-thailand.com\/fr\/produit\/sail-rock-l-excursion-de-plongee\/#breadcrumb"},"inLanguage":"fr-FR","potentialAction":[{"@type":"ReadAction","target":["https:\/\/www.easydivers-thailand.com\/fr\/produit\/sail-rock-l-excursion-de-plongee\/"]}]},{"@type":"ImageObject","inLanguage":"fr-FR","@id":"https:\/\/www.easydivers-thailand.com\/fr\/produit\/sail-rock-l-excursion-de-plongee\/#primaryimage","url":"https:\/\/www.easydivers-thailand.com\/wp-content\/uploads\/2018\/09\/Koh-Samui_easy-divers_big-easy_6508.jpg","contentUrl":"https:\/\/www.easydivers-thailand.com\/wp-content\/uploads\/2018\/09\/Koh-Samui_easy-divers_big-easy_6508.jpg","width":1200,"height":800,"caption":"Sail Rock Dive Tour"},{"@type":"BreadcrumbList","@id":"https:\/\/www.easydivers-thailand.com\/fr\/produit\/sail-rock-l-excursion-de-plongee\/#breadcrumb","itemListElement":[{"@type":"ListItem","position":1,"name":"Home","item":"https:\/\/www.easydivers-thailand.com\/fr\/"},{"@type":"ListItem","position":2,"name":"Boutique","item":"https:\/\/www.easydivers-thailand.com\/fr\/boutique\/"},{"@type":"ListItem","position":3,"name":"Sail Rock l&#8217;excursion de Plong\u00e9e"}]},{"@type":"WebSite","@id":"https:\/\/www.easydivers-thailand.com\/fr\/#website","url":"https:\/\/www.easydivers-thailand.com\/fr\/","name":"Easy Divers Thailand","description":"My WordPress Blog","potentialAction":[{"@type":"SearchAction","target":{"@type":"EntryPoint","urlTemplate":"https:\/\/www.easydivers-thailand.com\/fr\/?s={search_term_string}"},"query-input":{"@type":"PropertyValueSpecification","valueRequired":true,"valueName":"search_term_string"}}],"inLanguage":"fr-FR"}]}},"_links":{"self":[{"href":"https:\/\/www.easydivers-thailand.com\/fr\/wp-json\/wp\/v2\/product\/7066","targetHints":{"allow":["GET"]}}],"collection":[{"href":"https:\/\/www.easydivers-thailand.com\/fr\/wp-json\/wp\/v2\/product"}],"about":[{"href":"https:\/\/www.easydivers-thailand.com\/fr\/wp-json\/wp\/v2\/types\/product"}],"wp:featuredmedia":[{"embeddable":true,"href":"https:\/\/www.easydivers-thailand.com\/fr\/wp-json\/wp\/v2\/media\/6673"}],"wp:attachment":[{"href":"https:\/\/www.easydivers-thailand.com\/fr\/wp-json\/wp\/v2\/media?parent=7066"}],"wp:term":[{"taxonomy":"product_brand","embeddable":true,"href":"https:\/\/www.easydivers-thailand.com\/fr\/wp-json\/wp\/v2\/product_brand?post=7066"},{"taxonomy":"product_cat","embeddable":true,"href":"https:\/\/www.easydivers-thailand.com\/fr\/wp-json\/wp\/v2\/product_cat?post=7066"},{"taxonomy":"product_tag","embeddable":true,"href":"https:\/\/www.easydivers-thailand.com\/fr\/wp-json\/wp\/v2\/product_tag?post=7066"}],"curies":[{"name":"wp","href":"https:\/\/api.w.org\/{rel}","templated":true}]}}