{"id":7069,"date":"2018-09-07T21:32:50","date_gmt":"2018-09-07T14:32:50","guid":{"rendered":"https:\/\/easydivers.samui-web-design.com\/product\/peak-performance-buoyancy\/"},"modified":"2022-05-01T17:43:00","modified_gmt":"2022-05-01T10:43:00","slug":"maitrise-de-la-flottabilite","status":"publish","type":"product","link":"https:\/\/www.easydivers-thailand.com\/fr\/produit\/maitrise-de-la-flottabilite\/","title":{"rendered":"Maitrise de la Flottabilit\u00e9"},"content":{"rendered":"<p>Un excellent contr\u00f4le de la flottabilit\u00e9 est ce qui d\u00e9finit les plongeurs qualifi\u00e9s. Vous les avez vus sous l&rsquo;eau &#8211; ils glissent sans effort, utilisent moins d&rsquo;air et montent, descendent ou planent presque comme par pens\u00e9e. Ils observent plus facilement la vie aquatique sans perturber leur environnement. Vous pouvez y parvenir aussi. Le cours sp\u00e9cialis\u00e9 PADI Peak Performance Buoyancy am\u00e9liore les comp\u00e9tences de flottabilit\u00e9 que vous avez acquises en tant que nouveau plongeur et les \u00e9l\u00e8ve au niveau sup\u00e9rieur.<\/p>\n","protected":false},"excerpt":{"rendered":"<p><strong>M\u00e9liorez votre ma\u00eetrise de la flottabilit\u00e9 \u2013 \u00e9galement recommand\u00e9 apr\u00e8s une longue p\u00e9riode d\u2019inactivit\u00e9. Age minimum 10 ans. <\/strong><\/p>\n<p>1 journ\u00e9e avec 2 plong\u00e9es en bateau<\/p>\n<p><span class=\"mypriceclass\">Prix du cours : \u0e3f 10&rsquo;000.00 par personne<\/span><\/p>\n","protected":false},"featured_media":7568,"template":"","meta":{"_acf_changed":false},"product_brand":[],"product_cat":[92],"product_tag":[76],"class_list":{"0":"post-7069","1":"product","2":"type-product","3":"status-publish","4":"has-post-thumbnail","6":"product_cat-cours-specialises","7":"product_tag-cours-de-specialite","9":"first","10":"instock","11":"virtual","12":"purchasable","13":"product-type-simple"},"acf":[],"yoast_head":"<!-- This site is optimized with the Yoast SEO plugin v27.3 - https:\/\/yoast.com\/product\/yoast-seo-wordpress\/ -->\n<title>Maitrise de la Flottabilit\u00e9<\/title>\n<meta name=\"description\" content=\"Un excellent contr\u00f4le de la flottabilit\u00e9 est ce qui d\u00e9finit les plongeurs qualifi\u00e9s. Vous les avez vus sous l&#039;eau - ils glissent sans effort, utilisent moins d&#039;air et montent, descendent ou planent presque comme par pens\u00e9e.\" \/>\n<meta name=\"robots\" content=\"index, follow, max-snippet:-1, max-image-preview:large, max-video-preview:-1\" \/>\n<link rel=\"canonical\" href=\"https:\/\/www.easydivers-thailand.com\/fr\/produit\/maitrise-de-la-flottabilite\/\" \/>\n<meta property=\"og:locale\" content=\"fr_FR\" \/>\n<meta property=\"og:type\" content=\"article\" \/>\n<meta property=\"og:title\" content=\"Maitrise de la Flottabilit\u00e9\" \/>\n<meta property=\"og:description\" content=\"Un excellent contr\u00f4le de la flottabilit\u00e9 est ce qui d\u00e9finit les plongeurs qualifi\u00e9s. Vous les avez vus sous l&#039;eau - ils glissent sans effort, utilisent moins d&#039;air et montent, descendent ou planent presque comme par pens\u00e9e.\" \/>\n<meta property=\"og:url\" content=\"https:\/\/www.easydivers-thailand.com\/fr\/produit\/maitrise-de-la-flottabilite\/\" \/>\n<meta property=\"og:site_name\" content=\"Easy Divers Thailand\" \/>\n<meta property=\"article:publisher\" content=\"https:\/\/www.facebook.com\/easydiverskohsamuiteam\/\" \/>\n<meta property=\"article:modified_time\" content=\"2022-05-01T10:43:00+00:00\" \/>\n<meta property=\"og:image\" content=\"https:\/\/www.easydivers-thailand.com\/wp-content\/uploads\/2018\/09\/Peak-Performance-Buoyancy-1.jpg\" \/>\n\t<meta property=\"og:image:width\" content=\"1200\" \/>\n\t<meta property=\"og:image:height\" content=\"800\" \/>\n\t<meta property=\"og:image:type\" content=\"image\/jpeg\" \/>\n<meta name=\"twitter:card\" content=\"summary_large_image\" \/>\n<meta name=\"twitter:site\" content=\"@EasyKoh\" \/>\n<script type=\"application\/ld+json\" class=\"yoast-schema-graph\">{\"@context\":\"https:\\\/\\\/schema.org\",\"@graph\":[{\"@type\":\"WebPage\",\"@id\":\"https:\\\/\\\/www.easydivers-thailand.com\\\/fr\\\/produit\\\/maitrise-de-la-flottabilite\\\/\",\"url\":\"https:\\\/\\\/www.easydivers-thailand.com\\\/fr\\\/produit\\\/maitrise-de-la-flottabilite\\\/\",\"name\":\"Maitrise de la Flottabilit\u00e9\",\"isPartOf\":{\"@id\":\"https:\\\/\\\/www.easydivers-thailand.com\\\/fr\\\/#website\"},\"primaryImageOfPage\":{\"@id\":\"https:\\\/\\\/www.easydivers-thailand.com\\\/fr\\\/produit\\\/maitrise-de-la-flottabilite\\\/#primaryimage\"},\"image\":{\"@id\":\"https:\\\/\\\/www.easydivers-thailand.com\\\/fr\\\/produit\\\/maitrise-de-la-flottabilite\\\/#primaryimage\"},\"thumbnailUrl\":\"https:\\\/\\\/www.easydivers-thailand.com\\\/wp-content\\\/uploads\\\/2018\\\/09\\\/Peak-Performance-Buoyancy-1.jpg\",\"datePublished\":\"2018-09-07T14:32:50+00:00\",\"dateModified\":\"2022-05-01T10:43:00+00:00\",\"description\":\"Un excellent contr\u00f4le de la flottabilit\u00e9 est ce qui d\u00e9finit les plongeurs qualifi\u00e9s. Vous les avez vus sous l'eau - ils glissent sans effort, utilisent moins d'air et montent, descendent ou planent presque comme par pens\u00e9e.\",\"breadcrumb\":{\"@id\":\"https:\\\/\\\/www.easydivers-thailand.com\\\/fr\\\/produit\\\/maitrise-de-la-flottabilite\\\/#breadcrumb\"},\"inLanguage\":\"fr-FR\",\"potentialAction\":[{\"@type\":\"ReadAction\",\"target\":[\"https:\\\/\\\/www.easydivers-thailand.com\\\/fr\\\/produit\\\/maitrise-de-la-flottabilite\\\/\"]}]},{\"@type\":\"ImageObject\",\"inLanguage\":\"fr-FR\",\"@id\":\"https:\\\/\\\/www.easydivers-thailand.com\\\/fr\\\/produit\\\/maitrise-de-la-flottabilite\\\/#primaryimage\",\"url\":\"https:\\\/\\\/www.easydivers-thailand.com\\\/wp-content\\\/uploads\\\/2018\\\/09\\\/Peak-Performance-Buoyancy-1.jpg\",\"contentUrl\":\"https:\\\/\\\/www.easydivers-thailand.com\\\/wp-content\\\/uploads\\\/2018\\\/09\\\/Peak-Performance-Buoyancy-1.jpg\",\"width\":1200,\"height\":800,\"caption\":\"Peak Performance Buoyancy\"},{\"@type\":\"BreadcrumbList\",\"@id\":\"https:\\\/\\\/www.easydivers-thailand.com\\\/fr\\\/produit\\\/maitrise-de-la-flottabilite\\\/#breadcrumb\",\"itemListElement\":[{\"@type\":\"ListItem\",\"position\":1,\"name\":\"Home\",\"item\":\"https:\\\/\\\/www.easydivers-thailand.com\\\/fr\\\/\"},{\"@type\":\"ListItem\",\"position\":2,\"name\":\"Boutique\",\"item\":\"https:\\\/\\\/www.easydivers-thailand.com\\\/fr\\\/boutique\\\/\"},{\"@type\":\"ListItem\",\"position\":3,\"name\":\"Maitrise de la Flottabilit\u00e9\"}]},{\"@type\":\"WebSite\",\"@id\":\"https:\\\/\\\/www.easydivers-thailand.com\\\/fr\\\/#website\",\"url\":\"https:\\\/\\\/www.easydivers-thailand.com\\\/fr\\\/\",\"name\":\"Easy Divers Thailand\",\"description\":\"My WordPress Blog\",\"potentialAction\":[{\"@type\":\"SearchAction\",\"target\":{\"@type\":\"EntryPoint\",\"urlTemplate\":\"https:\\\/\\\/www.easydivers-thailand.com\\\/fr\\\/?s={search_term_string}\"},\"query-input\":{\"@type\":\"PropertyValueSpecification\",\"valueRequired\":true,\"valueName\":\"search_term_string\"}}],\"inLanguage\":\"fr-FR\"}]}<\/script>\n<!-- \/ Yoast SEO plugin. -->","yoast_head_json":{"title":"Maitrise de la Flottabilit\u00e9","description":"Un excellent contr\u00f4le de la flottabilit\u00e9 est ce qui d\u00e9finit les plongeurs qualifi\u00e9s. Vous les avez vus sous l'eau - ils glissent sans effort, utilisent moins d'air et montent, descendent ou planent presque comme par pens\u00e9e.","robots":{"index":"index","follow":"follow","max-snippet":"max-snippet:-1","max-image-preview":"max-image-preview:large","max-video-preview":"max-video-preview:-1"},"canonical":"https:\/\/www.easydivers-thailand.com\/fr\/produit\/maitrise-de-la-flottabilite\/","og_locale":"fr_FR","og_type":"article","og_title":"Maitrise de la Flottabilit\u00e9","og_description":"Un excellent contr\u00f4le de la flottabilit\u00e9 est ce qui d\u00e9finit les plongeurs qualifi\u00e9s. Vous les avez vus sous l'eau - ils glissent sans effort, utilisent moins d'air et montent, descendent ou planent presque comme par pens\u00e9e.","og_url":"https:\/\/www.easydivers-thailand.com\/fr\/produit\/maitrise-de-la-flottabilite\/","og_site_name":"Easy Divers Thailand","article_publisher":"https:\/\/www.facebook.com\/easydiverskohsamuiteam\/","article_modified_time":"2022-05-01T10:43:00+00:00","og_image":[{"width":1200,"height":800,"url":"https:\/\/www.easydivers-thailand.com\/wp-content\/uploads\/2018\/09\/Peak-Performance-Buoyancy-1.jpg","type":"image\/jpeg"}],"twitter_card":"summary_large_image","twitter_site":"@EasyKoh","schema":{"@context":"https:\/\/schema.org","@graph":[{"@type":"WebPage","@id":"https:\/\/www.easydivers-thailand.com\/fr\/produit\/maitrise-de-la-flottabilite\/","url":"https:\/\/www.easydivers-thailand.com\/fr\/produit\/maitrise-de-la-flottabilite\/","name":"Maitrise de la Flottabilit\u00e9","isPartOf":{"@id":"https:\/\/www.easydivers-thailand.com\/fr\/#website"},"primaryImageOfPage":{"@id":"https:\/\/www.easydivers-thailand.com\/fr\/produit\/maitrise-de-la-flottabilite\/#primaryimage"},"image":{"@id":"https:\/\/www.easydivers-thailand.com\/fr\/produit\/maitrise-de-la-flottabilite\/#primaryimage"},"thumbnailUrl":"https:\/\/www.easydivers-thailand.com\/wp-content\/uploads\/2018\/09\/Peak-Performance-Buoyancy-1.jpg","datePublished":"2018-09-07T14:32:50+00:00","dateModified":"2022-05-01T10:43:00+00:00","description":"Un excellent contr\u00f4le de la flottabilit\u00e9 est ce qui d\u00e9finit les plongeurs qualifi\u00e9s. Vous les avez vus sous l'eau - ils glissent sans effort, utilisent moins d'air et montent, descendent ou planent presque comme par pens\u00e9e.","breadcrumb":{"@id":"https:\/\/www.easydivers-thailand.com\/fr\/produit\/maitrise-de-la-flottabilite\/#breadcrumb"},"inLanguage":"fr-FR","potentialAction":[{"@type":"ReadAction","target":["https:\/\/www.easydivers-thailand.com\/fr\/produit\/maitrise-de-la-flottabilite\/"]}]},{"@type":"ImageObject","inLanguage":"fr-FR","@id":"https:\/\/www.easydivers-thailand.com\/fr\/produit\/maitrise-de-la-flottabilite\/#primaryimage","url":"https:\/\/www.easydivers-thailand.com\/wp-content\/uploads\/2018\/09\/Peak-Performance-Buoyancy-1.jpg","contentUrl":"https:\/\/www.easydivers-thailand.com\/wp-content\/uploads\/2018\/09\/Peak-Performance-Buoyancy-1.jpg","width":1200,"height":800,"caption":"Peak Performance Buoyancy"},{"@type":"BreadcrumbList","@id":"https:\/\/www.easydivers-thailand.com\/fr\/produit\/maitrise-de-la-flottabilite\/#breadcrumb","itemListElement":[{"@type":"ListItem","position":1,"name":"Home","item":"https:\/\/www.easydivers-thailand.com\/fr\/"},{"@type":"ListItem","position":2,"name":"Boutique","item":"https:\/\/www.easydivers-thailand.com\/fr\/boutique\/"},{"@type":"ListItem","position":3,"name":"Maitrise de la Flottabilit\u00e9"}]},{"@type":"WebSite","@id":"https:\/\/www.easydivers-thailand.com\/fr\/#website","url":"https:\/\/www.easydivers-thailand.com\/fr\/","name":"Easy Divers Thailand","description":"My WordPress Blog","potentialAction":[{"@type":"SearchAction","target":{"@type":"EntryPoint","urlTemplate":"https:\/\/www.easydivers-thailand.com\/fr\/?s={search_term_string}"},"query-input":{"@type":"PropertyValueSpecification","valueRequired":true,"valueName":"search_term_string"}}],"inLanguage":"fr-FR"}]}},"_links":{"self":[{"href":"https:\/\/www.easydivers-thailand.com\/fr\/wp-json\/wp\/v2\/product\/7069","targetHints":{"allow":["GET"]}}],"collection":[{"href":"https:\/\/www.easydivers-thailand.com\/fr\/wp-json\/wp\/v2\/product"}],"about":[{"href":"https:\/\/www.easydivers-thailand.com\/fr\/wp-json\/wp\/v2\/types\/product"}],"wp:featuredmedia":[{"embeddable":true,"href":"https:\/\/www.easydivers-thailand.com\/fr\/wp-json\/wp\/v2\/media\/7568"}],"wp:attachment":[{"href":"https:\/\/www.easydivers-thailand.com\/fr\/wp-json\/wp\/v2\/media?parent=7069"}],"wp:term":[{"taxonomy":"product_brand","embeddable":true,"href":"https:\/\/www.easydivers-thailand.com\/fr\/wp-json\/wp\/v2\/product_brand?post=7069"},{"taxonomy":"product_cat","embeddable":true,"href":"https:\/\/www.easydivers-thailand.com\/fr\/wp-json\/wp\/v2\/product_cat?post=7069"},{"taxonomy":"product_tag","embeddable":true,"href":"https:\/\/www.easydivers-thailand.com\/fr\/wp-json\/wp\/v2\/product_tag?post=7069"}],"curies":[{"name":"wp","href":"https:\/\/api.w.org\/{rel}","templated":true}]}}