{"id":7072,"date":"2018-09-07T21:23:01","date_gmt":"2018-09-07T14:23:01","guid":{"rendered":"https:\/\/easydivers.samui-web-design.com\/product\/enriched-air-diver\/"},"modified":"2022-05-01T17:41:54","modified_gmt":"2022-05-01T10:41:54","slug":"enriched-air-diver","status":"publish","type":"product","link":"https:\/\/www.easydivers-thailand.com\/fr\/produit\/enriched-air-diver\/","title":{"rendered":"Enriched Air Diver \/ Nitrox"},"content":{"rendered":"<p>Le cours PADI Enriched Air Diver est le cours de plong\u00e9e de sp\u00e9cialit\u00e9 le plus populaire de PADI. Pourquoi? Parce que la plong\u00e9e avec de l&rsquo;air enrichi au nitrox vous laisse plus de temps de non-d\u00e9compression, en particulier pour les plong\u00e9es r\u00e9p\u00e9titives. Si rester au fond plus longtemps et retourner dans l\u2019eau plus t\u00f4t vous semble attrayant, n\u2019h\u00e9sitez pas \u00e0 devenir un plongeur enrichi.<\/p>\n","protected":false},"excerpt":{"rendered":"<p><strong>Comment utiliser Enriched Air (Nitrox) en toute s\u00e9curit\u00e9 et efficacement. Age minimum 12 ans.<\/strong><\/p>\n<p>Jour 1 &#8211; salle de classe<br \/>\nJour 2 &#8211; 2 plong\u00e9es en bateau<\/p>\n<p>Compl\u00e9ter la th\u00e9orie en ligne depuis chez vous, vous permet d\u2019\u00e9conomiser le temps en salle de classe ici. Pour vous inscrire \u00e0 l\u2019eLearning, suivez ce lien:<\/p>\n<p><a title=\"eLearning avec Easy Divers\" href=\"https:\/\/apps.padi.com\/scuba-diving\/elearning\/?irra=18688\" target=\"_blank\" rel=\"noopener\"><img loading=\"lazy\" decoding=\"async\" class=\"alignnone wp-image-6500\" src=\"https:\/\/www.easydivers-thailand.com\/wp-content\/uploads\/2018\/09\/Padi_Elearning1.jpg\" alt=\"PADi eLearning\" width=\"252\" height=\"120\" srcset=\"https:\/\/www.easydivers-thailand.com\/wp-content\/uploads\/2018\/09\/Padi_Elearning1.jpg 504w, https:\/\/www.easydivers-thailand.com\/wp-content\/uploads\/2018\/09\/Padi_Elearning1-300x143.jpg 300w\" sizes=\"auto, (max-width: 252px) 100vw, 252px\" \/><\/a><\/p>\n<p><span class=\"mypriceclass\">Prix du cours : \u0e3f 13&rsquo;000.00 par personne<\/span><\/p>\n","protected":false},"featured_media":6730,"template":"","meta":{"_acf_changed":false},"product_brand":[],"product_cat":[92],"product_tag":[76],"class_list":{"0":"post-7072","1":"product","2":"type-product","3":"status-publish","4":"has-post-thumbnail","6":"product_cat-cours-specialises","7":"product_tag-cours-de-specialite","9":"first","10":"instock","11":"virtual","12":"purchasable","13":"product-type-simple"},"acf":[],"yoast_head":"<!-- This site is optimized with the Yoast SEO plugin v27.3 - https:\/\/yoast.com\/product\/yoast-seo-wordpress\/ -->\n<title>Enriched Air Diver \/ Nitrox | Easy Divers Thailand<\/title>\n<meta name=\"robots\" content=\"index, follow, max-snippet:-1, max-image-preview:large, max-video-preview:-1\" \/>\n<link rel=\"canonical\" href=\"https:\/\/www.easydivers-thailand.com\/fr\/produit\/enriched-air-diver\/\" \/>\n<meta property=\"og:locale\" content=\"fr_FR\" \/>\n<meta property=\"og:type\" content=\"article\" \/>\n<meta property=\"og:title\" content=\"Enriched Air Diver \/ Nitrox | Easy Divers Thailand\" \/>\n<meta property=\"og:description\" content=\"Comment utiliser Enriched Air (Nitrox) en toute s\u00e9curit\u00e9 et efficacement. Age minimum 12 ans.  Jour 1 - salle de classe Jour 2 - 2 plong\u00e9es en bateau  Compl\u00e9ter la th\u00e9orie en ligne depuis chez vous, vous permet d\u2019\u00e9conomiser le temps en salle de classe ici. Pour vous inscrire \u00e0 l\u2019eLearning, suivez ce lien:    Prix du cours : \u0e3f 13&#039;000.00 par personne\" \/>\n<meta property=\"og:url\" content=\"https:\/\/www.easydivers-thailand.com\/fr\/produit\/enriched-air-diver\/\" \/>\n<meta property=\"og:site_name\" content=\"Easy Divers Thailand\" \/>\n<meta property=\"article:publisher\" content=\"https:\/\/www.facebook.com\/easydiverskohsamuiteam\/\" \/>\n<meta property=\"article:modified_time\" content=\"2022-05-01T10:41:54+00:00\" \/>\n<meta property=\"og:image\" content=\"https:\/\/www.easydivers-thailand.com\/wp-content\/uploads\/2018\/09\/enriched-air_01.jpg\" \/>\n\t<meta property=\"og:image:width\" content=\"2048\" \/>\n\t<meta property=\"og:image:height\" content=\"1152\" \/>\n\t<meta property=\"og:image:type\" content=\"image\/jpeg\" \/>\n<meta name=\"twitter:card\" content=\"summary_large_image\" \/>\n<meta name=\"twitter:site\" content=\"@EasyKoh\" \/>\n<script type=\"application\/ld+json\" class=\"yoast-schema-graph\">{\"@context\":\"https:\\\/\\\/schema.org\",\"@graph\":[{\"@type\":\"WebPage\",\"@id\":\"https:\\\/\\\/www.easydivers-thailand.com\\\/fr\\\/produit\\\/enriched-air-diver\\\/\",\"url\":\"https:\\\/\\\/www.easydivers-thailand.com\\\/fr\\\/produit\\\/enriched-air-diver\\\/\",\"name\":\"Enriched Air Diver \\\/ Nitrox | Easy Divers Thailand\",\"isPartOf\":{\"@id\":\"https:\\\/\\\/www.easydivers-thailand.com\\\/fr\\\/#website\"},\"primaryImageOfPage\":{\"@id\":\"https:\\\/\\\/www.easydivers-thailand.com\\\/fr\\\/produit\\\/enriched-air-diver\\\/#primaryimage\"},\"image\":{\"@id\":\"https:\\\/\\\/www.easydivers-thailand.com\\\/fr\\\/produit\\\/enriched-air-diver\\\/#primaryimage\"},\"thumbnailUrl\":\"https:\\\/\\\/www.easydivers-thailand.com\\\/wp-content\\\/uploads\\\/2018\\\/09\\\/enriched-air_01.jpg\",\"datePublished\":\"2018-09-07T14:23:01+00:00\",\"dateModified\":\"2022-05-01T10:41:54+00:00\",\"breadcrumb\":{\"@id\":\"https:\\\/\\\/www.easydivers-thailand.com\\\/fr\\\/produit\\\/enriched-air-diver\\\/#breadcrumb\"},\"inLanguage\":\"fr-FR\",\"potentialAction\":[{\"@type\":\"ReadAction\",\"target\":[\"https:\\\/\\\/www.easydivers-thailand.com\\\/fr\\\/produit\\\/enriched-air-diver\\\/\"]}]},{\"@type\":\"ImageObject\",\"inLanguage\":\"fr-FR\",\"@id\":\"https:\\\/\\\/www.easydivers-thailand.com\\\/fr\\\/produit\\\/enriched-air-diver\\\/#primaryimage\",\"url\":\"https:\\\/\\\/www.easydivers-thailand.com\\\/wp-content\\\/uploads\\\/2018\\\/09\\\/enriched-air_01.jpg\",\"contentUrl\":\"https:\\\/\\\/www.easydivers-thailand.com\\\/wp-content\\\/uploads\\\/2018\\\/09\\\/enriched-air_01.jpg\",\"width\":2048,\"height\":1152,\"caption\":\"Enriched Air Diver\"},{\"@type\":\"BreadcrumbList\",\"@id\":\"https:\\\/\\\/www.easydivers-thailand.com\\\/fr\\\/produit\\\/enriched-air-diver\\\/#breadcrumb\",\"itemListElement\":[{\"@type\":\"ListItem\",\"position\":1,\"name\":\"Home\",\"item\":\"https:\\\/\\\/www.easydivers-thailand.com\\\/fr\\\/\"},{\"@type\":\"ListItem\",\"position\":2,\"name\":\"Boutique\",\"item\":\"https:\\\/\\\/www.easydivers-thailand.com\\\/fr\\\/boutique\\\/\"},{\"@type\":\"ListItem\",\"position\":3,\"name\":\"Enriched Air Diver \\\/ Nitrox\"}]},{\"@type\":\"WebSite\",\"@id\":\"https:\\\/\\\/www.easydivers-thailand.com\\\/fr\\\/#website\",\"url\":\"https:\\\/\\\/www.easydivers-thailand.com\\\/fr\\\/\",\"name\":\"Easy Divers Thailand\",\"description\":\"My WordPress Blog\",\"potentialAction\":[{\"@type\":\"SearchAction\",\"target\":{\"@type\":\"EntryPoint\",\"urlTemplate\":\"https:\\\/\\\/www.easydivers-thailand.com\\\/fr\\\/?s={search_term_string}\"},\"query-input\":{\"@type\":\"PropertyValueSpecification\",\"valueRequired\":true,\"valueName\":\"search_term_string\"}}],\"inLanguage\":\"fr-FR\"}]}<\/script>\n<!-- \/ Yoast SEO plugin. -->","yoast_head_json":{"title":"Enriched Air Diver \/ Nitrox | Easy Divers Thailand","robots":{"index":"index","follow":"follow","max-snippet":"max-snippet:-1","max-image-preview":"max-image-preview:large","max-video-preview":"max-video-preview:-1"},"canonical":"https:\/\/www.easydivers-thailand.com\/fr\/produit\/enriched-air-diver\/","og_locale":"fr_FR","og_type":"article","og_title":"Enriched Air Diver \/ Nitrox | Easy Divers Thailand","og_description":"Comment utiliser Enriched Air (Nitrox) en toute s\u00e9curit\u00e9 et efficacement. Age minimum 12 ans.  Jour 1 - salle de classe Jour 2 - 2 plong\u00e9es en bateau  Compl\u00e9ter la th\u00e9orie en ligne depuis chez vous, vous permet d\u2019\u00e9conomiser le temps en salle de classe ici. Pour vous inscrire \u00e0 l\u2019eLearning, suivez ce lien:    Prix du cours : \u0e3f 13'000.00 par personne","og_url":"https:\/\/www.easydivers-thailand.com\/fr\/produit\/enriched-air-diver\/","og_site_name":"Easy Divers Thailand","article_publisher":"https:\/\/www.facebook.com\/easydiverskohsamuiteam\/","article_modified_time":"2022-05-01T10:41:54+00:00","og_image":[{"width":2048,"height":1152,"url":"https:\/\/www.easydivers-thailand.com\/wp-content\/uploads\/2018\/09\/enriched-air_01.jpg","type":"image\/jpeg"}],"twitter_card":"summary_large_image","twitter_site":"@EasyKoh","schema":{"@context":"https:\/\/schema.org","@graph":[{"@type":"WebPage","@id":"https:\/\/www.easydivers-thailand.com\/fr\/produit\/enriched-air-diver\/","url":"https:\/\/www.easydivers-thailand.com\/fr\/produit\/enriched-air-diver\/","name":"Enriched Air Diver \/ Nitrox | Easy Divers Thailand","isPartOf":{"@id":"https:\/\/www.easydivers-thailand.com\/fr\/#website"},"primaryImageOfPage":{"@id":"https:\/\/www.easydivers-thailand.com\/fr\/produit\/enriched-air-diver\/#primaryimage"},"image":{"@id":"https:\/\/www.easydivers-thailand.com\/fr\/produit\/enriched-air-diver\/#primaryimage"},"thumbnailUrl":"https:\/\/www.easydivers-thailand.com\/wp-content\/uploads\/2018\/09\/enriched-air_01.jpg","datePublished":"2018-09-07T14:23:01+00:00","dateModified":"2022-05-01T10:41:54+00:00","breadcrumb":{"@id":"https:\/\/www.easydivers-thailand.com\/fr\/produit\/enriched-air-diver\/#breadcrumb"},"inLanguage":"fr-FR","potentialAction":[{"@type":"ReadAction","target":["https:\/\/www.easydivers-thailand.com\/fr\/produit\/enriched-air-diver\/"]}]},{"@type":"ImageObject","inLanguage":"fr-FR","@id":"https:\/\/www.easydivers-thailand.com\/fr\/produit\/enriched-air-diver\/#primaryimage","url":"https:\/\/www.easydivers-thailand.com\/wp-content\/uploads\/2018\/09\/enriched-air_01.jpg","contentUrl":"https:\/\/www.easydivers-thailand.com\/wp-content\/uploads\/2018\/09\/enriched-air_01.jpg","width":2048,"height":1152,"caption":"Enriched Air Diver"},{"@type":"BreadcrumbList","@id":"https:\/\/www.easydivers-thailand.com\/fr\/produit\/enriched-air-diver\/#breadcrumb","itemListElement":[{"@type":"ListItem","position":1,"name":"Home","item":"https:\/\/www.easydivers-thailand.com\/fr\/"},{"@type":"ListItem","position":2,"name":"Boutique","item":"https:\/\/www.easydivers-thailand.com\/fr\/boutique\/"},{"@type":"ListItem","position":3,"name":"Enriched Air Diver \/ Nitrox"}]},{"@type":"WebSite","@id":"https:\/\/www.easydivers-thailand.com\/fr\/#website","url":"https:\/\/www.easydivers-thailand.com\/fr\/","name":"Easy Divers Thailand","description":"My WordPress Blog","potentialAction":[{"@type":"SearchAction","target":{"@type":"EntryPoint","urlTemplate":"https:\/\/www.easydivers-thailand.com\/fr\/?s={search_term_string}"},"query-input":{"@type":"PropertyValueSpecification","valueRequired":true,"valueName":"search_term_string"}}],"inLanguage":"fr-FR"}]}},"_links":{"self":[{"href":"https:\/\/www.easydivers-thailand.com\/fr\/wp-json\/wp\/v2\/product\/7072","targetHints":{"allow":["GET"]}}],"collection":[{"href":"https:\/\/www.easydivers-thailand.com\/fr\/wp-json\/wp\/v2\/product"}],"about":[{"href":"https:\/\/www.easydivers-thailand.com\/fr\/wp-json\/wp\/v2\/types\/product"}],"wp:featuredmedia":[{"embeddable":true,"href":"https:\/\/www.easydivers-thailand.com\/fr\/wp-json\/wp\/v2\/media\/6730"}],"wp:attachment":[{"href":"https:\/\/www.easydivers-thailand.com\/fr\/wp-json\/wp\/v2\/media?parent=7072"}],"wp:term":[{"taxonomy":"product_brand","embeddable":true,"href":"https:\/\/www.easydivers-thailand.com\/fr\/wp-json\/wp\/v2\/product_brand?post=7072"},{"taxonomy":"product_cat","embeddable":true,"href":"https:\/\/www.easydivers-thailand.com\/fr\/wp-json\/wp\/v2\/product_cat?post=7072"},{"taxonomy":"product_tag","embeddable":true,"href":"https:\/\/www.easydivers-thailand.com\/fr\/wp-json\/wp\/v2\/product_tag?post=7072"}],"curies":[{"name":"wp","href":"https:\/\/api.w.org\/{rel}","templated":true}]}}