{"id":7073,"date":"2018-09-07T21:14:52","date_gmt":"2018-09-07T14:14:52","guid":{"rendered":"https:\/\/easydivers.samui-web-design.com\/product\/search-and-recovery\/"},"modified":"2022-05-01T17:41:29","modified_gmt":"2022-05-01T10:41:29","slug":"rechercher-et-recuperation-d-objets","status":"publish","type":"product","link":"https:\/\/www.easydivers-thailand.com\/fr\/produit\/rechercher-et-recuperation-d-objets\/","title":{"rendered":"Rechercher et Recuperation d&rsquo;Objets"},"content":{"rendered":"<p>Laisser tomber accidentellement un objet du quai, du bateau ou m\u00eame sur le fond pendant la plong\u00e9e, peut arriver. Si vous avez perdu quelque chose dans l&rsquo;eau et voulez le retrouver, alors la Sp\u00e9cialit\u00e9 PADI Recherche et r\u00e9cup\u00e9ration (Search and Recovery Diver) est faite pour vous. Il existe des techniques efficaces de recherche sous-marine qui augmentent vos chances de succ\u00e8s; et des moyens plus ou moins adapt\u00e9s pour remonter en surface de petits, de gros ou des objets vraiment encombrants. La Recherche et r\u00e9cup\u00e9ration d\u2019objets peut \u00eatre un d\u00e9fi, mais c\u2019est un cours tr\u00e8s amusant.<\/p>\n","protected":false},"excerpt":{"rendered":"<p><strong>Recherchez et remontez un objet manquant. Utilisation efficace de la boussole et des dispositifs de levage. L\u2019\u00e2ge minimum est de 12 ans.<\/strong><\/p>\n<p>4 plong\u00e9es depuis la plage<\/p>\n<p><span class=\"mypriceclass\">Prix du cours : \u0e3f 10&rsquo;000.00 par personne<\/span><\/p>\n","protected":false},"featured_media":6722,"template":"","meta":{"_acf_changed":false},"product_brand":[],"product_cat":[92],"product_tag":[76],"class_list":{"0":"post-7073","1":"product","2":"type-product","3":"status-publish","4":"has-post-thumbnail","6":"product_cat-cours-specialises","7":"product_tag-cours-de-specialite","9":"first","10":"instock","11":"virtual","12":"purchasable","13":"product-type-simple"},"acf":[],"yoast_head":"<!-- This site is optimized with the Yoast SEO plugin v27.4 - https:\/\/yoast.com\/product\/yoast-seo-wordpress\/ -->\n<title>Rechercher et Recuperation d&#039;Objets | Easy Divers Thailand<\/title>\n<meta name=\"robots\" content=\"index, follow, max-snippet:-1, max-image-preview:large, max-video-preview:-1\" \/>\n<link rel=\"canonical\" href=\"https:\/\/www.easydivers-thailand.com\/fr\/produit\/rechercher-et-recuperation-d-objets\/\" \/>\n<meta property=\"og:locale\" content=\"fr_FR\" \/>\n<meta property=\"og:type\" content=\"article\" \/>\n<meta property=\"og:title\" content=\"Rechercher et Recuperation d&#039;Objets | Easy Divers Thailand\" \/>\n<meta property=\"og:description\" content=\"Recherchez et remontez un objet manquant. Utilisation efficace de la boussole et des dispositifs de levage. L\u2019\u00e2ge minimum est de 12 ans.  4 plong\u00e9es depuis la plage  Prix du cours : \u0e3f 10&#039;000.00 par personne\" \/>\n<meta property=\"og:url\" content=\"https:\/\/www.easydivers-thailand.com\/fr\/produit\/rechercher-et-recuperation-d-objets\/\" \/>\n<meta property=\"og:site_name\" content=\"Easy Divers Thailand\" \/>\n<meta property=\"article:publisher\" content=\"https:\/\/www.facebook.com\/easydiverskohsamuiteam\/\" \/>\n<meta property=\"article:modified_time\" content=\"2022-05-01T10:41:29+00:00\" \/>\n<meta property=\"og:image\" content=\"https:\/\/www.easydivers-thailand.com\/wp-content\/uploads\/2018\/09\/search-and-recovery1.jpg\" \/>\n\t<meta property=\"og:image:width\" content=\"2048\" \/>\n\t<meta property=\"og:image:height\" content=\"1152\" \/>\n\t<meta property=\"og:image:type\" content=\"image\/jpeg\" \/>\n<meta name=\"twitter:card\" content=\"summary_large_image\" \/>\n<meta name=\"twitter:site\" content=\"@EasyKoh\" \/>\n<meta name=\"twitter:label1\" content=\"Dur\u00e9e de lecture estim\u00e9e\" \/>\n\t<meta name=\"twitter:data1\" content=\"1 minute\" \/>\n<script type=\"application\/ld+json\" class=\"yoast-schema-graph\">{\"@context\":\"https:\\\/\\\/schema.org\",\"@graph\":[{\"@type\":\"WebPage\",\"@id\":\"https:\\\/\\\/www.easydivers-thailand.com\\\/fr\\\/produit\\\/rechercher-et-recuperation-d-objets\\\/\",\"url\":\"https:\\\/\\\/www.easydivers-thailand.com\\\/fr\\\/produit\\\/rechercher-et-recuperation-d-objets\\\/\",\"name\":\"Rechercher et Recuperation d'Objets | Easy Divers Thailand\",\"isPartOf\":{\"@id\":\"https:\\\/\\\/www.easydivers-thailand.com\\\/fr\\\/#website\"},\"primaryImageOfPage\":{\"@id\":\"https:\\\/\\\/www.easydivers-thailand.com\\\/fr\\\/produit\\\/rechercher-et-recuperation-d-objets\\\/#primaryimage\"},\"image\":{\"@id\":\"https:\\\/\\\/www.easydivers-thailand.com\\\/fr\\\/produit\\\/rechercher-et-recuperation-d-objets\\\/#primaryimage\"},\"thumbnailUrl\":\"https:\\\/\\\/www.easydivers-thailand.com\\\/wp-content\\\/uploads\\\/2018\\\/09\\\/search-and-recovery1.jpg\",\"datePublished\":\"2018-09-07T14:14:52+00:00\",\"dateModified\":\"2022-05-01T10:41:29+00:00\",\"breadcrumb\":{\"@id\":\"https:\\\/\\\/www.easydivers-thailand.com\\\/fr\\\/produit\\\/rechercher-et-recuperation-d-objets\\\/#breadcrumb\"},\"inLanguage\":\"fr-FR\",\"potentialAction\":[{\"@type\":\"ReadAction\",\"target\":[\"https:\\\/\\\/www.easydivers-thailand.com\\\/fr\\\/produit\\\/rechercher-et-recuperation-d-objets\\\/\"]}]},{\"@type\":\"ImageObject\",\"inLanguage\":\"fr-FR\",\"@id\":\"https:\\\/\\\/www.easydivers-thailand.com\\\/fr\\\/produit\\\/rechercher-et-recuperation-d-objets\\\/#primaryimage\",\"url\":\"https:\\\/\\\/www.easydivers-thailand.com\\\/wp-content\\\/uploads\\\/2018\\\/09\\\/search-and-recovery1.jpg\",\"contentUrl\":\"https:\\\/\\\/www.easydivers-thailand.com\\\/wp-content\\\/uploads\\\/2018\\\/09\\\/search-and-recovery1.jpg\",\"width\":2048,\"height\":1152,\"caption\":\"Search and Recovery\"},{\"@type\":\"BreadcrumbList\",\"@id\":\"https:\\\/\\\/www.easydivers-thailand.com\\\/fr\\\/produit\\\/rechercher-et-recuperation-d-objets\\\/#breadcrumb\",\"itemListElement\":[{\"@type\":\"ListItem\",\"position\":1,\"name\":\"Home\",\"item\":\"https:\\\/\\\/www.easydivers-thailand.com\\\/fr\\\/\"},{\"@type\":\"ListItem\",\"position\":2,\"name\":\"Boutique\",\"item\":\"https:\\\/\\\/www.easydivers-thailand.com\\\/fr\\\/boutique\\\/\"},{\"@type\":\"ListItem\",\"position\":3,\"name\":\"Rechercher et Recuperation d&#8217;Objets\"}]},{\"@type\":\"WebSite\",\"@id\":\"https:\\\/\\\/www.easydivers-thailand.com\\\/fr\\\/#website\",\"url\":\"https:\\\/\\\/www.easydivers-thailand.com\\\/fr\\\/\",\"name\":\"Easy Divers Thailand\",\"description\":\"My WordPress Blog\",\"potentialAction\":[{\"@type\":\"SearchAction\",\"target\":{\"@type\":\"EntryPoint\",\"urlTemplate\":\"https:\\\/\\\/www.easydivers-thailand.com\\\/fr\\\/?s={search_term_string}\"},\"query-input\":{\"@type\":\"PropertyValueSpecification\",\"valueRequired\":true,\"valueName\":\"search_term_string\"}}],\"inLanguage\":\"fr-FR\"}]}<\/script>\n<!-- \/ Yoast SEO plugin. -->","yoast_head_json":{"title":"Rechercher et Recuperation d'Objets | Easy Divers Thailand","robots":{"index":"index","follow":"follow","max-snippet":"max-snippet:-1","max-image-preview":"max-image-preview:large","max-video-preview":"max-video-preview:-1"},"canonical":"https:\/\/www.easydivers-thailand.com\/fr\/produit\/rechercher-et-recuperation-d-objets\/","og_locale":"fr_FR","og_type":"article","og_title":"Rechercher et Recuperation d'Objets | Easy Divers Thailand","og_description":"Recherchez et remontez un objet manquant. Utilisation efficace de la boussole et des dispositifs de levage. L\u2019\u00e2ge minimum est de 12 ans.  4 plong\u00e9es depuis la plage  Prix du cours : \u0e3f 10'000.00 par personne","og_url":"https:\/\/www.easydivers-thailand.com\/fr\/produit\/rechercher-et-recuperation-d-objets\/","og_site_name":"Easy Divers Thailand","article_publisher":"https:\/\/www.facebook.com\/easydiverskohsamuiteam\/","article_modified_time":"2022-05-01T10:41:29+00:00","og_image":[{"width":2048,"height":1152,"url":"https:\/\/www.easydivers-thailand.com\/wp-content\/uploads\/2018\/09\/search-and-recovery1.jpg","type":"image\/jpeg"}],"twitter_card":"summary_large_image","twitter_site":"@EasyKoh","twitter_misc":{"Dur\u00e9e de lecture estim\u00e9e":"1 minute"},"schema":{"@context":"https:\/\/schema.org","@graph":[{"@type":"WebPage","@id":"https:\/\/www.easydivers-thailand.com\/fr\/produit\/rechercher-et-recuperation-d-objets\/","url":"https:\/\/www.easydivers-thailand.com\/fr\/produit\/rechercher-et-recuperation-d-objets\/","name":"Rechercher et Recuperation d'Objets | Easy Divers Thailand","isPartOf":{"@id":"https:\/\/www.easydivers-thailand.com\/fr\/#website"},"primaryImageOfPage":{"@id":"https:\/\/www.easydivers-thailand.com\/fr\/produit\/rechercher-et-recuperation-d-objets\/#primaryimage"},"image":{"@id":"https:\/\/www.easydivers-thailand.com\/fr\/produit\/rechercher-et-recuperation-d-objets\/#primaryimage"},"thumbnailUrl":"https:\/\/www.easydivers-thailand.com\/wp-content\/uploads\/2018\/09\/search-and-recovery1.jpg","datePublished":"2018-09-07T14:14:52+00:00","dateModified":"2022-05-01T10:41:29+00:00","breadcrumb":{"@id":"https:\/\/www.easydivers-thailand.com\/fr\/produit\/rechercher-et-recuperation-d-objets\/#breadcrumb"},"inLanguage":"fr-FR","potentialAction":[{"@type":"ReadAction","target":["https:\/\/www.easydivers-thailand.com\/fr\/produit\/rechercher-et-recuperation-d-objets\/"]}]},{"@type":"ImageObject","inLanguage":"fr-FR","@id":"https:\/\/www.easydivers-thailand.com\/fr\/produit\/rechercher-et-recuperation-d-objets\/#primaryimage","url":"https:\/\/www.easydivers-thailand.com\/wp-content\/uploads\/2018\/09\/search-and-recovery1.jpg","contentUrl":"https:\/\/www.easydivers-thailand.com\/wp-content\/uploads\/2018\/09\/search-and-recovery1.jpg","width":2048,"height":1152,"caption":"Search and Recovery"},{"@type":"BreadcrumbList","@id":"https:\/\/www.easydivers-thailand.com\/fr\/produit\/rechercher-et-recuperation-d-objets\/#breadcrumb","itemListElement":[{"@type":"ListItem","position":1,"name":"Home","item":"https:\/\/www.easydivers-thailand.com\/fr\/"},{"@type":"ListItem","position":2,"name":"Boutique","item":"https:\/\/www.easydivers-thailand.com\/fr\/boutique\/"},{"@type":"ListItem","position":3,"name":"Rechercher et Recuperation d&#8217;Objets"}]},{"@type":"WebSite","@id":"https:\/\/www.easydivers-thailand.com\/fr\/#website","url":"https:\/\/www.easydivers-thailand.com\/fr\/","name":"Easy Divers Thailand","description":"My WordPress Blog","potentialAction":[{"@type":"SearchAction","target":{"@type":"EntryPoint","urlTemplate":"https:\/\/www.easydivers-thailand.com\/fr\/?s={search_term_string}"},"query-input":{"@type":"PropertyValueSpecification","valueRequired":true,"valueName":"search_term_string"}}],"inLanguage":"fr-FR"}]}},"_links":{"self":[{"href":"https:\/\/www.easydivers-thailand.com\/fr\/wp-json\/wp\/v2\/product\/7073","targetHints":{"allow":["GET"]}}],"collection":[{"href":"https:\/\/www.easydivers-thailand.com\/fr\/wp-json\/wp\/v2\/product"}],"about":[{"href":"https:\/\/www.easydivers-thailand.com\/fr\/wp-json\/wp\/v2\/types\/product"}],"wp:featuredmedia":[{"embeddable":true,"href":"https:\/\/www.easydivers-thailand.com\/fr\/wp-json\/wp\/v2\/media\/6722"}],"wp:attachment":[{"href":"https:\/\/www.easydivers-thailand.com\/fr\/wp-json\/wp\/v2\/media?parent=7073"}],"wp:term":[{"taxonomy":"product_brand","embeddable":true,"href":"https:\/\/www.easydivers-thailand.com\/fr\/wp-json\/wp\/v2\/product_brand?post=7073"},{"taxonomy":"product_cat","embeddable":true,"href":"https:\/\/www.easydivers-thailand.com\/fr\/wp-json\/wp\/v2\/product_cat?post=7073"},{"taxonomy":"product_tag","embeddable":true,"href":"https:\/\/www.easydivers-thailand.com\/fr\/wp-json\/wp\/v2\/product_tag?post=7073"}],"curies":[{"name":"wp","href":"https:\/\/api.w.org\/{rel}","templated":true}]}}