{"id":7089,"date":"2018-09-06T20:09:16","date_gmt":"2018-09-06T13:09:16","guid":{"rendered":"https:\/\/easydivers.samui-web-design.com\/product\/padi-open-water-diver-elearning\/"},"modified":"2022-05-01T16:20:03","modified_gmt":"2022-05-01T09:20:03","slug":"padi-open-water-diver-elearning","status":"publish","type":"product","link":"https:\/\/www.easydivers-thailand.com\/fr\/produit\/padi-open-water-diver-elearning\/","title":{"rendered":"PADI Open Water Diver, eLearning"},"content":{"rendered":"<p>Si vous avez toujours voulu faire de la plong\u00e9e sous-marine, l&rsquo;exp\u00e9rience d&rsquo;une aventure in\u00e9gal\u00e9e et voir le monde sous les vagues, c&rsquo;est ici que cela commence. Obtenez votre certification de plong\u00e9e sous-marine avec le cours PADI Open Water Diver \u2013 le cours de plong\u00e9e le plus populaire et le plus largement reconnu dans le monde. Des millions de personnes ont appris la plong\u00e9e sous-marine avec ce cours et continuent \u00e0 d\u00e9couvrir les merveilles du monde aquatique.<\/p>\n<p>Pour vous inscrire \u00e0 un cours PADI Open Water Diver (ou Junior Open Water Diver), vous devez savoir nager et \u00eatre en bonne sant\u00e9 physique. Aucune exp\u00e9rience pr\u00e9alable en plong\u00e9e n\u2019est n\u00e9cessaire.<\/p>\n","protected":false},"excerpt":{"rendered":"<p><strong>Certification de plong\u00e9e permanente pour des plong\u00e9es \u00e0 une profondeur maximale de 18 m en autonomie avec tout autre plongeur certifi\u00e9. Age minimum 10 ans<\/strong><\/p>\n<p>Compl\u00e9ter la th\u00e9orie en ligne depuis chez vous, vous permet d\u2019\u00e9conomiser le temps en salle de classe ici. Pour vous inscrire \u00e0 l\u2019eLearning, suivez ce lien:<\/p>\n<p><a title=\"eLearning avec Easy Divers\" href=\"https:\/\/apps.padi.com\/scuba-diving\/elearning\/?irra=18688\" target=\"_blank\" rel=\"noopener noreferrer\"><img loading=\"lazy\" decoding=\"async\" class=\"alignnone wp-image-6500\" src=\"https:\/\/www.easydivers-thailand.com\/wp-content\/uploads\/2018\/09\/Padi_Elearning1.jpg\" alt=\"PADi eLearning\" width=\"252\" height=\"120\" srcset=\"https:\/\/www.easydivers-thailand.com\/wp-content\/uploads\/2018\/09\/Padi_Elearning1.jpg 504w, https:\/\/www.easydivers-thailand.com\/wp-content\/uploads\/2018\/09\/Padi_Elearning1-300x143.jpg 300w\" sizes=\"auto, (max-width: 252px) 100vw, 252px\" \/><\/a><\/p>\n<p>Option cours sur 2 jours<\/p>\n<p>Jour 2 \u2013 entrainement en piscine et 1 plong\u00e9e depuis la plage<br \/>\nJour 3 \u2013 3 plong\u00e9es d\u2019entra\u00eenement en bateau<\/p>\n<p><span class=\"mypriceclass\">Prix du cours : \u0e3f 17&rsquo;900.00 par personne<\/span><\/p>\n","protected":false},"featured_media":6705,"template":"","meta":{"_acf_changed":false},"product_brand":[],"product_cat":[90,83],"product_tag":[73,79],"class_list":{"0":"post-7089","1":"product","2":"type-product","3":"status-publish","4":"has-post-thumbnail","6":"product_cat-cours-de-plongee","7":"product_cat-cours-debutants","8":"product_tag-cours-de-plongee","9":"product_tag-cours-debutants","11":"first","12":"instock","13":"virtual","14":"purchasable","15":"product-type-simple"},"acf":[],"yoast_head":"<!-- This site is optimized with the Yoast SEO plugin v27.3 - https:\/\/yoast.com\/product\/yoast-seo-wordpress\/ -->\n<title>PADI Open Water Diver, eLearning | Easy Divers Thailand<\/title>\n<meta name=\"description\" content=\"Obtenez votre certification de plong\u00e9e sous-marine avec le cours PADI Open Water Diver \u2013 le cours de plong\u00e9e le plus populaire et le plus largement reconnu dans le monde.\" \/>\n<meta name=\"robots\" content=\"index, follow, max-snippet:-1, max-image-preview:large, max-video-preview:-1\" \/>\n<link rel=\"canonical\" href=\"https:\/\/www.easydivers-thailand.com\/fr\/produit\/padi-open-water-diver-elearning\/\" \/>\n<meta property=\"og:locale\" content=\"fr_FR\" \/>\n<meta property=\"og:type\" content=\"article\" \/>\n<meta property=\"og:title\" content=\"PADI Open Water Diver, eLearning | Easy Divers Thailand\" \/>\n<meta property=\"og:description\" content=\"Obtenez votre certification de plong\u00e9e sous-marine avec le cours PADI Open Water Diver \u2013 le cours de plong\u00e9e le plus populaire et le plus largement reconnu dans le monde.\" \/>\n<meta property=\"og:url\" content=\"https:\/\/www.easydivers-thailand.com\/fr\/produit\/padi-open-water-diver-elearning\/\" \/>\n<meta property=\"og:site_name\" content=\"Easy Divers Thailand\" \/>\n<meta property=\"article:publisher\" content=\"https:\/\/www.facebook.com\/easydiverskohsamuiteam\/\" \/>\n<meta property=\"article:modified_time\" content=\"2022-05-01T09:20:03+00:00\" \/>\n<meta property=\"og:image\" content=\"https:\/\/www.easydivers-thailand.com\/wp-content\/uploads\/2018\/09\/Koh-Samui_Easy-divers_7957.jpg\" \/>\n\t<meta property=\"og:image:width\" content=\"1200\" \/>\n\t<meta property=\"og:image:height\" content=\"800\" \/>\n\t<meta property=\"og:image:type\" content=\"image\/jpeg\" \/>\n<meta name=\"twitter:card\" content=\"summary_large_image\" \/>\n<meta name=\"twitter:site\" content=\"@EasyKoh\" \/>\n<meta name=\"twitter:label1\" content=\"Dur\u00e9e de lecture estim\u00e9e\" \/>\n\t<meta name=\"twitter:data1\" content=\"1 minute\" \/>\n<script type=\"application\/ld+json\" class=\"yoast-schema-graph\">{\"@context\":\"https:\\\/\\\/schema.org\",\"@graph\":[{\"@type\":\"WebPage\",\"@id\":\"https:\\\/\\\/www.easydivers-thailand.com\\\/fr\\\/produit\\\/padi-open-water-diver-elearning\\\/\",\"url\":\"https:\\\/\\\/www.easydivers-thailand.com\\\/fr\\\/produit\\\/padi-open-water-diver-elearning\\\/\",\"name\":\"PADI Open Water Diver, eLearning | Easy Divers Thailand\",\"isPartOf\":{\"@id\":\"https:\\\/\\\/www.easydivers-thailand.com\\\/fr\\\/#website\"},\"primaryImageOfPage\":{\"@id\":\"https:\\\/\\\/www.easydivers-thailand.com\\\/fr\\\/produit\\\/padi-open-water-diver-elearning\\\/#primaryimage\"},\"image\":{\"@id\":\"https:\\\/\\\/www.easydivers-thailand.com\\\/fr\\\/produit\\\/padi-open-water-diver-elearning\\\/#primaryimage\"},\"thumbnailUrl\":\"https:\\\/\\\/www.easydivers-thailand.com\\\/wp-content\\\/uploads\\\/2018\\\/09\\\/Koh-Samui_Easy-divers_7957.jpg\",\"datePublished\":\"2018-09-06T13:09:16+00:00\",\"dateModified\":\"2022-05-01T09:20:03+00:00\",\"description\":\"Obtenez votre certification de plong\u00e9e sous-marine avec le cours PADI Open Water Diver \u2013 le cours de plong\u00e9e le plus populaire et le plus largement reconnu dans le monde.\",\"breadcrumb\":{\"@id\":\"https:\\\/\\\/www.easydivers-thailand.com\\\/fr\\\/produit\\\/padi-open-water-diver-elearning\\\/#breadcrumb\"},\"inLanguage\":\"fr-FR\",\"potentialAction\":[{\"@type\":\"ReadAction\",\"target\":[\"https:\\\/\\\/www.easydivers-thailand.com\\\/fr\\\/produit\\\/padi-open-water-diver-elearning\\\/\"]}]},{\"@type\":\"ImageObject\",\"inLanguage\":\"fr-FR\",\"@id\":\"https:\\\/\\\/www.easydivers-thailand.com\\\/fr\\\/produit\\\/padi-open-water-diver-elearning\\\/#primaryimage\",\"url\":\"https:\\\/\\\/www.easydivers-thailand.com\\\/wp-content\\\/uploads\\\/2018\\\/09\\\/Koh-Samui_Easy-divers_7957.jpg\",\"contentUrl\":\"https:\\\/\\\/www.easydivers-thailand.com\\\/wp-content\\\/uploads\\\/2018\\\/09\\\/Koh-Samui_Easy-divers_7957.jpg\",\"width\":1200,\"height\":800,\"caption\":\"Big One Dive Tour\"},{\"@type\":\"BreadcrumbList\",\"@id\":\"https:\\\/\\\/www.easydivers-thailand.com\\\/fr\\\/produit\\\/padi-open-water-diver-elearning\\\/#breadcrumb\",\"itemListElement\":[{\"@type\":\"ListItem\",\"position\":1,\"name\":\"Home\",\"item\":\"https:\\\/\\\/www.easydivers-thailand.com\\\/fr\\\/\"},{\"@type\":\"ListItem\",\"position\":2,\"name\":\"Boutique\",\"item\":\"https:\\\/\\\/www.easydivers-thailand.com\\\/fr\\\/boutique\\\/\"},{\"@type\":\"ListItem\",\"position\":3,\"name\":\"PADI Open Water Diver, eLearning\"}]},{\"@type\":\"WebSite\",\"@id\":\"https:\\\/\\\/www.easydivers-thailand.com\\\/fr\\\/#website\",\"url\":\"https:\\\/\\\/www.easydivers-thailand.com\\\/fr\\\/\",\"name\":\"Easy Divers Thailand\",\"description\":\"My WordPress Blog\",\"potentialAction\":[{\"@type\":\"SearchAction\",\"target\":{\"@type\":\"EntryPoint\",\"urlTemplate\":\"https:\\\/\\\/www.easydivers-thailand.com\\\/fr\\\/?s={search_term_string}\"},\"query-input\":{\"@type\":\"PropertyValueSpecification\",\"valueRequired\":true,\"valueName\":\"search_term_string\"}}],\"inLanguage\":\"fr-FR\"}]}<\/script>\n<!-- \/ Yoast SEO plugin. -->","yoast_head_json":{"title":"PADI Open Water Diver, eLearning | Easy Divers Thailand","description":"Obtenez votre certification de plong\u00e9e sous-marine avec le cours PADI Open Water Diver \u2013 le cours de plong\u00e9e le plus populaire et le plus largement reconnu dans le monde.","robots":{"index":"index","follow":"follow","max-snippet":"max-snippet:-1","max-image-preview":"max-image-preview:large","max-video-preview":"max-video-preview:-1"},"canonical":"https:\/\/www.easydivers-thailand.com\/fr\/produit\/padi-open-water-diver-elearning\/","og_locale":"fr_FR","og_type":"article","og_title":"PADI Open Water Diver, eLearning | Easy Divers Thailand","og_description":"Obtenez votre certification de plong\u00e9e sous-marine avec le cours PADI Open Water Diver \u2013 le cours de plong\u00e9e le plus populaire et le plus largement reconnu dans le monde.","og_url":"https:\/\/www.easydivers-thailand.com\/fr\/produit\/padi-open-water-diver-elearning\/","og_site_name":"Easy Divers Thailand","article_publisher":"https:\/\/www.facebook.com\/easydiverskohsamuiteam\/","article_modified_time":"2022-05-01T09:20:03+00:00","og_image":[{"width":1200,"height":800,"url":"https:\/\/www.easydivers-thailand.com\/wp-content\/uploads\/2018\/09\/Koh-Samui_Easy-divers_7957.jpg","type":"image\/jpeg"}],"twitter_card":"summary_large_image","twitter_site":"@EasyKoh","twitter_misc":{"Dur\u00e9e de lecture estim\u00e9e":"1 minute"},"schema":{"@context":"https:\/\/schema.org","@graph":[{"@type":"WebPage","@id":"https:\/\/www.easydivers-thailand.com\/fr\/produit\/padi-open-water-diver-elearning\/","url":"https:\/\/www.easydivers-thailand.com\/fr\/produit\/padi-open-water-diver-elearning\/","name":"PADI Open Water Diver, eLearning | Easy Divers Thailand","isPartOf":{"@id":"https:\/\/www.easydivers-thailand.com\/fr\/#website"},"primaryImageOfPage":{"@id":"https:\/\/www.easydivers-thailand.com\/fr\/produit\/padi-open-water-diver-elearning\/#primaryimage"},"image":{"@id":"https:\/\/www.easydivers-thailand.com\/fr\/produit\/padi-open-water-diver-elearning\/#primaryimage"},"thumbnailUrl":"https:\/\/www.easydivers-thailand.com\/wp-content\/uploads\/2018\/09\/Koh-Samui_Easy-divers_7957.jpg","datePublished":"2018-09-06T13:09:16+00:00","dateModified":"2022-05-01T09:20:03+00:00","description":"Obtenez votre certification de plong\u00e9e sous-marine avec le cours PADI Open Water Diver \u2013 le cours de plong\u00e9e le plus populaire et le plus largement reconnu dans le monde.","breadcrumb":{"@id":"https:\/\/www.easydivers-thailand.com\/fr\/produit\/padi-open-water-diver-elearning\/#breadcrumb"},"inLanguage":"fr-FR","potentialAction":[{"@type":"ReadAction","target":["https:\/\/www.easydivers-thailand.com\/fr\/produit\/padi-open-water-diver-elearning\/"]}]},{"@type":"ImageObject","inLanguage":"fr-FR","@id":"https:\/\/www.easydivers-thailand.com\/fr\/produit\/padi-open-water-diver-elearning\/#primaryimage","url":"https:\/\/www.easydivers-thailand.com\/wp-content\/uploads\/2018\/09\/Koh-Samui_Easy-divers_7957.jpg","contentUrl":"https:\/\/www.easydivers-thailand.com\/wp-content\/uploads\/2018\/09\/Koh-Samui_Easy-divers_7957.jpg","width":1200,"height":800,"caption":"Big One Dive Tour"},{"@type":"BreadcrumbList","@id":"https:\/\/www.easydivers-thailand.com\/fr\/produit\/padi-open-water-diver-elearning\/#breadcrumb","itemListElement":[{"@type":"ListItem","position":1,"name":"Home","item":"https:\/\/www.easydivers-thailand.com\/fr\/"},{"@type":"ListItem","position":2,"name":"Boutique","item":"https:\/\/www.easydivers-thailand.com\/fr\/boutique\/"},{"@type":"ListItem","position":3,"name":"PADI Open Water Diver, eLearning"}]},{"@type":"WebSite","@id":"https:\/\/www.easydivers-thailand.com\/fr\/#website","url":"https:\/\/www.easydivers-thailand.com\/fr\/","name":"Easy Divers Thailand","description":"My WordPress Blog","potentialAction":[{"@type":"SearchAction","target":{"@type":"EntryPoint","urlTemplate":"https:\/\/www.easydivers-thailand.com\/fr\/?s={search_term_string}"},"query-input":{"@type":"PropertyValueSpecification","valueRequired":true,"valueName":"search_term_string"}}],"inLanguage":"fr-FR"}]}},"_links":{"self":[{"href":"https:\/\/www.easydivers-thailand.com\/fr\/wp-json\/wp\/v2\/product\/7089","targetHints":{"allow":["GET"]}}],"collection":[{"href":"https:\/\/www.easydivers-thailand.com\/fr\/wp-json\/wp\/v2\/product"}],"about":[{"href":"https:\/\/www.easydivers-thailand.com\/fr\/wp-json\/wp\/v2\/types\/product"}],"wp:featuredmedia":[{"embeddable":true,"href":"https:\/\/www.easydivers-thailand.com\/fr\/wp-json\/wp\/v2\/media\/6705"}],"wp:attachment":[{"href":"https:\/\/www.easydivers-thailand.com\/fr\/wp-json\/wp\/v2\/media?parent=7089"}],"wp:term":[{"taxonomy":"product_brand","embeddable":true,"href":"https:\/\/www.easydivers-thailand.com\/fr\/wp-json\/wp\/v2\/product_brand?post=7089"},{"taxonomy":"product_cat","embeddable":true,"href":"https:\/\/www.easydivers-thailand.com\/fr\/wp-json\/wp\/v2\/product_cat?post=7089"},{"taxonomy":"product_tag","embeddable":true,"href":"https:\/\/www.easydivers-thailand.com\/fr\/wp-json\/wp\/v2\/product_tag?post=7089"}],"curies":[{"name":"wp","href":"https:\/\/api.w.org\/{rel}","templated":true}]}}