{"id":7090,"date":"2017-06-21T20:54:58","date_gmt":"2017-06-21T13:54:58","guid":{"rendered":"https:\/\/easydivers.samui-web-design.com\/product\/padi-divemaster\/"},"modified":"2022-05-01T16:09:32","modified_gmt":"2022-05-01T09:09:32","slug":"padi-divemaster","status":"publish","type":"product","link":"https:\/\/www.easydivers-thailand.com\/fr\/produit\/padi-divemaster\/","title":{"rendered":"PADI Divemaster"},"content":{"rendered":"<p>Vous aimez la plong\u00e9e? Vous voulez le faire partager avec d&rsquo;autres sur un tout nouveau niveau? Suivez le cours PADI Divemaster et faites ce que vous aimez faire en tant que carri\u00e8re. Les plongeurs sous-marins se tournent vers les divemasters parce qu&rsquo;ils sont des leaders qui encadrent et motivent les autres. En tant que divemaster, non seulement vous plongez beaucoup, mais vous ressentez \u00e9galement la joie de voir les autres plonger avec autant de plaisir que vous le faites.<\/p>\n<p>Le cours PADI Divemaster est votre premier niveau de formation professionnelle. En travaillant en \u00e9troite collaboration avec nos instructeurs PADI exp\u00e9riment\u00e9s chez Easy Divers, vous affinerez vos comp\u00e9tences en mati\u00e8re de plong\u00e9e, d\u00e9couvrez nos sites de plong\u00e9e incroyables et affiner vos comp\u00e9tences en mati\u00e8re de sauvetage afin d\u2019anticiper et de r\u00e9soudre facilement les probl\u00e8mes courants. Vous acquerrez des connaissances en plong\u00e9e, des capacit\u00e9s de gestion et de supervision, de sorte que vous deviendrez un mod\u00e8le pour tous les plongeurs.<\/p>\n<p>En tant que Divemaster PADI, vous dirigerez les autres en supervisant les activit\u00e9s de plong\u00e9e et en aidant \u00e0 la formation des plongeurs. Que vous souhaitiez travailler dans une destination de plong\u00e9e lointaine ou pr\u00e8s de chez vous dans un magasin de plong\u00e9e local, l&rsquo;aventure de votre vie vous attend. Les Divemasters PADI sont des professionnels de la plong\u00e9e respect\u00e9s, en harmonie avec l\u2019organisation de plong\u00e9e la plus grande et la plus respect\u00e9e au monde &#8211; PADI.<\/p>\n<p>Pour vous inscrire au cours PADI Divermaster, vous devez \u00eatre un plongeur certifi\u00e9 PADI Rescue Diver et satisfaire aux conditions pr\u00e9alables suivantes:<\/p>\n<ul>\n<li>Formation en soins d&rsquo;urgence primaires et secondaires (RCP et premiers soins) au cours des 24 derniers mois.<\/li>\n<li>D\u00e9claration m\u00e9dicale sign\u00e9e par un m\u00e9decin au cours des 12 derniers mois.<\/li>\n<li>Au moins 40 plong\u00e9es enregistr\u00e9es pour commencer le cours et 60 plong\u00e9es pour obtenir la certification.<\/li>\n<\/ul>\n<p>Notez que des certifications qualifiantes d&rsquo;autres organisations de formation de plongeurs peuvent s&rsquo;appliquer &#8211; demandez \u00e0 Easy Divers.<\/p>\n","protected":false},"excerpt":{"rendered":"<p><strong>Premier niveau professionnel, vous formez \u00e0 devenir guide de plong\u00e9e et assistant pour les instructeurs PADI. Age minimum 18 ans. Diff\u00e9rentes options et exigences disponibles sur demande.<\/strong><\/p>\n<p><span class=\"mypriceclass\">Prix du cours \u00e0 partir de *: \u0e3f 45&rsquo;000.00 par personne<\/span><\/p>\n<p>* le mat\u00e9riel de cours suppl\u00e9mentaire peut ne pas \u00eatre inclus<\/p>\n","protected":false},"featured_media":6567,"template":"","meta":{"_acf_changed":false},"product_brand":[],"product_cat":[89,90],"product_tag":[78,73],"class_list":{"0":"post-7090","1":"product","2":"type-product","3":"status-publish","4":"has-post-thumbnail","6":"product_cat-cours-avances-et-professionnels","7":"product_cat-cours-de-plongee","8":"product_tag-cours-avances","9":"product_tag-cours-de-plongee","11":"first","12":"instock","13":"virtual","14":"purchasable","15":"product-type-simple"},"acf":[],"yoast_head":"<!-- This site is optimized with the Yoast SEO plugin v27.3 - https:\/\/yoast.com\/product\/yoast-seo-wordpress\/ -->\n<title>PADI Divemaster | Easy Divers Thailand<\/title>\n<meta name=\"robots\" content=\"index, follow, max-snippet:-1, max-image-preview:large, max-video-preview:-1\" \/>\n<link rel=\"canonical\" href=\"https:\/\/www.easydivers-thailand.com\/fr\/produit\/padi-divemaster\/\" \/>\n<meta property=\"og:locale\" content=\"fr_FR\" \/>\n<meta property=\"og:type\" content=\"article\" \/>\n<meta property=\"og:title\" content=\"PADI Divemaster | Easy Divers Thailand\" \/>\n<meta property=\"og:description\" content=\"Premier niveau professionnel, vous formez \u00e0 devenir guide de plong\u00e9e et assistant pour les instructeurs PADI. Age minimum 18 ans. Diff\u00e9rentes options et exigences disponibles sur demande.  Prix du cours \u00e0 partir de *: \u0e3f 45&#039;000.00 par personne  * le mat\u00e9riel de cours suppl\u00e9mentaire peut ne pas \u00eatre inclus\" \/>\n<meta property=\"og:url\" content=\"https:\/\/www.easydivers-thailand.com\/fr\/produit\/padi-divemaster\/\" \/>\n<meta property=\"og:site_name\" content=\"Easy Divers Thailand\" \/>\n<meta property=\"article:publisher\" content=\"https:\/\/www.facebook.com\/easydiverskohsamuiteam\/\" \/>\n<meta property=\"article:modified_time\" content=\"2022-05-01T09:09:32+00:00\" \/>\n<meta property=\"og:image\" content=\"https:\/\/www.easydivers-thailand.com\/wp-content\/uploads\/2018\/07\/Divemaster.jpg\" \/>\n\t<meta property=\"og:image:width\" content=\"1200\" \/>\n\t<meta property=\"og:image:height\" content=\"514\" \/>\n\t<meta property=\"og:image:type\" content=\"image\/jpeg\" \/>\n<meta name=\"twitter:card\" content=\"summary_large_image\" \/>\n<meta name=\"twitter:site\" content=\"@EasyKoh\" \/>\n<meta name=\"twitter:label1\" content=\"Dur\u00e9e de lecture estim\u00e9e\" \/>\n\t<meta name=\"twitter:data1\" content=\"2 minutes\" \/>\n<script type=\"application\/ld+json\" class=\"yoast-schema-graph\">{\"@context\":\"https:\\\/\\\/schema.org\",\"@graph\":[{\"@type\":\"WebPage\",\"@id\":\"https:\\\/\\\/www.easydivers-thailand.com\\\/fr\\\/produit\\\/padi-divemaster\\\/\",\"url\":\"https:\\\/\\\/www.easydivers-thailand.com\\\/fr\\\/produit\\\/padi-divemaster\\\/\",\"name\":\"PADI Divemaster | Easy Divers Thailand\",\"isPartOf\":{\"@id\":\"https:\\\/\\\/www.easydivers-thailand.com\\\/fr\\\/#website\"},\"primaryImageOfPage\":{\"@id\":\"https:\\\/\\\/www.easydivers-thailand.com\\\/fr\\\/produit\\\/padi-divemaster\\\/#primaryimage\"},\"image\":{\"@id\":\"https:\\\/\\\/www.easydivers-thailand.com\\\/fr\\\/produit\\\/padi-divemaster\\\/#primaryimage\"},\"thumbnailUrl\":\"https:\\\/\\\/www.easydivers-thailand.com\\\/wp-content\\\/uploads\\\/2018\\\/07\\\/Divemaster.jpg\",\"datePublished\":\"2017-06-21T13:54:58+00:00\",\"dateModified\":\"2022-05-01T09:09:32+00:00\",\"breadcrumb\":{\"@id\":\"https:\\\/\\\/www.easydivers-thailand.com\\\/fr\\\/produit\\\/padi-divemaster\\\/#breadcrumb\"},\"inLanguage\":\"fr-FR\",\"potentialAction\":[{\"@type\":\"ReadAction\",\"target\":[\"https:\\\/\\\/www.easydivers-thailand.com\\\/fr\\\/produit\\\/padi-divemaster\\\/\"]}]},{\"@type\":\"ImageObject\",\"inLanguage\":\"fr-FR\",\"@id\":\"https:\\\/\\\/www.easydivers-thailand.com\\\/fr\\\/produit\\\/padi-divemaster\\\/#primaryimage\",\"url\":\"https:\\\/\\\/www.easydivers-thailand.com\\\/wp-content\\\/uploads\\\/2018\\\/07\\\/Divemaster.jpg\",\"contentUrl\":\"https:\\\/\\\/www.easydivers-thailand.com\\\/wp-content\\\/uploads\\\/2018\\\/07\\\/Divemaster.jpg\",\"width\":1200,\"height\":514,\"caption\":\"Divemaster\"},{\"@type\":\"BreadcrumbList\",\"@id\":\"https:\\\/\\\/www.easydivers-thailand.com\\\/fr\\\/produit\\\/padi-divemaster\\\/#breadcrumb\",\"itemListElement\":[{\"@type\":\"ListItem\",\"position\":1,\"name\":\"Home\",\"item\":\"https:\\\/\\\/www.easydivers-thailand.com\\\/fr\\\/\"},{\"@type\":\"ListItem\",\"position\":2,\"name\":\"Boutique\",\"item\":\"https:\\\/\\\/www.easydivers-thailand.com\\\/fr\\\/boutique\\\/\"},{\"@type\":\"ListItem\",\"position\":3,\"name\":\"PADI Divemaster\"}]},{\"@type\":\"WebSite\",\"@id\":\"https:\\\/\\\/www.easydivers-thailand.com\\\/fr\\\/#website\",\"url\":\"https:\\\/\\\/www.easydivers-thailand.com\\\/fr\\\/\",\"name\":\"Easy Divers Thailand\",\"description\":\"My WordPress Blog\",\"potentialAction\":[{\"@type\":\"SearchAction\",\"target\":{\"@type\":\"EntryPoint\",\"urlTemplate\":\"https:\\\/\\\/www.easydivers-thailand.com\\\/fr\\\/?s={search_term_string}\"},\"query-input\":{\"@type\":\"PropertyValueSpecification\",\"valueRequired\":true,\"valueName\":\"search_term_string\"}}],\"inLanguage\":\"fr-FR\"}]}<\/script>\n<!-- \/ Yoast SEO plugin. -->","yoast_head_json":{"title":"PADI Divemaster | Easy Divers Thailand","robots":{"index":"index","follow":"follow","max-snippet":"max-snippet:-1","max-image-preview":"max-image-preview:large","max-video-preview":"max-video-preview:-1"},"canonical":"https:\/\/www.easydivers-thailand.com\/fr\/produit\/padi-divemaster\/","og_locale":"fr_FR","og_type":"article","og_title":"PADI Divemaster | Easy Divers Thailand","og_description":"Premier niveau professionnel, vous formez \u00e0 devenir guide de plong\u00e9e et assistant pour les instructeurs PADI. Age minimum 18 ans. Diff\u00e9rentes options et exigences disponibles sur demande.  Prix du cours \u00e0 partir de *: \u0e3f 45'000.00 par personne  * le mat\u00e9riel de cours suppl\u00e9mentaire peut ne pas \u00eatre inclus","og_url":"https:\/\/www.easydivers-thailand.com\/fr\/produit\/padi-divemaster\/","og_site_name":"Easy Divers Thailand","article_publisher":"https:\/\/www.facebook.com\/easydiverskohsamuiteam\/","article_modified_time":"2022-05-01T09:09:32+00:00","og_image":[{"width":1200,"height":514,"url":"https:\/\/www.easydivers-thailand.com\/wp-content\/uploads\/2018\/07\/Divemaster.jpg","type":"image\/jpeg"}],"twitter_card":"summary_large_image","twitter_site":"@EasyKoh","twitter_misc":{"Dur\u00e9e de lecture estim\u00e9e":"2 minutes"},"schema":{"@context":"https:\/\/schema.org","@graph":[{"@type":"WebPage","@id":"https:\/\/www.easydivers-thailand.com\/fr\/produit\/padi-divemaster\/","url":"https:\/\/www.easydivers-thailand.com\/fr\/produit\/padi-divemaster\/","name":"PADI Divemaster | Easy Divers Thailand","isPartOf":{"@id":"https:\/\/www.easydivers-thailand.com\/fr\/#website"},"primaryImageOfPage":{"@id":"https:\/\/www.easydivers-thailand.com\/fr\/produit\/padi-divemaster\/#primaryimage"},"image":{"@id":"https:\/\/www.easydivers-thailand.com\/fr\/produit\/padi-divemaster\/#primaryimage"},"thumbnailUrl":"https:\/\/www.easydivers-thailand.com\/wp-content\/uploads\/2018\/07\/Divemaster.jpg","datePublished":"2017-06-21T13:54:58+00:00","dateModified":"2022-05-01T09:09:32+00:00","breadcrumb":{"@id":"https:\/\/www.easydivers-thailand.com\/fr\/produit\/padi-divemaster\/#breadcrumb"},"inLanguage":"fr-FR","potentialAction":[{"@type":"ReadAction","target":["https:\/\/www.easydivers-thailand.com\/fr\/produit\/padi-divemaster\/"]}]},{"@type":"ImageObject","inLanguage":"fr-FR","@id":"https:\/\/www.easydivers-thailand.com\/fr\/produit\/padi-divemaster\/#primaryimage","url":"https:\/\/www.easydivers-thailand.com\/wp-content\/uploads\/2018\/07\/Divemaster.jpg","contentUrl":"https:\/\/www.easydivers-thailand.com\/wp-content\/uploads\/2018\/07\/Divemaster.jpg","width":1200,"height":514,"caption":"Divemaster"},{"@type":"BreadcrumbList","@id":"https:\/\/www.easydivers-thailand.com\/fr\/produit\/padi-divemaster\/#breadcrumb","itemListElement":[{"@type":"ListItem","position":1,"name":"Home","item":"https:\/\/www.easydivers-thailand.com\/fr\/"},{"@type":"ListItem","position":2,"name":"Boutique","item":"https:\/\/www.easydivers-thailand.com\/fr\/boutique\/"},{"@type":"ListItem","position":3,"name":"PADI Divemaster"}]},{"@type":"WebSite","@id":"https:\/\/www.easydivers-thailand.com\/fr\/#website","url":"https:\/\/www.easydivers-thailand.com\/fr\/","name":"Easy Divers Thailand","description":"My WordPress Blog","potentialAction":[{"@type":"SearchAction","target":{"@type":"EntryPoint","urlTemplate":"https:\/\/www.easydivers-thailand.com\/fr\/?s={search_term_string}"},"query-input":{"@type":"PropertyValueSpecification","valueRequired":true,"valueName":"search_term_string"}}],"inLanguage":"fr-FR"}]}},"_links":{"self":[{"href":"https:\/\/www.easydivers-thailand.com\/fr\/wp-json\/wp\/v2\/product\/7090","targetHints":{"allow":["GET"]}}],"collection":[{"href":"https:\/\/www.easydivers-thailand.com\/fr\/wp-json\/wp\/v2\/product"}],"about":[{"href":"https:\/\/www.easydivers-thailand.com\/fr\/wp-json\/wp\/v2\/types\/product"}],"wp:featuredmedia":[{"embeddable":true,"href":"https:\/\/www.easydivers-thailand.com\/fr\/wp-json\/wp\/v2\/media\/6567"}],"wp:attachment":[{"href":"https:\/\/www.easydivers-thailand.com\/fr\/wp-json\/wp\/v2\/media?parent=7090"}],"wp:term":[{"taxonomy":"product_brand","embeddable":true,"href":"https:\/\/www.easydivers-thailand.com\/fr\/wp-json\/wp\/v2\/product_brand?post=7090"},{"taxonomy":"product_cat","embeddable":true,"href":"https:\/\/www.easydivers-thailand.com\/fr\/wp-json\/wp\/v2\/product_cat?post=7090"},{"taxonomy":"product_tag","embeddable":true,"href":"https:\/\/www.easydivers-thailand.com\/fr\/wp-json\/wp\/v2\/product_tag?post=7090"}],"curies":[{"name":"wp","href":"https:\/\/api.w.org\/{rel}","templated":true}]}}