{"id":7091,"date":"2017-06-21T20:54:38","date_gmt":"2017-06-21T13:54:38","guid":{"rendered":"https:\/\/easydivers.samui-web-design.com\/product\/advanced-open-water-diver\/"},"modified":"2023-06-19T08:02:10","modified_gmt":"2023-06-19T01:02:10","slug":"advanced-open-water-diver","status":"publish","type":"product","link":"https:\/\/www.easydivers-thailand.com\/fr\/produit\/advanced-open-water-diver\/","title":{"rendered":"Advanced Open Water Diver"},"content":{"rendered":"<p>C\u2019est l\u2019objet du cours PADI Advanced Open Water Diver: vous n\u2019avez pas besoin d\u2019\u00eatre \u00abavanc\u00e9\u00bb pour le suivre, il est con\u00e7u pour faire avancer votre plong\u00e9e, de sorte que vous puissiez commencer juste apr\u00e8s avoir obtenu votre certification PADI Open Water Diver. Le cours vous aide \u00e0 d\u00e9velopper votre confiance en vous et \u00e0 d\u00e9velopper vos comp\u00e9tences en plong\u00e9e \u00e0 travers diff\u00e9rentes plong\u00e9es Adventure. Vous essayez diff\u00e9rentes sp\u00e9cialit\u00e9s tout en acqu\u00e9rant de l&rsquo;exp\u00e9rience sous la supervision de votre instructeur PADI. Ici \u00e0 Koh Samui avec Easy Divers, vous pouvez participer \u00e0 des plong\u00e9es passionnantes telles que \u00c9paves, Recherche et R\u00e9cup\u00e9ration, Photographie num\u00e9rique sous-marine, pour n&rsquo;en nommer que quelques-unes.<\/p>\n<p>Apr\u00e8s le cours, vous \u00eates autoris\u00e9 \u00e0 plonger \u00e0 une profondeur maximale de 30 m\u00e8tres.<\/p>\n<p>Obtenir un cr\u00e9dit! Chaque plong\u00e9e Adventure peut \u00eatre cr\u00e9dit\u00e9 pour la premi\u00e8re plong\u00e9e du cours PADI Specialty Diver correspondant. Si vous avez d\u00e9j\u00e0 suivi un cours de plong\u00e9e sp\u00e9cialis\u00e9, demandez \u00e0 Easy Divers si vous avez acquis un cr\u00e9dit pour une plong\u00e9e Adventure.<\/p>\n<p>Si vous poss\u00e9dez d\u00e9j\u00e0 PADI Adventure Diver, il vous suffit de compl\u00e9ter deux autres plong\u00e9es Adventure pour obtenir la certification Advanced Open Water Diver.<\/p>\n","protected":false},"excerpt":{"rendered":"<p><strong>5 plong\u00e9es aventure avec 1 plong\u00e9e profonde jusqu&rsquo;\u00e0 un maximum de 30 m, 1 plong\u00e9e navigation et 3 plong\u00e9es aventure de votre choix. Age minimum 12 ans. <\/strong><\/p>\n","protected":false},"featured_media":6840,"template":"","meta":{"_acf_changed":false},"product_brand":[],"product_cat":[89,90,370],"product_tag":[78,73],"class_list":{"0":"post-7091","1":"product","2":"type-product","3":"status-publish","4":"has-post-thumbnail","6":"product_cat-cours-avances-et-professionnels","7":"product_cat-cours-de-plongee","8":"product_cat-cours-selectionnes","9":"product_tag-cours-avances","10":"product_tag-cours-de-plongee","12":"first","13":"instock","14":"sale","15":"virtual","16":"purchasable","17":"product-type-simple"},"acf":[],"yoast_head":"<!-- This site is optimized with the Yoast SEO plugin v27.4 - https:\/\/yoast.com\/product\/yoast-seo-wordpress\/ -->\n<title>Advanced Open Water Diver | Easy Divers Thailand<\/title>\n<meta name=\"robots\" content=\"index, follow, max-snippet:-1, max-image-preview:large, max-video-preview:-1\" \/>\n<link rel=\"canonical\" href=\"https:\/\/www.easydivers-thailand.com\/fr\/produit\/advanced-open-water-diver\/\" \/>\n<meta property=\"og:locale\" content=\"fr_FR\" \/>\n<meta property=\"og:type\" content=\"article\" \/>\n<meta property=\"og:title\" content=\"Advanced Open Water Diver | Easy Divers Thailand\" \/>\n<meta property=\"og:description\" content=\"5 plong\u00e9es aventure avec 1 plong\u00e9e profonde jusqu&#039;\u00e0 un maximum de 30 m, 1 plong\u00e9e navigation et 3 plong\u00e9es aventure de votre choix. Age minimum 12 ans.\" \/>\n<meta property=\"og:url\" content=\"https:\/\/www.easydivers-thailand.com\/fr\/produit\/advanced-open-water-diver\/\" \/>\n<meta property=\"og:site_name\" content=\"Easy Divers Thailand\" \/>\n<meta property=\"article:publisher\" content=\"https:\/\/www.facebook.com\/easydiverskohsamuiteam\/\" \/>\n<meta property=\"article:modified_time\" content=\"2023-06-19T01:02:10+00:00\" \/>\n<meta property=\"og:image\" content=\"https:\/\/www.easydivers-thailand.com\/wp-content\/uploads\/2018\/09\/Fun-Diving-01.jpg\" \/>\n\t<meta property=\"og:image:width\" content=\"1200\" \/>\n\t<meta property=\"og:image:height\" content=\"800\" \/>\n\t<meta property=\"og:image:type\" content=\"image\/jpeg\" \/>\n<meta name=\"twitter:card\" content=\"summary_large_image\" \/>\n<meta name=\"twitter:site\" content=\"@EasyKoh\" \/>\n<meta name=\"twitter:label1\" content=\"Dur\u00e9e de lecture estim\u00e9e\" \/>\n\t<meta name=\"twitter:data1\" content=\"1 minute\" \/>\n<script type=\"application\/ld+json\" class=\"yoast-schema-graph\">{\"@context\":\"https:\\\/\\\/schema.org\",\"@graph\":[{\"@type\":\"WebPage\",\"@id\":\"https:\\\/\\\/www.easydivers-thailand.com\\\/fr\\\/produit\\\/advanced-open-water-diver\\\/\",\"url\":\"https:\\\/\\\/www.easydivers-thailand.com\\\/fr\\\/produit\\\/advanced-open-water-diver\\\/\",\"name\":\"Advanced Open Water Diver | Easy Divers Thailand\",\"isPartOf\":{\"@id\":\"https:\\\/\\\/www.easydivers-thailand.com\\\/fr\\\/#website\"},\"primaryImageOfPage\":{\"@id\":\"https:\\\/\\\/www.easydivers-thailand.com\\\/fr\\\/produit\\\/advanced-open-water-diver\\\/#primaryimage\"},\"image\":{\"@id\":\"https:\\\/\\\/www.easydivers-thailand.com\\\/fr\\\/produit\\\/advanced-open-water-diver\\\/#primaryimage\"},\"thumbnailUrl\":\"https:\\\/\\\/www.easydivers-thailand.com\\\/wp-content\\\/uploads\\\/2018\\\/09\\\/Fun-Diving-01.jpg\",\"datePublished\":\"2017-06-21T13:54:38+00:00\",\"dateModified\":\"2023-06-19T01:02:10+00:00\",\"breadcrumb\":{\"@id\":\"https:\\\/\\\/www.easydivers-thailand.com\\\/fr\\\/produit\\\/advanced-open-water-diver\\\/#breadcrumb\"},\"inLanguage\":\"fr-FR\",\"potentialAction\":[{\"@type\":\"ReadAction\",\"target\":[\"https:\\\/\\\/www.easydivers-thailand.com\\\/fr\\\/produit\\\/advanced-open-water-diver\\\/\"]}]},{\"@type\":\"ImageObject\",\"inLanguage\":\"fr-FR\",\"@id\":\"https:\\\/\\\/www.easydivers-thailand.com\\\/fr\\\/produit\\\/advanced-open-water-diver\\\/#primaryimage\",\"url\":\"https:\\\/\\\/www.easydivers-thailand.com\\\/wp-content\\\/uploads\\\/2018\\\/09\\\/Fun-Diving-01.jpg\",\"contentUrl\":\"https:\\\/\\\/www.easydivers-thailand.com\\\/wp-content\\\/uploads\\\/2018\\\/09\\\/Fun-Diving-01.jpg\",\"width\":1200,\"height\":800,\"caption\":\"Fun Diving\"},{\"@type\":\"BreadcrumbList\",\"@id\":\"https:\\\/\\\/www.easydivers-thailand.com\\\/fr\\\/produit\\\/advanced-open-water-diver\\\/#breadcrumb\",\"itemListElement\":[{\"@type\":\"ListItem\",\"position\":1,\"name\":\"Home\",\"item\":\"https:\\\/\\\/www.easydivers-thailand.com\\\/fr\\\/\"},{\"@type\":\"ListItem\",\"position\":2,\"name\":\"Boutique\",\"item\":\"https:\\\/\\\/www.easydivers-thailand.com\\\/fr\\\/boutique\\\/\"},{\"@type\":\"ListItem\",\"position\":3,\"name\":\"Advanced Open Water Diver\"}]},{\"@type\":\"WebSite\",\"@id\":\"https:\\\/\\\/www.easydivers-thailand.com\\\/fr\\\/#website\",\"url\":\"https:\\\/\\\/www.easydivers-thailand.com\\\/fr\\\/\",\"name\":\"Easy Divers Thailand\",\"description\":\"My WordPress Blog\",\"potentialAction\":[{\"@type\":\"SearchAction\",\"target\":{\"@type\":\"EntryPoint\",\"urlTemplate\":\"https:\\\/\\\/www.easydivers-thailand.com\\\/fr\\\/?s={search_term_string}\"},\"query-input\":{\"@type\":\"PropertyValueSpecification\",\"valueRequired\":true,\"valueName\":\"search_term_string\"}}],\"inLanguage\":\"fr-FR\"}]}<\/script>\n<!-- \/ Yoast SEO plugin. -->","yoast_head_json":{"title":"Advanced Open Water Diver | Easy Divers Thailand","robots":{"index":"index","follow":"follow","max-snippet":"max-snippet:-1","max-image-preview":"max-image-preview:large","max-video-preview":"max-video-preview:-1"},"canonical":"https:\/\/www.easydivers-thailand.com\/fr\/produit\/advanced-open-water-diver\/","og_locale":"fr_FR","og_type":"article","og_title":"Advanced Open Water Diver | Easy Divers Thailand","og_description":"5 plong\u00e9es aventure avec 1 plong\u00e9e profonde jusqu'\u00e0 un maximum de 30 m, 1 plong\u00e9e navigation et 3 plong\u00e9es aventure de votre choix. Age minimum 12 ans.","og_url":"https:\/\/www.easydivers-thailand.com\/fr\/produit\/advanced-open-water-diver\/","og_site_name":"Easy Divers Thailand","article_publisher":"https:\/\/www.facebook.com\/easydiverskohsamuiteam\/","article_modified_time":"2023-06-19T01:02:10+00:00","og_image":[{"width":1200,"height":800,"url":"https:\/\/www.easydivers-thailand.com\/wp-content\/uploads\/2018\/09\/Fun-Diving-01.jpg","type":"image\/jpeg"}],"twitter_card":"summary_large_image","twitter_site":"@EasyKoh","twitter_misc":{"Dur\u00e9e de lecture estim\u00e9e":"1 minute"},"schema":{"@context":"https:\/\/schema.org","@graph":[{"@type":"WebPage","@id":"https:\/\/www.easydivers-thailand.com\/fr\/produit\/advanced-open-water-diver\/","url":"https:\/\/www.easydivers-thailand.com\/fr\/produit\/advanced-open-water-diver\/","name":"Advanced Open Water Diver | Easy Divers Thailand","isPartOf":{"@id":"https:\/\/www.easydivers-thailand.com\/fr\/#website"},"primaryImageOfPage":{"@id":"https:\/\/www.easydivers-thailand.com\/fr\/produit\/advanced-open-water-diver\/#primaryimage"},"image":{"@id":"https:\/\/www.easydivers-thailand.com\/fr\/produit\/advanced-open-water-diver\/#primaryimage"},"thumbnailUrl":"https:\/\/www.easydivers-thailand.com\/wp-content\/uploads\/2018\/09\/Fun-Diving-01.jpg","datePublished":"2017-06-21T13:54:38+00:00","dateModified":"2023-06-19T01:02:10+00:00","breadcrumb":{"@id":"https:\/\/www.easydivers-thailand.com\/fr\/produit\/advanced-open-water-diver\/#breadcrumb"},"inLanguage":"fr-FR","potentialAction":[{"@type":"ReadAction","target":["https:\/\/www.easydivers-thailand.com\/fr\/produit\/advanced-open-water-diver\/"]}]},{"@type":"ImageObject","inLanguage":"fr-FR","@id":"https:\/\/www.easydivers-thailand.com\/fr\/produit\/advanced-open-water-diver\/#primaryimage","url":"https:\/\/www.easydivers-thailand.com\/wp-content\/uploads\/2018\/09\/Fun-Diving-01.jpg","contentUrl":"https:\/\/www.easydivers-thailand.com\/wp-content\/uploads\/2018\/09\/Fun-Diving-01.jpg","width":1200,"height":800,"caption":"Fun Diving"},{"@type":"BreadcrumbList","@id":"https:\/\/www.easydivers-thailand.com\/fr\/produit\/advanced-open-water-diver\/#breadcrumb","itemListElement":[{"@type":"ListItem","position":1,"name":"Home","item":"https:\/\/www.easydivers-thailand.com\/fr\/"},{"@type":"ListItem","position":2,"name":"Boutique","item":"https:\/\/www.easydivers-thailand.com\/fr\/boutique\/"},{"@type":"ListItem","position":3,"name":"Advanced Open Water Diver"}]},{"@type":"WebSite","@id":"https:\/\/www.easydivers-thailand.com\/fr\/#website","url":"https:\/\/www.easydivers-thailand.com\/fr\/","name":"Easy Divers Thailand","description":"My WordPress Blog","potentialAction":[{"@type":"SearchAction","target":{"@type":"EntryPoint","urlTemplate":"https:\/\/www.easydivers-thailand.com\/fr\/?s={search_term_string}"},"query-input":{"@type":"PropertyValueSpecification","valueRequired":true,"valueName":"search_term_string"}}],"inLanguage":"fr-FR"}]}},"_links":{"self":[{"href":"https:\/\/www.easydivers-thailand.com\/fr\/wp-json\/wp\/v2\/product\/7091","targetHints":{"allow":["GET"]}}],"collection":[{"href":"https:\/\/www.easydivers-thailand.com\/fr\/wp-json\/wp\/v2\/product"}],"about":[{"href":"https:\/\/www.easydivers-thailand.com\/fr\/wp-json\/wp\/v2\/types\/product"}],"wp:featuredmedia":[{"embeddable":true,"href":"https:\/\/www.easydivers-thailand.com\/fr\/wp-json\/wp\/v2\/media\/6840"}],"wp:attachment":[{"href":"https:\/\/www.easydivers-thailand.com\/fr\/wp-json\/wp\/v2\/media?parent=7091"}],"wp:term":[{"taxonomy":"product_brand","embeddable":true,"href":"https:\/\/www.easydivers-thailand.com\/fr\/wp-json\/wp\/v2\/product_brand?post=7091"},{"taxonomy":"product_cat","embeddable":true,"href":"https:\/\/www.easydivers-thailand.com\/fr\/wp-json\/wp\/v2\/product_cat?post=7091"},{"taxonomy":"product_tag","embeddable":true,"href":"https:\/\/www.easydivers-thailand.com\/fr\/wp-json\/wp\/v2\/product_tag?post=7091"}],"curies":[{"name":"wp","href":"https:\/\/api.w.org\/{rel}","templated":true}]}}