{"id":7096,"date":"2018-01-21T20:54:35","date_gmt":"2018-01-21T13:54:35","guid":{"rendered":"https:\/\/easydivers.samui-web-design.com\/product\/adventure-diver\/"},"modified":"2022-05-01T16:17:25","modified_gmt":"2022-05-01T09:17:25","slug":"adventure-diver","status":"publish","type":"product","link":"https:\/\/www.easydivers-thailand.com\/fr\/produit\/adventure-diver\/","title":{"rendered":"Adventure Diver"},"content":{"rendered":"<p>Vous avez toujours voulu essayer la photographie num\u00e9rique sous-marine, l&rsquo;identification des poissons ou am\u00e9liorer votre flottabilit\u00e9? Il existe une longue liste d\u2019aventures en plong\u00e9e auxquelles vous pouvez participer pendant ce programme. Effectuez trois plong\u00e9es Adventure et obtenez la certification PADI Adventure Diver. C\u2019est une excellente occasion de travailler avec votre instructeur pour d\u00e9velopper vos comp\u00e9tences en plong\u00e9e et gagner en confiance. Go\u00fbtez \u00e0 ce que vous aimez et profitez de la plong\u00e9e plus que jamais.<\/p>\n<p>Obtenir un cr\u00e9dit! Chaque plong\u00e9e Adventure peut \u00eatre cr\u00e9dit\u00e9e pour la premi\u00e8re plong\u00e9e du cours PADI Specialty Diver correspondant. Si vous avez d\u00e9j\u00e0 suivi un cours de plongeur sp\u00e9cialis\u00e9, demandez \u00e0 Easy Divers si vous avez acquis un cr\u00e9dit pour une plong\u00e9e d&rsquo;aventure.<\/p>\n<p>Les plongeurs Open Water PADI (juniors) qui souhaitent passer \u00e0 l&rsquo;\u00e9tape suivante doivent s&rsquo;inscrire \u00e0 un cours Adventure Diver. Les jeunes plongeurs de moins de 12 ans ne peuvent participer qu&rsquo;\u00e0 certaines plong\u00e9es Adventures &#8211; v\u00e9rifiez aupr\u00e8s de Easy Divers \u00e0 Koh Samui.<\/p>\n","protected":false},"excerpt":{"rendered":"<p><strong>Le cours Adventure Diver est un sous-ensemble du cours PADI Advanced Open Water Diver et couvre 3 plong\u00e9es Adventure sur 5 de votre choix. Age minimum 10 ans. <\/strong><\/p>\n<p>Dur\u00e9e: Une journ\u00e9e avec 3 plong\u00e9es en bateau<\/p>\n<p><span class=\"mypriceclass\">Prix du cours : \u0e3f 10&rsquo;500.00 par personne<\/span><\/p>\n","protected":false},"featured_media":6557,"template":"","meta":{"_acf_changed":false},"product_brand":[],"product_cat":[89,90],"product_tag":[78,73],"class_list":{"0":"post-7096","1":"product","2":"type-product","3":"status-publish","4":"has-post-thumbnail","6":"product_cat-cours-avances-et-professionnels","7":"product_cat-cours-de-plongee","8":"product_tag-cours-avances","9":"product_tag-cours-de-plongee","11":"first","12":"instock","13":"virtual","14":"purchasable","15":"product-type-simple"},"acf":[],"yoast_head":"<!-- This site is optimized with the Yoast SEO plugin v27.3 - https:\/\/yoast.com\/product\/yoast-seo-wordpress\/ -->\n<title>Adventure Diver | Easy Divers Thailand<\/title>\n<meta name=\"robots\" content=\"index, follow, max-snippet:-1, max-image-preview:large, max-video-preview:-1\" \/>\n<link rel=\"canonical\" href=\"https:\/\/www.easydivers-thailand.com\/fr\/produit\/adventure-diver\/\" \/>\n<meta property=\"og:locale\" content=\"fr_FR\" \/>\n<meta property=\"og:type\" content=\"article\" \/>\n<meta property=\"og:title\" content=\"Adventure Diver | Easy Divers Thailand\" \/>\n<meta property=\"og:description\" content=\"Le cours Adventure Diver est un sous-ensemble du cours PADI Advanced Open Water Diver et couvre 3 plong\u00e9es Adventure sur 5 de votre choix. Age minimum 10 ans.   Dur\u00e9e: Une journ\u00e9e avec 3 plong\u00e9es en bateau  Prix du cours : \u0e3f 10&#039;500.00 par personne\" \/>\n<meta property=\"og:url\" content=\"https:\/\/www.easydivers-thailand.com\/fr\/produit\/adventure-diver\/\" \/>\n<meta property=\"og:site_name\" content=\"Easy Divers Thailand\" \/>\n<meta property=\"article:publisher\" content=\"https:\/\/www.facebook.com\/easydiverskohsamuiteam\/\" \/>\n<meta property=\"article:modified_time\" content=\"2022-05-01T09:17:25+00:00\" \/>\n<meta property=\"og:image\" content=\"https:\/\/www.easydivers-thailand.com\/wp-content\/uploads\/2018\/07\/Adventure-Diver.jpg\" \/>\n\t<meta property=\"og:image:width\" content=\"1200\" \/>\n\t<meta property=\"og:image:height\" content=\"514\" \/>\n\t<meta property=\"og:image:type\" content=\"image\/jpeg\" \/>\n<meta name=\"twitter:card\" content=\"summary_large_image\" \/>\n<meta name=\"twitter:site\" content=\"@EasyKoh\" \/>\n<meta name=\"twitter:label1\" content=\"Dur\u00e9e de lecture estim\u00e9e\" \/>\n\t<meta name=\"twitter:data1\" content=\"1 minute\" \/>\n<script type=\"application\/ld+json\" class=\"yoast-schema-graph\">{\"@context\":\"https:\\\/\\\/schema.org\",\"@graph\":[{\"@type\":\"WebPage\",\"@id\":\"https:\\\/\\\/www.easydivers-thailand.com\\\/fr\\\/produit\\\/adventure-diver\\\/\",\"url\":\"https:\\\/\\\/www.easydivers-thailand.com\\\/fr\\\/produit\\\/adventure-diver\\\/\",\"name\":\"Adventure Diver | Easy Divers Thailand\",\"isPartOf\":{\"@id\":\"https:\\\/\\\/www.easydivers-thailand.com\\\/fr\\\/#website\"},\"primaryImageOfPage\":{\"@id\":\"https:\\\/\\\/www.easydivers-thailand.com\\\/fr\\\/produit\\\/adventure-diver\\\/#primaryimage\"},\"image\":{\"@id\":\"https:\\\/\\\/www.easydivers-thailand.com\\\/fr\\\/produit\\\/adventure-diver\\\/#primaryimage\"},\"thumbnailUrl\":\"https:\\\/\\\/www.easydivers-thailand.com\\\/wp-content\\\/uploads\\\/2018\\\/07\\\/Adventure-Diver.jpg\",\"datePublished\":\"2018-01-21T13:54:35+00:00\",\"dateModified\":\"2022-05-01T09:17:25+00:00\",\"breadcrumb\":{\"@id\":\"https:\\\/\\\/www.easydivers-thailand.com\\\/fr\\\/produit\\\/adventure-diver\\\/#breadcrumb\"},\"inLanguage\":\"fr-FR\",\"potentialAction\":[{\"@type\":\"ReadAction\",\"target\":[\"https:\\\/\\\/www.easydivers-thailand.com\\\/fr\\\/produit\\\/adventure-diver\\\/\"]}]},{\"@type\":\"ImageObject\",\"inLanguage\":\"fr-FR\",\"@id\":\"https:\\\/\\\/www.easydivers-thailand.com\\\/fr\\\/produit\\\/adventure-diver\\\/#primaryimage\",\"url\":\"https:\\\/\\\/www.easydivers-thailand.com\\\/wp-content\\\/uploads\\\/2018\\\/07\\\/Adventure-Diver.jpg\",\"contentUrl\":\"https:\\\/\\\/www.easydivers-thailand.com\\\/wp-content\\\/uploads\\\/2018\\\/07\\\/Adventure-Diver.jpg\",\"width\":1200,\"height\":514,\"caption\":\"Adventure Diver\"},{\"@type\":\"BreadcrumbList\",\"@id\":\"https:\\\/\\\/www.easydivers-thailand.com\\\/fr\\\/produit\\\/adventure-diver\\\/#breadcrumb\",\"itemListElement\":[{\"@type\":\"ListItem\",\"position\":1,\"name\":\"Home\",\"item\":\"https:\\\/\\\/www.easydivers-thailand.com\\\/fr\\\/\"},{\"@type\":\"ListItem\",\"position\":2,\"name\":\"Boutique\",\"item\":\"https:\\\/\\\/www.easydivers-thailand.com\\\/fr\\\/boutique\\\/\"},{\"@type\":\"ListItem\",\"position\":3,\"name\":\"Adventure Diver\"}]},{\"@type\":\"WebSite\",\"@id\":\"https:\\\/\\\/www.easydivers-thailand.com\\\/fr\\\/#website\",\"url\":\"https:\\\/\\\/www.easydivers-thailand.com\\\/fr\\\/\",\"name\":\"Easy Divers Thailand\",\"description\":\"My WordPress Blog\",\"potentialAction\":[{\"@type\":\"SearchAction\",\"target\":{\"@type\":\"EntryPoint\",\"urlTemplate\":\"https:\\\/\\\/www.easydivers-thailand.com\\\/fr\\\/?s={search_term_string}\"},\"query-input\":{\"@type\":\"PropertyValueSpecification\",\"valueRequired\":true,\"valueName\":\"search_term_string\"}}],\"inLanguage\":\"fr-FR\"}]}<\/script>\n<!-- \/ Yoast SEO plugin. -->","yoast_head_json":{"title":"Adventure Diver | Easy Divers Thailand","robots":{"index":"index","follow":"follow","max-snippet":"max-snippet:-1","max-image-preview":"max-image-preview:large","max-video-preview":"max-video-preview:-1"},"canonical":"https:\/\/www.easydivers-thailand.com\/fr\/produit\/adventure-diver\/","og_locale":"fr_FR","og_type":"article","og_title":"Adventure Diver | Easy Divers Thailand","og_description":"Le cours Adventure Diver est un sous-ensemble du cours PADI Advanced Open Water Diver et couvre 3 plong\u00e9es Adventure sur 5 de votre choix. Age minimum 10 ans.   Dur\u00e9e: Une journ\u00e9e avec 3 plong\u00e9es en bateau  Prix du cours : \u0e3f 10'500.00 par personne","og_url":"https:\/\/www.easydivers-thailand.com\/fr\/produit\/adventure-diver\/","og_site_name":"Easy Divers Thailand","article_publisher":"https:\/\/www.facebook.com\/easydiverskohsamuiteam\/","article_modified_time":"2022-05-01T09:17:25+00:00","og_image":[{"width":1200,"height":514,"url":"https:\/\/www.easydivers-thailand.com\/wp-content\/uploads\/2018\/07\/Adventure-Diver.jpg","type":"image\/jpeg"}],"twitter_card":"summary_large_image","twitter_site":"@EasyKoh","twitter_misc":{"Dur\u00e9e de lecture estim\u00e9e":"1 minute"},"schema":{"@context":"https:\/\/schema.org","@graph":[{"@type":"WebPage","@id":"https:\/\/www.easydivers-thailand.com\/fr\/produit\/adventure-diver\/","url":"https:\/\/www.easydivers-thailand.com\/fr\/produit\/adventure-diver\/","name":"Adventure Diver | Easy Divers Thailand","isPartOf":{"@id":"https:\/\/www.easydivers-thailand.com\/fr\/#website"},"primaryImageOfPage":{"@id":"https:\/\/www.easydivers-thailand.com\/fr\/produit\/adventure-diver\/#primaryimage"},"image":{"@id":"https:\/\/www.easydivers-thailand.com\/fr\/produit\/adventure-diver\/#primaryimage"},"thumbnailUrl":"https:\/\/www.easydivers-thailand.com\/wp-content\/uploads\/2018\/07\/Adventure-Diver.jpg","datePublished":"2018-01-21T13:54:35+00:00","dateModified":"2022-05-01T09:17:25+00:00","breadcrumb":{"@id":"https:\/\/www.easydivers-thailand.com\/fr\/produit\/adventure-diver\/#breadcrumb"},"inLanguage":"fr-FR","potentialAction":[{"@type":"ReadAction","target":["https:\/\/www.easydivers-thailand.com\/fr\/produit\/adventure-diver\/"]}]},{"@type":"ImageObject","inLanguage":"fr-FR","@id":"https:\/\/www.easydivers-thailand.com\/fr\/produit\/adventure-diver\/#primaryimage","url":"https:\/\/www.easydivers-thailand.com\/wp-content\/uploads\/2018\/07\/Adventure-Diver.jpg","contentUrl":"https:\/\/www.easydivers-thailand.com\/wp-content\/uploads\/2018\/07\/Adventure-Diver.jpg","width":1200,"height":514,"caption":"Adventure Diver"},{"@type":"BreadcrumbList","@id":"https:\/\/www.easydivers-thailand.com\/fr\/produit\/adventure-diver\/#breadcrumb","itemListElement":[{"@type":"ListItem","position":1,"name":"Home","item":"https:\/\/www.easydivers-thailand.com\/fr\/"},{"@type":"ListItem","position":2,"name":"Boutique","item":"https:\/\/www.easydivers-thailand.com\/fr\/boutique\/"},{"@type":"ListItem","position":3,"name":"Adventure Diver"}]},{"@type":"WebSite","@id":"https:\/\/www.easydivers-thailand.com\/fr\/#website","url":"https:\/\/www.easydivers-thailand.com\/fr\/","name":"Easy Divers Thailand","description":"My WordPress Blog","potentialAction":[{"@type":"SearchAction","target":{"@type":"EntryPoint","urlTemplate":"https:\/\/www.easydivers-thailand.com\/fr\/?s={search_term_string}"},"query-input":{"@type":"PropertyValueSpecification","valueRequired":true,"valueName":"search_term_string"}}],"inLanguage":"fr-FR"}]}},"_links":{"self":[{"href":"https:\/\/www.easydivers-thailand.com\/fr\/wp-json\/wp\/v2\/product\/7096","targetHints":{"allow":["GET"]}}],"collection":[{"href":"https:\/\/www.easydivers-thailand.com\/fr\/wp-json\/wp\/v2\/product"}],"about":[{"href":"https:\/\/www.easydivers-thailand.com\/fr\/wp-json\/wp\/v2\/types\/product"}],"wp:featuredmedia":[{"embeddable":true,"href":"https:\/\/www.easydivers-thailand.com\/fr\/wp-json\/wp\/v2\/media\/6557"}],"wp:attachment":[{"href":"https:\/\/www.easydivers-thailand.com\/fr\/wp-json\/wp\/v2\/media?parent=7096"}],"wp:term":[{"taxonomy":"product_brand","embeddable":true,"href":"https:\/\/www.easydivers-thailand.com\/fr\/wp-json\/wp\/v2\/product_brand?post=7096"},{"taxonomy":"product_cat","embeddable":true,"href":"https:\/\/www.easydivers-thailand.com\/fr\/wp-json\/wp\/v2\/product_cat?post=7096"},{"taxonomy":"product_tag","embeddable":true,"href":"https:\/\/www.easydivers-thailand.com\/fr\/wp-json\/wp\/v2\/product_tag?post=7096"}],"curies":[{"name":"wp","href":"https:\/\/api.w.org\/{rel}","templated":true}]}}