{"id":7097,"date":"2018-01-21T20:54:29","date_gmt":"2018-01-21T13:54:29","guid":{"rendered":"https:\/\/easydivers.samui-web-design.com\/product\/rescue-diver-from-the-beach\/"},"modified":"2022-05-01T16:16:17","modified_gmt":"2022-05-01T09:16:17","slug":"rescue-diver-depuis-la-plage","status":"publish","type":"product","link":"https:\/\/www.easydivers-thailand.com\/fr\/produit\/rescue-diver-depuis-la-plage\/","title":{"rendered":"Rescue Diver"},"content":{"rendered":"<p>Les plongeurs d\u00e9crivent le cours PADI Rescue Diver comme le cours le plus difficile, mais aussi le plus enrichissant qu\u2019ils aient jamais suivi. Pourquoi? Parce que vous apprenez \u00e0 pr\u00e9venir et \u00e0 g\u00e9rer les probl\u00e8mes li\u00e9s \u00e0 l&rsquo;eau et \u00e0 avoir davantage confiance en vos comp\u00e9tences de plongeur, sachant que vous pouvez aider les autres si n\u00e9cessaire. Pendant le cours, vous apprendrez \u00e0 devenir un meilleur bin\u00f4me en pratiquant la r\u00e9solution de probl\u00e8mes jusqu&rsquo;\u00e0 en devenir une seconde nature. De plus, le cours n\u2019est pas seulement amusant, c\u2019est s\u00e9rieux, mais il permet quand m\u00eame de rire beaucoup entre les apprentissages cibl\u00e9s.<\/p>\n<p>Vous devez \u00e9galement avoir suivi une formation de premiers soins d&rsquo;urgence en soins primaires et secondaires (RCR et premiers soins) au cours des 24 derniers mois. Vous pouvez suivre cette formation avec Easy DIvers juste avant de commencer le cours Rescue Diver.<\/p>\n","protected":false},"excerpt":{"rendered":"<p><strong>Cours de 3 jours comprenant 10 exercices de sauvetage de plongeurs et 2 sc\u00e9narios de sauvetage. Age minimum 12 ans. <\/strong><\/p>\n<p>Jour 1: salle de classe<br \/>\nJour 2: exercices de sauvetage au large de la plage de Koh Samui<br \/>\nJour 3: Sc\u00e9narios de sauvetage sur la plage de Koh Samui<\/p>\n<p><span class=\"mypriceclass\">Prix du cours : \u0e3f 14&rsquo;500.00 par personne<\/span><\/p>\n","protected":false},"featured_media":6587,"template":"","meta":{"_acf_changed":false},"product_brand":[],"product_cat":[89,90,370],"product_tag":[78,73],"class_list":{"0":"post-7097","1":"product","2":"type-product","3":"status-publish","4":"has-post-thumbnail","6":"product_cat-cours-avances-et-professionnels","7":"product_cat-cours-de-plongee","8":"product_cat-cours-selectionnes","9":"product_tag-cours-avances","10":"product_tag-cours-de-plongee","12":"first","13":"instock","14":"virtual","15":"purchasable","16":"product-type-simple"},"acf":[],"yoast_head":"<!-- This site is optimized with the Yoast SEO plugin v27.3 - https:\/\/yoast.com\/product\/yoast-seo-wordpress\/ -->\n<title>Rescue Diver | Easy Divers Thailand<\/title>\n<meta name=\"robots\" content=\"index, follow, max-snippet:-1, max-image-preview:large, max-video-preview:-1\" \/>\n<link rel=\"canonical\" href=\"https:\/\/www.easydivers-thailand.com\/fr\/produit\/rescue-diver-depuis-la-plage\/\" \/>\n<meta property=\"og:locale\" content=\"fr_FR\" \/>\n<meta property=\"og:type\" content=\"article\" \/>\n<meta property=\"og:title\" content=\"Rescue Diver | Easy Divers Thailand\" \/>\n<meta property=\"og:description\" content=\"Cours de 3 jours comprenant 10 exercices de sauvetage de plongeurs et 2 sc\u00e9narios de sauvetage. Age minimum 12 ans.   Jour 1: salle de classe Jour 2: exercices de sauvetage au large de la plage de Koh Samui Jour 3: Sc\u00e9narios de sauvetage sur la plage de Koh Samui  Prix du cours : \u0e3f 14&#039;500.00 par personne\" \/>\n<meta property=\"og:url\" content=\"https:\/\/www.easydivers-thailand.com\/fr\/produit\/rescue-diver-depuis-la-plage\/\" \/>\n<meta property=\"og:site_name\" content=\"Easy Divers Thailand\" \/>\n<meta property=\"article:publisher\" content=\"https:\/\/www.facebook.com\/easydiverskohsamuiteam\/\" \/>\n<meta property=\"article:modified_time\" content=\"2022-05-01T09:16:17+00:00\" \/>\n<meta property=\"og:image\" content=\"https:\/\/www.easydivers-thailand.com\/wp-content\/uploads\/2018\/07\/Rescue-Diver.jpg\" \/>\n\t<meta property=\"og:image:width\" content=\"1200\" \/>\n\t<meta property=\"og:image:height\" content=\"514\" \/>\n\t<meta property=\"og:image:type\" content=\"image\/jpeg\" \/>\n<meta name=\"twitter:card\" content=\"summary_large_image\" \/>\n<meta name=\"twitter:site\" content=\"@EasyKoh\" \/>\n<meta name=\"twitter:label1\" content=\"Dur\u00e9e de lecture estim\u00e9e\" \/>\n\t<meta name=\"twitter:data1\" content=\"1 minute\" \/>\n<script type=\"application\/ld+json\" class=\"yoast-schema-graph\">{\"@context\":\"https:\\\/\\\/schema.org\",\"@graph\":[{\"@type\":\"WebPage\",\"@id\":\"https:\\\/\\\/www.easydivers-thailand.com\\\/fr\\\/produit\\\/rescue-diver-depuis-la-plage\\\/\",\"url\":\"https:\\\/\\\/www.easydivers-thailand.com\\\/fr\\\/produit\\\/rescue-diver-depuis-la-plage\\\/\",\"name\":\"Rescue Diver | Easy Divers Thailand\",\"isPartOf\":{\"@id\":\"https:\\\/\\\/www.easydivers-thailand.com\\\/fr\\\/#website\"},\"primaryImageOfPage\":{\"@id\":\"https:\\\/\\\/www.easydivers-thailand.com\\\/fr\\\/produit\\\/rescue-diver-depuis-la-plage\\\/#primaryimage\"},\"image\":{\"@id\":\"https:\\\/\\\/www.easydivers-thailand.com\\\/fr\\\/produit\\\/rescue-diver-depuis-la-plage\\\/#primaryimage\"},\"thumbnailUrl\":\"https:\\\/\\\/www.easydivers-thailand.com\\\/wp-content\\\/uploads\\\/2018\\\/07\\\/Rescue-Diver.jpg\",\"datePublished\":\"2018-01-21T13:54:29+00:00\",\"dateModified\":\"2022-05-01T09:16:17+00:00\",\"breadcrumb\":{\"@id\":\"https:\\\/\\\/www.easydivers-thailand.com\\\/fr\\\/produit\\\/rescue-diver-depuis-la-plage\\\/#breadcrumb\"},\"inLanguage\":\"fr-FR\",\"potentialAction\":[{\"@type\":\"ReadAction\",\"target\":[\"https:\\\/\\\/www.easydivers-thailand.com\\\/fr\\\/produit\\\/rescue-diver-depuis-la-plage\\\/\"]}]},{\"@type\":\"ImageObject\",\"inLanguage\":\"fr-FR\",\"@id\":\"https:\\\/\\\/www.easydivers-thailand.com\\\/fr\\\/produit\\\/rescue-diver-depuis-la-plage\\\/#primaryimage\",\"url\":\"https:\\\/\\\/www.easydivers-thailand.com\\\/wp-content\\\/uploads\\\/2018\\\/07\\\/Rescue-Diver.jpg\",\"contentUrl\":\"https:\\\/\\\/www.easydivers-thailand.com\\\/wp-content\\\/uploads\\\/2018\\\/07\\\/Rescue-Diver.jpg\",\"width\":1200,\"height\":514,\"caption\":\"Rescue Diver\"},{\"@type\":\"BreadcrumbList\",\"@id\":\"https:\\\/\\\/www.easydivers-thailand.com\\\/fr\\\/produit\\\/rescue-diver-depuis-la-plage\\\/#breadcrumb\",\"itemListElement\":[{\"@type\":\"ListItem\",\"position\":1,\"name\":\"Home\",\"item\":\"https:\\\/\\\/www.easydivers-thailand.com\\\/fr\\\/\"},{\"@type\":\"ListItem\",\"position\":2,\"name\":\"Boutique\",\"item\":\"https:\\\/\\\/www.easydivers-thailand.com\\\/fr\\\/boutique\\\/\"},{\"@type\":\"ListItem\",\"position\":3,\"name\":\"Rescue Diver\"}]},{\"@type\":\"WebSite\",\"@id\":\"https:\\\/\\\/www.easydivers-thailand.com\\\/fr\\\/#website\",\"url\":\"https:\\\/\\\/www.easydivers-thailand.com\\\/fr\\\/\",\"name\":\"Easy Divers Thailand\",\"description\":\"My WordPress Blog\",\"potentialAction\":[{\"@type\":\"SearchAction\",\"target\":{\"@type\":\"EntryPoint\",\"urlTemplate\":\"https:\\\/\\\/www.easydivers-thailand.com\\\/fr\\\/?s={search_term_string}\"},\"query-input\":{\"@type\":\"PropertyValueSpecification\",\"valueRequired\":true,\"valueName\":\"search_term_string\"}}],\"inLanguage\":\"fr-FR\"}]}<\/script>\n<!-- \/ Yoast SEO plugin. -->","yoast_head_json":{"title":"Rescue Diver | Easy Divers Thailand","robots":{"index":"index","follow":"follow","max-snippet":"max-snippet:-1","max-image-preview":"max-image-preview:large","max-video-preview":"max-video-preview:-1"},"canonical":"https:\/\/www.easydivers-thailand.com\/fr\/produit\/rescue-diver-depuis-la-plage\/","og_locale":"fr_FR","og_type":"article","og_title":"Rescue Diver | Easy Divers Thailand","og_description":"Cours de 3 jours comprenant 10 exercices de sauvetage de plongeurs et 2 sc\u00e9narios de sauvetage. Age minimum 12 ans.   Jour 1: salle de classe Jour 2: exercices de sauvetage au large de la plage de Koh Samui Jour 3: Sc\u00e9narios de sauvetage sur la plage de Koh Samui  Prix du cours : \u0e3f 14'500.00 par personne","og_url":"https:\/\/www.easydivers-thailand.com\/fr\/produit\/rescue-diver-depuis-la-plage\/","og_site_name":"Easy Divers Thailand","article_publisher":"https:\/\/www.facebook.com\/easydiverskohsamuiteam\/","article_modified_time":"2022-05-01T09:16:17+00:00","og_image":[{"width":1200,"height":514,"url":"https:\/\/www.easydivers-thailand.com\/wp-content\/uploads\/2018\/07\/Rescue-Diver.jpg","type":"image\/jpeg"}],"twitter_card":"summary_large_image","twitter_site":"@EasyKoh","twitter_misc":{"Dur\u00e9e de lecture estim\u00e9e":"1 minute"},"schema":{"@context":"https:\/\/schema.org","@graph":[{"@type":"WebPage","@id":"https:\/\/www.easydivers-thailand.com\/fr\/produit\/rescue-diver-depuis-la-plage\/","url":"https:\/\/www.easydivers-thailand.com\/fr\/produit\/rescue-diver-depuis-la-plage\/","name":"Rescue Diver | Easy Divers Thailand","isPartOf":{"@id":"https:\/\/www.easydivers-thailand.com\/fr\/#website"},"primaryImageOfPage":{"@id":"https:\/\/www.easydivers-thailand.com\/fr\/produit\/rescue-diver-depuis-la-plage\/#primaryimage"},"image":{"@id":"https:\/\/www.easydivers-thailand.com\/fr\/produit\/rescue-diver-depuis-la-plage\/#primaryimage"},"thumbnailUrl":"https:\/\/www.easydivers-thailand.com\/wp-content\/uploads\/2018\/07\/Rescue-Diver.jpg","datePublished":"2018-01-21T13:54:29+00:00","dateModified":"2022-05-01T09:16:17+00:00","breadcrumb":{"@id":"https:\/\/www.easydivers-thailand.com\/fr\/produit\/rescue-diver-depuis-la-plage\/#breadcrumb"},"inLanguage":"fr-FR","potentialAction":[{"@type":"ReadAction","target":["https:\/\/www.easydivers-thailand.com\/fr\/produit\/rescue-diver-depuis-la-plage\/"]}]},{"@type":"ImageObject","inLanguage":"fr-FR","@id":"https:\/\/www.easydivers-thailand.com\/fr\/produit\/rescue-diver-depuis-la-plage\/#primaryimage","url":"https:\/\/www.easydivers-thailand.com\/wp-content\/uploads\/2018\/07\/Rescue-Diver.jpg","contentUrl":"https:\/\/www.easydivers-thailand.com\/wp-content\/uploads\/2018\/07\/Rescue-Diver.jpg","width":1200,"height":514,"caption":"Rescue Diver"},{"@type":"BreadcrumbList","@id":"https:\/\/www.easydivers-thailand.com\/fr\/produit\/rescue-diver-depuis-la-plage\/#breadcrumb","itemListElement":[{"@type":"ListItem","position":1,"name":"Home","item":"https:\/\/www.easydivers-thailand.com\/fr\/"},{"@type":"ListItem","position":2,"name":"Boutique","item":"https:\/\/www.easydivers-thailand.com\/fr\/boutique\/"},{"@type":"ListItem","position":3,"name":"Rescue Diver"}]},{"@type":"WebSite","@id":"https:\/\/www.easydivers-thailand.com\/fr\/#website","url":"https:\/\/www.easydivers-thailand.com\/fr\/","name":"Easy Divers Thailand","description":"My WordPress Blog","potentialAction":[{"@type":"SearchAction","target":{"@type":"EntryPoint","urlTemplate":"https:\/\/www.easydivers-thailand.com\/fr\/?s={search_term_string}"},"query-input":{"@type":"PropertyValueSpecification","valueRequired":true,"valueName":"search_term_string"}}],"inLanguage":"fr-FR"}]}},"_links":{"self":[{"href":"https:\/\/www.easydivers-thailand.com\/fr\/wp-json\/wp\/v2\/product\/7097","targetHints":{"allow":["GET"]}}],"collection":[{"href":"https:\/\/www.easydivers-thailand.com\/fr\/wp-json\/wp\/v2\/product"}],"about":[{"href":"https:\/\/www.easydivers-thailand.com\/fr\/wp-json\/wp\/v2\/types\/product"}],"wp:featuredmedia":[{"embeddable":true,"href":"https:\/\/www.easydivers-thailand.com\/fr\/wp-json\/wp\/v2\/media\/6587"}],"wp:attachment":[{"href":"https:\/\/www.easydivers-thailand.com\/fr\/wp-json\/wp\/v2\/media?parent=7097"}],"wp:term":[{"taxonomy":"product_brand","embeddable":true,"href":"https:\/\/www.easydivers-thailand.com\/fr\/wp-json\/wp\/v2\/product_brand?post=7097"},{"taxonomy":"product_cat","embeddable":true,"href":"https:\/\/www.easydivers-thailand.com\/fr\/wp-json\/wp\/v2\/product_cat?post=7097"},{"taxonomy":"product_tag","embeddable":true,"href":"https:\/\/www.easydivers-thailand.com\/fr\/wp-json\/wp\/v2\/product_tag?post=7097"}],"curies":[{"name":"wp","href":"https:\/\/api.w.org\/{rel}","templated":true}]}}