{"id":7099,"date":"2017-06-21T20:54:19","date_gmt":"2017-06-21T13:54:19","guid":{"rendered":"https:\/\/easydivers.samui-web-design.com\/product\/open-water-referral\/"},"modified":"2022-05-01T16:05:02","modified_gmt":"2022-05-01T09:05:02","slug":"open-water-referral","status":"publish","type":"product","link":"https:\/\/www.easydivers-thailand.com\/fr\/produit\/open-water-referral\/","title":{"rendered":"Open Water Referral"},"content":{"rendered":"<p>Le cours PADI Open Water Referral s&rsquo;adresse aux \u00e9tudiants ayant termin\u00e9 la partie th\u00e9orique et la formation en piscine du cours PADI Open Water avant leurs vacances. Sur r\u00e9ception d&rsquo;une attestation de l&rsquo;ancien instructeur, les quatre plong\u00e9es de formation qualifiantes Open Water peuvent \u00eatre effectu\u00e9es dans les magnifiques eaux chaudes du golfe de Tha\u00eflande avec Easy Divers \u00e0 Koh Samui.<\/p>\n<p>Ce cours conduit \u00e0 une qualification compl\u00e8te PADI Open Water reconnue dans le monde entier, ce qui permet de plonger jusqu&rsquo;\u00e0 une profondeur de 18 m\u00e8tres avec un partenaire de plong\u00e9e ind\u00e9pendamment d&rsquo;un plongeur professionnel.<\/p>\n","protected":false},"excerpt":{"rendered":"<p><strong>Compl\u00e9tez la certification Open Water Diver apr\u00e8s avoir r\u00e9ussi la partie th\u00e9orique et les plong\u00e9es en piscine r\u00e9f\u00e9r\u00e9es par votre ancien instructeur PADI.<\/strong><\/p>\n<p><span class=\"mypriceclass\">Prix du cours : \u0e3f 13&rsquo;500.00 par personne<\/span><\/p>\n","protected":false},"featured_media":6577,"template":"","meta":{"_acf_changed":false},"product_brand":[],"product_cat":[90,83],"product_tag":[73,79],"class_list":{"0":"post-7099","1":"product","2":"type-product","3":"status-publish","4":"has-post-thumbnail","6":"product_cat-cours-de-plongee","7":"product_cat-cours-debutants","8":"product_tag-cours-de-plongee","9":"product_tag-cours-debutants","11":"first","12":"instock","13":"virtual","14":"purchasable","15":"product-type-simple"},"acf":[],"yoast_head":"<!-- This site is optimized with the Yoast SEO plugin v27.4 - https:\/\/yoast.com\/product\/yoast-seo-wordpress\/ -->\n<title>Open Water Referral | Easy Divers Thailand<\/title>\n<meta name=\"robots\" content=\"index, follow, max-snippet:-1, max-image-preview:large, max-video-preview:-1\" \/>\n<link rel=\"canonical\" href=\"https:\/\/www.easydivers-thailand.com\/fr\/produit\/open-water-referral\/\" \/>\n<meta property=\"og:locale\" content=\"fr_FR\" \/>\n<meta property=\"og:type\" content=\"article\" \/>\n<meta property=\"og:title\" content=\"Open Water Referral | Easy Divers Thailand\" \/>\n<meta property=\"og:description\" content=\"Compl\u00e9tez la certification Open Water Diver apr\u00e8s avoir r\u00e9ussi la partie th\u00e9orique et les plong\u00e9es en piscine r\u00e9f\u00e9r\u00e9es par votre ancien instructeur PADI.  Prix du cours : \u0e3f 13&#039;500.00 par personne\" \/>\n<meta property=\"og:url\" content=\"https:\/\/www.easydivers-thailand.com\/fr\/produit\/open-water-referral\/\" \/>\n<meta property=\"og:site_name\" content=\"Easy Divers Thailand\" \/>\n<meta property=\"article:publisher\" content=\"https:\/\/www.facebook.com\/easydiverskohsamuiteam\/\" \/>\n<meta property=\"article:modified_time\" content=\"2022-05-01T09:05:02+00:00\" \/>\n<meta property=\"og:image\" content=\"https:\/\/www.easydivers-thailand.com\/wp-content\/uploads\/2018\/07\/Open-Water-Referral.jpg\" \/>\n\t<meta property=\"og:image:width\" content=\"1200\" \/>\n\t<meta property=\"og:image:height\" content=\"514\" \/>\n\t<meta property=\"og:image:type\" content=\"image\/jpeg\" \/>\n<meta name=\"twitter:card\" content=\"summary_large_image\" \/>\n<meta name=\"twitter:site\" content=\"@EasyKoh\" \/>\n<meta name=\"twitter:label1\" content=\"Dur\u00e9e de lecture estim\u00e9e\" \/>\n\t<meta name=\"twitter:data1\" content=\"1 minute\" \/>\n<script type=\"application\/ld+json\" class=\"yoast-schema-graph\">{\"@context\":\"https:\\\/\\\/schema.org\",\"@graph\":[{\"@type\":\"WebPage\",\"@id\":\"https:\\\/\\\/www.easydivers-thailand.com\\\/fr\\\/produit\\\/open-water-referral\\\/\",\"url\":\"https:\\\/\\\/www.easydivers-thailand.com\\\/fr\\\/produit\\\/open-water-referral\\\/\",\"name\":\"Open Water Referral | Easy Divers Thailand\",\"isPartOf\":{\"@id\":\"https:\\\/\\\/www.easydivers-thailand.com\\\/fr\\\/#website\"},\"primaryImageOfPage\":{\"@id\":\"https:\\\/\\\/www.easydivers-thailand.com\\\/fr\\\/produit\\\/open-water-referral\\\/#primaryimage\"},\"image\":{\"@id\":\"https:\\\/\\\/www.easydivers-thailand.com\\\/fr\\\/produit\\\/open-water-referral\\\/#primaryimage\"},\"thumbnailUrl\":\"https:\\\/\\\/www.easydivers-thailand.com\\\/wp-content\\\/uploads\\\/2018\\\/07\\\/Open-Water-Referral.jpg\",\"datePublished\":\"2017-06-21T13:54:19+00:00\",\"dateModified\":\"2022-05-01T09:05:02+00:00\",\"breadcrumb\":{\"@id\":\"https:\\\/\\\/www.easydivers-thailand.com\\\/fr\\\/produit\\\/open-water-referral\\\/#breadcrumb\"},\"inLanguage\":\"fr-FR\",\"potentialAction\":[{\"@type\":\"ReadAction\",\"target\":[\"https:\\\/\\\/www.easydivers-thailand.com\\\/fr\\\/produit\\\/open-water-referral\\\/\"]}]},{\"@type\":\"ImageObject\",\"inLanguage\":\"fr-FR\",\"@id\":\"https:\\\/\\\/www.easydivers-thailand.com\\\/fr\\\/produit\\\/open-water-referral\\\/#primaryimage\",\"url\":\"https:\\\/\\\/www.easydivers-thailand.com\\\/wp-content\\\/uploads\\\/2018\\\/07\\\/Open-Water-Referral.jpg\",\"contentUrl\":\"https:\\\/\\\/www.easydivers-thailand.com\\\/wp-content\\\/uploads\\\/2018\\\/07\\\/Open-Water-Referral.jpg\",\"width\":1200,\"height\":514,\"caption\":\"Open Water Referral\"},{\"@type\":\"BreadcrumbList\",\"@id\":\"https:\\\/\\\/www.easydivers-thailand.com\\\/fr\\\/produit\\\/open-water-referral\\\/#breadcrumb\",\"itemListElement\":[{\"@type\":\"ListItem\",\"position\":1,\"name\":\"Home\",\"item\":\"https:\\\/\\\/www.easydivers-thailand.com\\\/fr\\\/\"},{\"@type\":\"ListItem\",\"position\":2,\"name\":\"Boutique\",\"item\":\"https:\\\/\\\/www.easydivers-thailand.com\\\/fr\\\/boutique\\\/\"},{\"@type\":\"ListItem\",\"position\":3,\"name\":\"Open Water Referral\"}]},{\"@type\":\"WebSite\",\"@id\":\"https:\\\/\\\/www.easydivers-thailand.com\\\/fr\\\/#website\",\"url\":\"https:\\\/\\\/www.easydivers-thailand.com\\\/fr\\\/\",\"name\":\"Easy Divers Thailand\",\"description\":\"My WordPress Blog\",\"potentialAction\":[{\"@type\":\"SearchAction\",\"target\":{\"@type\":\"EntryPoint\",\"urlTemplate\":\"https:\\\/\\\/www.easydivers-thailand.com\\\/fr\\\/?s={search_term_string}\"},\"query-input\":{\"@type\":\"PropertyValueSpecification\",\"valueRequired\":true,\"valueName\":\"search_term_string\"}}],\"inLanguage\":\"fr-FR\"}]}<\/script>\n<!-- \/ Yoast SEO plugin. -->","yoast_head_json":{"title":"Open Water Referral | Easy Divers Thailand","robots":{"index":"index","follow":"follow","max-snippet":"max-snippet:-1","max-image-preview":"max-image-preview:large","max-video-preview":"max-video-preview:-1"},"canonical":"https:\/\/www.easydivers-thailand.com\/fr\/produit\/open-water-referral\/","og_locale":"fr_FR","og_type":"article","og_title":"Open Water Referral | Easy Divers Thailand","og_description":"Compl\u00e9tez la certification Open Water Diver apr\u00e8s avoir r\u00e9ussi la partie th\u00e9orique et les plong\u00e9es en piscine r\u00e9f\u00e9r\u00e9es par votre ancien instructeur PADI.  Prix du cours : \u0e3f 13'500.00 par personne","og_url":"https:\/\/www.easydivers-thailand.com\/fr\/produit\/open-water-referral\/","og_site_name":"Easy Divers Thailand","article_publisher":"https:\/\/www.facebook.com\/easydiverskohsamuiteam\/","article_modified_time":"2022-05-01T09:05:02+00:00","og_image":[{"width":1200,"height":514,"url":"https:\/\/www.easydivers-thailand.com\/wp-content\/uploads\/2018\/07\/Open-Water-Referral.jpg","type":"image\/jpeg"}],"twitter_card":"summary_large_image","twitter_site":"@EasyKoh","twitter_misc":{"Dur\u00e9e de lecture estim\u00e9e":"1 minute"},"schema":{"@context":"https:\/\/schema.org","@graph":[{"@type":"WebPage","@id":"https:\/\/www.easydivers-thailand.com\/fr\/produit\/open-water-referral\/","url":"https:\/\/www.easydivers-thailand.com\/fr\/produit\/open-water-referral\/","name":"Open Water Referral | Easy Divers Thailand","isPartOf":{"@id":"https:\/\/www.easydivers-thailand.com\/fr\/#website"},"primaryImageOfPage":{"@id":"https:\/\/www.easydivers-thailand.com\/fr\/produit\/open-water-referral\/#primaryimage"},"image":{"@id":"https:\/\/www.easydivers-thailand.com\/fr\/produit\/open-water-referral\/#primaryimage"},"thumbnailUrl":"https:\/\/www.easydivers-thailand.com\/wp-content\/uploads\/2018\/07\/Open-Water-Referral.jpg","datePublished":"2017-06-21T13:54:19+00:00","dateModified":"2022-05-01T09:05:02+00:00","breadcrumb":{"@id":"https:\/\/www.easydivers-thailand.com\/fr\/produit\/open-water-referral\/#breadcrumb"},"inLanguage":"fr-FR","potentialAction":[{"@type":"ReadAction","target":["https:\/\/www.easydivers-thailand.com\/fr\/produit\/open-water-referral\/"]}]},{"@type":"ImageObject","inLanguage":"fr-FR","@id":"https:\/\/www.easydivers-thailand.com\/fr\/produit\/open-water-referral\/#primaryimage","url":"https:\/\/www.easydivers-thailand.com\/wp-content\/uploads\/2018\/07\/Open-Water-Referral.jpg","contentUrl":"https:\/\/www.easydivers-thailand.com\/wp-content\/uploads\/2018\/07\/Open-Water-Referral.jpg","width":1200,"height":514,"caption":"Open Water Referral"},{"@type":"BreadcrumbList","@id":"https:\/\/www.easydivers-thailand.com\/fr\/produit\/open-water-referral\/#breadcrumb","itemListElement":[{"@type":"ListItem","position":1,"name":"Home","item":"https:\/\/www.easydivers-thailand.com\/fr\/"},{"@type":"ListItem","position":2,"name":"Boutique","item":"https:\/\/www.easydivers-thailand.com\/fr\/boutique\/"},{"@type":"ListItem","position":3,"name":"Open Water Referral"}]},{"@type":"WebSite","@id":"https:\/\/www.easydivers-thailand.com\/fr\/#website","url":"https:\/\/www.easydivers-thailand.com\/fr\/","name":"Easy Divers Thailand","description":"My WordPress Blog","potentialAction":[{"@type":"SearchAction","target":{"@type":"EntryPoint","urlTemplate":"https:\/\/www.easydivers-thailand.com\/fr\/?s={search_term_string}"},"query-input":{"@type":"PropertyValueSpecification","valueRequired":true,"valueName":"search_term_string"}}],"inLanguage":"fr-FR"}]}},"_links":{"self":[{"href":"https:\/\/www.easydivers-thailand.com\/fr\/wp-json\/wp\/v2\/product\/7099","targetHints":{"allow":["GET"]}}],"collection":[{"href":"https:\/\/www.easydivers-thailand.com\/fr\/wp-json\/wp\/v2\/product"}],"about":[{"href":"https:\/\/www.easydivers-thailand.com\/fr\/wp-json\/wp\/v2\/types\/product"}],"wp:featuredmedia":[{"embeddable":true,"href":"https:\/\/www.easydivers-thailand.com\/fr\/wp-json\/wp\/v2\/media\/6577"}],"wp:attachment":[{"href":"https:\/\/www.easydivers-thailand.com\/fr\/wp-json\/wp\/v2\/media?parent=7099"}],"wp:term":[{"taxonomy":"product_brand","embeddable":true,"href":"https:\/\/www.easydivers-thailand.com\/fr\/wp-json\/wp\/v2\/product_brand?post=7099"},{"taxonomy":"product_cat","embeddable":true,"href":"https:\/\/www.easydivers-thailand.com\/fr\/wp-json\/wp\/v2\/product_cat?post=7099"},{"taxonomy":"product_tag","embeddable":true,"href":"https:\/\/www.easydivers-thailand.com\/fr\/wp-json\/wp\/v2\/product_tag?post=7099"}],"curies":[{"name":"wp","href":"https:\/\/api.w.org\/{rel}","templated":true}]}}