{"id":7101,"date":"2018-01-21T20:54:09","date_gmt":"2018-01-21T13:54:09","guid":{"rendered":"https:\/\/easydivers.samui-web-design.com\/product\/padi-open-water-diver-3-day-course\/"},"modified":"2023-06-19T08:11:35","modified_gmt":"2023-06-19T01:11:35","slug":"padi-open-water-diver-cours-sur-3-jour","status":"publish","type":"product","link":"https:\/\/www.easydivers-thailand.com\/fr\/produit\/padi-open-water-diver-cours-sur-3-jour\/","title":{"rendered":"PADI Open Water Diver, cours sur 3 jours"},"content":{"rendered":"<p>Si vous avez toujours voulu prendre des le\u00e7ons de plong\u00e9e, vivre une aventure sans pareille et voir le monde sous les vagues, c\u2019est ici que tout commence. Obtenez votre certification de plong\u00e9e avec le cours PADI\u00ae Open Water Diver &#8211; le cours de plong\u00e9e le plus populaire et le plus reconnu au monde. Des millions de personnes ont appris \u00e0 plonger et \u00e0 d\u00e9couvrir les merveilles du monde aquatique gr\u00e2ce \u00e0 ce cours.<\/p>\n<p>Pour vous inscrire \u00e0 un cours Open Water Diver PADI (ou \u00e0 un cours Junior Open Water Diver), vous devez avoir des comp\u00e9tences suffisantes en natation et \u00eatre en bonne sant\u00e9 physique. Aucune exp\u00e9rience pr\u00e9alable de la plong\u00e9e sous-marine n&rsquo;est requise.<\/p>\n<p>En tant que plongeur certifi\u00e9 PADI Open Water, vous aurez la libert\u00e9 de plonger avec un copain jusqu\u2019\u00e0 18 m\u00e8tres maximum, ind\u00e9pendamment de&rsquo;un plongeur professionnel. Les plongeurs Junior Open Water \u00e2g\u00e9s de moins de 12 ans ne sont autoris\u00e9s \u00e0 plonger que jusqu&rsquo;\u00e0 12 m\u00e8tres.<\/p>\n","protected":false},"excerpt":{"rendered":"<p><strong>Certification de plong\u00e9e permanente pour des plong\u00e9es \u00e0 une profondeur maximale de 18 m\u00e8tres <\/strong><strong>en autonomie avec tout autre plongeur certifi\u00e9. Age minimum 10 ans<\/strong><\/p>\n<p>Option cours sur 3 jours:<\/p>\n<p>Jour 1 \u2013 salle de classe<br \/>\nJour 2 \u2013 entrainement en piscine et 1 plong\u00e9e depuis la plage<br \/>\nJour 3 \u2013 3 plong\u00e9es d\u2019entra\u00eenement en bateau<\/p>\n","protected":false},"featured_media":6609,"template":"","meta":{"_acf_changed":false},"product_brand":[],"product_cat":[90,83,370],"product_tag":[73,79],"class_list":{"0":"post-7101","1":"product","2":"type-product","3":"status-publish","4":"has-post-thumbnail","6":"product_cat-cours-de-plongee","7":"product_cat-cours-debutants","8":"product_cat-cours-selectionnes","9":"product_tag-cours-de-plongee","10":"product_tag-cours-debutants","12":"first","13":"instock","14":"sale","15":"virtual","16":"purchasable","17":"product-type-simple"},"acf":[],"yoast_head":"<!-- This site is optimized with the Yoast SEO plugin v27.3 - https:\/\/yoast.com\/product\/yoast-seo-wordpress\/ -->\n<title>PADI Open Water Diver, cours sur 3 jour | Easy Divers Thailand<\/title>\n<meta name=\"description\" content=\"Certification de plong\u00e9e permanente pour des plong\u00e9es \u00e0 une profondeur maximale de 18 m en autonomie avec tout autre plongeur certifi\u00e9, Age minimum 10 ans\" \/>\n<meta name=\"robots\" content=\"index, follow, max-snippet:-1, max-image-preview:large, max-video-preview:-1\" \/>\n<link rel=\"canonical\" href=\"https:\/\/www.easydivers-thailand.com\/fr\/produit\/padi-open-water-diver-cours-sur-3-jour\/\" \/>\n<meta property=\"og:locale\" content=\"fr_FR\" \/>\n<meta property=\"og:type\" content=\"article\" \/>\n<meta property=\"og:title\" content=\"PADI Open Water Diver, cours sur 3 jour | Easy Divers Thailand\" \/>\n<meta property=\"og:description\" content=\"Certification de plong\u00e9e permanente pour des plong\u00e9es \u00e0 une profondeur maximale de 18 m en autonomie avec tout autre plongeur certifi\u00e9, Age minimum 10 ans\" \/>\n<meta property=\"og:url\" content=\"https:\/\/www.easydivers-thailand.com\/fr\/produit\/padi-open-water-diver-cours-sur-3-jour\/\" \/>\n<meta property=\"og:site_name\" content=\"Easy Divers Thailand\" \/>\n<meta property=\"article:publisher\" content=\"https:\/\/www.facebook.com\/easydiverskohsamuiteam\/\" \/>\n<meta property=\"article:modified_time\" content=\"2023-06-19T01:11:35+00:00\" \/>\n<meta property=\"og:image\" content=\"https:\/\/www.easydivers-thailand.com\/wp-content\/uploads\/2018\/08\/Discover-Scuba-Diver.jpg\" \/>\n\t<meta property=\"og:image:width\" content=\"1200\" \/>\n\t<meta property=\"og:image:height\" content=\"800\" \/>\n\t<meta property=\"og:image:type\" content=\"image\/jpeg\" \/>\n<meta name=\"twitter:card\" content=\"summary_large_image\" \/>\n<meta name=\"twitter:site\" content=\"@EasyKoh\" \/>\n<meta name=\"twitter:label1\" content=\"Dur\u00e9e de lecture estim\u00e9e\" \/>\n\t<meta name=\"twitter:data1\" content=\"1 minute\" \/>\n<script type=\"application\/ld+json\" class=\"yoast-schema-graph\">{\"@context\":\"https:\\\/\\\/schema.org\",\"@graph\":[{\"@type\":\"WebPage\",\"@id\":\"https:\\\/\\\/www.easydivers-thailand.com\\\/fr\\\/produit\\\/padi-open-water-diver-cours-sur-3-jour\\\/\",\"url\":\"https:\\\/\\\/www.easydivers-thailand.com\\\/fr\\\/produit\\\/padi-open-water-diver-cours-sur-3-jour\\\/\",\"name\":\"PADI Open Water Diver, cours sur 3 jour | Easy Divers Thailand\",\"isPartOf\":{\"@id\":\"https:\\\/\\\/www.easydivers-thailand.com\\\/fr\\\/#website\"},\"primaryImageOfPage\":{\"@id\":\"https:\\\/\\\/www.easydivers-thailand.com\\\/fr\\\/produit\\\/padi-open-water-diver-cours-sur-3-jour\\\/#primaryimage\"},\"image\":{\"@id\":\"https:\\\/\\\/www.easydivers-thailand.com\\\/fr\\\/produit\\\/padi-open-water-diver-cours-sur-3-jour\\\/#primaryimage\"},\"thumbnailUrl\":\"https:\\\/\\\/www.easydivers-thailand.com\\\/wp-content\\\/uploads\\\/2018\\\/08\\\/Discover-Scuba-Diver.jpg\",\"datePublished\":\"2018-01-21T13:54:09+00:00\",\"dateModified\":\"2023-06-19T01:11:35+00:00\",\"description\":\"Certification de plong\u00e9e permanente pour des plong\u00e9es \u00e0 une profondeur maximale de 18 m en autonomie avec tout autre plongeur certifi\u00e9, Age minimum 10 ans\",\"breadcrumb\":{\"@id\":\"https:\\\/\\\/www.easydivers-thailand.com\\\/fr\\\/produit\\\/padi-open-water-diver-cours-sur-3-jour\\\/#breadcrumb\"},\"inLanguage\":\"fr-FR\",\"potentialAction\":[{\"@type\":\"ReadAction\",\"target\":[\"https:\\\/\\\/www.easydivers-thailand.com\\\/fr\\\/produit\\\/padi-open-water-diver-cours-sur-3-jour\\\/\"]}]},{\"@type\":\"ImageObject\",\"inLanguage\":\"fr-FR\",\"@id\":\"https:\\\/\\\/www.easydivers-thailand.com\\\/fr\\\/produit\\\/padi-open-water-diver-cours-sur-3-jour\\\/#primaryimage\",\"url\":\"https:\\\/\\\/www.easydivers-thailand.com\\\/wp-content\\\/uploads\\\/2018\\\/08\\\/Discover-Scuba-Diver.jpg\",\"contentUrl\":\"https:\\\/\\\/www.easydivers-thailand.com\\\/wp-content\\\/uploads\\\/2018\\\/08\\\/Discover-Scuba-Diver.jpg\",\"width\":1200,\"height\":800,\"caption\":\"Discover Scuba Diving\"},{\"@type\":\"BreadcrumbList\",\"@id\":\"https:\\\/\\\/www.easydivers-thailand.com\\\/fr\\\/produit\\\/padi-open-water-diver-cours-sur-3-jour\\\/#breadcrumb\",\"itemListElement\":[{\"@type\":\"ListItem\",\"position\":1,\"name\":\"Home\",\"item\":\"https:\\\/\\\/www.easydivers-thailand.com\\\/fr\\\/\"},{\"@type\":\"ListItem\",\"position\":2,\"name\":\"Boutique\",\"item\":\"https:\\\/\\\/www.easydivers-thailand.com\\\/fr\\\/boutique\\\/\"},{\"@type\":\"ListItem\",\"position\":3,\"name\":\"PADI Open Water Diver, cours sur 3 jours\"}]},{\"@type\":\"WebSite\",\"@id\":\"https:\\\/\\\/www.easydivers-thailand.com\\\/fr\\\/#website\",\"url\":\"https:\\\/\\\/www.easydivers-thailand.com\\\/fr\\\/\",\"name\":\"Easy Divers Thailand\",\"description\":\"My WordPress Blog\",\"potentialAction\":[{\"@type\":\"SearchAction\",\"target\":{\"@type\":\"EntryPoint\",\"urlTemplate\":\"https:\\\/\\\/www.easydivers-thailand.com\\\/fr\\\/?s={search_term_string}\"},\"query-input\":{\"@type\":\"PropertyValueSpecification\",\"valueRequired\":true,\"valueName\":\"search_term_string\"}}],\"inLanguage\":\"fr-FR\"}]}<\/script>\n<!-- \/ Yoast SEO plugin. -->","yoast_head_json":{"title":"PADI Open Water Diver, cours sur 3 jour | Easy Divers Thailand","description":"Certification de plong\u00e9e permanente pour des plong\u00e9es \u00e0 une profondeur maximale de 18 m en autonomie avec tout autre plongeur certifi\u00e9, Age minimum 10 ans","robots":{"index":"index","follow":"follow","max-snippet":"max-snippet:-1","max-image-preview":"max-image-preview:large","max-video-preview":"max-video-preview:-1"},"canonical":"https:\/\/www.easydivers-thailand.com\/fr\/produit\/padi-open-water-diver-cours-sur-3-jour\/","og_locale":"fr_FR","og_type":"article","og_title":"PADI Open Water Diver, cours sur 3 jour | Easy Divers Thailand","og_description":"Certification de plong\u00e9e permanente pour des plong\u00e9es \u00e0 une profondeur maximale de 18 m en autonomie avec tout autre plongeur certifi\u00e9, Age minimum 10 ans","og_url":"https:\/\/www.easydivers-thailand.com\/fr\/produit\/padi-open-water-diver-cours-sur-3-jour\/","og_site_name":"Easy Divers Thailand","article_publisher":"https:\/\/www.facebook.com\/easydiverskohsamuiteam\/","article_modified_time":"2023-06-19T01:11:35+00:00","og_image":[{"width":1200,"height":800,"url":"https:\/\/www.easydivers-thailand.com\/wp-content\/uploads\/2018\/08\/Discover-Scuba-Diver.jpg","type":"image\/jpeg"}],"twitter_card":"summary_large_image","twitter_site":"@EasyKoh","twitter_misc":{"Dur\u00e9e de lecture estim\u00e9e":"1 minute"},"schema":{"@context":"https:\/\/schema.org","@graph":[{"@type":"WebPage","@id":"https:\/\/www.easydivers-thailand.com\/fr\/produit\/padi-open-water-diver-cours-sur-3-jour\/","url":"https:\/\/www.easydivers-thailand.com\/fr\/produit\/padi-open-water-diver-cours-sur-3-jour\/","name":"PADI Open Water Diver, cours sur 3 jour | Easy Divers Thailand","isPartOf":{"@id":"https:\/\/www.easydivers-thailand.com\/fr\/#website"},"primaryImageOfPage":{"@id":"https:\/\/www.easydivers-thailand.com\/fr\/produit\/padi-open-water-diver-cours-sur-3-jour\/#primaryimage"},"image":{"@id":"https:\/\/www.easydivers-thailand.com\/fr\/produit\/padi-open-water-diver-cours-sur-3-jour\/#primaryimage"},"thumbnailUrl":"https:\/\/www.easydivers-thailand.com\/wp-content\/uploads\/2018\/08\/Discover-Scuba-Diver.jpg","datePublished":"2018-01-21T13:54:09+00:00","dateModified":"2023-06-19T01:11:35+00:00","description":"Certification de plong\u00e9e permanente pour des plong\u00e9es \u00e0 une profondeur maximale de 18 m en autonomie avec tout autre plongeur certifi\u00e9, Age minimum 10 ans","breadcrumb":{"@id":"https:\/\/www.easydivers-thailand.com\/fr\/produit\/padi-open-water-diver-cours-sur-3-jour\/#breadcrumb"},"inLanguage":"fr-FR","potentialAction":[{"@type":"ReadAction","target":["https:\/\/www.easydivers-thailand.com\/fr\/produit\/padi-open-water-diver-cours-sur-3-jour\/"]}]},{"@type":"ImageObject","inLanguage":"fr-FR","@id":"https:\/\/www.easydivers-thailand.com\/fr\/produit\/padi-open-water-diver-cours-sur-3-jour\/#primaryimage","url":"https:\/\/www.easydivers-thailand.com\/wp-content\/uploads\/2018\/08\/Discover-Scuba-Diver.jpg","contentUrl":"https:\/\/www.easydivers-thailand.com\/wp-content\/uploads\/2018\/08\/Discover-Scuba-Diver.jpg","width":1200,"height":800,"caption":"Discover Scuba Diving"},{"@type":"BreadcrumbList","@id":"https:\/\/www.easydivers-thailand.com\/fr\/produit\/padi-open-water-diver-cours-sur-3-jour\/#breadcrumb","itemListElement":[{"@type":"ListItem","position":1,"name":"Home","item":"https:\/\/www.easydivers-thailand.com\/fr\/"},{"@type":"ListItem","position":2,"name":"Boutique","item":"https:\/\/www.easydivers-thailand.com\/fr\/boutique\/"},{"@type":"ListItem","position":3,"name":"PADI Open Water Diver, cours sur 3 jours"}]},{"@type":"WebSite","@id":"https:\/\/www.easydivers-thailand.com\/fr\/#website","url":"https:\/\/www.easydivers-thailand.com\/fr\/","name":"Easy Divers Thailand","description":"My WordPress Blog","potentialAction":[{"@type":"SearchAction","target":{"@type":"EntryPoint","urlTemplate":"https:\/\/www.easydivers-thailand.com\/fr\/?s={search_term_string}"},"query-input":{"@type":"PropertyValueSpecification","valueRequired":true,"valueName":"search_term_string"}}],"inLanguage":"fr-FR"}]}},"_links":{"self":[{"href":"https:\/\/www.easydivers-thailand.com\/fr\/wp-json\/wp\/v2\/product\/7101","targetHints":{"allow":["GET"]}}],"collection":[{"href":"https:\/\/www.easydivers-thailand.com\/fr\/wp-json\/wp\/v2\/product"}],"about":[{"href":"https:\/\/www.easydivers-thailand.com\/fr\/wp-json\/wp\/v2\/types\/product"}],"wp:featuredmedia":[{"embeddable":true,"href":"https:\/\/www.easydivers-thailand.com\/fr\/wp-json\/wp\/v2\/media\/6609"}],"wp:attachment":[{"href":"https:\/\/www.easydivers-thailand.com\/fr\/wp-json\/wp\/v2\/media?parent=7101"}],"wp:term":[{"taxonomy":"product_brand","embeddable":true,"href":"https:\/\/www.easydivers-thailand.com\/fr\/wp-json\/wp\/v2\/product_brand?post=7101"},{"taxonomy":"product_cat","embeddable":true,"href":"https:\/\/www.easydivers-thailand.com\/fr\/wp-json\/wp\/v2\/product_cat?post=7101"},{"taxonomy":"product_tag","embeddable":true,"href":"https:\/\/www.easydivers-thailand.com\/fr\/wp-json\/wp\/v2\/product_tag?post=7101"}],"curies":[{"name":"wp","href":"https:\/\/api.w.org\/{rel}","templated":true}]}}