{"id":7102,"date":"2018-01-21T20:54:04","date_gmt":"2018-01-21T13:54:04","guid":{"rendered":"https:\/\/easydivers.samui-web-design.com\/product\/padi-scuba-diver\/"},"modified":"2022-05-01T16:11:10","modified_gmt":"2022-05-01T09:11:10","slug":"padi-scuba-diver","status":"publish","type":"product","link":"https:\/\/www.easydivers-thailand.com\/fr\/produit\/padi-scuba-diver\/","title":{"rendered":"PADI Scuba Diver"},"content":{"rendered":"<div>\n<p>Le cours PADI Scuba Diver est une partie du cours PADI Open Water Diver. Si vous disposez de peu de temps, mais voulez vraiment devenir un plongeur, la qualification PADI Scuba Diver peut vous convenir \u2013 en particulier si vous vous pr\u00e9f\u00e9rez plonger avec un guide de plong\u00e9e. Ce cours est une \u00e9tape interm\u00e9diaire pour obtenir la certification Open Water Diver, si tel est votre but ultime.<br \/>\nLes PADI Scuba Divers sont qualifi\u00e9s pour:<\/p>\n<ul>\n<li>Plonger sous la supervision directe d\u2019un professionnel PADI \u00e0 une profondeur maximale de 12 m\u00e8tres\/40 pieds.<\/li>\n<li>Faire remplir ses bouteilles d\u2019air, louer ou acheter de l\u2019\u00e9quipement de plong\u00e9e et participer \u00e0 des activit\u00e9s de plong\u00e9e sous supervision.<\/li>\n<li>Poursuivre la formation de plong\u00e9e en compl\u00e9tant la certification PADI Open Water Diver et suivre certains cours de sp\u00e9cialit\u00e9s.<\/li>\n<\/ul>\n<p>Pour vous inscrire \u00e0 un cours PADI Scuba Diver (ou Junior Scuba Diver), vous devez savoir nager et \u00eatre en bonne sant\u00e9 physique. Aucune exp\u00e9rience pr\u00e9alable n\u2019est n\u00e9cessaire, mais vous pouvez essayer la plong\u00e9e avec le programme Discover Scuba Diving.<\/p>\n<\/div>\n","protected":false},"excerpt":{"rendered":"<p><strong>Certification de plong\u00e9e limit\u00e9e aux plong\u00e9es ne d\u00e9passant pas 12 m de profondeur et toujours accompagn\u00e9e d\u2019un guide de plong\u00e9e professionnel. Age minimum 10 ans<\/strong><\/p>\n<div>Jour 1 \u2013 formation en salle de classe et en piscine<\/div>\n<div>Jour 2 \u2013 2 plong\u00e9es d\u2019entra\u00eenement en bateau<\/div>\n<p><span class=\"mypriceclass\">Prix du cours : \u0e3f 11&rsquo;500.00 par personne<\/span><\/p>\n","protected":false},"featured_media":6855,"template":"","meta":{"_acf_changed":false},"product_brand":[],"product_cat":[90,83,370],"product_tag":[73,79],"class_list":{"0":"post-7102","1":"product","2":"type-product","3":"status-publish","4":"has-post-thumbnail","6":"product_cat-cours-de-plongee","7":"product_cat-cours-debutants","8":"product_cat-cours-selectionnes","9":"product_tag-cours-de-plongee","10":"product_tag-cours-debutants","12":"first","13":"instock","14":"virtual","15":"purchasable","16":"product-type-simple"},"acf":[],"yoast_head":"<!-- This site is optimized with the Yoast SEO plugin v27.3 - https:\/\/yoast.com\/product\/yoast-seo-wordpress\/ -->\n<title>PADI Scuba Diver | Easy Divers Thailand<\/title>\n<meta name=\"robots\" content=\"index, follow, max-snippet:-1, max-image-preview:large, max-video-preview:-1\" \/>\n<link rel=\"canonical\" href=\"https:\/\/www.easydivers-thailand.com\/fr\/produit\/padi-scuba-diver\/\" \/>\n<meta property=\"og:locale\" content=\"fr_FR\" \/>\n<meta property=\"og:type\" content=\"article\" \/>\n<meta property=\"og:title\" content=\"PADI Scuba Diver | Easy Divers Thailand\" \/>\n<meta property=\"og:description\" content=\"Certification de plong\u00e9e limit\u00e9e aux plong\u00e9es ne d\u00e9passant pas 12 m de profondeur et toujours accompagn\u00e9e d\u2019un guide de plong\u00e9e professionnel. Age minimum 10 ans Jour 1 \u2013 formation en salle de classe et en piscine Jour 2 \u2013 2 plong\u00e9es d\u2019entra\u00eenement en bateau Prix du cours : \u0e3f 11&#039;500.00 par personne\" \/>\n<meta property=\"og:url\" content=\"https:\/\/www.easydivers-thailand.com\/fr\/produit\/padi-scuba-diver\/\" \/>\n<meta property=\"og:site_name\" content=\"Easy Divers Thailand\" \/>\n<meta property=\"article:publisher\" content=\"https:\/\/www.facebook.com\/easydiverskohsamuiteam\/\" \/>\n<meta property=\"article:modified_time\" content=\"2022-05-01T09:11:10+00:00\" \/>\n<meta property=\"og:image\" content=\"https:\/\/www.easydivers-thailand.com\/wp-content\/uploads\/2018\/09\/Open-Water-diver-06.jpg\" \/>\n\t<meta property=\"og:image:width\" content=\"1200\" \/>\n\t<meta property=\"og:image:height\" content=\"800\" \/>\n\t<meta property=\"og:image:type\" content=\"image\/jpeg\" \/>\n<meta name=\"twitter:card\" content=\"summary_large_image\" \/>\n<meta name=\"twitter:site\" content=\"@EasyKoh\" \/>\n<meta name=\"twitter:label1\" content=\"Dur\u00e9e de lecture estim\u00e9e\" \/>\n\t<meta name=\"twitter:data1\" content=\"1 minute\" \/>\n<script type=\"application\/ld+json\" class=\"yoast-schema-graph\">{\"@context\":\"https:\\\/\\\/schema.org\",\"@graph\":[{\"@type\":\"WebPage\",\"@id\":\"https:\\\/\\\/www.easydivers-thailand.com\\\/fr\\\/produit\\\/padi-scuba-diver\\\/\",\"url\":\"https:\\\/\\\/www.easydivers-thailand.com\\\/fr\\\/produit\\\/padi-scuba-diver\\\/\",\"name\":\"PADI Scuba Diver | Easy Divers Thailand\",\"isPartOf\":{\"@id\":\"https:\\\/\\\/www.easydivers-thailand.com\\\/fr\\\/#website\"},\"primaryImageOfPage\":{\"@id\":\"https:\\\/\\\/www.easydivers-thailand.com\\\/fr\\\/produit\\\/padi-scuba-diver\\\/#primaryimage\"},\"image\":{\"@id\":\"https:\\\/\\\/www.easydivers-thailand.com\\\/fr\\\/produit\\\/padi-scuba-diver\\\/#primaryimage\"},\"thumbnailUrl\":\"https:\\\/\\\/www.easydivers-thailand.com\\\/wp-content\\\/uploads\\\/2018\\\/09\\\/Open-Water-diver-06.jpg\",\"datePublished\":\"2018-01-21T13:54:04+00:00\",\"dateModified\":\"2022-05-01T09:11:10+00:00\",\"breadcrumb\":{\"@id\":\"https:\\\/\\\/www.easydivers-thailand.com\\\/fr\\\/produit\\\/padi-scuba-diver\\\/#breadcrumb\"},\"inLanguage\":\"fr-FR\",\"potentialAction\":[{\"@type\":\"ReadAction\",\"target\":[\"https:\\\/\\\/www.easydivers-thailand.com\\\/fr\\\/produit\\\/padi-scuba-diver\\\/\"]}]},{\"@type\":\"ImageObject\",\"inLanguage\":\"fr-FR\",\"@id\":\"https:\\\/\\\/www.easydivers-thailand.com\\\/fr\\\/produit\\\/padi-scuba-diver\\\/#primaryimage\",\"url\":\"https:\\\/\\\/www.easydivers-thailand.com\\\/wp-content\\\/uploads\\\/2018\\\/09\\\/Open-Water-diver-06.jpg\",\"contentUrl\":\"https:\\\/\\\/www.easydivers-thailand.com\\\/wp-content\\\/uploads\\\/2018\\\/09\\\/Open-Water-diver-06.jpg\",\"width\":1200,\"height\":800,\"caption\":\"Fun Diving\"},{\"@type\":\"BreadcrumbList\",\"@id\":\"https:\\\/\\\/www.easydivers-thailand.com\\\/fr\\\/produit\\\/padi-scuba-diver\\\/#breadcrumb\",\"itemListElement\":[{\"@type\":\"ListItem\",\"position\":1,\"name\":\"Home\",\"item\":\"https:\\\/\\\/www.easydivers-thailand.com\\\/fr\\\/\"},{\"@type\":\"ListItem\",\"position\":2,\"name\":\"Boutique\",\"item\":\"https:\\\/\\\/www.easydivers-thailand.com\\\/fr\\\/boutique\\\/\"},{\"@type\":\"ListItem\",\"position\":3,\"name\":\"PADI Scuba Diver\"}]},{\"@type\":\"WebSite\",\"@id\":\"https:\\\/\\\/www.easydivers-thailand.com\\\/fr\\\/#website\",\"url\":\"https:\\\/\\\/www.easydivers-thailand.com\\\/fr\\\/\",\"name\":\"Easy Divers Thailand\",\"description\":\"My WordPress Blog\",\"potentialAction\":[{\"@type\":\"SearchAction\",\"target\":{\"@type\":\"EntryPoint\",\"urlTemplate\":\"https:\\\/\\\/www.easydivers-thailand.com\\\/fr\\\/?s={search_term_string}\"},\"query-input\":{\"@type\":\"PropertyValueSpecification\",\"valueRequired\":true,\"valueName\":\"search_term_string\"}}],\"inLanguage\":\"fr-FR\"}]}<\/script>\n<!-- \/ Yoast SEO plugin. -->","yoast_head_json":{"title":"PADI Scuba Diver | Easy Divers Thailand","robots":{"index":"index","follow":"follow","max-snippet":"max-snippet:-1","max-image-preview":"max-image-preview:large","max-video-preview":"max-video-preview:-1"},"canonical":"https:\/\/www.easydivers-thailand.com\/fr\/produit\/padi-scuba-diver\/","og_locale":"fr_FR","og_type":"article","og_title":"PADI Scuba Diver | Easy Divers Thailand","og_description":"Certification de plong\u00e9e limit\u00e9e aux plong\u00e9es ne d\u00e9passant pas 12 m de profondeur et toujours accompagn\u00e9e d\u2019un guide de plong\u00e9e professionnel. Age minimum 10 ans Jour 1 \u2013 formation en salle de classe et en piscine Jour 2 \u2013 2 plong\u00e9es d\u2019entra\u00eenement en bateau Prix du cours : \u0e3f 11'500.00 par personne","og_url":"https:\/\/www.easydivers-thailand.com\/fr\/produit\/padi-scuba-diver\/","og_site_name":"Easy Divers Thailand","article_publisher":"https:\/\/www.facebook.com\/easydiverskohsamuiteam\/","article_modified_time":"2022-05-01T09:11:10+00:00","og_image":[{"width":1200,"height":800,"url":"https:\/\/www.easydivers-thailand.com\/wp-content\/uploads\/2018\/09\/Open-Water-diver-06.jpg","type":"image\/jpeg"}],"twitter_card":"summary_large_image","twitter_site":"@EasyKoh","twitter_misc":{"Dur\u00e9e de lecture estim\u00e9e":"1 minute"},"schema":{"@context":"https:\/\/schema.org","@graph":[{"@type":"WebPage","@id":"https:\/\/www.easydivers-thailand.com\/fr\/produit\/padi-scuba-diver\/","url":"https:\/\/www.easydivers-thailand.com\/fr\/produit\/padi-scuba-diver\/","name":"PADI Scuba Diver | Easy Divers Thailand","isPartOf":{"@id":"https:\/\/www.easydivers-thailand.com\/fr\/#website"},"primaryImageOfPage":{"@id":"https:\/\/www.easydivers-thailand.com\/fr\/produit\/padi-scuba-diver\/#primaryimage"},"image":{"@id":"https:\/\/www.easydivers-thailand.com\/fr\/produit\/padi-scuba-diver\/#primaryimage"},"thumbnailUrl":"https:\/\/www.easydivers-thailand.com\/wp-content\/uploads\/2018\/09\/Open-Water-diver-06.jpg","datePublished":"2018-01-21T13:54:04+00:00","dateModified":"2022-05-01T09:11:10+00:00","breadcrumb":{"@id":"https:\/\/www.easydivers-thailand.com\/fr\/produit\/padi-scuba-diver\/#breadcrumb"},"inLanguage":"fr-FR","potentialAction":[{"@type":"ReadAction","target":["https:\/\/www.easydivers-thailand.com\/fr\/produit\/padi-scuba-diver\/"]}]},{"@type":"ImageObject","inLanguage":"fr-FR","@id":"https:\/\/www.easydivers-thailand.com\/fr\/produit\/padi-scuba-diver\/#primaryimage","url":"https:\/\/www.easydivers-thailand.com\/wp-content\/uploads\/2018\/09\/Open-Water-diver-06.jpg","contentUrl":"https:\/\/www.easydivers-thailand.com\/wp-content\/uploads\/2018\/09\/Open-Water-diver-06.jpg","width":1200,"height":800,"caption":"Fun Diving"},{"@type":"BreadcrumbList","@id":"https:\/\/www.easydivers-thailand.com\/fr\/produit\/padi-scuba-diver\/#breadcrumb","itemListElement":[{"@type":"ListItem","position":1,"name":"Home","item":"https:\/\/www.easydivers-thailand.com\/fr\/"},{"@type":"ListItem","position":2,"name":"Boutique","item":"https:\/\/www.easydivers-thailand.com\/fr\/boutique\/"},{"@type":"ListItem","position":3,"name":"PADI Scuba Diver"}]},{"@type":"WebSite","@id":"https:\/\/www.easydivers-thailand.com\/fr\/#website","url":"https:\/\/www.easydivers-thailand.com\/fr\/","name":"Easy Divers Thailand","description":"My WordPress Blog","potentialAction":[{"@type":"SearchAction","target":{"@type":"EntryPoint","urlTemplate":"https:\/\/www.easydivers-thailand.com\/fr\/?s={search_term_string}"},"query-input":{"@type":"PropertyValueSpecification","valueRequired":true,"valueName":"search_term_string"}}],"inLanguage":"fr-FR"}]}},"_links":{"self":[{"href":"https:\/\/www.easydivers-thailand.com\/fr\/wp-json\/wp\/v2\/product\/7102","targetHints":{"allow":["GET"]}}],"collection":[{"href":"https:\/\/www.easydivers-thailand.com\/fr\/wp-json\/wp\/v2\/product"}],"about":[{"href":"https:\/\/www.easydivers-thailand.com\/fr\/wp-json\/wp\/v2\/types\/product"}],"wp:featuredmedia":[{"embeddable":true,"href":"https:\/\/www.easydivers-thailand.com\/fr\/wp-json\/wp\/v2\/media\/6855"}],"wp:attachment":[{"href":"https:\/\/www.easydivers-thailand.com\/fr\/wp-json\/wp\/v2\/media?parent=7102"}],"wp:term":[{"taxonomy":"product_brand","embeddable":true,"href":"https:\/\/www.easydivers-thailand.com\/fr\/wp-json\/wp\/v2\/product_brand?post=7102"},{"taxonomy":"product_cat","embeddable":true,"href":"https:\/\/www.easydivers-thailand.com\/fr\/wp-json\/wp\/v2\/product_cat?post=7102"},{"taxonomy":"product_tag","embeddable":true,"href":"https:\/\/www.easydivers-thailand.com\/fr\/wp-json\/wp\/v2\/product_tag?post=7102"}],"curies":[{"name":"wp","href":"https:\/\/api.w.org\/{rel}","templated":true}]}}