{"id":7510,"date":"2018-11-11T08:34:51","date_gmt":"2018-11-11T01:34:51","guid":{"rendered":"https:\/\/www.easydivers-thailand.com\/product\/excursion-sur-les-iles-koh-tan-koh-madsum\/"},"modified":"2022-05-02T06:26:52","modified_gmt":"2022-05-01T23:26:52","slug":"excursion-sur-les-iles-koh-tan-koh-madsum","status":"publish","type":"product","link":"https:\/\/www.easydivers-thailand.com\/fr\/produit\/excursion-sur-les-iles-koh-tan-koh-madsum\/","title":{"rendered":"Excursion sur les iles Koh Tan \/ Koh Madsum"},"content":{"rendered":"<p>Vous avez envie d\u2019une croisi\u00e8re sur les sentiers battus, \u00e0 quelques minutes de bateau de Koh Samui? Alors cette tourn\u00e9e est l\u2019offre parfaite pour vous, vos amis et votre famille.<\/p>\n<p>Plongeurs certifi\u00e9s profitant d&rsquo;une plong\u00e9e relaxante sur un r\u00e9cif corallien peu profond avec une vie marine abondante, au cours de laquelle ils peuvent prendre leurs premi\u00e8res respirations dans un environnement s\u00fbr et abrit\u00e9. La randonn\u00e9e aquatique en tuba est \u00e9galement possible pour une bonne exp\u00e9rience.<\/p>\n<p>L&rsquo;horaire de la tourn\u00e9e est flexible. Il y a des demi-journ\u00e9es et des options disponibles toute la journ\u00e9e. La visite comprend le transfert depuis l&rsquo;h\u00f4tel, le bateau priv\u00e9, le d\u00e9jeuner dans un restaurant en bord de mer, les boissons non alcoolis\u00e9es, la plong\u00e9e avec le mat\u00e9riel de plong\u00e9e, un guide de plong\u00e9e, un moniteur et un guide de plong\u00e9e en apn\u00e9e ou randonn\u00e9e aquatique.<\/p>\n<p>Veuillez noter que la visibilit\u00e9 et les conditions de la mer d\u00e9pendent du temps qu&rsquo;il fait.<\/p>\n","protected":false},"excerpt":{"rendered":"<p><span class=\"mypriceclass\">Prix \u200b\u200b\u00e0 partir de : \u0e3f 6&rsquo;999.00 pour 2 personnes<\/span><\/p>\n","protected":false},"featured_media":13231,"template":"","meta":{"_acf_changed":false},"product_brand":[],"product_cat":[134],"product_tag":[],"class_list":{"0":"post-7510","1":"product","2":"type-product","3":"status-publish","4":"has-post-thumbnail","6":"product_cat-tours-speciaux","8":"first","9":"instock","10":"virtual","11":"purchasable","12":"product-type-simple"},"acf":[],"yoast_head":"<!-- This site is optimized with the Yoast SEO plugin v27.3 - https:\/\/yoast.com\/product\/yoast-seo-wordpress\/ -->\n<title>Excursion sur les iles Koh Tan \/ Koh Madsum | Easy Divers Thailand<\/title>\n<meta name=\"description\" content=\"Vous avez envie d\u2019une croisi\u00e8re sur les sentiers battus, \u00e0 quelques minutes de bateau de Koh Samui? Alors cette tourn\u00e9e est l\u2019offre parfaite pour vous, vos amis et votre famille.\" \/>\n<meta name=\"robots\" content=\"index, follow, max-snippet:-1, max-image-preview:large, max-video-preview:-1\" \/>\n<link rel=\"canonical\" href=\"https:\/\/www.easydivers-thailand.com\/fr\/produit\/excursion-sur-les-iles-koh-tan-koh-madsum\/\" \/>\n<meta property=\"og:locale\" content=\"fr_FR\" \/>\n<meta property=\"og:type\" content=\"article\" \/>\n<meta property=\"og:title\" content=\"Excursion sur les iles Koh Tan \/ Koh Madsum | Easy Divers Thailand\" \/>\n<meta property=\"og:description\" content=\"Vous avez envie d\u2019une croisi\u00e8re sur les sentiers battus, \u00e0 quelques minutes de bateau de Koh Samui? Alors cette tourn\u00e9e est l\u2019offre parfaite pour vous, vos amis et votre famille.\" \/>\n<meta property=\"og:url\" content=\"https:\/\/www.easydivers-thailand.com\/fr\/produit\/excursion-sur-les-iles-koh-tan-koh-madsum\/\" \/>\n<meta property=\"og:site_name\" content=\"Easy Divers Thailand\" \/>\n<meta property=\"article:publisher\" content=\"https:\/\/www.facebook.com\/easydiverskohsamuiteam\/\" \/>\n<meta property=\"article:modified_time\" content=\"2022-05-01T23:26:52+00:00\" \/>\n<meta property=\"og:image\" content=\"https:\/\/www.easydivers-thailand.com\/wp-content\/uploads\/2018\/11\/Koh-Madsum.jpg\" \/>\n\t<meta property=\"og:image:width\" content=\"1200\" \/>\n\t<meta property=\"og:image:height\" content=\"800\" \/>\n\t<meta property=\"og:image:type\" content=\"image\/jpeg\" \/>\n<meta name=\"twitter:card\" content=\"summary_large_image\" \/>\n<meta name=\"twitter:site\" content=\"@EasyKoh\" \/>\n<meta name=\"twitter:label1\" content=\"Dur\u00e9e de lecture estim\u00e9e\" \/>\n\t<meta name=\"twitter:data1\" content=\"1 minute\" \/>\n<script type=\"application\/ld+json\" class=\"yoast-schema-graph\">{\"@context\":\"https:\\\/\\\/schema.org\",\"@graph\":[{\"@type\":\"WebPage\",\"@id\":\"https:\\\/\\\/www.easydivers-thailand.com\\\/fr\\\/produit\\\/excursion-sur-les-iles-koh-tan-koh-madsum\\\/\",\"url\":\"https:\\\/\\\/www.easydivers-thailand.com\\\/fr\\\/produit\\\/excursion-sur-les-iles-koh-tan-koh-madsum\\\/\",\"name\":\"Excursion sur les iles Koh Tan \\\/ Koh Madsum | Easy Divers Thailand\",\"isPartOf\":{\"@id\":\"https:\\\/\\\/www.easydivers-thailand.com\\\/fr\\\/#website\"},\"primaryImageOfPage\":{\"@id\":\"https:\\\/\\\/www.easydivers-thailand.com\\\/fr\\\/produit\\\/excursion-sur-les-iles-koh-tan-koh-madsum\\\/#primaryimage\"},\"image\":{\"@id\":\"https:\\\/\\\/www.easydivers-thailand.com\\\/fr\\\/produit\\\/excursion-sur-les-iles-koh-tan-koh-madsum\\\/#primaryimage\"},\"thumbnailUrl\":\"https:\\\/\\\/www.easydivers-thailand.com\\\/wp-content\\\/uploads\\\/2018\\\/11\\\/Koh-Madsum.jpg\",\"datePublished\":\"2018-11-11T01:34:51+00:00\",\"dateModified\":\"2022-05-01T23:26:52+00:00\",\"description\":\"Vous avez envie d\u2019une croisi\u00e8re sur les sentiers battus, \u00e0 quelques minutes de bateau de Koh Samui? Alors cette tourn\u00e9e est l\u2019offre parfaite pour vous, vos amis et votre famille.\",\"breadcrumb\":{\"@id\":\"https:\\\/\\\/www.easydivers-thailand.com\\\/fr\\\/produit\\\/excursion-sur-les-iles-koh-tan-koh-madsum\\\/#breadcrumb\"},\"inLanguage\":\"fr-FR\",\"potentialAction\":[{\"@type\":\"ReadAction\",\"target\":[\"https:\\\/\\\/www.easydivers-thailand.com\\\/fr\\\/produit\\\/excursion-sur-les-iles-koh-tan-koh-madsum\\\/\"]}]},{\"@type\":\"ImageObject\",\"inLanguage\":\"fr-FR\",\"@id\":\"https:\\\/\\\/www.easydivers-thailand.com\\\/fr\\\/produit\\\/excursion-sur-les-iles-koh-tan-koh-madsum\\\/#primaryimage\",\"url\":\"https:\\\/\\\/www.easydivers-thailand.com\\\/wp-content\\\/uploads\\\/2018\\\/11\\\/Koh-Madsum.jpg\",\"contentUrl\":\"https:\\\/\\\/www.easydivers-thailand.com\\\/wp-content\\\/uploads\\\/2018\\\/11\\\/Koh-Madsum.jpg\",\"width\":1200,\"height\":800,\"caption\":\"Koh Madsum\"},{\"@type\":\"BreadcrumbList\",\"@id\":\"https:\\\/\\\/www.easydivers-thailand.com\\\/fr\\\/produit\\\/excursion-sur-les-iles-koh-tan-koh-madsum\\\/#breadcrumb\",\"itemListElement\":[{\"@type\":\"ListItem\",\"position\":1,\"name\":\"Home\",\"item\":\"https:\\\/\\\/www.easydivers-thailand.com\\\/fr\\\/\"},{\"@type\":\"ListItem\",\"position\":2,\"name\":\"Boutique\",\"item\":\"https:\\\/\\\/www.easydivers-thailand.com\\\/fr\\\/boutique\\\/\"},{\"@type\":\"ListItem\",\"position\":3,\"name\":\"Excursion sur les iles Koh Tan \\\/ Koh Madsum\"}]},{\"@type\":\"WebSite\",\"@id\":\"https:\\\/\\\/www.easydivers-thailand.com\\\/fr\\\/#website\",\"url\":\"https:\\\/\\\/www.easydivers-thailand.com\\\/fr\\\/\",\"name\":\"Easy Divers Thailand\",\"description\":\"My WordPress Blog\",\"potentialAction\":[{\"@type\":\"SearchAction\",\"target\":{\"@type\":\"EntryPoint\",\"urlTemplate\":\"https:\\\/\\\/www.easydivers-thailand.com\\\/fr\\\/?s={search_term_string}\"},\"query-input\":{\"@type\":\"PropertyValueSpecification\",\"valueRequired\":true,\"valueName\":\"search_term_string\"}}],\"inLanguage\":\"fr-FR\"}]}<\/script>\n<!-- \/ Yoast SEO plugin. -->","yoast_head_json":{"title":"Excursion sur les iles Koh Tan \/ Koh Madsum | Easy Divers Thailand","description":"Vous avez envie d\u2019une croisi\u00e8re sur les sentiers battus, \u00e0 quelques minutes de bateau de Koh Samui? Alors cette tourn\u00e9e est l\u2019offre parfaite pour vous, vos amis et votre famille.","robots":{"index":"index","follow":"follow","max-snippet":"max-snippet:-1","max-image-preview":"max-image-preview:large","max-video-preview":"max-video-preview:-1"},"canonical":"https:\/\/www.easydivers-thailand.com\/fr\/produit\/excursion-sur-les-iles-koh-tan-koh-madsum\/","og_locale":"fr_FR","og_type":"article","og_title":"Excursion sur les iles Koh Tan \/ Koh Madsum | Easy Divers Thailand","og_description":"Vous avez envie d\u2019une croisi\u00e8re sur les sentiers battus, \u00e0 quelques minutes de bateau de Koh Samui? Alors cette tourn\u00e9e est l\u2019offre parfaite pour vous, vos amis et votre famille.","og_url":"https:\/\/www.easydivers-thailand.com\/fr\/produit\/excursion-sur-les-iles-koh-tan-koh-madsum\/","og_site_name":"Easy Divers Thailand","article_publisher":"https:\/\/www.facebook.com\/easydiverskohsamuiteam\/","article_modified_time":"2022-05-01T23:26:52+00:00","og_image":[{"width":1200,"height":800,"url":"https:\/\/www.easydivers-thailand.com\/wp-content\/uploads\/2018\/11\/Koh-Madsum.jpg","type":"image\/jpeg"}],"twitter_card":"summary_large_image","twitter_site":"@EasyKoh","twitter_misc":{"Dur\u00e9e de lecture estim\u00e9e":"1 minute"},"schema":{"@context":"https:\/\/schema.org","@graph":[{"@type":"WebPage","@id":"https:\/\/www.easydivers-thailand.com\/fr\/produit\/excursion-sur-les-iles-koh-tan-koh-madsum\/","url":"https:\/\/www.easydivers-thailand.com\/fr\/produit\/excursion-sur-les-iles-koh-tan-koh-madsum\/","name":"Excursion sur les iles Koh Tan \/ Koh Madsum | Easy Divers Thailand","isPartOf":{"@id":"https:\/\/www.easydivers-thailand.com\/fr\/#website"},"primaryImageOfPage":{"@id":"https:\/\/www.easydivers-thailand.com\/fr\/produit\/excursion-sur-les-iles-koh-tan-koh-madsum\/#primaryimage"},"image":{"@id":"https:\/\/www.easydivers-thailand.com\/fr\/produit\/excursion-sur-les-iles-koh-tan-koh-madsum\/#primaryimage"},"thumbnailUrl":"https:\/\/www.easydivers-thailand.com\/wp-content\/uploads\/2018\/11\/Koh-Madsum.jpg","datePublished":"2018-11-11T01:34:51+00:00","dateModified":"2022-05-01T23:26:52+00:00","description":"Vous avez envie d\u2019une croisi\u00e8re sur les sentiers battus, \u00e0 quelques minutes de bateau de Koh Samui? Alors cette tourn\u00e9e est l\u2019offre parfaite pour vous, vos amis et votre famille.","breadcrumb":{"@id":"https:\/\/www.easydivers-thailand.com\/fr\/produit\/excursion-sur-les-iles-koh-tan-koh-madsum\/#breadcrumb"},"inLanguage":"fr-FR","potentialAction":[{"@type":"ReadAction","target":["https:\/\/www.easydivers-thailand.com\/fr\/produit\/excursion-sur-les-iles-koh-tan-koh-madsum\/"]}]},{"@type":"ImageObject","inLanguage":"fr-FR","@id":"https:\/\/www.easydivers-thailand.com\/fr\/produit\/excursion-sur-les-iles-koh-tan-koh-madsum\/#primaryimage","url":"https:\/\/www.easydivers-thailand.com\/wp-content\/uploads\/2018\/11\/Koh-Madsum.jpg","contentUrl":"https:\/\/www.easydivers-thailand.com\/wp-content\/uploads\/2018\/11\/Koh-Madsum.jpg","width":1200,"height":800,"caption":"Koh Madsum"},{"@type":"BreadcrumbList","@id":"https:\/\/www.easydivers-thailand.com\/fr\/produit\/excursion-sur-les-iles-koh-tan-koh-madsum\/#breadcrumb","itemListElement":[{"@type":"ListItem","position":1,"name":"Home","item":"https:\/\/www.easydivers-thailand.com\/fr\/"},{"@type":"ListItem","position":2,"name":"Boutique","item":"https:\/\/www.easydivers-thailand.com\/fr\/boutique\/"},{"@type":"ListItem","position":3,"name":"Excursion sur les iles Koh Tan \/ Koh Madsum"}]},{"@type":"WebSite","@id":"https:\/\/www.easydivers-thailand.com\/fr\/#website","url":"https:\/\/www.easydivers-thailand.com\/fr\/","name":"Easy Divers Thailand","description":"My WordPress Blog","potentialAction":[{"@type":"SearchAction","target":{"@type":"EntryPoint","urlTemplate":"https:\/\/www.easydivers-thailand.com\/fr\/?s={search_term_string}"},"query-input":{"@type":"PropertyValueSpecification","valueRequired":true,"valueName":"search_term_string"}}],"inLanguage":"fr-FR"}]}},"_links":{"self":[{"href":"https:\/\/www.easydivers-thailand.com\/fr\/wp-json\/wp\/v2\/product\/7510","targetHints":{"allow":["GET"]}}],"collection":[{"href":"https:\/\/www.easydivers-thailand.com\/fr\/wp-json\/wp\/v2\/product"}],"about":[{"href":"https:\/\/www.easydivers-thailand.com\/fr\/wp-json\/wp\/v2\/types\/product"}],"wp:featuredmedia":[{"embeddable":true,"href":"https:\/\/www.easydivers-thailand.com\/fr\/wp-json\/wp\/v2\/media\/13231"}],"wp:attachment":[{"href":"https:\/\/www.easydivers-thailand.com\/fr\/wp-json\/wp\/v2\/media?parent=7510"}],"wp:term":[{"taxonomy":"product_brand","embeddable":true,"href":"https:\/\/www.easydivers-thailand.com\/fr\/wp-json\/wp\/v2\/product_brand?post=7510"},{"taxonomy":"product_cat","embeddable":true,"href":"https:\/\/www.easydivers-thailand.com\/fr\/wp-json\/wp\/v2\/product_cat?post=7510"},{"taxonomy":"product_tag","embeddable":true,"href":"https:\/\/www.easydivers-thailand.com\/fr\/wp-json\/wp\/v2\/product_tag?post=7510"}],"curies":[{"name":"wp","href":"https:\/\/api.w.org\/{rel}","templated":true}]}}