{"id":7736,"date":"2018-12-06T07:05:54","date_gmt":"2018-12-06T00:05:54","guid":{"rendered":"https:\/\/www.easydivers-thailand.com\/product\/voyages-de-plongee-avec-un-yacht-a-moteur-sunseeker\/"},"modified":"2022-05-02T07:04:52","modified_gmt":"2022-05-02T00:04:52","slug":"voyages-de-plongee-avec-un-yacht-a-moteur-sunseeker","status":"publish","type":"product","link":"https:\/\/www.easydivers-thailand.com\/fr\/produit\/voyages-de-plongee-avec-un-yacht-a-moteur-sunseeker\/","title":{"rendered":"Voyages de plong\u00e9e avec un yacht \u00e0 moteur Sunseeker"},"content":{"rendered":"<p>Offrez-vous un luxe total et rejoignez ce magnifique yacht pour une journ\u00e9e inoubliable de plong\u00e9e et de plong\u00e9e en apn\u00e9e sur le site de plong\u00e9e de votre choix.<\/p>\n<p>Nous pouvons organiser des visites de Koh Tao, du parc marin Anthong, de Sail Rock ou de Koh Ma, au nord de Koh Phangan, afin que la visite puisse \u00eatre adapt\u00e9e \u00e0 votre exp\u00e9rience et \u00e0 votre destination de plong\u00e9e.<\/p>\n<p>L&rsquo;horaire de la tourn\u00e9e est flexible. Il y a des demi-journ\u00e9es et des options disponibles toute la journ\u00e9e. La visite comprend un transfert \u00e0 l&rsquo;h\u00f4tel, un yacht priv\u00e9 du fabricant britannique de renomm\u00e9e mondiale Sunseeker, des boissons non alcoolis\u00e9es, du mat\u00e9riel de plong\u00e9e en apn\u00e9e et de plong\u00e9e, des moniteurs et un guide de plong\u00e9e en apn\u00e9e.<\/p>\n<p>Le d\u00e9jeuner peut \u00eatre organis\u00e9 \u00e0 votre guise &#8211; pique-nique, cuisine tha\u00eflandaise ou barbecue de fruits de mer sur le bateau.<\/p>\n","protected":false},"excerpt":{"rendered":"<p><span class=\"mypriceclass\">Prix \u00e0 partir de: \u0e3f 50&rsquo;000.00<\/span><\/p>\n","protected":false},"featured_media":7653,"template":"","meta":{"_acf_changed":false},"product_brand":[],"product_cat":[151],"product_tag":[153,152],"class_list":{"0":"post-7736","1":"product","2":"type-product","3":"status-publish","4":"has-post-thumbnail","6":"product_cat-charter-boat-fr","7":"product_tag-private-yacht-fr","8":"product_tag-voile-et-plongee","10":"first","11":"instock","12":"virtual","13":"purchasable","14":"product-type-simple"},"acf":[],"yoast_head":"<!-- This site is optimized with the Yoast SEO plugin v27.4 - https:\/\/yoast.com\/product\/yoast-seo-wordpress\/ -->\n<title>Voyages de plong\u00e9e avec un yacht \u00e0 moteur Sunseeker | Easy Divers Thailand<\/title>\n<meta name=\"description\" content=\"Offrez-vous un luxe total et rejoignez ce magnifique yacht pour une journ\u00e9e inoubliable de plong\u00e9e et de plong\u00e9e en apn\u00e9e sur le site de plong\u00e9e de votre choix\" \/>\n<meta name=\"robots\" content=\"index, follow, max-snippet:-1, max-image-preview:large, max-video-preview:-1\" \/>\n<link rel=\"canonical\" href=\"https:\/\/www.easydivers-thailand.com\/fr\/produit\/voyages-de-plongee-avec-un-yacht-a-moteur-sunseeker\/\" \/>\n<meta property=\"og:locale\" content=\"fr_FR\" \/>\n<meta property=\"og:type\" content=\"article\" \/>\n<meta property=\"og:title\" content=\"Voyages de plong\u00e9e avec un yacht \u00e0 moteur Sunseeker\" \/>\n<meta property=\"og:description\" content=\"Offrez-vous un luxe total et rejoignez ce magnifique yacht pour une journ\u00e9e inoubliable de plong\u00e9e et de plong\u00e9e en apn\u00e9e sur le site de plong\u00e9e de votre choix\" \/>\n<meta property=\"og:url\" content=\"https:\/\/www.easydivers-thailand.com\/fr\/produit\/voyages-de-plongee-avec-un-yacht-a-moteur-sunseeker\/\" \/>\n<meta property=\"og:site_name\" content=\"Easy Divers Thailand\" \/>\n<meta property=\"article:publisher\" content=\"https:\/\/www.facebook.com\/easydiverskohsamuiteam\/\" \/>\n<meta property=\"article:modified_time\" content=\"2022-05-02T00:04:52+00:00\" \/>\n<meta property=\"og:image\" content=\"https:\/\/www.easydivers-thailand.com\/wp-content\/uploads\/2018\/12\/Private-Yacht-Social-01.jpg\" \/>\n\t<meta property=\"og:image:width\" content=\"1200\" \/>\n\t<meta property=\"og:image:height\" content=\"630\" \/>\n\t<meta property=\"og:image:type\" content=\"image\/jpeg\" \/>\n<meta name=\"twitter:card\" content=\"summary_large_image\" \/>\n<meta name=\"twitter:site\" content=\"@EasyKoh\" \/>\n<meta name=\"twitter:label1\" content=\"Dur\u00e9e de lecture estim\u00e9e\" \/>\n\t<meta name=\"twitter:data1\" content=\"1 minute\" \/>\n<script type=\"application\/ld+json\" class=\"yoast-schema-graph\">{\"@context\":\"https:\\\/\\\/schema.org\",\"@graph\":[{\"@type\":\"WebPage\",\"@id\":\"https:\\\/\\\/www.easydivers-thailand.com\\\/fr\\\/produit\\\/voyages-de-plongee-avec-un-yacht-a-moteur-sunseeker\\\/\",\"url\":\"https:\\\/\\\/www.easydivers-thailand.com\\\/fr\\\/produit\\\/voyages-de-plongee-avec-un-yacht-a-moteur-sunseeker\\\/\",\"name\":\"Voyages de plong\u00e9e avec un yacht \u00e0 moteur Sunseeker | Easy Divers Thailand\",\"isPartOf\":{\"@id\":\"https:\\\/\\\/www.easydivers-thailand.com\\\/fr\\\/#website\"},\"primaryImageOfPage\":{\"@id\":\"https:\\\/\\\/www.easydivers-thailand.com\\\/fr\\\/produit\\\/voyages-de-plongee-avec-un-yacht-a-moteur-sunseeker\\\/#primaryimage\"},\"image\":{\"@id\":\"https:\\\/\\\/www.easydivers-thailand.com\\\/fr\\\/produit\\\/voyages-de-plongee-avec-un-yacht-a-moteur-sunseeker\\\/#primaryimage\"},\"thumbnailUrl\":\"https:\\\/\\\/www.easydivers-thailand.com\\\/wp-content\\\/uploads\\\/2018\\\/12\\\/Private-Yacht-00.jpg\",\"datePublished\":\"2018-12-06T00:05:54+00:00\",\"dateModified\":\"2022-05-02T00:04:52+00:00\",\"description\":\"Offrez-vous un luxe total et rejoignez ce magnifique yacht pour une journ\u00e9e inoubliable de plong\u00e9e et de plong\u00e9e en apn\u00e9e sur le site de plong\u00e9e de votre choix\",\"breadcrumb\":{\"@id\":\"https:\\\/\\\/www.easydivers-thailand.com\\\/fr\\\/produit\\\/voyages-de-plongee-avec-un-yacht-a-moteur-sunseeker\\\/#breadcrumb\"},\"inLanguage\":\"fr-FR\",\"potentialAction\":[{\"@type\":\"ReadAction\",\"target\":[\"https:\\\/\\\/www.easydivers-thailand.com\\\/fr\\\/produit\\\/voyages-de-plongee-avec-un-yacht-a-moteur-sunseeker\\\/\"]}]},{\"@type\":\"ImageObject\",\"inLanguage\":\"fr-FR\",\"@id\":\"https:\\\/\\\/www.easydivers-thailand.com\\\/fr\\\/produit\\\/voyages-de-plongee-avec-un-yacht-a-moteur-sunseeker\\\/#primaryimage\",\"url\":\"https:\\\/\\\/www.easydivers-thailand.com\\\/wp-content\\\/uploads\\\/2018\\\/12\\\/Private-Yacht-00.jpg\",\"contentUrl\":\"https:\\\/\\\/www.easydivers-thailand.com\\\/wp-content\\\/uploads\\\/2018\\\/12\\\/Private-Yacht-00.jpg\",\"width\":1200,\"height\":800,\"caption\":\"Voyages de plong\u00e9e avec un yacht \u00e0 moteur Sunseeker\"},{\"@type\":\"BreadcrumbList\",\"@id\":\"https:\\\/\\\/www.easydivers-thailand.com\\\/fr\\\/produit\\\/voyages-de-plongee-avec-un-yacht-a-moteur-sunseeker\\\/#breadcrumb\",\"itemListElement\":[{\"@type\":\"ListItem\",\"position\":1,\"name\":\"Home\",\"item\":\"https:\\\/\\\/www.easydivers-thailand.com\\\/fr\\\/\"},{\"@type\":\"ListItem\",\"position\":2,\"name\":\"Boutique\",\"item\":\"https:\\\/\\\/www.easydivers-thailand.com\\\/fr\\\/boutique\\\/\"},{\"@type\":\"ListItem\",\"position\":3,\"name\":\"Voyages de plong\u00e9e avec un yacht \u00e0 moteur Sunseeker\"}]},{\"@type\":\"WebSite\",\"@id\":\"https:\\\/\\\/www.easydivers-thailand.com\\\/fr\\\/#website\",\"url\":\"https:\\\/\\\/www.easydivers-thailand.com\\\/fr\\\/\",\"name\":\"Easy Divers Thailand\",\"description\":\"My WordPress Blog\",\"potentialAction\":[{\"@type\":\"SearchAction\",\"target\":{\"@type\":\"EntryPoint\",\"urlTemplate\":\"https:\\\/\\\/www.easydivers-thailand.com\\\/fr\\\/?s={search_term_string}\"},\"query-input\":{\"@type\":\"PropertyValueSpecification\",\"valueRequired\":true,\"valueName\":\"search_term_string\"}}],\"inLanguage\":\"fr-FR\"}]}<\/script>\n<!-- \/ Yoast SEO plugin. -->","yoast_head_json":{"title":"Voyages de plong\u00e9e avec un yacht \u00e0 moteur Sunseeker | Easy Divers Thailand","description":"Offrez-vous un luxe total et rejoignez ce magnifique yacht pour une journ\u00e9e inoubliable de plong\u00e9e et de plong\u00e9e en apn\u00e9e sur le site de plong\u00e9e de votre choix","robots":{"index":"index","follow":"follow","max-snippet":"max-snippet:-1","max-image-preview":"max-image-preview:large","max-video-preview":"max-video-preview:-1"},"canonical":"https:\/\/www.easydivers-thailand.com\/fr\/produit\/voyages-de-plongee-avec-un-yacht-a-moteur-sunseeker\/","og_locale":"fr_FR","og_type":"article","og_title":"Voyages de plong\u00e9e avec un yacht \u00e0 moteur Sunseeker","og_description":"Offrez-vous un luxe total et rejoignez ce magnifique yacht pour une journ\u00e9e inoubliable de plong\u00e9e et de plong\u00e9e en apn\u00e9e sur le site de plong\u00e9e de votre choix","og_url":"https:\/\/www.easydivers-thailand.com\/fr\/produit\/voyages-de-plongee-avec-un-yacht-a-moteur-sunseeker\/","og_site_name":"Easy Divers Thailand","article_publisher":"https:\/\/www.facebook.com\/easydiverskohsamuiteam\/","article_modified_time":"2022-05-02T00:04:52+00:00","og_image":[{"width":1200,"height":630,"url":"https:\/\/www.easydivers-thailand.com\/wp-content\/uploads\/2018\/12\/Private-Yacht-Social-01.jpg","type":"image\/jpeg"}],"twitter_card":"summary_large_image","twitter_site":"@EasyKoh","twitter_misc":{"Dur\u00e9e de lecture estim\u00e9e":"1 minute"},"schema":{"@context":"https:\/\/schema.org","@graph":[{"@type":"WebPage","@id":"https:\/\/www.easydivers-thailand.com\/fr\/produit\/voyages-de-plongee-avec-un-yacht-a-moteur-sunseeker\/","url":"https:\/\/www.easydivers-thailand.com\/fr\/produit\/voyages-de-plongee-avec-un-yacht-a-moteur-sunseeker\/","name":"Voyages de plong\u00e9e avec un yacht \u00e0 moteur Sunseeker | Easy Divers Thailand","isPartOf":{"@id":"https:\/\/www.easydivers-thailand.com\/fr\/#website"},"primaryImageOfPage":{"@id":"https:\/\/www.easydivers-thailand.com\/fr\/produit\/voyages-de-plongee-avec-un-yacht-a-moteur-sunseeker\/#primaryimage"},"image":{"@id":"https:\/\/www.easydivers-thailand.com\/fr\/produit\/voyages-de-plongee-avec-un-yacht-a-moteur-sunseeker\/#primaryimage"},"thumbnailUrl":"https:\/\/www.easydivers-thailand.com\/wp-content\/uploads\/2018\/12\/Private-Yacht-00.jpg","datePublished":"2018-12-06T00:05:54+00:00","dateModified":"2022-05-02T00:04:52+00:00","description":"Offrez-vous un luxe total et rejoignez ce magnifique yacht pour une journ\u00e9e inoubliable de plong\u00e9e et de plong\u00e9e en apn\u00e9e sur le site de plong\u00e9e de votre choix","breadcrumb":{"@id":"https:\/\/www.easydivers-thailand.com\/fr\/produit\/voyages-de-plongee-avec-un-yacht-a-moteur-sunseeker\/#breadcrumb"},"inLanguage":"fr-FR","potentialAction":[{"@type":"ReadAction","target":["https:\/\/www.easydivers-thailand.com\/fr\/produit\/voyages-de-plongee-avec-un-yacht-a-moteur-sunseeker\/"]}]},{"@type":"ImageObject","inLanguage":"fr-FR","@id":"https:\/\/www.easydivers-thailand.com\/fr\/produit\/voyages-de-plongee-avec-un-yacht-a-moteur-sunseeker\/#primaryimage","url":"https:\/\/www.easydivers-thailand.com\/wp-content\/uploads\/2018\/12\/Private-Yacht-00.jpg","contentUrl":"https:\/\/www.easydivers-thailand.com\/wp-content\/uploads\/2018\/12\/Private-Yacht-00.jpg","width":1200,"height":800,"caption":"Voyages de plong\u00e9e avec un yacht \u00e0 moteur Sunseeker"},{"@type":"BreadcrumbList","@id":"https:\/\/www.easydivers-thailand.com\/fr\/produit\/voyages-de-plongee-avec-un-yacht-a-moteur-sunseeker\/#breadcrumb","itemListElement":[{"@type":"ListItem","position":1,"name":"Home","item":"https:\/\/www.easydivers-thailand.com\/fr\/"},{"@type":"ListItem","position":2,"name":"Boutique","item":"https:\/\/www.easydivers-thailand.com\/fr\/boutique\/"},{"@type":"ListItem","position":3,"name":"Voyages de plong\u00e9e avec un yacht \u00e0 moteur Sunseeker"}]},{"@type":"WebSite","@id":"https:\/\/www.easydivers-thailand.com\/fr\/#website","url":"https:\/\/www.easydivers-thailand.com\/fr\/","name":"Easy Divers Thailand","description":"My WordPress Blog","potentialAction":[{"@type":"SearchAction","target":{"@type":"EntryPoint","urlTemplate":"https:\/\/www.easydivers-thailand.com\/fr\/?s={search_term_string}"},"query-input":{"@type":"PropertyValueSpecification","valueRequired":true,"valueName":"search_term_string"}}],"inLanguage":"fr-FR"}]}},"_links":{"self":[{"href":"https:\/\/www.easydivers-thailand.com\/fr\/wp-json\/wp\/v2\/product\/7736","targetHints":{"allow":["GET"]}}],"collection":[{"href":"https:\/\/www.easydivers-thailand.com\/fr\/wp-json\/wp\/v2\/product"}],"about":[{"href":"https:\/\/www.easydivers-thailand.com\/fr\/wp-json\/wp\/v2\/types\/product"}],"wp:featuredmedia":[{"embeddable":true,"href":"https:\/\/www.easydivers-thailand.com\/fr\/wp-json\/wp\/v2\/media\/7653"}],"wp:attachment":[{"href":"https:\/\/www.easydivers-thailand.com\/fr\/wp-json\/wp\/v2\/media?parent=7736"}],"wp:term":[{"taxonomy":"product_brand","embeddable":true,"href":"https:\/\/www.easydivers-thailand.com\/fr\/wp-json\/wp\/v2\/product_brand?post=7736"},{"taxonomy":"product_cat","embeddable":true,"href":"https:\/\/www.easydivers-thailand.com\/fr\/wp-json\/wp\/v2\/product_cat?post=7736"},{"taxonomy":"product_tag","embeddable":true,"href":"https:\/\/www.easydivers-thailand.com\/fr\/wp-json\/wp\/v2\/product_tag?post=7736"}],"curies":[{"name":"wp","href":"https:\/\/api.w.org\/{rel}","templated":true}]}}