{"id":7737,"date":"2018-12-06T07:07:10","date_gmt":"2018-12-06T00:07:10","guid":{"rendered":"https:\/\/www.easydivers-thailand.com\/product\/voile-et-plongee-sous-marine\/"},"modified":"2022-05-02T07:05:19","modified_gmt":"2022-05-02T00:05:19","slug":"voile-et-plongee-sous-marine","status":"publish","type":"product","link":"https:\/\/www.easydivers-thailand.com\/fr\/produit\/voile-et-plongee-sous-marine\/","title":{"rendered":"Voile et plong\u00e9e sous-marine"},"content":{"rendered":"<p>N\u2019est-ce pas merveilleux d\u2019entendre le son des vagues en admirant la vue sur les superbes plages de notre magnifique \u00eele voisine de Koh Phangan? Pas de bruit de moteur, seulement le soleil, la mer et le vent.<br \/>\nNous naviguons vers Koh Ma, dans le nord de Koh Phangan, o\u00f9 les plongeurs certifi\u00e9s ont la possibilit\u00e9 de plonger de mani\u00e8re relaxante dans un magnifique r\u00e9cif de corail. Les plongeurs Discover peuvent profiter de leur premi\u00e8re exp\u00e9rience de plong\u00e9e tandis que les plongeurs en apn\u00e9e ou snorkeleurs peuvent explorer le r\u00e9cif depuis la surface. Il est \u00e9galement possible de nager sur l&rsquo;une des plus belles plages de Koh Phangan.<\/p>\n<p>Le programme comprend le transfert \u00e0 l&rsquo;h\u00f4tel, un catamaran de taille moyenne, des boissons non alcoolis\u00e9es, le mat\u00e9riel de plong\u00e9e, un moniteur et un guide de randonn\u00e9e aquatique.<\/p>\n<p>Le d\u00e9jeuner peut \u00eatre organis\u00e9 \u00e0 votre guise &#8211; pique-nique, cuisine tha\u00eflandaise ou barbecue de fruits de mer sur le bateau.<\/p>\n","protected":false},"excerpt":{"rendered":"<p><span class=\"mypriceclass\">Prix \u00e0 partir de: \u0e3f 35&rsquo;000.00<\/span><\/p>\n","protected":false},"featured_media":7819,"template":"","meta":{"_acf_changed":false},"product_brand":[],"product_cat":[151],"product_tag":[153,152],"class_list":{"0":"post-7737","1":"product","2":"type-product","3":"status-publish","4":"has-post-thumbnail","6":"product_cat-charter-boat-fr","7":"product_tag-private-yacht-fr","8":"product_tag-voile-et-plongee","10":"first","11":"instock","12":"virtual","13":"purchasable","14":"product-type-simple"},"acf":[],"yoast_head":"<!-- This site is optimized with the Yoast SEO plugin v27.4 - https:\/\/yoast.com\/product\/yoast-seo-wordpress\/ -->\n<title>Voile et plong\u00e9e sous-marine | Easy Divers Thailand<\/title>\n<meta name=\"description\" content=\"N\u2019est-ce pas merveilleux d\u2019entendre le son des vagues en admirant la vue sur les superbes plages de notre magnifique \u00eele voisine de Koh Phangan? Pas de bruit de moteur, seulement le soleil, la mer et le vent\" \/>\n<meta name=\"robots\" content=\"index, follow, max-snippet:-1, max-image-preview:large, max-video-preview:-1\" \/>\n<link rel=\"canonical\" href=\"https:\/\/www.easydivers-thailand.com\/fr\/produit\/voile-et-plongee-sous-marine\/\" \/>\n<meta property=\"og:locale\" content=\"fr_FR\" \/>\n<meta property=\"og:type\" content=\"article\" \/>\n<meta property=\"og:title\" content=\"Voile et plong\u00e9e sous-marine\" \/>\n<meta property=\"og:description\" content=\"N\u2019est-ce pas merveilleux d\u2019entendre le son des vagues en admirant la vue sur les superbes plages de notre magnifique \u00eele voisine de Koh Phangan? Pas de bruit de moteur, seulement le soleil, la mer et le vent\" \/>\n<meta property=\"og:url\" content=\"https:\/\/www.easydivers-thailand.com\/fr\/produit\/voile-et-plongee-sous-marine\/\" \/>\n<meta property=\"og:site_name\" content=\"Easy Divers Thailand\" \/>\n<meta property=\"article:publisher\" content=\"https:\/\/www.facebook.com\/easydiverskohsamuiteam\/\" \/>\n<meta property=\"article:modified_time\" content=\"2022-05-02T00:05:19+00:00\" \/>\n<meta property=\"og:image\" content=\"https:\/\/www.easydivers-thailand.com\/wp-content\/uploads\/2018\/12\/Sailing-and-Diving-Social.jpg\" \/>\n\t<meta property=\"og:image:width\" content=\"1200\" \/>\n\t<meta property=\"og:image:height\" content=\"630\" \/>\n\t<meta property=\"og:image:type\" content=\"image\/jpeg\" \/>\n<meta name=\"twitter:card\" content=\"summary_large_image\" \/>\n<meta name=\"twitter:site\" content=\"@EasyKoh\" \/>\n<meta name=\"twitter:label1\" content=\"Dur\u00e9e de lecture estim\u00e9e\" \/>\n\t<meta name=\"twitter:data1\" content=\"1 minute\" \/>\n<script type=\"application\/ld+json\" class=\"yoast-schema-graph\">{\"@context\":\"https:\\\/\\\/schema.org\",\"@graph\":[{\"@type\":\"WebPage\",\"@id\":\"https:\\\/\\\/www.easydivers-thailand.com\\\/fr\\\/produit\\\/voile-et-plongee-sous-marine\\\/\",\"url\":\"https:\\\/\\\/www.easydivers-thailand.com\\\/fr\\\/produit\\\/voile-et-plongee-sous-marine\\\/\",\"name\":\"Voile et plong\u00e9e sous-marine | Easy Divers Thailand\",\"isPartOf\":{\"@id\":\"https:\\\/\\\/www.easydivers-thailand.com\\\/fr\\\/#website\"},\"primaryImageOfPage\":{\"@id\":\"https:\\\/\\\/www.easydivers-thailand.com\\\/fr\\\/produit\\\/voile-et-plongee-sous-marine\\\/#primaryimage\"},\"image\":{\"@id\":\"https:\\\/\\\/www.easydivers-thailand.com\\\/fr\\\/produit\\\/voile-et-plongee-sous-marine\\\/#primaryimage\"},\"thumbnailUrl\":\"https:\\\/\\\/www.easydivers-thailand.com\\\/wp-content\\\/uploads\\\/2018\\\/12\\\/Sailing-and-Scuba-Diving-03.jpg\",\"datePublished\":\"2018-12-06T00:07:10+00:00\",\"dateModified\":\"2022-05-02T00:05:19+00:00\",\"description\":\"N\u2019est-ce pas merveilleux d\u2019entendre le son des vagues en admirant la vue sur les superbes plages de notre magnifique \u00eele voisine de Koh Phangan? Pas de bruit de moteur, seulement le soleil, la mer et le vent\",\"breadcrumb\":{\"@id\":\"https:\\\/\\\/www.easydivers-thailand.com\\\/fr\\\/produit\\\/voile-et-plongee-sous-marine\\\/#breadcrumb\"},\"inLanguage\":\"fr-FR\",\"potentialAction\":[{\"@type\":\"ReadAction\",\"target\":[\"https:\\\/\\\/www.easydivers-thailand.com\\\/fr\\\/produit\\\/voile-et-plongee-sous-marine\\\/\"]}]},{\"@type\":\"ImageObject\",\"inLanguage\":\"fr-FR\",\"@id\":\"https:\\\/\\\/www.easydivers-thailand.com\\\/fr\\\/produit\\\/voile-et-plongee-sous-marine\\\/#primaryimage\",\"url\":\"https:\\\/\\\/www.easydivers-thailand.com\\\/wp-content\\\/uploads\\\/2018\\\/12\\\/Sailing-and-Scuba-Diving-03.jpg\",\"contentUrl\":\"https:\\\/\\\/www.easydivers-thailand.com\\\/wp-content\\\/uploads\\\/2018\\\/12\\\/Sailing-and-Scuba-Diving-03.jpg\",\"width\":1200,\"height\":800,\"caption\":\"Sailing and Diving\"},{\"@type\":\"BreadcrumbList\",\"@id\":\"https:\\\/\\\/www.easydivers-thailand.com\\\/fr\\\/produit\\\/voile-et-plongee-sous-marine\\\/#breadcrumb\",\"itemListElement\":[{\"@type\":\"ListItem\",\"position\":1,\"name\":\"Home\",\"item\":\"https:\\\/\\\/www.easydivers-thailand.com\\\/fr\\\/\"},{\"@type\":\"ListItem\",\"position\":2,\"name\":\"Boutique\",\"item\":\"https:\\\/\\\/www.easydivers-thailand.com\\\/fr\\\/boutique\\\/\"},{\"@type\":\"ListItem\",\"position\":3,\"name\":\"Voile et plong\u00e9e sous-marine\"}]},{\"@type\":\"WebSite\",\"@id\":\"https:\\\/\\\/www.easydivers-thailand.com\\\/fr\\\/#website\",\"url\":\"https:\\\/\\\/www.easydivers-thailand.com\\\/fr\\\/\",\"name\":\"Easy Divers Thailand\",\"description\":\"My WordPress Blog\",\"potentialAction\":[{\"@type\":\"SearchAction\",\"target\":{\"@type\":\"EntryPoint\",\"urlTemplate\":\"https:\\\/\\\/www.easydivers-thailand.com\\\/fr\\\/?s={search_term_string}\"},\"query-input\":{\"@type\":\"PropertyValueSpecification\",\"valueRequired\":true,\"valueName\":\"search_term_string\"}}],\"inLanguage\":\"fr-FR\"}]}<\/script>\n<!-- \/ Yoast SEO plugin. -->","yoast_head_json":{"title":"Voile et plong\u00e9e sous-marine | Easy Divers Thailand","description":"N\u2019est-ce pas merveilleux d\u2019entendre le son des vagues en admirant la vue sur les superbes plages de notre magnifique \u00eele voisine de Koh Phangan? Pas de bruit de moteur, seulement le soleil, la mer et le vent","robots":{"index":"index","follow":"follow","max-snippet":"max-snippet:-1","max-image-preview":"max-image-preview:large","max-video-preview":"max-video-preview:-1"},"canonical":"https:\/\/www.easydivers-thailand.com\/fr\/produit\/voile-et-plongee-sous-marine\/","og_locale":"fr_FR","og_type":"article","og_title":"Voile et plong\u00e9e sous-marine","og_description":"N\u2019est-ce pas merveilleux d\u2019entendre le son des vagues en admirant la vue sur les superbes plages de notre magnifique \u00eele voisine de Koh Phangan? Pas de bruit de moteur, seulement le soleil, la mer et le vent","og_url":"https:\/\/www.easydivers-thailand.com\/fr\/produit\/voile-et-plongee-sous-marine\/","og_site_name":"Easy Divers Thailand","article_publisher":"https:\/\/www.facebook.com\/easydiverskohsamuiteam\/","article_modified_time":"2022-05-02T00:05:19+00:00","og_image":[{"width":1200,"height":630,"url":"https:\/\/www.easydivers-thailand.com\/wp-content\/uploads\/2018\/12\/Sailing-and-Diving-Social.jpg","type":"image\/jpeg"}],"twitter_card":"summary_large_image","twitter_site":"@EasyKoh","twitter_misc":{"Dur\u00e9e de lecture estim\u00e9e":"1 minute"},"schema":{"@context":"https:\/\/schema.org","@graph":[{"@type":"WebPage","@id":"https:\/\/www.easydivers-thailand.com\/fr\/produit\/voile-et-plongee-sous-marine\/","url":"https:\/\/www.easydivers-thailand.com\/fr\/produit\/voile-et-plongee-sous-marine\/","name":"Voile et plong\u00e9e sous-marine | Easy Divers Thailand","isPartOf":{"@id":"https:\/\/www.easydivers-thailand.com\/fr\/#website"},"primaryImageOfPage":{"@id":"https:\/\/www.easydivers-thailand.com\/fr\/produit\/voile-et-plongee-sous-marine\/#primaryimage"},"image":{"@id":"https:\/\/www.easydivers-thailand.com\/fr\/produit\/voile-et-plongee-sous-marine\/#primaryimage"},"thumbnailUrl":"https:\/\/www.easydivers-thailand.com\/wp-content\/uploads\/2018\/12\/Sailing-and-Scuba-Diving-03.jpg","datePublished":"2018-12-06T00:07:10+00:00","dateModified":"2022-05-02T00:05:19+00:00","description":"N\u2019est-ce pas merveilleux d\u2019entendre le son des vagues en admirant la vue sur les superbes plages de notre magnifique \u00eele voisine de Koh Phangan? Pas de bruit de moteur, seulement le soleil, la mer et le vent","breadcrumb":{"@id":"https:\/\/www.easydivers-thailand.com\/fr\/produit\/voile-et-plongee-sous-marine\/#breadcrumb"},"inLanguage":"fr-FR","potentialAction":[{"@type":"ReadAction","target":["https:\/\/www.easydivers-thailand.com\/fr\/produit\/voile-et-plongee-sous-marine\/"]}]},{"@type":"ImageObject","inLanguage":"fr-FR","@id":"https:\/\/www.easydivers-thailand.com\/fr\/produit\/voile-et-plongee-sous-marine\/#primaryimage","url":"https:\/\/www.easydivers-thailand.com\/wp-content\/uploads\/2018\/12\/Sailing-and-Scuba-Diving-03.jpg","contentUrl":"https:\/\/www.easydivers-thailand.com\/wp-content\/uploads\/2018\/12\/Sailing-and-Scuba-Diving-03.jpg","width":1200,"height":800,"caption":"Sailing and Diving"},{"@type":"BreadcrumbList","@id":"https:\/\/www.easydivers-thailand.com\/fr\/produit\/voile-et-plongee-sous-marine\/#breadcrumb","itemListElement":[{"@type":"ListItem","position":1,"name":"Home","item":"https:\/\/www.easydivers-thailand.com\/fr\/"},{"@type":"ListItem","position":2,"name":"Boutique","item":"https:\/\/www.easydivers-thailand.com\/fr\/boutique\/"},{"@type":"ListItem","position":3,"name":"Voile et plong\u00e9e sous-marine"}]},{"@type":"WebSite","@id":"https:\/\/www.easydivers-thailand.com\/fr\/#website","url":"https:\/\/www.easydivers-thailand.com\/fr\/","name":"Easy Divers Thailand","description":"My WordPress Blog","potentialAction":[{"@type":"SearchAction","target":{"@type":"EntryPoint","urlTemplate":"https:\/\/www.easydivers-thailand.com\/fr\/?s={search_term_string}"},"query-input":{"@type":"PropertyValueSpecification","valueRequired":true,"valueName":"search_term_string"}}],"inLanguage":"fr-FR"}]}},"_links":{"self":[{"href":"https:\/\/www.easydivers-thailand.com\/fr\/wp-json\/wp\/v2\/product\/7737","targetHints":{"allow":["GET"]}}],"collection":[{"href":"https:\/\/www.easydivers-thailand.com\/fr\/wp-json\/wp\/v2\/product"}],"about":[{"href":"https:\/\/www.easydivers-thailand.com\/fr\/wp-json\/wp\/v2\/types\/product"}],"wp:featuredmedia":[{"embeddable":true,"href":"https:\/\/www.easydivers-thailand.com\/fr\/wp-json\/wp\/v2\/media\/7819"}],"wp:attachment":[{"href":"https:\/\/www.easydivers-thailand.com\/fr\/wp-json\/wp\/v2\/media?parent=7737"}],"wp:term":[{"taxonomy":"product_brand","embeddable":true,"href":"https:\/\/www.easydivers-thailand.com\/fr\/wp-json\/wp\/v2\/product_brand?post=7737"},{"taxonomy":"product_cat","embeddable":true,"href":"https:\/\/www.easydivers-thailand.com\/fr\/wp-json\/wp\/v2\/product_cat?post=7737"},{"taxonomy":"product_tag","embeddable":true,"href":"https:\/\/www.easydivers-thailand.com\/fr\/wp-json\/wp\/v2\/product_tag?post=7737"}],"curies":[{"name":"wp","href":"https:\/\/api.w.org\/{rel}","templated":true}]}}